{"id":1018,"date":"2021-10-20T15:10:41","date_gmt":"2021-10-20T13:10:41","guid":{"rendered":"https:\/\/cusstawiski.pl\/?page_id=1018"},"modified":"2025-02-28T12:33:07","modified_gmt":"2025-02-28T11:33:07","slug":"rodo","status":"publish","type":"page","link":"https:\/\/cusstawiski.pl\/?page_id=1018","title":{"rendered":"Rodo"},"content":{"rendered":"<h1 style=\"text-align: center;\"><strong>KLAUZULA INFORMACYJNA<br \/>\n<\/strong><strong>przy przetwarzaniu danych osobowych<\/strong><\/h1>\n<table style=\"width: 100%; border-color: #002c5b;\" border=\"1\" cellpadding=\"5\">\n<thead>\n<tr>\n<td style=\"text-align: center;\" colspan=\"2\"><span style=\"color: #002c5b;\"><strong>Klauzula informacyjna<\/strong><\/span><\/td>\n<\/tr>\n<\/thead>\n<tbody>\n<tr>\n<td><span style=\"color: #002c5b;\"><strong>TO\u017bSAMO\u015a\u0106 ADMINISTRATORA<\/strong><\/span><\/td>\n<td>Administratorem Pana\/Pani danych osobowych jest Centrum Us\u0142ug Spo\u0142ecznych w Stawiskach, ul. Polowa 26, 18-520 Stawiski reprezentowany przez Dyrektora, dalej Administrator.<\/td>\n<\/tr>\n<tr>\n<td width=\"170\"><span style=\"color: #002c5b;\"><strong>DANE KONTAKTOWE ADMINISTRATORA<\/strong><\/span><\/td>\n<td width=\"539\">Z Administratorem mo\u017cna si\u0119 skontaktowa\u0107 pisemnie na adres siedziby Administratora pod adresem ul. Polowa 26, 18-520 Stawiski.<\/td>\n<\/tr>\n<tr>\n<td width=\"170\"><span style=\"color: #002c5b;\"><strong>DANE KONTAKTOWE INSPEKTORA OCHRONY DANYCH<\/strong><\/span><\/td>\n<td width=\"539\">Administrator wyznaczy\u0142 Inspektora Ochrony Danych Pani\u0105 <strong><span style=\"color: #002c5b;\">Wiolett\u0119 Krysiewicz<\/span><\/strong>.<\/p>\n<p>Z Inspektorem Ochrony Danych mo\u017ce si\u0119 Pan\/Pani skontaktowa\u0107 elektronicznie poprzez adres e-mail iod@eterneco.eu lub pisemnie na adres siedziby Administratora.<\/p>\n<p>Z Inspektorem Ochrony Danych mo\u017cna si\u0119 kontaktowa\u0107 we wszystkich sprawach dotycz\u0105cych przetwarzania danych osobowych oraz korzystania z praw zwi\u0105zanych z przetwarzaniem danych.<\/td>\n<\/tr>\n<tr>\n<td width=\"170\"><span style=\"color: #002c5b;\"><strong>CELE PRZETWARZANIA I PODSTAWA PRAWNA <\/strong><\/span><\/td>\n<td width=\"539\">Dane osobowe b\u0119d\u0105 przetwarzane zgodnie z Rozporz\u0105dzenia Parlamentu Europejskiego i&nbsp;Rady (UE) 2016\/679 z&nbsp;dnia 27 kwietnia 2016 r. w&nbsp;sprawie ochrony os\u00f3b fizycznych w&nbsp;zwi\u0105zku z&nbsp;przetwarzaniem danych osobowych i&nbsp;w sprawie swobodnego przep\u0142ywu takich danych oraz uchylenia dyrektywy 95\/46\/WE (og\u00f3lne rozporz\u0105dzenie o&nbsp;ochronie danych) (Dz. Urz. UE L&nbsp;119 z&nbsp;04.05.2016, str. 1, z&nbsp;p\u00f3\u017an. zm.) (dalej: RODO) w szczeg\u00f3lno\u015bci na podstawie:<\/p>\n<ul>\n<li>Art. 6 ust. 1 lit. a i art. 9 ust. 2 lit. a RODO, tj. na podstawie zgody udzielonej w celach okre\u015blonych ka\u017cdorazowo w przekazywanych formularzach zgody;<\/li>\n<li>Art. 6 ust. 1 lit. b RODO, tj. w celu realizacji umowy, kt\u00f3rej stron\u0105 jest osoba, kt\u00f3rej dane dotycz\u0105, lub do podj\u0119cia dzia\u0142a\u0144 na \u017c\u0105danie osoby, kt\u00f3rej dane dotycz\u0105 przed zawarciem umowy;<\/li>\n<li>Art. 6 ust. 1 lit. c RODO, tj. gdy przetwarzanie jest niezb\u0119dne do wype\u0142nienia obowi\u0105zku prawnego ci\u0105\u017c\u0105cego na Administratorze w szczeg\u00f3lno\u015bci w zwi\u0105zku z: ustaw\u0105 z dnia 8 marca 1990 roku o samorz\u0105dzie gminnym, ustaw\u0105 z dnia 12 marca 2014 r. o pomocy spo\u0142ecznej, ustaw\u0105 z dnia 28 listopada 2003 o \u015bwiadczeniach rodzinnych, ustaw\u0105 z dnia 9 czerwca 2011 r. o wspieraniu rodziny i systemie pieczy zast\u0119pczej, ustaw\u0105 z dnia 27 sierpnia 2004 r. o \u015bwiadczeniach opieki zdrowotnej finansowanych ze \u015brodk\u00f3w publicznych, ustaw\u0105 z dnia 29 lipca 2005 r. o przeciwdzia\u0142aniu przemocy w rodzinie, ustaw\u0105 z dnia 7 wrze\u015bnia 1991 r. o systemie o\u015bwiaty, ustaw\u0105 z dnia 14 czerwca 1960 r. Kodeks post\u0119powania administracyjnego oraz &nbsp;akt\u00f3w wykonawczych do wy\u017cej wymienionych ustaw w celu realizacji zada\u0144 statutowych;<\/li>\n<li>Art. 6 ust. 1 lit. d RODO lub art 9 ust 1 lit. c RODO dla ochrony \u017cywotnych interes\u00f3w os\u00f3b, kt\u00f3rych dane dotycz\u0105, w sytuacjach tego wymagaj\u0105cych, a zaistnia\u0142ych na terenie Jednostki, w szczeg\u00f3lno\u015bci, gdy zachodzi konieczno\u015b\u0107 udzielenia pierwszej pomocy;<\/li>\n<li>Art. 6 ust. 1 lit. e&nbsp; RODO tj. przetwarzanie jest niezb\u0119dne do wykonania zadania realizowanego w interesie publicznym lub w ramach sprawowania w\u0142adzy publicznej powierzonej Administratorowi;<\/li>\n<li>Art. 6 ust. 1 lit. f RODO, tj. przetwarzanie jest niezb\u0119dne do cel\u00f3w wynikaj\u0105cych z prawnie uzasadnionych interes\u00f3w realizowanych przez Administratora;<\/li>\n<li>Art. 9 ust. 2 lit. b RODO tj. przetwarzanie jest niezb\u0119dne do wype\u0142nienia obowi\u0105zk\u00f3w i wykonywania szczeg\u00f3lnych praw przez Administratora lub osob\u0119, kt\u00f3rej dane dotycz\u0105, w dziedzinie prawa pracy, zabezpieczenia spo\u0142ecznego i ochrony socjalnej, o ile jest to dozwolone prawem Unii lub prawem pa\u0144stwa cz\u0142onkowskiego, lub porozumieniem zbiorowym na mocy prawa pa\u0144stwa cz\u0142onkowskiego przewiduj\u0105cymi odpowiednie zabezpieczenia praw podstawowych i interes\u00f3w osoby, kt\u00f3rej dane dotycz\u0105&nbsp; m.in.&nbsp; w celu realizacji zada\u0144 z zakresu prowadzenia ZF\u015aS;<\/li>\n<li>Art. 9 ust. 2 lit. h RODO tj. przetwarzanie jest niezb\u0119dne do cel\u00f3w profilaktyki zdrowotnej lub medycyny pracy, do oceny zdolno\u015bci pracownika do pracy, diagnozy medycznej, zapewnienia opieki zdrowotnej lub zabezpieczenia spo\u0142ecznego, leczenia lub zarz\u0105dzania systemami i us\u0142ugami opieki zdrowotnej lub zabezpieczenia spo\u0142ecznego &nbsp;m.in. w celu realizacji zada\u0144 z zakresu BHP oraz medycyny pracy;<\/li>\n<li>Art. 9 ust. 2 lit. i RODO tj. przetwarzanie jest niezb\u0119dne ze wzgl\u0119d\u00f3w zwi\u0105zanych z interesem publicznym w dziedzinie zdrowia publicznego, takich jak ochrona przed powa\u017cnymi transgranicznymi zagro\u017ceniami zdrowotnymi m.in:&nbsp; w celu zapobiegania, przeciwdzia\u0142ania i zwalczania epidemii np. COVID-19;<\/li>\n<li>Art. 9 ust. 2 lit. j RODO tj. przetwarzanie jest niezb\u0119dne do cel\u00f3w archiwalnych w interesie publicznym, do cel\u00f3w bada\u0144 naukowych lub historycznych lub do cel\u00f3w statystycznych m.in. w celu obowi\u0105zk\u00f3w sprawozdawczych np. do GUS.<\/li>\n<\/ul>\n<\/td>\n<\/tr>\n<tr>\n<td width=\"170\"><span style=\"color: #002c5b;\"><strong>ODBIORCY DANYCH<\/strong><\/span><\/p>\n<p><strong>&nbsp;<\/strong><\/td>\n<td width=\"539\">Odbiorcami danych osobowych b\u0119d\u0105 podmioty uprawnione do uzyskania danych osobowych na podstawie przepis\u00f3w prawa m.in.: Policja, S\u0105d, Prokuratura, NIK.&nbsp;<\/p>\n<p>Dane b\u0119d\u0105 r\u00f3wnie\u017c ujawniane podmiotom zapewniaj\u0105cym obs\u0142ug\u0119 techniczn\u0105 i administracyjn\u0105 oraz podmiotom realizuj\u0105cym \u015bwiadczenia na rzecz Administratora (s\u0105 to tak zwane podmioty przetwarzaj\u0105ce). W ka\u017cdym z tych przypadk\u00f3w, podmiot przetwarzaj\u0105cy mo\u017ce przetwarza\u0107 dane jedynie na polecenie Administratora na podstawie umowy powierzenia przetwarzania danych osobowych zawartej pomi\u0119dzy Administratorem a podmiotem przetwarzaj\u0105cym.<\/p>\n<p>Dane osobowe udost\u0119pnia si\u0119 tak\u017ce:<\/p>\n<ul>\n<li>osobom i jednostkom organizacyjnym, je\u017celi wyka\u017c\u0105 w tym interes prawny;<\/li>\n<li>osobom i jednostkom organizacyjnym, je\u017celi wyka\u017c\u0105 w tym interes faktyczny w otrzymaniu danych, pod warunkiem uzyskania zgody Pani \/Pana zgody;<\/li>\n<li>jednostkom organizacyjnym, w celach badawczych, statystycznych, badania opinii publicznej, je\u017celi po wykorzystaniu dane te zostan\u0105 poddane takiej modyfikacji, kt\u00f3ra nie pozwoli ustali\u0107 to\u017csamo\u015bci os\u00f3b, kt\u00f3rych dane dotycz\u0105;<\/li>\n<\/ul>\n<p>Pani\/Pana dane osobowe mog\u0105 by\u0107 przekazywane do pa\u0144stw trzecich i organizacji mi\u0119dzynarodowych jedynie na podstawie przepis\u00f3w prawa krajowego, um\u00f3w mi\u0119dzynarodowych i obowi\u0105zuj\u0105cych konwencji.<\/td>\n<\/tr>\n<tr>\n<td width=\"170\"><span style=\"color: #002c5b;\"><strong>OKRES PRZECHOWYWANIA DANYCH<\/strong><\/span><\/td>\n<td width=\"539\">Dane osobowe b\u0119d\u0105 przechowywane przez okres niezb\u0119dny do realizacji celu dla jakiego zosta\u0142y zebrane oraz archiwizowane zgodnie z ustaw\u0105 z dnia 14 lipca 1983 r. o narodowym zasobie archiwalnym i archiwach. Kryteria okresu przechowywania ustala si\u0119 w oparciu o klasyfikacj\u0119 i kwalifikacj\u0119 dokumentacji&nbsp; archiwalnej (Jednolity Rzeczowy Wykaz Akt).<\/td>\n<\/tr>\n<tr>\n<td width=\"170\"><span style=\"color: #002c5b;\"><strong>PRAWA PODMIOT\u00d3W DANYCH<\/strong><\/span><\/td>\n<td width=\"539\">W zwi\u0105zku z przetwarzaniem Pani\/Pana danych osobowych przys\u0142uguj\u0105 Pani\/Panu nast\u0119puj\u0105ce uprawnienia:<\/p>\n<ul>\n<li>na podstawie art. 15 RODO prawo dost\u0119pu do danych osobowych, &nbsp;w tym prawo do uzyskania kopii tych danych;<\/li>\n<li>na podstawie art. 16 RODO prawo \u017c\u0105dania sprostowania (poprawiania) danych osobowych, w przypadku gdy dane s\u0105 nieprawid\u0142owe lub niekompletne;<\/li>\n<li>na podstawie art. 17 RODO prawo do \u017c\u0105dania usuni\u0119cia danych osobowych (tzw. prawo do bycia zapomnianym), w przypadku gdy:\n<ul>\n<li>dane nie s\u0105 ju\u017c niezb\u0119dne do cel\u00f3w, dla kt\u00f3rych dla kt\u00f3rych by\u0142y zebrane lub w inny spos\u00f3b przetwarzane,<\/li>\n<li>osoba, kt\u00f3rej dane dotycz\u0105, wnios\u0142a sprzeciw wobec przetwarzania danych osobowych,<\/li>\n<li>osoba, kt\u00f3rej dane dotycz\u0105 wycofa\u0142a zgod\u0119 na przetwarzanie danych osobowych, kt\u00f3ra jest podstaw\u0105 przetwarzania danych i nie ma innej podstawy prawnej przetwarzania danych,<\/li>\n<li>dane osobowe przetwarzane s\u0105 niezgodnie z prawem,<\/li>\n<li>dane osobowe musz\u0105 by\u0107 usuni\u0119te w celu wywi\u0105zania si\u0119 z obowi\u0105zku wynikaj\u0105cego z przepis\u00f3w prawa,<\/li>\n<\/ul>\n<\/li>\n<li>&nbsp;na podstawie art. 18 RODO prawo do \u017c\u0105dania ograniczenia przetwarzania danych osobowych, w przypadku, gdy:\n<ul>\n<li>osoba, kt\u00f3rej dane dotycz\u0105 kwestionuje prawid\u0142owo\u015b\u0107 danych osobowych,<\/li>\n<li>przetwarzanie danych jest niezgodne z prawem, a osoba, kt\u00f3rej dane dotycz\u0105, sprzeciwia si\u0119 usuni\u0119ciu danych, \u017c\u0105daj\u0105c w zamian ich ograniczenia,<\/li>\n<li>Administrator nie potrzebuje ju\u017c danych dla swoich cel\u00f3w, ale osoba, kt\u00f3rej dane dotycz\u0105, potrzebuje ich do ustalenia, obrony lub dochodzenia roszcze\u0144,<\/li>\n<li>osoba, kt\u00f3rej dane dotycz\u0105, wnios\u0142a sprzeciw wobec przetwarzania danych, do czasu ustalenia czy prawnie uzasadnione podstawy po stronie Administratora s\u0105 nadrz\u0119dne wobec podstawy sprzeciwu;<\/li>\n<\/ul>\n<\/li>\n<li>na podstawie art. 20 RODO prawo do przenoszenia danych w przypadku gdy \u0142\u0105cznie spe\u0142nione s\u0105 nast\u0119puj\u0105ce przes\u0142anki:\n<ul>\n<li>przetwarzanie danych odbywa si\u0119 na podstawie umowy zawartej z osob\u0105, kt\u00f3rej dane dotycz\u0105 lub na podstawie zgody wyra\u017conej przez t\u0105 osob\u0119,<\/li>\n<li>przetwarzanie odbywa si\u0119 w spos\u00f3b zautomatyzowany;<\/li>\n<\/ul>\n<\/li>\n<li>na podstawie art. 21 RODO prawo sprzeciwu wobec przetwarzania danych&nbsp; w przypadku gdy \u0142\u0105cznie spe\u0142nione s\u0105 nast\u0119puj\u0105ce przes\u0142anki:\n<ul>\n<li>zaistniej\u0105 przyczyny zwi\u0105zane z Pani\/Pana szczeg\u00f3ln\u0105 sytuacj\u0105, w przypadku przetwarzania danych na podstawie zadania realizowanego w interesie publicznym lub w ramach sprawowania w\u0142adzy publicznej przez Administratora,<\/li>\n<li>przetwarzanie jest niezb\u0119dne do cel\u00f3w wynikaj\u0105cych z prawnie uzasadnionych interes\u00f3w realizowanych przez Administratora lub przez stron\u0119 trzeci\u0105, z wyj\u0105tkiem sytuacji, w kt\u00f3rych nadrz\u0119dny charakter wobec tych interes\u00f3w maj\u0105 interesy lub podstawowe prawa i wolno\u015bci osoby, kt\u00f3rej dane dotycz\u0105, wymagaj\u0105ce ochrony danych osobowych, w szczeg\u00f3lno\u015bci gdy osoba, kt\u00f3rej dane dotycz\u0105 jest dzieckiem.<\/li>\n<\/ul>\n<\/li>\n<\/ul>\n<p>W przypadku, gdy przetwarzanie danych osobowych odbywa si\u0119 na podstawie zgody na przetwarzanie danych osobowych (art. 7 RODO), przys\u0142uguje Pani\/Panu prawo do cofni\u0119cia tej zgody w dowolnym momencie. Wycofanie zgody nie wp\u0142ywa na zgodno\u015b\u0107 z prawem przetwarzania, kt\u00f3rego dokonano na podstawie zgody przed jej cofni\u0119ciem. Po wycofaniu zgody, Administratora b\u0119dzie nadal przetwarza\u0142 informacj\u0119 o wyra\u017ceniu i odwo\u0142aniu zgody.<\/p>\n<p>Aby skorzysta\u0107 z przys\u0142uguj\u0105cych Pani\/Panu praw, mog\u0105 Pa\u0144stwo z\u0142o\u017cy\u0107 wniosek skierowany do Administratora lub Inspektora Ochrony Danych. Wniosek mo\u017cna z\u0142o\u017cy\u0107 w formie tradycyjnej\/papierowej dostarczaj\u0105c wniosek na adres siedziby Administratora. Wniosek mo\u017cna r\u00f3wnie\u017c z\u0142o\u017cy\u0107 w formie elektronicznej za po\u015brednictwem elektronicznej skrzynki podawczej Administratora.<\/td>\n<\/tr>\n<tr>\n<td width=\"170\"><span style=\"color: #002c5b;\"><strong>PRAWO WNIESIENIA SKARGI DO ORGANU NADZORCZEGO<\/strong><\/span><\/td>\n<td width=\"539\">Przys\u0142uguje Pani\/Panu r\u00f3wnie\u017c prawo wniesienia skargi do organu nadzorczego &#8211; Prezesa Urz\u0119du Ochrony Danych Osobowych<br \/>\nBiuro Prezesa Urz\u0119du Ochrony Danych Osobowych<br \/>\n<a href=\"https:\/\/www.google.pl\/search?q=biuro+generalnego+inspektora+ochrony+danych+osobowych+adres&amp;stick=H4sIAAAAAAAAAOPgE-LWT9c3NDKoMjc0ytOSzU620s_JT04syczPgzOsElNSilKLiwFJtQBiLgAAAA&amp;sa=X&amp;ved=0ahUKEwjglejVso7bAhXDCiwKHYlpCKsQ6BMI2wEwEw\">Adres<\/a>:&nbsp;Stawki 2, 00-193 Warszawa<br \/>\n<a href=\"https:\/\/www.google.pl\/search?q=biuro+generalnego+inspektora+ochrony+danych+osobowych+telefon&amp;sa=X&amp;ved=0ahUKEwjglejVso7bAhXDCiwKHYlpCKsQ6BMI3gEwFA\">Telefon<\/a>:&nbsp;22 531 03 00<\/td>\n<\/tr>\n<tr>\n<td width=\"170\"><span style=\"color: #002c5b;\"><strong>INFORMACJA ZAUTOMATYZOWANYM PODEJMOWANIU DECYZJI W TYM O PROFILOWANIU<\/strong><\/span><\/td>\n<td width=\"539\">Pani\/Pana dane osobowe nie b\u0119d\u0105 przez Administratora przetwarzane w spos\u00f3b, kt\u00f3ry skutkowa\u0142by zautomatyzowanym podejmowaniem decyzji, w tym profilowaniem. Oznacza to, \u017ce Administrator nie wykorzystuje system\u00f3w informatycznych, kt\u00f3re gromadzi\u0142yby informacje na temat Pani\/Pana i jednocze\u015bnie samodzielnie, automatycznie, podejmowa\u0142yby decyzje, kt\u00f3re mog\u0142yby wywo\u0142a\u0107 wobec Pani\/Pana skutki prawne lub w podobny spos\u00f3b istotnie na Pani\u0105\/Pana wp\u0142ywa\u0107.<\/td>\n<\/tr>\n<tr>\n<td width=\"170\"><span style=\"color: #002c5b;\"><strong>INFORMACJA O DOWOLNO\u015aCI LUB OBOWI\u0104ZKU PODANIA DANYCH<\/strong><\/span><\/td>\n<td width=\"539\">Podanie danych osobowych w celu wykonania przez Administratora obowi\u0105zku prawnego oraz realizacji umowy jest obowi\u0105zkowe. Niepodanie danych uniemo\u017cliwi realizacj\u0119 wyznaczonego celu. Podanie danych udost\u0119pnianych na podstawie zgody jest dobrowolne. Niepodanie danych uniemo\u017cliwi realizacj\u0119 wyznaczonego celu lecz nie wp\u0142ynie na realizacj\u0119 zada\u0144 ustawowych realizowanych przez Administratora.<\/td>\n<\/tr>\n<\/tbody>\n<\/table>\n<p style=\"text-align: center;\"><iframe loading=\"lazy\" title=\"YouTube video player\" src=\"https:\/\/www.youtube-nocookie.com\/embed\/XDS4g2hkSX8?si=yWPkUGQ_vXJgD9cd\" width=\"840\" height=\"472\" frameborder=\"0\" allowfullscreen=\"allowfullscreen\"><\/iframe><\/p>\n","protected":false},"excerpt":{"rendered":"<p>KLAUZULA INFORMACYJNA przy przetwarzaniu danych osobowych Klauzula informacyjna TO\u017bSAMO\u015a\u0106 ADMINISTRATORA Administratorem Pana\/Pani danych osobowych jest Centrum Us\u0142ug Spo\u0142ecznych w Stawiskach, ul. Polowa 26, 18-520 Stawiski&hellip;<\/p>\n","protected":false},"author":1,"featured_media":0,"parent":0,"menu_order":0,"comment_status":"closed","ping_status":"closed","template":"","meta":{"ngg_post_thumbnail":0,"footnotes":""},"class_list":["post-1018","page","type-page","status-publish","hentry"],"_links":{"self":[{"href":"https:\/\/cusstawiski.pl\/index.php?rest_route=\/wp\/v2\/pages\/1018","targetHints":{"allow":["GET"]}}],"collection":[{"href":"https:\/\/cusstawiski.pl\/index.php?rest_route=\/wp\/v2\/pages"}],"about":[{"href":"https:\/\/cusstawiski.pl\/index.php?rest_route=\/wp\/v2\/types\/page"}],"author":[{"embeddable":true,"href":"https:\/\/cusstawiski.pl\/index.php?rest_route=\/wp\/v2\/users\/1"}],"replies":[{"embeddable":true,"href":"https:\/\/cusstawiski.pl\/index.php?rest_route=%2Fwp%2Fv2%2Fcomments&post=1018"}],"version-history":[{"count":16,"href":"https:\/\/cusstawiski.pl\/index.php?rest_route=\/wp\/v2\/pages\/1018\/revisions"}],"predecessor-version":[{"id":3841,"href":"https:\/\/cusstawiski.pl\/index.php?rest_route=\/wp\/v2\/pages\/1018\/revisions\/3841"}],"wp:attachment":[{"href":"https:\/\/cusstawiski.pl\/index.php?rest_route=%2Fwp%2Fv2%2Fmedia&parent=1018"}],"curies":[{"name":"wp","href":"https:\/\/api.w.org\/{rel}","templated":true}]}}