{"id":1067,"date":"2021-11-17T23:09:43","date_gmt":"2021-11-17T22:09:43","guid":{"rendered":"https:\/\/cusstawiski.pl\/?page_id=1067"},"modified":"2026-04-21T10:40:37","modified_gmt":"2026-04-21T08:40:37","slug":"deklaracja-dostepnosci","status":"publish","type":"page","link":"https:\/\/cusstawiski.pl\/?page_id=1067","title":{"rendered":"Deklaracja dost\u0119pno\u015bci"},"content":{"rendered":"<h1 style=\"text-align: center;\"><strong>DEKLARACJA DOST\u0118PNO\u015aCI<\/strong><\/h1>\n<section id=\"a11y-wstep\"><span id=\"a11y-podmiot\">Centrum Us\u0142ug Spo\u0142ecznych w Stawiskach<\/span> zobowi\u0105zuje si\u0119 zapewni\u0107 dost\u0119pno\u015b\u0107 swojej <span id=\"a11y-zakres\">strony internetowej<\/span> zgodnie z ustaw\u0105 z dnia 4 kwietnia 2019 r. o dost\u0119pno\u015bci cyfrowej stron internetowych i aplikacji mobilnych podmiot\u00f3w publicznych. Deklaracja dost\u0119pno\u015bci dotyczy strony <a id=\"a11y-url\" href=\"https:\/\/cusstawiski.pl\">cusstawiski.pl<\/a>.<\/section>\n<ul>\n<li style=\"list-style-type: none;\">\n<ul>\n<li>Data publikacji strony internetowej: <time id=\"a11y-data-publikacja\" datetime=\"2021-09-15\">15 wrze\u015bnia 2021 r.<\/time><\/li>\n<li>Data ostatniej istotnej aktualizacji: <time id=\"a11y-data-aktualizacja\" datetime=\"2021-12-15\">15 grudnia 2021 r.<\/time><\/li>\n<\/ul>\n<\/li>\n<\/ul>\n<h2>Stan dost\u0119pno\u015bci cyfrowej<\/h2>\n<p id=\"a11y-status\">Ta strona internetowa jest cz\u0119\u015bciowo zgodna z za\u0142\u0105cznikiem do ustawy o dost\u0119pno\u015bci cyfrowej z dnia 4 kwietnia 2019 r. o dost\u0119pno\u015bci cyfrowej stron internetowych i aplikacji mobilnych podmiot\u00f3w publicznych z powodu niezgodno\u015bci i wy\u0142\u0105cze\u0144 wymienionych poni\u017cej.<\/p>\n<h2>Niedost\u0119pne tre\u015bci<\/h2>\n<h3>Niezgodno\u015b\u0107 z za\u0142\u0105cznikiem<\/h3>\n<ul>\n<li>W cz\u0119\u015bci film\u00f3w nie ma napis\u00f3w;<\/li>\n<\/ul>\n<h3>Tre\u015bci nieobj\u0119te przepisami<\/h3>\n<ul>\n<li>Zamieszczone na stronie informacje publiczne, w postaci za\u0142\u0105cznik\u00f3w s\u0105 w formie skan\u00f3w (z uwagi na charakter informacji publicznej) lub nie s\u0105 wykorzystywane do realizacji bie\u017c\u0105cych zada\u0144 centrum.<\/li>\n<\/ul>\n<section id=\"a11y-architektura\">\n<h3>Dost\u0119pno\u015b\u0107 architektoniczna<\/h3>\n<h4>Centrum Us\u0142ug Spo\u0142ecznych w Stawiskach &#8211; ul. Polowa 26<\/h4>\n<p>Centrum Us\u0142ug Spo\u0142ecznych w Stawiskach mie\u015bci si\u0119 na pierwszym pi\u0119trze w budynku dwupi\u0119trowym. Toaleta dostosowana jest do os\u00f3b niepe\u0142nosprawnych. Schody s\u0105 dostoswane dla os\u00f3b niepe\u0142nosprawnych \u2013 platforma schodowa zewn\u0119trzna oraz schodo\u0142az wewn\u0119trzny dla niepe\u0142nosprawnych. Jest 2 wej\u015bcia g\u0142\u00f3wne od strony ulicy. Parking bez wyznaczonych miejsc dla niepe\u0142nosprawnych.<\/p>\n<\/section>\n<section id=\"a11y-komunikacja\">\n<h3>Dost\u0119pno\u015b\u0107 komunikacyjno-informacyjna<\/h3>\n<p>Klient ma prawo wst\u0119pu z psem asystuj\u0105cym. W budynku nie ma: p\u0119tli indukcyjnych, oznacze\u0144 w alfabecie Braille\u2019a, oznacze\u0144 kontrastowych lub w druku powi\u0119kszonym dla os\u00f3b niewidomych i s\u0142abowidz\u0105cych. Brak urz\u0105dze\u0144 do obs\u0142ugi os\u00f3b niedowidz\u0105cych i s\u0142abos\u0142ysz\u0105cych. Brak t\u0142umacza j\u0119zyka migowego.<\/p>\n<\/section>\n<h2>Informacje zwrotne i dane kontaktowe<\/h2>\n<p>Wszystkie problemy z dost\u0119pno\u015bci\u0105 cyfrow\u0105 tej strony internetowej mo\u017cesz zg\u0142osi\u0107 do <span id=\"a11y-kontakt\">Jaros\u0142awa Laskowskiego<\/span> &#8211; mejlowo <a id=\"a11y-email\" href=\"mailto:cus@stawiski.pl\">cus@stawiski.pl<\/a> lub telefonicznie <a id=\"a11y-telefon\" href=\"tel:+48862738170\">(86) 273-81-70<\/a>.<\/p>\n<p>Ka\u017cdy ma prawo wyst\u0105pi\u0107 z \u017c\u0105daniem zapewnienia dost\u0119pno\u015bci cyfrowej tej strony internetowej lub jej element\u00f3w.<\/p>\n<p>Zg\u0142aszaj\u0105c takie \u017c\u0105danie podaj:<\/p>\n<ul>\n<li>swoje imi\u0119 i nazwisko,<\/li>\n<li>swoje dane kontaktowe (np. numer telefonu, e-mail),<\/li>\n<li>dok\u0142adny adres strony internetowej, na kt\u00f3rej jest niedost\u0119pny cyfrowo element lub tre\u015b\u0107,<\/li>\n<li>opis na czym polega problem i jaki spos\u00f3b jego rozwi\u0105zania by\u0142by dla Ciebie najwygodniejszy.<\/li>\n<\/ul>\n<p>Na Twoje zg\u0142oszenie odpowiemy najszybciej jak to mo\u017cliwe, nie p\u00f3\u017aniej ni\u017c w ci\u0105gu 7 dni od jego otrzymania.<\/p>\n<p>Je\u017celi ten termin b\u0119dzie dla nas zbyt kr\u00f3tki poinformujemy Ci\u0119 o tym. W tej informacji podamy nowy termin, do kt\u00f3rego poprawimy zg\u0142oszone przez Ciebie b\u0142\u0119dy lub przygotujemy informacje w alternatywny spos\u00f3b. Ten nowy termin nie b\u0119dzie d\u0142u\u017cszy ni\u017c 2 miesi\u0105ce.<\/p>\n<p>Je\u017celi nie b\u0119dziemy w stanie zapewni\u0107 dost\u0119pno\u015bci cyfrowej strony internetowej lub tre\u015bci, wskazanej w Twoim \u017c\u0105daniu, zaproponujemy Ci dost\u0119p do nich w alternatywny spos\u00f3b.<\/p>\n<section id=\"a11y-procedura\">\n<h3>Obs\u0142uga wniosk\u00f3w i skarg zwi\u0105zanych z dost\u0119pno\u015bci\u0105<\/h3>\n<p>Je\u017celi w odpowiedzi na Tw\u00f3j wniosek o zapewnienie dost\u0119pno\u015bci cyfrowej, odm\u00f3wimy zapewnienia \u017c\u0105danej przez Ciebie dost\u0119pno\u015bci cyfrowej, a Ty nie zgadzasz si\u0119 z t\u0105 odmow\u0105, masz prawo z\u0142o\u017cy\u0107 skarg\u0119.<\/p>\n<p>Skarg\u0119 masz prawo z\u0142o\u017cy\u0107 tak\u017ce, je\u015bli nie zgadzasz si\u0119 na skorzystanie z alternatywnego sposobu dost\u0119pu, kt\u00f3ry zaproponowali\u015bmy Ci w odpowiedzi na Tw\u00f3j wniosek o zapewnienie dost\u0119pno\u015bci cyfrowej.<\/p>\n<p>Ewentualn\u0105 skarg\u0119 z\u0142\u00f3\u017c listownie lub mejlowo do kierownictwa centrum:<\/p>\n<ul>\n<li>Izabela Wasilewska &#8211; Dyrektor Centrum Us\u0142ug Spo\u0142ecznych,<\/li>\n<li>Adres: ul. Polowa 26, 18-520 Stawiski,<\/li>\n<li>mejl: <a href=\"mailto:cus@stawiski.pl\">cus@stawiski.pl<\/a>.<\/li>\n<\/ul>\n<p><a href=\"https:\/\/www.gov.pl\/web\/dostepnosc-cyfrowa\/dostepnosc-cyfrowa\">Pomocne mog\u0105 by\u0107 informacje, kt\u00f3re mo\u017cna znale\u017a\u0107 na rz\u0105dowym portalu gov.pl<\/a>.<\/p>\n<p>Mo\u017cesz tak\u017ce poinformowa\u0107 o tej sytuacji <a href=\"https:\/\/bip.brpo.gov.pl\/\"> Rzecznika Praw Obywatelskich<\/a> i poprosi\u0107 o interwencj\u0119 w Twojej sprawie.<\/p>\n<\/section>\n<h3>Przygotowanie deklaracji dost\u0119pno\u015bci i jej aktualizacja<\/h3>\n<ul>\n<li>Data sporz\u0105dzenia deklaracji: <time id=\"a11y-data-sporzadzenie\" datetime=\"2021-09-15\">15 wrze\u015bnia 2021 roku.<\/time><\/li>\n<li>Data ostatniego przegl\u0105du deklaracji: 30<time id=\"a11y-dataprzeglad\" datetime=\"2025-03-28\"> marca 2026 roku.<\/time><\/li>\n<\/ul>\n<p>Deklaracj\u0119 sporz\u0105dzili\u015bmy na podstawie samooceny.<\/p>\n","protected":false},"excerpt":{"rendered":"<p>DEKLARACJA DOST\u0118PNO\u015aCI Centrum Us\u0142ug Spo\u0142ecznych w Stawiskach zobowi\u0105zuje si\u0119 zapewni\u0107 dost\u0119pno\u015b\u0107 swojej strony internetowej zgodnie z ustaw\u0105 z dnia 4 kwietnia 2019 r. o dost\u0119pno\u015bci&hellip;<\/p>\n","protected":false},"author":1,"featured_media":0,"parent":0,"menu_order":0,"comment_status":"closed","ping_status":"closed","template":"","meta":{"ngg_post_thumbnail":0,"footnotes":""},"class_list":["post-1067","page","type-page","status-publish","hentry"],"_links":{"self":[{"href":"https:\/\/cusstawiski.pl\/index.php?rest_route=\/wp\/v2\/pages\/1067","targetHints":{"allow":["GET"]}}],"collection":[{"href":"https:\/\/cusstawiski.pl\/index.php?rest_route=\/wp\/v2\/pages"}],"about":[{"href":"https:\/\/cusstawiski.pl\/index.php?rest_route=\/wp\/v2\/types\/page"}],"author":[{"embeddable":true,"href":"https:\/\/cusstawiski.pl\/index.php?rest_route=\/wp\/v2\/users\/1"}],"replies":[{"embeddable":true,"href":"https:\/\/cusstawiski.pl\/index.php?rest_route=%2Fwp%2Fv2%2Fcomments&post=1067"}],"version-history":[{"count":27,"href":"https:\/\/cusstawiski.pl\/index.php?rest_route=\/wp\/v2\/pages\/1067\/revisions"}],"predecessor-version":[{"id":4598,"href":"https:\/\/cusstawiski.pl\/index.php?rest_route=\/wp\/v2\/pages\/1067\/revisions\/4598"}],"wp:attachment":[{"href":"https:\/\/cusstawiski.pl\/index.php?rest_route=%2Fwp%2Fv2%2Fmedia&parent=1067"}],"curies":[{"name":"wp","href":"https:\/\/api.w.org\/{rel}","templated":true}]}}