{"id":1109,"date":"2021-11-18T12:15:08","date_gmt":"2021-11-18T11:15:08","guid":{"rendered":"https:\/\/cusstawiski.pl\/?page_id=1109"},"modified":"2025-02-28T10:09:24","modified_gmt":"2025-02-28T09:09:24","slug":"rejonizacja","status":"publish","type":"page","link":"https:\/\/cusstawiski.pl\/?page_id=1109","title":{"rendered":"Rejonizacja"},"content":{"rendered":"<h1 style=\"text-align: center;\"><strong>REJONIZACJA<\/strong><\/h1>\r\n<p style=\"text-align: center;\">(obowi\u0105zuje od dnia 01.03.2025 r.)<\/p>\r\n<style>#sp-ea-1772 .spcollapsing { height: 0; overflow: hidden; transition-property: height;transition-duration: 300ms;}#sp-ea-1772.sp-easy-accordion>.sp-ea-single {margin-bottom: 10px; border: 1px solid #e2e2e2; }#sp-ea-1772.sp-easy-accordion>.sp-ea-single>.ea-header a {color: #444;}#sp-ea-1772.sp-easy-accordion>.sp-ea-single>.sp-collapse>.ea-body {background: #fff; color: #444;}#sp-ea-1772.sp-easy-accordion>.sp-ea-single {background: #eee;}#sp-ea-1772.sp-easy-accordion>.sp-ea-single>.ea-header a .ea-expand-icon { float: left; color: #444;font-size: 16px;}<\/style><div id=\"sp_easy_accordion-1778498464\"><div id=\"sp-ea-1772\" class=\"sp-ea-one sp-easy-accordion\" data-ea-active=\"ea-click\" data-ea-mode=\"vertical\" data-preloader=\"\" data-scroll-active-item=\"\" data-offset-to-scroll=\"0\"><div class=\"ea-card ea-expand sp-ea-single\"><h3 class=\"ea-header\"><a class=\"collapsed\" id=\"ea-header-17720\" role=\"button\" data-sptoggle=\"spcollapse\" data-sptarget=\"#collapse17720\" aria-controls=\"collapse17720\" href=\"#\" aria-expanded=\"true\" tabindex=\"0\"><i aria-hidden=\"true\" role=\"presentation\" class=\"ea-expand-icon eap-icon-ea-expand-minus\"><\/i> Koordynatorzy indywidualnych plan\u00f3w us\u0142ug spo\u0142ecznych CUS<\/a><\/h3><div class=\"sp-collapse spcollapse collapsed show\" id=\"collapse17720\" data-parent=\"#sp-ea-1772\" role=\"region\" aria-labelledby=\"ea-header-17720\"> <div class=\"ea-body\"><style>#sp-ea-1771 .spcollapsing { height: 0; overflow: hidden; transition-property: height;transition-duration: 300ms;}#sp-ea-1771.sp-easy-accordion>.sp-ea-single {margin-bottom: 10px; border: 1px solid #e2e2e2; }#sp-ea-1771.sp-easy-accordion>.sp-ea-single>.ea-header a {color: #444;}#sp-ea-1771.sp-easy-accordion>.sp-ea-single>.sp-collapse>.ea-body {background: #fff; color: #444;}#sp-ea-1771.sp-easy-accordion>.sp-ea-single {background: #eee;}#sp-ea-1771.sp-easy-accordion>.sp-ea-single>.ea-header a .ea-expand-icon { float: left; color: #444;font-size: 20px;}<\/style><div id=\"sp_easy_accordion-1778498464\"><div id=\"sp-ea-1771\" class=\"sp-ea-one sp-easy-accordion\" data-ea-active=\"ea-click\" data-ea-mode=\"vertical\" data-preloader=\"\" data-scroll-active-item=\"\" data-offset-to-scroll=\"0\"><div class=\"ea-card sp-ea-single\"><h3 class=\"ea-header\"><a class=\"collapsed\" id=\"ea-header-17710\" role=\"button\" data-sptoggle=\"spcollapse\" data-sptarget=\"#collapse17710\" aria-controls=\"collapse17710\" href=\"#\" aria-expanded=\"false\" tabindex=\"0\"><i aria-hidden=\"true\" role=\"presentation\" class=\"ea-expand-icon eap-icon-ea-expand-plus\"><\/i> EWA SZADZIUL<\/a><\/h3><div class=\"sp-collapse spcollapse spcollapse\" id=\"collapse17710\" data-parent=\"#sp-ea-1771\" role=\"region\" aria-labelledby=\"ea-header-17710\"> <div class=\"ea-body\"><style>#sp-ea-1777 .spcollapsing { height: 0; overflow: hidden; transition-property: height;transition-duration: 300ms;}#sp-ea-1777.sp-easy-accordion>.sp-ea-single {margin-bottom: 10px; border: 1px solid #e2e2e2; }#sp-ea-1777.sp-easy-accordion>.sp-ea-single>.ea-header a {color: #444;}#sp-ea-1777.sp-easy-accordion>.sp-ea-single>.sp-collapse>.ea-body {background: #fff; color: #444;}#sp-ea-1777.sp-easy-accordion>.sp-ea-single {background: #eee;}#sp-ea-1777.sp-easy-accordion>.sp-ea-single>.ea-header a .ea-expand-icon { float: left; color: #444;font-size: 16px;}<\/style><div id=\"sp_easy_accordion-1778498464\"><div id=\"sp-ea-1777\" class=\"sp-ea-one sp-easy-accordion\" data-ea-active=\"ea-click\" data-ea-mode=\"vertical\" data-preloader=\"\" data-scroll-active-item=\"\" data-offset-to-scroll=\"0\"><div class=\"ea-card sp-ea-single\"><h3 class=\"ea-header\"><a class=\"collapsed\" id=\"ea-header-17770\" role=\"button\" data-sptoggle=\"spcollapse\" data-sptarget=\"#collapse17770\" aria-controls=\"collapse17770\" href=\"#\" aria-expanded=\"false\" tabindex=\"0\"><i aria-hidden=\"true\" role=\"presentation\" class=\"ea-expand-icon eap-icon-ea-expand-plus\"><\/i> Miasto:<\/a><\/h3><div class=\"sp-collapse spcollapse spcollapse\" id=\"collapse17770\" data-parent=\"#sp-ea-1777\" role=\"region\" aria-labelledby=\"ea-header-17770\"> <div class=\"ea-body\"><ol><li>ul. Cedrowska<\/li><li>ul. D\u0142uga<\/li><li>ul. Furma\u0144ska<\/li><li>ul. Kr\u00f3tka<\/li><li>ul. Krzywe Ko\u0142o<\/li><li>ul. \u0141om\u017cy\u0144ska<\/li><li>ul. Ogrodowa<\/li><li>ul. Parkowa<\/li><li>ul. Plac Wolno\u015bci<\/li><li>ul. Polowa<\/li><li>ul. W\u0142adys\u0142awa Stanis\u0142awa Reymonta<\/li><li>ul. Sadowa<\/li><li>ul. Spokojna<\/li><li>ul. P\u0142k. Stanis\u0142awa Steczkowskiego<\/li><li>ul. Utrata<\/li><\/ol><\/div><\/div><\/div><div class=\"ea-card sp-ea-single\"><h3 class=\"ea-header\"><a class=\"collapsed\" id=\"ea-header-17771\" role=\"button\" data-sptoggle=\"spcollapse\" data-sptarget=\"#collapse17771\" aria-controls=\"collapse17771\" href=\"#\" aria-expanded=\"false\" tabindex=\"0\"><i aria-hidden=\"true\" role=\"presentation\" class=\"ea-expand-icon eap-icon-ea-expand-plus\"><\/i> Gmina:<\/a><\/h3><div class=\"sp-collapse spcollapse spcollapse\" id=\"collapse17771\" data-parent=\"#sp-ea-1777\" role=\"region\" aria-labelledby=\"ea-header-17771\"> <div class=\"ea-body\"><ol><li>Barzykowo<\/li><li>Budziski<\/li><li>Cedry<\/li><li>Chmielewo<\/li><li>Cwaliny<\/li><li>Dzierzbia<\/li><li>Dzi\u0119giele<\/li><li>Hipolitowo<\/li><li>Lisy<\/li><li>Michny<\/li><li>Mieczki Sucholaszczki<\/li><li>Mieszo\u0142ki<\/li><li>Poryte<\/li><li>Romany<\/li><li>Skroda Ma\u0142a<\/li><li>Tafi\u0142y<\/li><li>Zalesie<\/li><\/ol><\/div><\/div><\/div><\/div><\/div><\/div><\/div><\/div><div class=\"ea-card sp-ea-single\"><h3 class=\"ea-header\"><a class=\"collapsed\" id=\"ea-header-17711\" role=\"button\" data-sptoggle=\"spcollapse\" data-sptarget=\"#collapse17711\" aria-controls=\"collapse17711\" href=\"#\" aria-expanded=\"false\" tabindex=\"0\"><i aria-hidden=\"true\" role=\"presentation\" class=\"ea-expand-icon eap-icon-ea-expand-plus\"><\/i> EMILIA KOWALSKA<\/a><\/h3><div class=\"sp-collapse spcollapse spcollapse\" id=\"collapse17711\" data-parent=\"#sp-ea-1771\" role=\"region\" aria-labelledby=\"ea-header-17711\"> <div class=\"ea-body\"><style>#sp-ea-1779 .spcollapsing { height: 0; overflow: hidden; transition-property: height;transition-duration: 300ms;}#sp-ea-1779.sp-easy-accordion>.sp-ea-single {margin-bottom: 10px; border: 1px solid #e2e2e2; }#sp-ea-1779.sp-easy-accordion>.sp-ea-single>.ea-header a {color: #444;}#sp-ea-1779.sp-easy-accordion>.sp-ea-single>.sp-collapse>.ea-body {background: #fff; color: #444;}#sp-ea-1779.sp-easy-accordion>.sp-ea-single {background: #eee;}#sp-ea-1779.sp-easy-accordion>.sp-ea-single>.ea-header a .ea-expand-icon { float: left; color: #444;font-size: 16px;}<\/style><div id=\"sp_easy_accordion-1778498464\"><div id=\"sp-ea-1779\" class=\"sp-ea-one sp-easy-accordion\" data-ea-active=\"ea-click\" data-ea-mode=\"vertical\" data-preloader=\"\" data-scroll-active-item=\"\" data-offset-to-scroll=\"0\"><div class=\"ea-card sp-ea-single\"><h3 class=\"ea-header\"><a class=\"collapsed\" id=\"ea-header-17790\" role=\"button\" data-sptoggle=\"spcollapse\" data-sptarget=\"#collapse17790\" aria-controls=\"collapse17790\" href=\"#\" aria-expanded=\"false\" tabindex=\"0\"><i aria-hidden=\"true\" role=\"presentation\" class=\"ea-expand-icon eap-icon-ea-expand-plus\"><\/i> Miasto:<\/a><\/h3><div class=\"sp-collapse spcollapse spcollapse\" id=\"collapse17790\" data-parent=\"#sp-ea-1779\" role=\"region\" aria-labelledby=\"ea-header-17790\"> <div class=\"ea-body\"><ol><li>ul. Ko\u015bcielna<\/li><li>ul. Tadeusza Ko\u015bciuszki<\/li><li>ul. Nieca\u0142a<\/li><li>ul. Nowoprojektowana<\/li><li>ul. Pocztowa<\/li><li>ul. Projektowana<\/li><li>ul. Smolniki<\/li><li>ul. Stra\u017cacka<\/li><li>ul. Szosowa<\/li><li>ul. Wiejska<\/li><li>ul. Wincentego Witosa<\/li><li>ul. Zjazd<\/li><li>ul. \u0179r\u00f3d\u0142owa<\/li><li>ul. 550\u2013lecia Stawisk<\/li><li>ul. Wojciecha Kossaka<\/li><\/ol><\/div><\/div><\/div><div class=\"ea-card sp-ea-single\"><h3 class=\"ea-header\"><a class=\"collapsed\" id=\"ea-header-17791\" role=\"button\" data-sptoggle=\"spcollapse\" data-sptarget=\"#collapse17791\" aria-controls=\"collapse17791\" href=\"#\" aria-expanded=\"false\" tabindex=\"0\"><i aria-hidden=\"true\" role=\"presentation\" class=\"ea-expand-icon eap-icon-ea-expand-plus\"><\/i> Gmina:<\/a><\/h3><div class=\"sp-collapse spcollapse spcollapse\" id=\"collapse17791\" data-parent=\"#sp-ea-1779\" role=\"region\" aria-labelledby=\"ea-header-17791\"> <div class=\"ea-body\"><ol><li>Budy Poryckie<\/li><li>Budy Stawiskie<\/li><li>Ignacewo<\/li><li>Jurzec Szlachecki<\/li><li>Jurzec W\u0142o\u015bcia\u0144ski<\/li><li>Karwowo<\/li><li>Kuczyny<\/li><li>Ramoty<\/li><li>Rogale<\/li><li>Rostki<\/li><li>Soko\u0142y<\/li><li>Wilczewo<\/li><li>Wysokie Du\u017ce<\/li><li>Wysokie Ma\u0142e<\/li><li>Zabiele<\/li><li>Zaborowo<\/li><li>\u017belazki<\/li><\/ol><\/div><\/div><\/div><\/div><\/div><\/div><\/div><\/div><\/div><\/div><\/div><\/div><\/div><\/div><\/div>\r\n\r\n<style>#sp-ea-1773 .spcollapsing { height: 0; overflow: hidden; transition-property: height;transition-duration: 300ms;}#sp-ea-1773.sp-easy-accordion>.sp-ea-single {margin-bottom: 10px; border: 1px solid #e2e2e2; }#sp-ea-1773.sp-easy-accordion>.sp-ea-single>.ea-header a {color: #444;}#sp-ea-1773.sp-easy-accordion>.sp-ea-single>.sp-collapse>.ea-body {background: #fff; color: #444;}#sp-ea-1773.sp-easy-accordion>.sp-ea-single {background: #eee;}#sp-ea-1773.sp-easy-accordion>.sp-ea-single>.ea-header a .ea-expand-icon { float: left; color: #444;font-size: 16px;}<\/style><div id=\"sp_easy_accordion-1778498464\"><div id=\"sp-ea-1773\" class=\"sp-ea-one sp-easy-accordion\" data-ea-active=\"ea-click\" data-ea-mode=\"vertical\" data-preloader=\"\" data-scroll-active-item=\"\" data-offset-to-scroll=\"0\"><div class=\"ea-card ea-expand sp-ea-single\"><h3 class=\"ea-header\"><a class=\"collapsed\" id=\"ea-header-17730\" role=\"button\" data-sptoggle=\"spcollapse\" data-sptarget=\"#collapse17730\" aria-controls=\"collapse17730\" href=\"#\" aria-expanded=\"true\" tabindex=\"0\"><i aria-hidden=\"true\" role=\"presentation\" class=\"ea-expand-icon eap-icon-ea-expand-minus\"><\/i> Pracownicy Zespo\u0142u ds. realizacji zada\u0144 z zakresu pomocy spo\u0142ecznej CUS<\/a><\/h3><div class=\"sp-collapse spcollapse collapsed show\" id=\"collapse17730\" data-parent=\"#sp-ea-1773\" role=\"region\" aria-labelledby=\"ea-header-17730\"> <div class=\"ea-body\"><style>#sp-ea-1774 .spcollapsing { height: 0; overflow: hidden; transition-property: height;transition-duration: 300ms;}#sp-ea-1774.sp-easy-accordion>.sp-ea-single {margin-bottom: 10px; border: 1px solid #e2e2e2; }#sp-ea-1774.sp-easy-accordion>.sp-ea-single>.ea-header a {color: #444;}#sp-ea-1774.sp-easy-accordion>.sp-ea-single>.sp-collapse>.ea-body {background: #fff; color: #444;}#sp-ea-1774.sp-easy-accordion>.sp-ea-single {background: #eee;}#sp-ea-1774.sp-easy-accordion>.sp-ea-single>.ea-header a .ea-expand-icon { float: left; color: #444;font-size: 16px;}<\/style><div id=\"sp_easy_accordion-1707331322\"><div id=\"sp-ea-1774\" class=\"sp-ea-one sp-easy-accordion\" data-ea-active=\"ea-click\" data-ea-mode=\"vertical\" data-preloader=\"\" data-scroll-active-item=\"\" data-offset-to-scroll=\"0\"><div class=\"ea-card sp-ea-single\"><h3 class=\"ea-header\"><a class=\"collapsed\" id=\"ea-header-17740\" role=\"button\" data-sptoggle=\"spcollapse\" data-sptarget=\"#collapse17740\" aria-controls=\"collapse17740\" href=\"#\" aria-expanded=\"false\" tabindex=\"0\"><i aria-hidden=\"true\" role=\"presentation\" class=\"ea-expand-icon eap-icon-ea-expand-plus\"><\/i> TERESA ZAR\u0118BA - SPECJALISTA PRACY SOCJALNEJ<\/a><\/h3><div class=\"sp-collapse spcollapse spcollapse\" id=\"collapse17740\" data-parent=\"#sp-ea-1774\" role=\"region\" aria-labelledby=\"ea-header-17740\"> <div class=\"ea-body\"><style>#sp-ea-1780 .spcollapsing { height: 0; overflow: hidden; transition-property: height;transition-duration: 300ms;}#sp-ea-1780.sp-easy-accordion>.sp-ea-single {margin-bottom: 10px; border: 1px solid #e2e2e2; }#sp-ea-1780.sp-easy-accordion>.sp-ea-single>.ea-header a {color: #444;}#sp-ea-1780.sp-easy-accordion>.sp-ea-single>.sp-collapse>.ea-body {background: #fff; color: #444;}#sp-ea-1780.sp-easy-accordion>.sp-ea-single {background: #eee;}#sp-ea-1780.sp-easy-accordion>.sp-ea-single>.ea-header a .ea-expand-icon { float: left; color: #444;font-size: 16px;}<\/style><div id=\"sp_easy_accordion-1740733064\"><div id=\"sp-ea-1780\" class=\"sp-ea-one sp-easy-accordion\" data-ea-active=\"ea-click\" data-ea-mode=\"vertical\" data-preloader=\"\" data-scroll-active-item=\"\" data-offset-to-scroll=\"0\"><div class=\"ea-card sp-ea-single\"><h3 class=\"ea-header\"><a class=\"collapsed\" id=\"ea-header-17800\" role=\"button\" data-sptoggle=\"spcollapse\" data-sptarget=\"#collapse17800\" aria-controls=\"collapse17800\" href=\"#\" aria-expanded=\"false\" tabindex=\"0\"><i aria-hidden=\"true\" role=\"presentation\" class=\"ea-expand-icon eap-icon-ea-expand-plus\"><\/i> Miasto:<\/a><\/h3><div class=\"sp-collapse spcollapse spcollapse\" id=\"collapse17800\" data-parent=\"#sp-ea-1780\" role=\"region\" aria-labelledby=\"ea-header-17800\"> <div class=\"ea-body\"><ol><li>ul. Cedrowska<\/li><li>ul. \u0141om\u017cy\u0144ska<\/li><li>ul. Parkowa<\/li><li>ul. Polowa<\/li><li>ul. Spokojna<\/li><li>ul. Smolniki<\/li><li>ul. P\u0142k. Stanis\u0142awa Steczkowskiego<\/li><li>ul. Utrata<\/li><\/ol><\/div><\/div><\/div><div class=\"ea-card sp-ea-single\"><h3 class=\"ea-header\"><a class=\"collapsed\" id=\"ea-header-17801\" role=\"button\" data-sptoggle=\"spcollapse\" data-sptarget=\"#collapse17801\" aria-controls=\"collapse17801\" href=\"#\" aria-expanded=\"false\" tabindex=\"0\"><i aria-hidden=\"true\" role=\"presentation\" class=\"ea-expand-icon eap-icon-ea-expand-plus\"><\/i> Gmina:<\/a><\/h3><div class=\"sp-collapse spcollapse spcollapse\" id=\"collapse17801\" data-parent=\"#sp-ea-1780\" role=\"region\" aria-labelledby=\"ea-header-17801\"> <div class=\"ea-body\"><ol><li>Cedry<\/li><li>Hipolitowo<\/li><li>Michny<\/li><li>Mieszo\u0142ki<\/li><li>Ramoty<\/li><li>Rogale<\/li><li>Romany<\/li><li>Soko\u0142y<\/li><li>Tafi\u0142y<\/li><li>Wysokie Du\u017ce<\/li><li>Wysokie Ma\u0142e<\/li><\/ol><\/div><\/div><\/div><\/div><\/div><\/div><\/div><\/div><div class=\"ea-card sp-ea-single\"><h3 class=\"ea-header\"><a class=\"collapsed\" id=\"ea-header-17741\" role=\"button\" data-sptoggle=\"spcollapse\" data-sptarget=\"#collapse17741\" aria-controls=\"collapse17741\" href=\"#\" aria-expanded=\"false\" tabindex=\"0\"><i aria-hidden=\"true\" role=\"presentation\" class=\"ea-expand-icon eap-icon-ea-expand-plus\"><\/i> EDYTA GARDOCKA - PRACOWNIK SOCJALNY<\/a><\/h3><div class=\"sp-collapse spcollapse spcollapse\" id=\"collapse17741\" data-parent=\"#sp-ea-1774\" role=\"region\" aria-labelledby=\"ea-header-17741\"> <div class=\"ea-body\"><style>#sp-ea-1781 .spcollapsing { height: 0; overflow: hidden; transition-property: height;transition-duration: 300ms;}#sp-ea-1781.sp-easy-accordion>.sp-ea-single {margin-bottom: 10px; border: 1px solid #e2e2e2; }#sp-ea-1781.sp-easy-accordion>.sp-ea-single>.ea-header a {color: #444;}#sp-ea-1781.sp-easy-accordion>.sp-ea-single>.sp-collapse>.ea-body {background: #fff; color: #444;}#sp-ea-1781.sp-easy-accordion>.sp-ea-single {background: #eee;}#sp-ea-1781.sp-easy-accordion>.sp-ea-single>.ea-header a .ea-expand-icon { float: left; color: #444;font-size: 16px;}<\/style><div id=\"sp_easy_accordion-1707331200\"><div id=\"sp-ea-1781\" class=\"sp-ea-one sp-easy-accordion\" data-ea-active=\"ea-click\" data-ea-mode=\"vertical\" data-preloader=\"\" data-scroll-active-item=\"\" data-offset-to-scroll=\"0\"><div class=\"ea-card sp-ea-single\"><h3 class=\"ea-header\"><a class=\"collapsed\" id=\"ea-header-17810\" role=\"button\" data-sptoggle=\"spcollapse\" data-sptarget=\"#collapse17810\" aria-controls=\"collapse17810\" href=\"#\" aria-expanded=\"false\" tabindex=\"0\"><i aria-hidden=\"true\" role=\"presentation\" class=\"ea-expand-icon eap-icon-ea-expand-plus\"><\/i> Miasto<\/a><\/h3><div class=\"sp-collapse spcollapse spcollapse\" id=\"collapse17810\" data-parent=\"#sp-ea-1781\" role=\"region\" aria-labelledby=\"ea-header-17810\"> <div class=\"ea-body\"><ol><li>ul. Szosowa<\/li><li>ul. Pocztowa<\/li><li>ul. Ko\u015bcielna<\/li><li>ul. Wincentego Witosa<\/li><li>ul. Sadowa<\/li><li>ul. 550-lecia Stawisk<\/li><\/ol><\/div><\/div><\/div><div class=\"ea-card sp-ea-single\"><h3 class=\"ea-header\"><a class=\"collapsed\" id=\"ea-header-17811\" role=\"button\" data-sptoggle=\"spcollapse\" data-sptarget=\"#collapse17811\" aria-controls=\"collapse17811\" href=\"#\" aria-expanded=\"false\" tabindex=\"0\"><i aria-hidden=\"true\" role=\"presentation\" class=\"ea-expand-icon eap-icon-ea-expand-plus\"><\/i> Gmina:<\/a><\/h3><div class=\"sp-collapse spcollapse spcollapse\" id=\"collapse17811\" data-parent=\"#sp-ea-1781\" role=\"region\" aria-labelledby=\"ea-header-17811\"> <div class=\"ea-body\"><ol><li>Ignacewo<\/li><li>Barzykowo<\/li><li>Cwaliny<\/li><li>Chmielewo<\/li><li>Zalesie<\/li><li>Zaborowo<\/li><li>\u017belazki<\/li><\/ol><\/div><\/div><\/div><\/div><\/div><\/div><\/div><\/div><div class=\"ea-card sp-ea-single\"><h3 class=\"ea-header\"><a class=\"collapsed\" id=\"ea-header-17742\" role=\"button\" data-sptoggle=\"spcollapse\" data-sptarget=\"#collapse17742\" aria-controls=\"collapse17742\" href=\"#\" aria-expanded=\"false\" tabindex=\"0\"><i aria-hidden=\"true\" role=\"presentation\" class=\"ea-expand-icon eap-icon-ea-expand-plus\"><\/i> JOANNA ROGI\u0143SKA - PRACOWNIK SOCJALNY<\/a><\/h3><div class=\"sp-collapse spcollapse spcollapse\" id=\"collapse17742\" data-parent=\"#sp-ea-1774\" role=\"region\" aria-labelledby=\"ea-header-17742\"> <div class=\"ea-body\"><style>#sp-ea-2623 .spcollapsing { height: 0; overflow: hidden; transition-property: height;transition-duration: 300ms;}#sp-ea-2623.sp-easy-accordion>.sp-ea-single {margin-bottom: 10px; border: 1px solid #e2e2e2; }#sp-ea-2623.sp-easy-accordion>.sp-ea-single>.ea-header a {color: #444;}#sp-ea-2623.sp-easy-accordion>.sp-ea-single>.sp-collapse>.ea-body {background: #fff; color: #444;}#sp-ea-2623.sp-easy-accordion>.sp-ea-single {background: #eee;}#sp-ea-2623.sp-easy-accordion>.sp-ea-single>.ea-header a .ea-expand-icon { float: left; color: #444;font-size: 16px;}<\/style><div id=\"sp_easy_accordion-1707331093\"><div id=\"sp-ea-2623\" class=\"sp-ea-one sp-easy-accordion\" data-ea-active=\"ea-click\" data-ea-mode=\"vertical\" data-preloader=\"\" data-scroll-active-item=\"\" data-offset-to-scroll=\"0\"><div class=\"ea-card sp-ea-single\"><h3 class=\"ea-header\"><a class=\"collapsed\" id=\"ea-header-26230\" role=\"button\" data-sptoggle=\"spcollapse\" data-sptarget=\"#collapse26230\" aria-controls=\"collapse26230\" href=\"#\" aria-expanded=\"false\" tabindex=\"0\"><i aria-hidden=\"true\" role=\"presentation\" class=\"ea-expand-icon eap-icon-ea-expand-plus\"><\/i> Miasto<\/a><\/h3><div class=\"sp-collapse spcollapse spcollapse\" id=\"collapse26230\" data-parent=\"#sp-ea-2623\" role=\"region\" aria-labelledby=\"ea-header-26230\"> <div class=\"ea-body\"><ol><li>ul. Wiejska<\/li><li>ul. Tadeusza Ko\u015bciuszki<\/li><li>ul. Krzywe Ko\u0142o<\/li><li>ul. Nieca\u0142a<\/li><li>ul. Plac Wolno\u015bci<\/li><li>ul. Projektowana<\/li><li>ul. W\u0142adys\u0142awa Stanis\u0142awa Reymonta<\/li><li>ul. \u0179r\u00f3d\u0142owa<\/li><\/ol><\/div><\/div><\/div><div class=\"ea-card sp-ea-single\"><h3 class=\"ea-header\"><a class=\"collapsed\" id=\"ea-header-26231\" role=\"button\" data-sptoggle=\"spcollapse\" data-sptarget=\"#collapse26231\" aria-controls=\"collapse26231\" href=\"#\" aria-expanded=\"false\" tabindex=\"0\"><i aria-hidden=\"true\" role=\"presentation\" class=\"ea-expand-icon eap-icon-ea-expand-plus\"><\/i> Gmina<\/a><\/h3><div class=\"sp-collapse spcollapse spcollapse\" id=\"collapse26231\" data-parent=\"#sp-ea-2623\" role=\"region\" aria-labelledby=\"ea-header-26231\"> <div class=\"ea-body\"><ol><li>Jurzec Szlachecki<\/li><li>Jurzec W\u0142o\u015bcia\u0144ski<\/li><li>Jurzec Folwark<\/li><li>Karwowo<\/li><li>Wilczewo<\/li><li>Skroda Ma\u0142a<\/li><li>Mieczki Sucholaszczki<\/li><\/ol><\/div><\/div><\/div><\/div><\/div><\/div><\/div><\/div><div class=\"ea-card sp-ea-single\"><h3 class=\"ea-header\"><a class=\"collapsed\" id=\"ea-header-17743\" role=\"button\" data-sptoggle=\"spcollapse\" data-sptarget=\"#collapse17743\" aria-controls=\"collapse17743\" href=\"#\" aria-expanded=\"false\" tabindex=\"0\"><i aria-hidden=\"true\" role=\"presentation\" class=\"ea-expand-icon eap-icon-ea-expand-plus\"><\/i> IWONA STANIURSKA - PRACOWNIK SOCJALNY<\/a><\/h3><div class=\"sp-collapse spcollapse spcollapse\" id=\"collapse17743\" data-parent=\"#sp-ea-1774\" role=\"region\" aria-labelledby=\"ea-header-17743\"> <div class=\"ea-body\"><style>#sp-ea-3824 .spcollapsing { height: 0; overflow: hidden; transition-property: height;transition-duration: 300ms;}#sp-ea-3824.sp-easy-accordion>.sp-ea-single {margin-bottom: 10px; border: 1px solid #e2e2e2; }#sp-ea-3824.sp-easy-accordion>.sp-ea-single>.ea-header a {color: #444;}#sp-ea-3824.sp-easy-accordion>.sp-ea-single>.sp-collapse>.ea-body {background: #fff; color: #444;}#sp-ea-3824.sp-easy-accordion>.sp-ea-single {background: #eee;}#sp-ea-3824.sp-easy-accordion>.sp-ea-single>.ea-header a .ea-expand-icon { float: left; color: #444;font-size: 16px;}<\/style><div id=\"sp_easy_accordion-1740733220\"><div id=\"sp-ea-3824\" class=\"sp-ea-one sp-easy-accordion\" data-ea-active=\"ea-click\" data-ea-mode=\"vertical\" data-preloader=\"\" data-scroll-active-item=\"\" data-offset-to-scroll=\"0\"><div class=\"ea-card sp-ea-single\"><h3 class=\"ea-header\"><a class=\"collapsed\" id=\"ea-header-38240\" role=\"button\" data-sptoggle=\"spcollapse\" data-sptarget=\"#collapse38240\" aria-controls=\"collapse38240\" href=\"#\" aria-expanded=\"false\" tabindex=\"0\"><i aria-hidden=\"true\" role=\"presentation\" class=\"ea-expand-icon eap-icon-ea-expand-plus\"><\/i> Miasto<\/a><\/h3><div class=\"sp-collapse spcollapse spcollapse\" id=\"collapse38240\" data-parent=\"#sp-ea-3824\" role=\"region\" aria-labelledby=\"ea-header-38240\"> <div class=\"ea-body\"><ol><li>ul. Furma\u0144ska<\/li><li>ul. Kr\u00f3tka<\/li><li>ul. Nowoprojektowana<\/li><li>ul. Ogrodowa<\/li><li>ul. Sta\u017cacka<\/li><li>ul. Wojciecha Kossaka<\/li><li>ul. Zjazd<\/li><\/ol><\/div><\/div><\/div><div class=\"ea-card sp-ea-single\"><h3 class=\"ea-header\"><a class=\"collapsed\" id=\"ea-header-38241\" role=\"button\" data-sptoggle=\"spcollapse\" data-sptarget=\"#collapse38241\" aria-controls=\"collapse38241\" href=\"#\" aria-expanded=\"false\" tabindex=\"0\"><i aria-hidden=\"true\" role=\"presentation\" class=\"ea-expand-icon eap-icon-ea-expand-plus\"><\/i> Gmina<\/a><\/h3><div class=\"sp-collapse spcollapse spcollapse\" id=\"collapse38241\" data-parent=\"#sp-ea-3824\" role=\"region\" aria-labelledby=\"ea-header-38241\"> <div class=\"ea-body\"><ol><li>Budziski<\/li><li>Budy Poryckie<\/li><li>Budy Stawiskie<\/li><li>Dzierzbia<\/li><li>Poryte<\/li><li>Dzi\u0119giele<\/li><li>Kuczyny<\/li><li>Lisy<\/li><li>Rostki<\/li><li>Zabiele<\/li><\/ol><\/div><\/div><\/div><\/div><\/div><\/div><\/div><\/div><\/div><\/div><\/div><\/div><\/div><\/div><\/div>\r\n<p class=\"has-text-align-center\"><\/p><!-- \/wp:post-content -->","protected":false},"excerpt":{"rendered":"<p>REJONIZACJA (obowi\u0105zuje od dnia 01.03.2025 r.)<\/p>\n","protected":false},"author":1,"featured_media":0,"parent":838,"menu_order":0,"comment_status":"closed","ping_status":"closed","template":"","meta":{"ngg_post_thumbnail":0,"footnotes":""},"class_list":["post-1109","page","type-page","status-publish","hentry"],"_links":{"self":[{"href":"https:\/\/cusstawiski.pl\/index.php?rest_route=\/wp\/v2\/pages\/1109","targetHints":{"allow":["GET"]}}],"collection":[{"href":"https:\/\/cusstawiski.pl\/index.php?rest_route=\/wp\/v2\/pages"}],"about":[{"href":"https:\/\/cusstawiski.pl\/index.php?rest_route=\/wp\/v2\/types\/page"}],"author":[{"embeddable":true,"href":"https:\/\/cusstawiski.pl\/index.php?rest_route=\/wp\/v2\/users\/1"}],"replies":[{"embeddable":true,"href":"https:\/\/cusstawiski.pl\/index.php?rest_route=%2Fwp%2Fv2%2Fcomments&post=1109"}],"version-history":[{"count":22,"href":"https:\/\/cusstawiski.pl\/index.php?rest_route=\/wp\/v2\/pages\/1109\/revisions"}],"predecessor-version":[{"id":3825,"href":"https:\/\/cusstawiski.pl\/index.php?rest_route=\/wp\/v2\/pages\/1109\/revisions\/3825"}],"up":[{"embeddable":true,"href":"https:\/\/cusstawiski.pl\/index.php?rest_route=\/wp\/v2\/pages\/838"}],"wp:attachment":[{"href":"https:\/\/cusstawiski.pl\/index.php?rest_route=%2Fwp%2Fv2%2Fmedia&parent=1109"}],"curies":[{"name":"wp","href":"https:\/\/api.w.org\/{rel}","templated":true}]}}