{"id":1209,"date":"2021-11-23T18:34:43","date_gmt":"2021-11-23T17:34:43","guid":{"rendered":"https:\/\/cusstawiski.pl\/?page_id=1209"},"modified":"2021-11-23T18:41:27","modified_gmt":"2021-11-23T17:41:27","slug":"1209-2","status":"publish","type":"page","link":"https:\/\/cusstawiski.pl\/?page_id=1209","title":{"rendered":"Indywidualny Plan Pomocy dla ofiary, co do kt\u00f3rej istnieje podejrzenie, \u017ce jest dotkni\u0119ta przemoc\u0105 w rodzinie"},"content":{"rendered":"<h1 style=\"text-align: center;\"><strong>\u00a0<\/strong><strong>INDYWIDUALNY PLAN POMOCY DLA OFIARY,<br \/>\nCO DO KT\u00d3REJ ISTNIEJE PODEJRZENIE,<br \/>\n\u017bE JEST DOTKNI\u0118TA PRZEMOC\u0104 W RODZINIE<\/strong><\/h1>\n<p><span style=\"color: #002c5b;\"><strong>\u00a0<\/strong><strong>Pracownik socjalny w zakresie dzia\u0142a\u0144\u00a0 wykonuje:<\/strong><\/span><\/p>\n<ul>\n<li>Praca socjalna, w tym cykliczne wizyty w \u015brodowisku;<\/li>\n<li>Informacja o warunkach korzystania ze \u015bwiadcze\u0144 pieni\u0119\u017cnych z pomocy spo\u0142ecznej;<\/li>\n<li>Wskazanie na mo\u017cliwo\u015b\u0107 skorzystania z pomocy psychologicznej, prawnej oraz w formie poradnictwa medycznego, zawodowego i rodzinnego;<\/li>\n<li>Skierowanie osoby, co do kt\u00f3rej istnieje podejrzenie, \u017ce jest dotkni\u0119ta przemoc\u0105 w rodzinie, do plac\u00f3wki dla ofiar przemocy w rodzinie, w szczeg\u00f3lno\u015bci do specjalistycznego o\u015brodka wsparcia dla ofiar przemocy w rodzinie;<\/li>\n<li>Skierowanie dzieci do plac\u00f3wki opieku\u0144czo \u2013 wychowawczej wsparcia dziennego (np. \u015bwietlicy, klubu, ogniska wychowawczego);<\/li>\n<li>Powiadomienie s\u0105du rodzinnego i opieku\u0144czego o sytuacji dzieci.<\/li>\n<\/ul>\n<p><span style=\"color: #002c5b;\"><strong>Gminna Komisja rozwi\u0105zywania problem\u00f3w alkoholowych w zakresie dzia\u0142a\u0144 wykonuje:<\/strong><\/span><\/p>\n<ul>\n<li>Skierowanie do udzia\u0142u w grupach wsparcia dla os\u00f3b wsp\u00f3\u0142uzale\u017cnionych;<\/li>\n<li>Poinformowanie o mo\u017cliwo\u015bciach prawnych dotycz\u0105cych zobowi\u0105zania poddania osoby, wobec kt\u00f3rej istnieje podejrzenie, \u017ce stosuje przemoc w rodzinie, do poddania si\u0119 leczeniu odwykowemu;<\/li>\n<li>Skierowanie do udzia\u0142u w grupie terapeutycznej;<\/li>\n<li>Skierowanie do udzia\u0142u w grupie samopomocowej.<\/li>\n<\/ul>\n<p><span style=\"color: #002c5b;\"><strong>Policja w zakresie dzia\u0142a\u0144 wykonuje:<\/strong><\/span><\/p>\n<ul>\n<li>Systematyczne wizyty sprawdzaj\u0105ce stan bezpiecze\u0144stwa osoby, co do kt\u00f3rej istnieje podejrzenie, \u017ce jest dotkni\u0119ta przemoc\u0105 w rodzinie (poda\u0107 cz\u0119stotliwo\u015b\u0107 wizyt uzgodnion\u0105 przez zesp\u00f3\u0142 interdyscyplinarny lub grup\u0119 robocz\u0105);<\/li>\n<li>Poinformowanie osoby co do kt\u00f3rej istnieje podejrzenie, \u017ce jest dotkni\u0119ta przemoc\u0105 w rodzinie, \u017ce zn\u0119canie si\u0119 fizyczne i psychiczne jest przest\u0119pstwem, i przedstawienie aspekt\u00f3w odpowiedzialno\u015bci karnej;<\/li>\n<li>Poinformowanie o mo\u017cliwo\u015bci przeprowadzenia badania lekarskiego;<\/li>\n<li>Wszcz\u0119cie postepowania przygotowawczego;<\/li>\n<li>Wyst\u0105pienie do prokuratora z wnioskiem o zastosowanie w\u0142a\u015bciwych \u015brodk\u00f3w zapobiegawczych.<\/li>\n<\/ul>\n<p><span style=\"color: #002c5b;\"><strong>Ochrona zdrowia w zakresie dzia\u0142a\u0144 wykonuje:<\/strong><\/span><\/p>\n<ul>\n<li>Skierowanie osoby, co do kt\u00f3rej istnieje podejrzenie, \u017ce jest dotkni\u0119ta przemoc\u0105 w rodzinie, do lekarza podstawowej opieki zdrowotnej ze wskazaniem co do dalszych ewentualnych konsultacji medycznych;<\/li>\n<li>Skierowanie osoby, co do kt\u00f3rej istnieje podejrzenie, \u017ce jest dotkni\u0119ta przemoc\u0105 w rodzinie, do lekarza w celu uzyskania za\u015bwiadczenia lekarskiego o ustaleniu przyczyn i rodzaju uszkodze\u0144 cia\u0142a zwi\u0105zanych zu\u017cyciem przemocy w rodzinie.<\/li>\n<\/ul>\n<p><span style=\"color: #002c5b;\"><strong>O\u015bwiata w zakresie dzia\u0142a\u0144 wykonuje:<\/strong><\/span><\/p>\n<ul>\n<li>Obj\u0119cie dziecka\/dzieci pomoc\u0105 psychologiczno- pedagogiczn\u0105 w przedszkolu, szkole lub innej plac\u00f3wce odpowiednio w formie:\n<ul>\n<li>klasy terapeutycznej;<\/li>\n<li>zaj\u0119\u0107 rozwijaj\u0105cych uzdolnienia;<\/li>\n<li>zaj\u0119\u0107 dydaktyczno \u2013 wyr\u00f3wnawczych;<\/li>\n<li>zaj\u0119\u0107 specjalistycznych, korekcyjno \u2013 kompensacyjnych, logopedycznych, socjoterapeutycznych oraz innych zaj\u0119\u0107 o charakterze terapeutycznym;<\/li>\n<li>zaj\u0119\u0107 zwi\u0105zanych z wyborem kierunku kszta\u0142cenia i zawodu oraz planowaniem kszta\u0142cenia i kariery zawodowej \u2013w przypadku uczni\u00f3w szk\u00f3\u0142 podstawowych kl. VIII;<\/li>\n<li>porad i konsultacji.<\/li>\n<\/ul>\n<\/li>\n<li>Obj\u0119cie rodzic\u00f3w pomoc\u0105 psychologiczno \u2013 pedagogiczn\u0105 w formie porad, konsultacji, warsztat\u00f3w i szkole\u0144;<\/li>\n<li>Pomoc materialna i jej rodzaj : wypoczynek wakacyjny w okresie letnim i zimowym, do\u017cywianie, stypendium szkolne, zasi\u0142ek szkolny;<\/li>\n<li>Konsultacja w poradni psychologiczno \u2013 pedagogicznej, w tym poradni specjalistycznej, skierowanie do pomocy terapeutycznej;<\/li>\n<li>Powiadomienie s\u0105du rodzinnego i opieku\u0144czego o sytuacji dziecka;<\/li>\n<li>Poinformowanie rodzica\/opiekuna o mo\u017cliwo\u015bci uzyskania pomocy oferowanej przez plac\u00f3wki opieku\u0144czo \u2013 wychowawcze wsparcia dziennego.<\/li>\n<\/ul>\n","protected":false},"excerpt":{"rendered":"<p>\u00a0INDYWIDUALNY PLAN POMOCY DLA OFIARY, CO DO KT\u00d3REJ ISTNIEJE PODEJRZENIE, \u017bE JEST DOTKNI\u0118TA PRZEMOC\u0104 W RODZINIE \u00a0Pracownik socjalny w zakresie dzia\u0142a\u0144\u00a0 wykonuje: Praca socjalna, w&hellip;<\/p>\n","protected":false},"author":1,"featured_media":0,"parent":0,"menu_order":0,"comment_status":"closed","ping_status":"closed","template":"","meta":{"ngg_post_thumbnail":0,"footnotes":""},"class_list":["post-1209","page","type-page","status-publish","hentry"],"_links":{"self":[{"href":"https:\/\/cusstawiski.pl\/index.php?rest_route=\/wp\/v2\/pages\/1209","targetHints":{"allow":["GET"]}}],"collection":[{"href":"https:\/\/cusstawiski.pl\/index.php?rest_route=\/wp\/v2\/pages"}],"about":[{"href":"https:\/\/cusstawiski.pl\/index.php?rest_route=\/wp\/v2\/types\/page"}],"author":[{"embeddable":true,"href":"https:\/\/cusstawiski.pl\/index.php?rest_route=\/wp\/v2\/users\/1"}],"replies":[{"embeddable":true,"href":"https:\/\/cusstawiski.pl\/index.php?rest_route=%2Fwp%2Fv2%2Fcomments&post=1209"}],"version-history":[{"count":4,"href":"https:\/\/cusstawiski.pl\/index.php?rest_route=\/wp\/v2\/pages\/1209\/revisions"}],"predecessor-version":[{"id":1214,"href":"https:\/\/cusstawiski.pl\/index.php?rest_route=\/wp\/v2\/pages\/1209\/revisions\/1214"}],"wp:attachment":[{"href":"https:\/\/cusstawiski.pl\/index.php?rest_route=%2Fwp%2Fv2%2Fmedia&parent=1209"}],"curies":[{"name":"wp","href":"https:\/\/api.w.org\/{rel}","templated":true}]}}