{"id":1215,"date":"2021-11-23T18:51:22","date_gmt":"2021-11-23T17:51:22","guid":{"rendered":"https:\/\/cusstawiski.pl\/?page_id=1215"},"modified":"2021-11-23T18:52:28","modified_gmt":"2021-11-23T17:52:28","slug":"rola-i-zadania-przedstawiciela-w-zespole-interdyscyplinarnym-w-przypadku-rodziny-w-ktorej-wychowywane-sa-nieletnie-dzieci","status":"publish","type":"page","link":"https:\/\/cusstawiski.pl\/?page_id=1215","title":{"rendered":"Rola i zadania\u00a0przedstawiciela w Zespole Interdyscyplinarnym w przypadku\u00a0rodziny w kt\u00f3rej wychowywane s\u0105 nieletnie dzieci"},"content":{"rendered":"<h1 style=\"text-align: center;\"><strong>ROLA I ZADANIA PRZEDSTAWICIELA<br \/>\nW ZESPOLE INTERDYSCYPLINARNYM<br \/>\nW PRZYPADKU RODZINY W KT\u00d3REJ<br \/>\n<\/strong><strong>WYCHOWYWANE S\u0104 NIELETNIE DZIECI<\/strong><\/h1>\n<p>Rola przedstawiciela ka\u017cdego podmiotu wchodz\u0105cego w sk\u0142ad Zespo\u0142u Interdyscyplinarnego jest bardzo wa\u017cna.<\/p>\n<p>Przedstawiciel powinien mie\u0107 styczno\u015b\u0107 i kontakt z dzieckiem pochodz\u0105cym z rodziny, w kt\u00f3rej wyst\u0105pi\u0142a przemoc.<\/p>\n<p>Przedstawiciel prowadzi wnikliw\u0105 obserwacj\u0119 dziecka, diagnozuje jego sytuacj\u0119 i potrzeby. Przedstawia nast\u0119pnie cz\u0142onkom Grupy Roboczej lub Zespo\u0142u Interdyscyplinarnego opini\u0119 i charakterystyk\u0119 tego\u017c dziecka.<\/p>\n<p>Udziela on tak\u017ce informacji pokrzywdzonemu rodzicowi o r\u00f3\u017cnych mo\u017cliwo\u015bciach uzyskania pomocy \u2013 psychologicznej, prawniczej, ze strony pracownika socjalnego, pedagoga i Policji wskazuje instytucje, do kt\u00f3rych nale\u017cy si\u0119 zg\u0142osi\u0107, aby otrzyma\u0107 specjalistyczn\u0105 pomoc.<\/p>\n<p>Organizuje r\u00f3wnie\u017c niezw\u0142ocznie dost\u0119p do pomocy medycznej, je\u015bli wymaga tego sytuacja.<\/p>\n<p>W czynno\u015bciach mo\u017cliwych do wykonania przez przedstawiciela o\u015bwiaty znajduje si\u0119 tak\u017ce rozmowa z osob\u0105 stosuj\u0105c\u0105 przemoc.<\/p>\n<p>Informuje on sprawc\u0119 o konsekwencjach stosowania przemocy w rodzinie, mo\u017cliwo\u015bci podj\u0119cia leczenia, terapii, zach\u0119ca do udzia\u0142u w zaj\u0119ciach korekcyjno-edukacyjnych (nauka o sposobach i mo\u017cliwo\u015bciach zamiany swojego zachowania) dla os\u00f3b stosuj\u0105cych przemoc w rodzinie.<\/p>\n","protected":false},"excerpt":{"rendered":"<p>ROLA I ZADANIA PRZEDSTAWICIELA W ZESPOLE INTERDYSCYPLINARNYM W PRZYPADKU RODZINY W KT\u00d3REJ WYCHOWYWANE S\u0104 NIELETNIE DZIECI Rola przedstawiciela ka\u017cdego podmiotu wchodz\u0105cego w sk\u0142ad Zespo\u0142u Interdyscyplinarnego&hellip;<\/p>\n","protected":false},"author":1,"featured_media":0,"parent":0,"menu_order":0,"comment_status":"closed","ping_status":"closed","template":"","meta":{"ngg_post_thumbnail":0,"footnotes":""},"class_list":["post-1215","page","type-page","status-publish","hentry"],"_links":{"self":[{"href":"https:\/\/cusstawiski.pl\/index.php?rest_route=\/wp\/v2\/pages\/1215","targetHints":{"allow":["GET"]}}],"collection":[{"href":"https:\/\/cusstawiski.pl\/index.php?rest_route=\/wp\/v2\/pages"}],"about":[{"href":"https:\/\/cusstawiski.pl\/index.php?rest_route=\/wp\/v2\/types\/page"}],"author":[{"embeddable":true,"href":"https:\/\/cusstawiski.pl\/index.php?rest_route=\/wp\/v2\/users\/1"}],"replies":[{"embeddable":true,"href":"https:\/\/cusstawiski.pl\/index.php?rest_route=%2Fwp%2Fv2%2Fcomments&post=1215"}],"version-history":[{"count":3,"href":"https:\/\/cusstawiski.pl\/index.php?rest_route=\/wp\/v2\/pages\/1215\/revisions"}],"predecessor-version":[{"id":1218,"href":"https:\/\/cusstawiski.pl\/index.php?rest_route=\/wp\/v2\/pages\/1215\/revisions\/1218"}],"wp:attachment":[{"href":"https:\/\/cusstawiski.pl\/index.php?rest_route=%2Fwp%2Fv2%2Fmedia&parent=1215"}],"curies":[{"name":"wp","href":"https:\/\/api.w.org\/{rel}","templated":true}]}}