{"id":1220,"date":"2021-11-23T18:55:05","date_gmt":"2021-11-23T17:55:05","guid":{"rendered":"https:\/\/cusstawiski.pl\/?page_id=1220"},"modified":"2025-03-10T14:07:40","modified_gmt":"2025-03-10T13:07:40","slug":"1220-2","status":"publish","type":"page","link":"https:\/\/cusstawiski.pl\/?page_id=1220","title":{"rendered":"Formy Przemocy"},"content":{"rendered":"<h1 style=\"text-align: center;\"><strong>FORMY PRZEMOCY<\/strong><\/h1>\n<p>Zgodnie z art. 2 ust. 2 ustawy z dnia 29 lipca 2005 r. o przeciwdzia\u0142aniu przemocy w rodzinie &#8222;przemoc w rodzinie to jednorazowe albo postarzaj\u0105ce si\u0119 umy\u015blne dzia\u0142anie lub zaniechanie naruszaj\u0105ce prawa lub dobra osobiste cz\u0142onk\u00f3w rodziny lub os\u00f3b wsp\u00f3lnie zamieszkuj\u0105cych lub gospodaruj\u0105cych, w szczeg\u00f3lno\u015bci nara\u017caj\u0105ce te osoby na niebezpiecze\u0144stwo utraty \u017cycia, zdrowia, naruszaj\u0105ce ich godno\u015b\u0107, nietykalno\u015b\u0107 cielesn\u0105, wolno\u015b\u0107, w tym seksualn\u0105, powoduj\u0105ce szkody na ich zdrowiu fizycznym lub psychicznym, a tak\u017ce wywo\u0142uj\u0105ce cierpienia i krzywdy moralne u os\u00f3b dotkni\u0119tych przemoc\u0105&#8221;.<\/p>\n<h2 style=\"text-align: center;\"><span style=\"color: #002c5b;\"><strong>RODZAJE PRZEMOCY:<\/strong><\/span><\/h2>\n<p><span style=\"color: #002c5b;\"><strong>PSYCHICZNA\/EMOCJONALNA<\/strong><\/span><\/p>\n<p>Jest podstaw\u0105 wszelkich form przemocy. Polega na wywieraniu presji na osob\u0119 w&nbsp;celu sprawowaniu nad ni\u0105 kontroli i&nbsp;podporz\u0105dkowania jej swojej woli. Jej istot\u0105 jest naruszenie godno\u015bci osobistej. Stanowi podstaw\u0119 wszelkich innych form przemocy i&nbsp;zazwyczaj z&nbsp;nimi wsp\u00f3\u0142wyst\u0119puje. Przyk\u0142adem mog\u0105 by\u0107: wy\u015bmiewanie pogl\u0105d\u00f3w, religii, pochodzenia, narzucanie w\u0142asnych pogl\u0105d\u00f3w i&nbsp;plan\u00f3w, karanie przez odmow\u0119 uczu\u0107, zainteresowania, szacunku, sta\u0142a krytyka, wmawianie choroby psychicznej, izolacja spo\u0142eczna poprzez kontrolowanie i&nbsp;ograniczanie kontakt\u00f3w z&nbsp;innymi osobami, domaganie si\u0119 pos\u0142usze\u0144stwa, ograniczanie snu i&nbsp;po\u017cywienia, uniemo\u017cliwianie schronienia, degradacja werbalna czyli wyzywanie, poni\u017canie, upokarzanie, zawstydzanie, stosowanie gr\u00f3\u017ab i&nbsp;wulgaryzm\u00f3w, straszenie zastosowaniem si\u0142y.<\/p>\n<p><span style=\"color: #002c5b;\"><strong>FIZYCZNA<\/strong><\/span><\/p>\n<p>Polega na naruszeniu nietykalno\u015bci cielesnej lub niesie takie ryzyko. Przyk\u0142ady: popychanie, odpychanie, obezw\u0142adnianie, przytrzymywanie, policzkowanie, szczypanie, gaszenie papieros\u00f3w na ciele, kopanie, duszenie, bicie otwart\u0105 r\u0119k\u0105 i&nbsp;pi\u0119\u015bciami, bicie przedmiotami, ciskanie w&nbsp;kogo\u015b przedmiotami, parzenie, polewanie substancjami \u017cr\u0105cymi, szarpanie np. za w\u0142osy lub uszy, u\u017cycie broni, porzucanie w&nbsp;niebezpiecznej okolicy, nieudzielanie koniecznej pomocy, itp.<\/p>\n<p><span style=\"color: #002c5b;\"><strong>SEKSUALNA<\/strong><\/span><\/p>\n<p>Dotyczy sfery seksualnej, jej celem jest poni\u017cenie drugiej osoby, odebranie jej godno\u015bci, polega na naruszeniu intymno\u015bci. Jej istot\u0105 jest zmuszanie osoby do aktywno\u015bci seksualnej wbrew jej woli, kontynuowaniu aktywno\u015bci seksualnej, gdy osoba nie jest w&nbsp;pe\u0142ni \u015bwiadoma, bez pytania jej o&nbsp;zgod\u0119 lub gdy na skutek zaistnia\u0142ych warunk\u00f3w obawia si\u0119 odm\u00f3wi\u0107. Wyst\u0119puje w\u00f3wczas przymus jako na bezpo\u015brednie u\u017cycie si\u0142y lub emocjonalny szanta\u017c, gro\u017aba lub podst\u0119p by osob\u0119 sk\u0142oni\u0107 do preferowanego zachowania. Np.: gwa\u0142t, molestowanie seksualne, wymuszanie po\u017cycia, obmacywanie, dotykanie intymnych cz\u0119\u015bci cia\u0142a, zmuszanie do niechcianych praktyk seksualnych, nieliczenie si\u0119 z&nbsp;\u017cyczeniami partnerki\/partnera, komentowanie szczeg\u00f3\u0142\u00f3w anatomicznych, ocenianie sprawno\u015bci seksualnej, wygl\u0105du, uwagi i&nbsp;\u017carty o&nbsp;charakterze seksualnym, przymuszanie do ogl\u0105dania tre\u015bci charakterze seksualnym b\u0105d\u017a pornograficznym itp.;<\/p>\n<p><span style=\"color: #002c5b;\"><strong>EKONOMICZNA<\/strong><\/span><\/p>\n<p>Dotyczy sfery materialnej, polega na celowym niszczeniu w\u0142asno\u015bci, pozbawianiu \u015brodk\u00f3w lub tworzeniu warunk\u00f3w, gdy trudno jest zaspokoi\u0107 podstawowe potrzeby min. uniemo\u017cliwianiu podj\u0119cia pracy zarobkowej i&nbsp;wymuszanie pracy nieodp\u0142atnej, odbieranie zarobionych pieni\u0119dzy, niszczeniu rzeczy, zabieraniu pieni\u0119dzy, ograniczanie dost\u0119pu do zasob\u00f3w rodziny, w&nbsp;przypadku wsp\u00f3lnej firmy na nieop\u0142acaniu sk\u0142adek, ubezpiecze\u0144 i&nbsp;niewyp\u0142acaniu zarobionych pieni\u0119dzy, wymaganiu, by sprawozdawa\u0107 si\u0119 z&nbsp;ka\u017cdej wydanej z\u0142ot\u00f3wki, pozbawieniu informacji na temat stanu maj\u0105tku rodziny, zaci\u0105ganiu kredyt\u00f3w i&nbsp;po\u017cyczek na wsp\u00f3lne konto, zmuszaniu do sp\u0142acania d\u0142ug\u00f3w, sprzedawaniu rzeczy osobistych b\u0105d\u017a wsp\u00f3lnych bez uzgodnienia itp.<\/p>\n<p><span style=\"color: #002c5b;\"><strong>ZANIEDBANIE<\/strong><\/span><\/p>\n<p>Dotyczy naruszenia obowi\u0105zku opieki ze strony najbli\u017cszych. Jego istot\u0105 jest niezaspokojenie podstawowych potrzeb biologicznych i&nbsp;psychicznych drugiego cz\u0142owieka. Odnosi si\u0119 do dzieci, os\u00f3b starszych czy niepe\u0142nosprawnych lub chorych, kt\u00f3rych dobry stan wymaga opieki ze strony domownik\u00f3w. Polega na min. na braku zainteresowania potrzebami innej osoby, \u015bwiadomym ich ignorowaniu, pozbawianiu \u015brodk\u00f3w na utrzymanie, pozbawianie jedzenia, ubrania, schronienia, braku pomocy w&nbsp;chorobie, nie udzielenie pomocy, uniemo\u017cliwianie dost\u0119pu do miejsc zaspokojenia podstawowych potrzeb: mieszkania, kuchni, \u0142azienki, \u0142\u00f3\u017cka, itp.<\/p>\n","protected":false},"excerpt":{"rendered":"<p>FORMY PRZEMOCY Zgodnie z art. 2 ust. 2 ustawy z dnia 29 lipca 2005 r. o przeciwdzia\u0142aniu przemocy w rodzinie &#8222;przemoc w rodzinie to jednorazowe&hellip;<\/p>\n","protected":false},"author":1,"featured_media":0,"parent":0,"menu_order":0,"comment_status":"closed","ping_status":"closed","template":"","meta":{"ngg_post_thumbnail":0,"footnotes":""},"class_list":["post-1220","page","type-page","status-publish","hentry"],"_links":{"self":[{"href":"https:\/\/cusstawiski.pl\/index.php?rest_route=\/wp\/v2\/pages\/1220","targetHints":{"allow":["GET"]}}],"collection":[{"href":"https:\/\/cusstawiski.pl\/index.php?rest_route=\/wp\/v2\/pages"}],"about":[{"href":"https:\/\/cusstawiski.pl\/index.php?rest_route=\/wp\/v2\/types\/page"}],"author":[{"embeddable":true,"href":"https:\/\/cusstawiski.pl\/index.php?rest_route=\/wp\/v2\/users\/1"}],"replies":[{"embeddable":true,"href":"https:\/\/cusstawiski.pl\/index.php?rest_route=%2Fwp%2Fv2%2Fcomments&post=1220"}],"version-history":[{"count":5,"href":"https:\/\/cusstawiski.pl\/index.php?rest_route=\/wp\/v2\/pages\/1220\/revisions"}],"predecessor-version":[{"id":3867,"href":"https:\/\/cusstawiski.pl\/index.php?rest_route=\/wp\/v2\/pages\/1220\/revisions\/3867"}],"wp:attachment":[{"href":"https:\/\/cusstawiski.pl\/index.php?rest_route=%2Fwp%2Fv2%2Fmedia&parent=1220"}],"curies":[{"name":"wp","href":"https:\/\/api.w.org\/{rel}","templated":true}]}}