{"id":1265,"date":"2021-11-29T15:04:56","date_gmt":"2021-11-29T14:04:56","guid":{"rendered":"https:\/\/cusstawiski.pl\/?page_id=1265"},"modified":"2021-11-30T09:00:09","modified_gmt":"2021-11-30T08:00:09","slug":"uslugi-opiekuncze","status":"publish","type":"page","link":"https:\/\/cusstawiski.pl\/?page_id=1265","title":{"rendered":"Us\u0142ugi Opieku\u0144cze"},"content":{"rendered":"<h1 style=\"text-align: center;\"><strong>US\u0141UGI OPIEKU\u0143CZE<\/strong><\/h1>\n<p>Us\u0142ugi opieku\u0144cze, w tym specjalistyczne s\u0105 organizowane i \u015bwiadczone przez gmin\u0119 jako zadanie w\u0142asne z zakresu pomocy spo\u0142ecznej o charakterze obowi\u0105zkowym.<\/p>\n<p>Realizacja us\u0142ug opieku\u0144czych lub specjalistycznych us\u0142ug opieku\u0144czych odbywa si\u0119 w miejscu zamieszkania osoby i w jej najbli\u017cszym otoczeniu.<\/p>\n<p>Pomoc w formie us\u0142ug opieku\u0144czych lub specjalistycznych us\u0142ug opieku\u0144czych przys\u0142uguje osobie samotnej, kt\u00f3ra z powodu wieku, choroby lub innych przyczyn wymaga pomocy innych os\u00f3b, a jest jej pozbawiona.<\/p>\n<p>Us\u0142ugi opieku\u0144cze lub specjalistyczne us\u0142ugi opieku\u0144cze mog\u0105 by\u0107 przyznane r\u00f3wnie\u017c osobie, kt\u00f3ra wymaga pomocy innych os\u00f3b, a rodzina, a tak\u017ce wsp\u00f3lnie niezamieszkuj\u0105cy ma\u0142\u017conek, wst\u0119pni, zst\u0119pni, nie mog\u0105 takiej pomocy zapewni\u0107.<\/p>\n<p><span style=\"color: #002c5b;\"><strong>Wymagane dokumenty:<\/strong><\/span><\/p>\n<ol>\n<li>ustny lub pisemny wniosek o przyznanie us\u0142ug opieku\u0144czych,<\/li>\n<li>decyzja w\u0142a\u015bciwego organu w sprawie renty lub emerytury,<\/li>\n<li>orygina\u0142 za\u015bwiadczenia lekarskiego o stanie zdrowia uzasadniaj\u0105cego konieczno\u015b\u0107 pomocy w formie us\u0142ug opieku\u0144czych o charakterze piel\u0119gnacyjnym,<\/li>\n<li>orzeczenie o stopniu niepe\u0142nosprawno\u015bci,<\/li>\n<\/ol>\n<p><span style=\"color: #002c5b;\"><strong>Opiekunki zapewniaj\u0105 us\u0142ugi opieku\u0144cze dla os\u00f3b tego potrzebuj\u0105cych w zakresie:<\/strong><\/span><\/p>\n<p><span style=\"color: #002c5b;\"><strong>Pomoc w zaspokajaniu codziennych potrzeb \u017cyciowych <\/strong><\/span>w zale\u017cno\u015bci od stanu zdrowia i sytuacji rodzinnej obejmuje:<\/p>\n<ol>\n<li>dokonywanie zakup\u00f3w art. spo\u017cywczych i innych niezb\u0119dnych do codziennej egzystencji podopiecznego<\/li>\n<li>pomoc w przygotowaniu posi\u0142ku wy\u0142\u0105cznie dla podopiecznego lub dostarczenie posi\u0142ku gotowego do domu<\/li>\n<li>palenie w piecu, przynoszenie w\u0119gla, drewna, wody, wynoszenie nieczysto\u015bci<\/li>\n<li>zwracanie uwagi na stan techniczny posiadanego przez podopiecznego sprz\u0119tu wyposa\u017cenie itp. i w uzgodnieniu z podopiecznym zalecanie jego konserwacji i napraw,<\/li>\n<li>dostarczanie prasy, ksi\u0105\u017cek<\/li>\n<li>za\u0142atwianie innych spraw na \u017cyczenie podopiecznego lub polecenie Organizatora Us\u0142ug Spo\u0142ecznych, Dyrektora CUS w Stawiskach np. op\u0142acanie \u015bwiadcze\u0144 za czynsz, gaz, \u015bwiat\u0142o, telefon, RTV i innych.<\/li>\n<\/ol>\n<p><span style=\"color: #002c5b;\"><strong>Pomoc w zakresie podstawowej opieki higienicznej<\/strong><\/span> w zale\u017cno\u015bci od stanu zdrowia i sytuacji rodzinnej obejmuje:<\/p>\n<ol>\n<li>dokonywanie bie\u017c\u0105cych porz\u0105dk\u00f3w w u\u017cywanej przez podopiecznego cz\u0119\u015bci mieszkania,<\/li>\n<li>utrzymywanie w czysto\u015bci sprz\u0119tu sanitarnego i urz\u0105dze\u0144 sanitarnych<\/li>\n<li>pranie bielizny osobistej oraz lekkiej odzie\u017cy wierzchniej<\/li>\n<li>dbanie o czysto\u015b\u0107 bielizny po\u015bcielowej &#8211; ewentualnie odnoszenie jej do punkt\u00f3w pralniczych.<\/li>\n<\/ol>\n<p><span style=\"color: #002c5b;\"><strong>Pomoc w zakresie zleconej przez lekarza piel\u0119gnacji oraz podtrzymywania kontakt\u00f3w z otoczeniem<\/strong><\/span> w zale\u017cno\u015bci od stanu zdrowia i sytuacji rodzinnej obejmuje:<\/p>\n<ol>\n<li>prze\u015bcielenie \u0142\u00f3\u017cka,<\/li>\n<li>zmiana bielizny osobistej i po\u015bcielowej<\/li>\n<li>pomoc przy myciu, k\u0105pieli, czesaniu, ubieraniu<\/li>\n<li>uk\u0142adanie chorego w \u0142\u00f3\u017cku i pomoc przy zmianie pozycji<\/li>\n<li>pomoc przy za\u0142atwianiu potrzeb fizjologicznych<\/li>\n<li>zamawianie wizyt lekarskich, realizacja recept<\/li>\n<li>karmienie chorego o ile stan zdrowia wymaga tej czynno\u015bci<\/li>\n<li>zach\u0119canie do wykonywania prac r\u0119cznych, spacer\u00f3w<\/li>\n<li>wskazywanie rodzinie, s\u0105siadom uwag, spostrze\u017ce\u0144 dotycz\u0105cych podopiecznego w zakresie ca\u0142okszta\u0142tu sprawowanej opieki pobudzaj\u0105cych zainteresowanie otoczenia sprawami codziennego \u017cycia podopiecznego.<\/li>\n<\/ol>\n<p>Potrzeby os\u00f3b chorych w zakresie piel\u0119gnacji medycznej (masa\u017c, podawanie zastrzyk\u00f3w, lekarstw, piel\u0119gnacja odle\u017cyn) nie nale\u017cy do obowi\u0105zk\u00f3w opiekunek .<\/p>\n<p>Osoby korzystaj\u0105ce z us\u0142ug opieku\u0144czych lub specjalistycznych us\u0142ug opieku\u0144czych ponosz\u0105 op\u0142at\u0119 w zale\u017cno\u015bci od posiadanego dochodu osoby samotnie gospodaruj\u0105cej lub dochodu osoby w rodzinie.<\/p>\n<p>Osob\u0119 wnosz\u0105c\u0105 op\u0142at\u0119 za us\u0142ugi opieku\u0144cze lub specjalistyczne us\u0142ugi opieku\u0144cze mo\u017cna zwolni\u0107 cz\u0119\u015bciowo lub ca\u0142kowicie z obowi\u0105zku ponoszenia odp\u0142atno\u015bci, je\u017celi:<\/p>\n<ol>\n<li>ponosi wysokie koszty zwi\u0105zane z leczeniem, rehabilitacj\u0105, diet\u0105,<\/li>\n<li>ponios\u0142a straty w wyniku zdarzenia losowego,<\/li>\n<li>ponosi op\u0142aty za pobyt cz\u0142onka rodziny w domu pomocy spo\u0142ecznej, o\u015brodku wsparcia lub innej plac\u00f3wce,<\/li>\n<li>konieczno\u015b\u0107 zabezpieczenia \u015bwiadczeniobiorcy w formie us\u0142ug opieku\u0144czych<br \/>\ni specjalistycznych us\u0142ug opieku\u0144czych w wysokim wymiarze powoduje, i\u017c odp\u0142atno\u015b\u0107 za te us\u0142ugi zagra\u017ca egzystencji \u015bwiadczeniobiorcy samotnie gospodaruj\u0105cego lub \u015bwiadczeniobiorcy w rodzinie.<\/li>\n<\/ol>\n<p>Op\u0142ata za \u015bwiadczone us\u0142ugi opieku\u0144cze lub specjalistyczne us\u0142ugi opieku\u0144cze wnoszona jest przez zobowi\u0105zanego na rachunek bankowy Centrum Us\u0142ug Spo\u0142ecznych w Stawiskach do 15-go dnia ka\u017cdego miesi\u0105ca nast\u0119puj\u0105cego po miesi\u0105cu, w kt\u00f3rym realizowane by\u0142y us\u0142ugi.<\/p>\n","protected":false},"excerpt":{"rendered":"<p>US\u0141UGI OPIEKU\u0143CZE Us\u0142ugi opieku\u0144cze, w tym specjalistyczne s\u0105 organizowane i \u015bwiadczone przez gmin\u0119 jako zadanie w\u0142asne z zakresu pomocy spo\u0142ecznej o charakterze obowi\u0105zkowym. Realizacja us\u0142ug&hellip;<\/p>\n","protected":false},"author":1,"featured_media":0,"parent":0,"menu_order":0,"comment_status":"closed","ping_status":"closed","template":"","meta":{"ngg_post_thumbnail":0,"footnotes":""},"class_list":["post-1265","page","type-page","status-publish","hentry"],"_links":{"self":[{"href":"https:\/\/cusstawiski.pl\/index.php?rest_route=\/wp\/v2\/pages\/1265","targetHints":{"allow":["GET"]}}],"collection":[{"href":"https:\/\/cusstawiski.pl\/index.php?rest_route=\/wp\/v2\/pages"}],"about":[{"href":"https:\/\/cusstawiski.pl\/index.php?rest_route=\/wp\/v2\/types\/page"}],"author":[{"embeddable":true,"href":"https:\/\/cusstawiski.pl\/index.php?rest_route=\/wp\/v2\/users\/1"}],"replies":[{"embeddable":true,"href":"https:\/\/cusstawiski.pl\/index.php?rest_route=%2Fwp%2Fv2%2Fcomments&post=1265"}],"version-history":[{"count":5,"href":"https:\/\/cusstawiski.pl\/index.php?rest_route=\/wp\/v2\/pages\/1265\/revisions"}],"predecessor-version":[{"id":1304,"href":"https:\/\/cusstawiski.pl\/index.php?rest_route=\/wp\/v2\/pages\/1265\/revisions\/1304"}],"wp:attachment":[{"href":"https:\/\/cusstawiski.pl\/index.php?rest_route=%2Fwp%2Fv2%2Fmedia&parent=1265"}],"curies":[{"name":"wp","href":"https:\/\/api.w.org\/{rel}","templated":true}]}}