{"id":1523,"date":"2021-12-06T09:49:54","date_gmt":"2021-12-06T08:49:54","guid":{"rendered":"https:\/\/cusstawiski.pl\/?page_id=1523"},"modified":"2026-01-28T16:00:32","modified_gmt":"2026-01-28T15:00:32","slug":"informator","status":"publish","type":"page","link":"https:\/\/cusstawiski.pl\/?page_id=1523","title":{"rendered":"Informator"},"content":{"rendered":"<h1 style=\"text-align: center;\"><strong>&nbsp;INFORMATOR<\/strong><\/h1>\n<p><span style=\"color: #002c5b;\"><strong>INSTYTUCJE POMOCY (Alkoholizm)<\/strong><\/span><em>:<\/em><\/p>\n<ol>\n<li><span style=\"color: #002c5b;\"><a style=\"color: #002c5b;\" href=\"http:\/\/www.jutrzenka.lomza.pl\/\">Grupa AA &#8222;Jutrzenka&#8221;<\/a><\/span>. Mityngi w ka\u017cdy pi\u0105tek o godzinie 18:15, \u0141om\u017ca, ul. Dworna 13.<\/li>\n<li><span style=\"color: #002c5b;\"><a style=\"color: #002c5b;\" href=\"http:\/\/lomza.kapucyni.eu\/parafia\/grupy-duszpasterskie\/grupa-anonimowych-alkoholikow-aa-omega\/\">Grupa AA &#8222;Omega&#8221;<\/a><\/span>. ul. Krzywe Ko\u0142o 3 (Klasztor Ojc\u00f3w Kapucyn\u00f3w). Mityngi w ka\u017cdy wtorek i czwartek o godz. 18:15. Msza \u015bwi\u0119ta w intencji trze\u017awo\u015bci w ka\u017cdy ostatni czwartek miesi\u0105ca o godzinie 18:00.<\/li>\n<li><span style=\"color: #002c5b;\"><a style=\"color: #002c5b;\" href=\"https:\/\/spis.aa.org.pl\/index.php\/meetings\/jantar-2\/\">Grupa AA &#8222;Jantar&#8221;<\/a><\/span>. ul. Kard. Wyszy\u0144skiego 11 (Ko\u015bci\u00f3\u0142 pw. Mi\u0142osierdzia Bo\u017cego). Mityngi w ka\u017cdy pi\u0105tek o godz. 19:00-20:30.<\/li>\n<li>Grupa AA &#8222;Feniks&#8221; ul. Krzywe Ko\u0142o 3 (Klasztor Ojc\u00f3w Kapucyn\u00f3w). Mityngi w ka\u017cd\u0105 sobot\u0119 o godz.18:00.<\/li>\n<li><span style=\"color: #002c5b;\"><a style=\"color: #002c5b;\" href=\"http:\/\/pomocnadlon.5v.pl\/\">Grupa AA &#8222;Pomocna d\u0142o\u0144&#8221;<\/a><\/span>. ul. W\u0105ska 93 (Dom parafialny przy ko\u015bciele pw. \u015bw. Andrzeja Boboli). Mityngi w ka\u017cd\u0105 \u015brod\u0119 o godz. 18:00.<\/li>\n<li><span style=\"color: #002c5b;\"><a style=\"color: #002c5b;\" href=\"http:\/\/www.wopitu.pl\">Wojew\u00f3dzki O\u015brodek Profilaktyki i Terapii Uzale\u017cnie\u0144 w \u0141om\u017cy<\/a><\/span>. ul. Marii Sk\u0142odowskiej-Curie 1, telefon\/rejestracja: 86 216 67 03, Sekretariat tel.: 86 216 28 20 (czynny w godz. 08.00 \u2013 15.00),<\/li>\n<\/ol>\n<ul>\n<li>Poradnia Leczenia Uzale\u017cnie\u0144 i Wsp\u00f3\u0142uzale\u017cnienia w \u0141om\u017cy, tel.: 86 216 67&nbsp; 03&nbsp; (rejestracja czynna od poniedzia\u0142ku do pi\u0105tku, w godz. 08.00 \u2013 20.00).<\/li>\n<\/ul>\n<ol start=\"7\">\n<li><span style=\"color: #002c5b;\"><a style=\"color: #002c5b;\" href=\"http:\/\/www.wopitu.pl\/index.php\/oferta-wopitu\/poradnia-uzaleznien-i-wspoluzaleznienia-w-zambrowie\">Poradnia Uzale\u017cnie\u0144 i Wsp\u00f3\u0142uzale\u017cnienia w Zambrowie<\/a><\/span>. ul. Wojska Polskiego 49, tel.: 602 386 660 lub 86 475 08 87 (czynne w poniedzia\u0142ek 13:00-20:00, wtorek: 09:00-17:00, czwartek: 13:00-20:00),<\/li>\n<\/ol>\n<ul>\n<li>Porady w problemach uzale\u017cnie\u0144 behawioralnych i hazardu, tel.: 575 663 830, e-mail: hazard@wopitu.ple, sekretariat@wopitu.pl.<\/li>\n<\/ul>\n<ol start=\"8\">\n<li>Gminna Komisja Rozwi\u0105zywania Problem\u00f3w Alkoholowych przy Centrum Us\u0142ug Spo\u0142ecznych w Stawiskach ul. Polowa 26, tel.: 86 273 81 70.<\/li>\n<li><span style=\"color: #002c5b;\"><a style=\"color: #002c5b;\" href=\"https:\/\/osrodektrzezwosc.pl\/\">O\u015brodek Terapii Uzale\u017cnie\u0144 &#8222;Trze\u017awo\u015b\u0107&#8221;<\/a><\/span>, Stara \u0141om\u017ca n\/rzek\u0105 90, 18-400 \u0141om\u017ca, tel.: 503 159 004, czynne ca\u0142\u0105 dob\u0119.<\/li>\n<li><span style=\"color: #002c5b;\"><a style=\"color: #002c5b;\" href=\"https:\/\/placowki.mp.pl\/unit\/index.html?id=797011\">Niepubliczny Zak\u0142ad Opieki Zdrowotnej Neofita Centrum Leczenia Uzale\u017cnie\u0144<\/a><\/span>, ul. Sybirak\u00f3w 20\/3A, tel.: 602 708 770, e- mail: aniam555@o2.pl.<\/li>\n<\/ol>\n<h4><span style=\"color: #002c5b;\">Literatura:<\/span><\/h4>\n<ul>\n<li>Harold S. Kushner &#8211; &#8222;Kiedy z\u0142e rzeczy przydarzaj\u0105 si\u0119 dobrym ludziom&#8221;;<\/li>\n<li>Tomasz A Morris &#8211; &#8222;F10.2&#8221;;<\/li>\n<li>Caroline Knapp &#8211; &#8222;Picie: Opowie\u015b\u0107 o mi\u0142o\u015bci&#8221;;<\/li>\n<li>Bo\u017cena Snella-Mrozik &#8211; &#8222;Piek\u0142o nie ma dna&#8221;;<\/li>\n<li>John M. Kelley &#8211; &#8222;Wychodzenie z mg\u0142y. Poradnik na pierwsze 90 dni trze\u017awienia&#8221;;<\/li>\n<li>Bohdan T. Woronowicz:\n<ul>\n<li>&#8222;Alkoholizm jest chorob\u0105&#8221;,<\/li>\n<li>&#8222;Bez tajemnic o uzale\u017cnieniach i ich leczeniu&#8221;;<\/li>\n<\/ul>\n<\/li>\n<li>Ewa Woydy\u0142\u0142o:\n<ul>\n<li>&#8222;Zgoda na siebie. Wyk\u0142ady psychologa na oddziale odwykowym&#8221;,<\/li>\n<li>&#8222;Sekrety kobiet&#8221;,<\/li>\n<li>&#8222;Wyzdrowie\u0107 z uzale\u017cnienia&#8221;,<\/li>\n<li>&#8222;Pocz\u0105tek drogi. Wyk\u0142ady psychologa na Oddziale Odwykowym&#8221;,<\/li>\n<li>&#8222;Podnie\u015b g\u0142ow\u0119&#8221;,<\/li>\n<li>&#8222;Wybieram wolno\u015b\u0107, czyli rzecz o wyzwalaniu si\u0119 z uzale\u017cnie\u0144&#8221;;<\/li>\n<\/ul>\n<\/li>\n<li>Rowan Marina &#8211; &#8222;Mam na imi\u0119 Marina i jestem alkoholiczk\u0105&#8221;;<\/li>\n<li>Wiktor Osiaty\u0144ski:\n<ul>\n<li>&#8222;Alkoholizm, grzech czy choroba&#8221;,<\/li>\n<li>&#8222;Alkoholizm &#8211; i grzech i choroba&#8221;,<\/li>\n<li>&#8222;REHAB&#8221;.<\/li>\n<\/ul>\n<\/li>\n<\/ul>\n<h4><span style=\"color: #002c5b;\">Filmoteka:<\/span><\/h4>\n<ol>\n<li>&#8222;\u017b\u00f3\u0142ty szalik&#8221;;<\/li>\n<li>&#8222;Zranione dusze&#8221;;<\/li>\n<li>&#8222;Tylko strach&#8221;;<\/li>\n<li>&#8222;Ja alkoholik&#8221;;<\/li>\n<li>&#8222;Lot&#8221;;<\/li>\n<li>&#8222;Wszyscy jeste\u015bmy Chrystusami&#8221;;<\/li>\n<li>&#8222;Gdy mi\u0142o\u015b\u0107 to za ma\u0142o&#8221;;<\/li>\n<li>&#8222;28 dni&#8221;;<\/li>\n<li>&#8222;Skazany na bluesa&#8221;;<\/li>\n<li>&#8222;Bo\u017ce cia\u0142o&#8221;.<\/li>\n<\/ol>\n<h3><span style=\"color: #002c5b;\"><strong>INSTYTUCJE POMOCY:<\/strong><\/span><\/h3>\n<ol>\n<li>Centrum Us\u0142ug Spo\u0142ecznych w Stawiskach, ul. Polowa 26, tel.: 86 273 81 70;<\/li>\n<li>Komenda Powiatowa Policji w Kolnie, ul. Wojska Polskiego 29, tel.: 47 71 822 11,<\/li>\n<li>Posterunek Policji w Stawiskach, ul. Polowa 21, tel.: 47 71 822 31;<\/li>\n<li>Prokuratura Rejonowa w Kolnie, ul. Wojska Polskiego 36, tel.: 48 86 278 18 15, e-mail: biuro.podawcze.prkln@prokuratura.gov.pl;<\/li>\n<li>S\u0105d Rejonowy w Kolnie ul. Wojska Polskiego 32, tel.: 86 278 39 70;<\/li>\n<li>Zesp\u00f3\u0142 Interdyscyplinarny na rzecz Przeciwdzia\u0142ania Przemocy w Rodzinie w gminie Stawiski przy Centrum Us\u0142ug Spo\u0142ecznych w Stawiskach, ul. Polowa 26, tel.: 86 273 81 70;<\/li>\n<li>Plac\u00f3wka Opieku\u0144czo \u2013 Wychowawcza w \u0141om\u017cy, ul. Rybaki 14, tel.: 86 215 03 11;<\/li>\n<li>Gminna Komisja Rozwi\u0105zywania Problem\u00f3w Alkoholowych i Przeciwdzia\u0142ania Narkomanii w Stawiskach przy Centrum Us\u0142ug Spo\u0142ecznych w Stawiskach ul. Polowa 26 tel.: 86 273 81 70;<\/li>\n<li>Powiatowe Centrum Pomocy Rodzinie w Kolnie, ul. Wojska Polskiego 69 tel.: 86 278 12 99, email: pcpr@powiatkolno.pl;<\/li>\n<li>Specjalistyczny O\u015brodek Wsparcia dla Ofiar Przemocy w Rodzinie, ul. Wojska Polskiego 69, 18-500 Kolno, tel.: 86 278 12 99,<\/li>\n<li>Lokalny Punk Pomocy Pokrzywdzonym Przest\u0119pstwem w Kolnie mieszcz\u0105cy si\u0119 w budynku Gminnego O\u015brodka Pomocy Spo\u0142ecznej w Kolnie, ul. Sienkiewicza 5. Punkt czynny jest ca\u0142y rok poniedzia\u0142ek \u2013 czwartek w godz. 15:30-16:30. Pomoc udzielana jest po wcze\u015bniejszym um\u00f3wieniu wizyty, tel.: 518 595 708, e-mail: pokrzywdzeni.kolno@pryzmat.org.pl;<\/li>\n<li>Poradnia psychologiczno \u2013 pedagogiczna w Kolnie, ul.11 Listopada 1, tel.: 86 278 21 81;<\/li>\n<li>Niepubliczny Zak\u0142ad Opieki Zdrowotnej Salus Stawiski, ul. \u0141om\u017cy\u0144ska 8, tel.: 86 278 50 09;<\/li>\n<li>Szpital Wojew\u00f3dzki w \u0141om\u017cy ul. Al. Pi\u0142sudskiego 11, tel.: 86 216 67 03;<\/li>\n<li>Szpital Og\u00f3lny w Kolnie ul. Wojska Polskiego 69, tel.: 86 278 23 50;<\/li>\n<li>Powiatowy Zesp\u00f3\u0142 do Spraw Orzekania o Niepe\u0142nosprawno\u015bci w Kolnie, ul. 11 Listopada 1, pok. 102 (parter), tel.: 86 278 47 03, e-mail: pzon@powiatkolno.home.pl, poniedzia\u0142ek \u2013 pi\u0105tek: 07:30-15:30;<\/li>\n<li>Plac\u00f3wki O\u015bwiatowe:<br \/>\n&#8211; Szko\u0142a Podstawowa im. Tadeusza Ko\u015bciuszki w Stawiskach, ul. Polowa 12, tel.: 86 278 56 09;<br \/>\n&#8211; Szko\u0142a Podstawowa w Porytem tel.: 86 278 86 82;<\/li>\n<li>Caritas Diecezji \u0141om\u017cy\u0144skiej, ul. Rybaki 1, tel.: 86 216 29 92;<\/li>\n<li>Centrum Pieczy Zast\u0119pczej w \u0141om\u017cy, ul. M. Sk\u0142odowskiej-Curie 5, tel.: 86 216 56 21.<\/li>\n<\/ol>\n","protected":false},"excerpt":{"rendered":"<p>&nbsp;INFORMATOR INSTYTUCJE POMOCY (Alkoholizm): Grupa AA &#8222;Jutrzenka&#8221;. Mityngi w ka\u017cdy pi\u0105tek o godzinie 18:15, \u0141om\u017ca, ul. Dworna 13. Grupa AA &#8222;Omega&#8221;. ul. Krzywe Ko\u0142o 3&hellip;<\/p>\n","protected":false},"author":1,"featured_media":0,"parent":0,"menu_order":0,"comment_status":"closed","ping_status":"closed","template":"","meta":{"ngg_post_thumbnail":0,"footnotes":""},"class_list":["post-1523","page","type-page","status-publish","hentry"],"_links":{"self":[{"href":"https:\/\/cusstawiski.pl\/index.php?rest_route=\/wp\/v2\/pages\/1523","targetHints":{"allow":["GET"]}}],"collection":[{"href":"https:\/\/cusstawiski.pl\/index.php?rest_route=\/wp\/v2\/pages"}],"about":[{"href":"https:\/\/cusstawiski.pl\/index.php?rest_route=\/wp\/v2\/types\/page"}],"author":[{"embeddable":true,"href":"https:\/\/cusstawiski.pl\/index.php?rest_route=\/wp\/v2\/users\/1"}],"replies":[{"embeddable":true,"href":"https:\/\/cusstawiski.pl\/index.php?rest_route=%2Fwp%2Fv2%2Fcomments&post=1523"}],"version-history":[{"count":22,"href":"https:\/\/cusstawiski.pl\/index.php?rest_route=\/wp\/v2\/pages\/1523\/revisions"}],"predecessor-version":[{"id":3393,"href":"https:\/\/cusstawiski.pl\/index.php?rest_route=\/wp\/v2\/pages\/1523\/revisions\/3393"}],"wp:attachment":[{"href":"https:\/\/cusstawiski.pl\/index.php?rest_route=%2Fwp%2Fv2%2Fmedia&parent=1523"}],"curies":[{"name":"wp","href":"https:\/\/api.w.org\/{rel}","templated":true}]}}