{"id":1546,"date":"2021-12-06T15:39:44","date_gmt":"2021-12-06T14:39:44","guid":{"rendered":"https:\/\/cusstawiski.pl\/?page_id=1546"},"modified":"2021-12-06T15:50:06","modified_gmt":"2021-12-06T14:50:06","slug":"program-uslug-spolecznych-w-gminie-stawiski","status":"publish","type":"page","link":"https:\/\/cusstawiski.pl\/?page_id=1546","title":{"rendered":"Program Us\u0142ug Spo\u0142ecznych w Gminie Stawiski"},"content":{"rendered":"<h1 style=\"text-align: center;\"><strong>PROGRAM US\u0141UG SPO\u0141ECZNYCH<\/strong><br \/>\n<strong>W GMINIE STAWISKI<\/strong><\/h1>\n<p>Program Us\u0142ug Spo\u0142ecznych w Gminie Stawiski znajduje si\u0119 w <a href=\"https:\/\/cusstawiski.pl\/wp-content\/plugins\/download-attachments\/includes\/download.php?id=1547\">za\u0142\u0105czeniu<\/a>.<\/p>\n","protected":false},"excerpt":{"rendered":"<p>PROGRAM US\u0141UG SPO\u0141ECZNYCH W GMINIE STAWISKI Program Us\u0142ug Spo\u0142ecznych w Gminie Stawiski znajduje si\u0119 w za\u0142\u0105czeniu.<\/p>\n","protected":false},"author":1,"featured_media":0,"parent":0,"menu_order":0,"comment_status":"closed","ping_status":"closed","template":"","meta":{"ngg_post_thumbnail":0,"footnotes":""},"class_list":["post-1546","page","type-page","status-publish","hentry"],"_links":{"self":[{"href":"https:\/\/cusstawiski.pl\/index.php?rest_route=\/wp\/v2\/pages\/1546","targetHints":{"allow":["GET"]}}],"collection":[{"href":"https:\/\/cusstawiski.pl\/index.php?rest_route=\/wp\/v2\/pages"}],"about":[{"href":"https:\/\/cusstawiski.pl\/index.php?rest_route=\/wp\/v2\/types\/page"}],"author":[{"embeddable":true,"href":"https:\/\/cusstawiski.pl\/index.php?rest_route=\/wp\/v2\/users\/1"}],"replies":[{"embeddable":true,"href":"https:\/\/cusstawiski.pl\/index.php?rest_route=%2Fwp%2Fv2%2Fcomments&post=1546"}],"version-history":[{"count":4,"href":"https:\/\/cusstawiski.pl\/index.php?rest_route=\/wp\/v2\/pages\/1546\/revisions"}],"predecessor-version":[{"id":1551,"href":"https:\/\/cusstawiski.pl\/index.php?rest_route=\/wp\/v2\/pages\/1546\/revisions\/1551"}],"wp:attachment":[{"href":"https:\/\/cusstawiski.pl\/index.php?rest_route=%2Fwp%2Fv2%2Fmedia&parent=1546"}],"curies":[{"name":"wp","href":"https:\/\/api.w.org\/{rel}","templated":true}]}}