{"id":1712,"date":"2022-01-14T13:56:21","date_gmt":"2022-01-14T12:56:21","guid":{"rendered":"https:\/\/cusstawiski.pl\/?page_id=1712"},"modified":"2022-01-14T14:15:08","modified_gmt":"2022-01-14T13:15:08","slug":"organizator-pomocy-spolecznej","status":"publish","type":"page","link":"https:\/\/cusstawiski.pl\/?page_id=1712","title":{"rendered":"Organizator pomocy spo\u0142ecznej"},"content":{"rendered":"<h1 style=\"text-align: center;\"><span style=\"color: #002c5b;\"><strong>ORGANIZATOR POMOCY SPO\u0141ECZNEJ<\/strong><\/span><\/h1>\n<p>Pomoc spo\u0142eczna realizowana przez\u00a0<em>Centrum Us\u0142ug Spo\u0142ecznych w Stawiskach,\u00a0<\/em>umo\u017cliwia przezwyci\u0119\u017canie trudnych sytuacji \u017cyciowych tym, kt\u00f3rzy nie s\u0105 w stanie sami ich pokona\u0107, wykorzystuj\u0105c w\u0142asne uprawnienia, zasoby i mo\u017cliwo\u015bci. Pomoc spo\u0142eczna wspiera ich w wysi\u0142kach zmierzaj\u0105cych do zaspokojenia niezb\u0119dnych potrzeb i umo\u017cliwia im \u017cycie w warunkach odpowiadaj\u0105cych godno\u015bci cz\u0142owieka. Zadaniem pomocy spo\u0142ecznej jest tak\u017ce zapobieganie trudnym sytuacjom \u017cyciowym przez podejmowanie dzia\u0142a\u0144 zmierzaj\u0105cych do usamodzielnienia os\u00f3b i rodzin oraz ich integracji ze \u015brodowiskiem.<\/p>\n<h2><span style=\"color: #002c5b;\"><strong>Pomoc spo\u0142eczna polega w szczeg\u00f3lno\u015bci na:\u00a0<\/strong><\/span><\/h2>\n<ul>\n<li>przyznawaniu i wyp\u0142acaniu \u015bwiadcze\u0144,<\/li>\n<li>pracy socjalnej,<\/li>\n<li>prowadzeniu i rozwoju niezb\u0119dnej infrastruktury socjalnej,<\/li>\n<li>analizie i ocenie zjawisk rodz\u0105cych zapotrzebowanie na \u015bwiadczenia z pomocy spo\u0142ecznej,<\/li>\n<li>realizacji zada\u0144 wynikaj\u0105cych z rozeznanych potrzeb spo\u0142ecznych,<\/li>\n<li>rozwijaniu nowych form pomocy spo\u0142ecznej i samopomocy w ramach zidentyfikowanych potrzeb.<\/li>\n<\/ul>\n<p>Pomoc spo\u0142eczn\u0105 organizuj\u0105 organy administracji rz\u0105dowej (minister w\u0142a\u015bciwy do spraw zabezpieczenia spo\u0142ecznego, wojewodowie) i samorz\u0105dowej (marsza\u0142kowie wojew\u00f3dztw, starostowie na poziomie powiat\u00f3w oraz w\u00f3jtowie, burmistrzowie (prezydenci miast) na poziomie gmin. Realizuj\u0105c zadania pomocy spo\u0142ecznej wsp\u00f3\u0142pracuj\u0105 oni, na zasadzie partnerstwa, z organizacjami spo\u0142ecznymi i pozarz\u0105dowymi, Ko\u015bcio\u0142em Katolickim, innymi ko\u015bcio\u0142ami, zwi\u0105zkami wyznaniowymi oraz osobami fizycznymi i prawnymi.<\/p>\n<p style=\"text-align: center;\"><span style=\"color: #002c5b;\"><strong>Kontakt z Organizatorem Pomocy Spo\u0142ecznej:<br \/>\n<\/strong><strong>Pani\u00a0<em>Izabela \u0141oszewska<\/em>\u00a0\u2013 CUS Stawiski, ul Polowa 26<br \/>\n<\/strong><strong>Tel. 86 273 81 73, \u00a0e-mail: i.loszewska@stawiski.pl<\/strong><\/span><\/p>\n","protected":false},"excerpt":{"rendered":"<p>ORGANIZATOR POMOCY SPO\u0141ECZNEJ Pomoc spo\u0142eczna realizowana przez\u00a0Centrum Us\u0142ug Spo\u0142ecznych w Stawiskach,\u00a0umo\u017cliwia przezwyci\u0119\u017canie trudnych sytuacji \u017cyciowych tym, kt\u00f3rzy nie s\u0105 w stanie sami ich pokona\u0107, wykorzystuj\u0105c&hellip;<\/p>\n","protected":false},"author":1,"featured_media":0,"parent":0,"menu_order":0,"comment_status":"closed","ping_status":"closed","template":"","meta":{"ngg_post_thumbnail":0,"footnotes":""},"class_list":["post-1712","page","type-page","status-publish","hentry"],"_links":{"self":[{"href":"https:\/\/cusstawiski.pl\/index.php?rest_route=\/wp\/v2\/pages\/1712","targetHints":{"allow":["GET"]}}],"collection":[{"href":"https:\/\/cusstawiski.pl\/index.php?rest_route=\/wp\/v2\/pages"}],"about":[{"href":"https:\/\/cusstawiski.pl\/index.php?rest_route=\/wp\/v2\/types\/page"}],"author":[{"embeddable":true,"href":"https:\/\/cusstawiski.pl\/index.php?rest_route=\/wp\/v2\/users\/1"}],"replies":[{"embeddable":true,"href":"https:\/\/cusstawiski.pl\/index.php?rest_route=%2Fwp%2Fv2%2Fcomments&post=1712"}],"version-history":[{"count":5,"href":"https:\/\/cusstawiski.pl\/index.php?rest_route=\/wp\/v2\/pages\/1712\/revisions"}],"predecessor-version":[{"id":1724,"href":"https:\/\/cusstawiski.pl\/index.php?rest_route=\/wp\/v2\/pages\/1712\/revisions\/1724"}],"wp:attachment":[{"href":"https:\/\/cusstawiski.pl\/index.php?rest_route=%2Fwp%2Fv2%2Fmedia&parent=1712"}],"curies":[{"name":"wp","href":"https:\/\/api.w.org\/{rel}","templated":true}]}}