{"id":1766,"date":"2022-01-18T22:22:13","date_gmt":"2022-01-18T21:22:13","guid":{"rendered":"https:\/\/cusstawiski.pl\/?page_id=1766"},"modified":"2022-01-19T00:18:37","modified_gmt":"2022-01-18T23:18:37","slug":"dodatek-energetyczny","status":"publish","type":"page","link":"https:\/\/cusstawiski.pl\/?page_id=1766","title":{"rendered":"Dodatek Energetyczny"},"content":{"rendered":"<h1 style=\"text-align: center;\"><strong>DODATEK ENERGETYCZNY<\/strong><\/h1>\n<p>Od 1 stycznia 2014 r. istnieje mo\u017cliwo\u015b\u0107 otrzymania przez tzw. odbiorc\u0119 wra\u017cliwego energii elektrycznej &#8211; dodatku energetycznego. <span style=\"color: #002c5b;\"><strong>Odbiorc\u0105 wra\u017cliwym energii elektrycznej<\/strong><\/span>\u00a0jest osoba, kt\u00f3rej przyznano dodatek mieszkaniowy w rozumieniu przepis\u00f3w ustawy o dodatkach mieszkaniowych.<\/p>\n<p>Dodatek energetyczny przyznaje w\u00f3jt, burmistrz lub prezydent miasta, w drodze decyzji, na wniosek odbiorcy wra\u017cliwego energii elektrycznej. Do wniosku nale\u017cy do\u0142\u0105czy\u0107 kopi\u0119 umowy kompleksowej lub umowy sprzeda\u017cy energii elektrycznej. Wyp\u0142acony w 2014 r. dodatek energetyczny jest zwolniony z opodatkowania.<\/p>\n<p>Wysoko\u015b\u0107 dodatku energetycznego od dnia 1 maja 2021 r. do 30.04.2022 r. dla gospodarstwa domowego:<\/p>\n<ul>\n<li>prowadzonego przez osob\u0119 samotn\u0105 wynosi &#8211; <strong><span style=\"color: #002c5b;\">12,09 z\u0142\/miesi\u0105c<\/span>,<\/strong><\/li>\n<li>sk\u0142adaj\u0105cego si\u0119 z 2 do 4 os\u00f3b wynosi &#8211; <strong><span style=\"color: #002c5b;\">16,79 z\u0142\/miesi\u0105c<\/span>,<\/strong><\/li>\n<li>sk\u0142adaj\u0105cego si\u0119 z co najmniej 5 os\u00f3b wynosi &#8211; <strong><span style=\"color: #002c5b;\">20,15 z\u0142\/miesi\u0105c<\/span>.<\/strong><\/li>\n<\/ul>\n","protected":false},"excerpt":{"rendered":"<p>DODATEK ENERGETYCZNY Od 1 stycznia 2014 r. istnieje mo\u017cliwo\u015b\u0107 otrzymania przez tzw. odbiorc\u0119 wra\u017cliwego energii elektrycznej &#8211; dodatku energetycznego. Odbiorc\u0105 wra\u017cliwym energii elektrycznej\u00a0jest osoba, kt\u00f3rej&hellip;<\/p>\n","protected":false},"author":1,"featured_media":0,"parent":0,"menu_order":0,"comment_status":"closed","ping_status":"closed","template":"","meta":{"ngg_post_thumbnail":0,"footnotes":""},"class_list":["post-1766","page","type-page","status-publish","hentry"],"_links":{"self":[{"href":"https:\/\/cusstawiski.pl\/index.php?rest_route=\/wp\/v2\/pages\/1766","targetHints":{"allow":["GET"]}}],"collection":[{"href":"https:\/\/cusstawiski.pl\/index.php?rest_route=\/wp\/v2\/pages"}],"about":[{"href":"https:\/\/cusstawiski.pl\/index.php?rest_route=\/wp\/v2\/types\/page"}],"author":[{"embeddable":true,"href":"https:\/\/cusstawiski.pl\/index.php?rest_route=\/wp\/v2\/users\/1"}],"replies":[{"embeddable":true,"href":"https:\/\/cusstawiski.pl\/index.php?rest_route=%2Fwp%2Fv2%2Fcomments&post=1766"}],"version-history":[{"count":2,"href":"https:\/\/cusstawiski.pl\/index.php?rest_route=\/wp\/v2\/pages\/1766\/revisions"}],"predecessor-version":[{"id":1782,"href":"https:\/\/cusstawiski.pl\/index.php?rest_route=\/wp\/v2\/pages\/1766\/revisions\/1782"}],"wp:attachment":[{"href":"https:\/\/cusstawiski.pl\/index.php?rest_route=%2Fwp%2Fv2%2Fmedia&parent=1766"}],"curies":[{"name":"wp","href":"https:\/\/api.w.org\/{rel}","templated":true}]}}