{"id":177,"date":"2021-09-16T09:36:05","date_gmt":"2021-09-16T07:36:05","guid":{"rendered":"https:\/\/cusstawiski.pl\/?page_id=177"},"modified":"2022-01-14T14:00:36","modified_gmt":"2022-01-14T13:00:36","slug":"o-nas","status":"publish","type":"page","link":"https:\/\/cusstawiski.pl\/?page_id=177","title":{"rendered":"O Instytucji"},"content":{"rendered":"<h1 style=\"text-align: center;\"><strong>O INSTYTUCJI<\/strong><\/h1>\n<p>Zgodnie z\u00a0<a role=\"link\" href=\"https:\/\/www.bip.stawiski.pl\/prawo.php?wiad=1723\">uchwa\u0142\u0105 Nr XXXIII\/185\/21 Rady Miejskiej w Stawiskach z dnia 31 maja 2021 r.<\/a>, z\u00a0dniem 1 lipca\u00a0 2021 r. O\u015brodek Pomocy Spo\u0142ecznej w Stawiskach zosta\u0142 przekszta\u0142cony w\u00a0Centrum Us\u0142ug Spo\u0142ecznych w Stawiskach.\u00a0 Now\u0105 siedzib\u0105 Centrum jest dawny budynek po Gimnazjum przy ul. Polowa 26 w Stawiskach.<\/p>\n<p>Centrum Us\u0142ug Spo\u0142ecznych w Stawiskach to nowa jednostka organizacyjna gminy i nowa instytucja lokalnej polityki spo\u0142ecznej, kt\u00f3ra b\u0119dzie s\u0142u\u017cy\u0107 rozwojowi i integracji us\u0142ug spo\u0142ecznych organizowanych i \u015bwiadczonych na poziomie lokalnym. Oczywi\u015bcie b\u0119dzie nadal organizowa\u0107 pomoc spo\u0142eczn\u0105, ale w jej gestii znajd\u0105 si\u0119 te\u017c dodatkowe zadania. Docelowo Centrum stanowi miejsce, w kt\u00f3rych nast\u0105pi pe\u0142na koordynacja us\u0142ug spo\u0142ecznych w jednym miejscu, z my\u015bl\u0105 o\u00a0wszystkich mieszka\u0144cach naszej gminy.<\/p>\n<p>Centrum Us\u0142ug Spo\u0142ecznych w Stawiskach jest miejscem, w kt\u00f3rym ka\u017cdy mieszkaniec, bez wzgl\u0119du na doch\u00f3d i sytuacj\u0119 spo\u0142eczn\u0105, otrzyma wsparcie w spos\u00f3b zindywidualizowany (us\u0142ugi \u201eszyte na miar\u0119\u201d). Co wa\u017cne b\u0119d\u0105 to kompleksowe us\u0142ugi spo\u0142eczne \u2013 od profilaktyki przez poradnictwo do dzia\u0142a\u0144 naprawczych, dost\u0119pnych powszechnie na poziomie lokalnym.<\/p>\n<p>Ot\u00f3\u017c Centrum Us\u0142ug Spo\u0142ecznych w Stawiskach b\u0119dzie bardziej aktywny w innych, nowych obszarach, takich jak kultura, edukacja, profilaktyka zdrowotna czy rekreacja. Szczeg\u00f3ln\u0105 uwag\u0105 zostan\u0105 obj\u0119te m.in. osoby starsze i niepe\u0142nosprawne, bezrobotni, a tak\u017ce ca\u0142e rodziny, kt\u00f3re wymaga\u0107 b\u0119d\u0105 pomocy lub specjalistycznego wsparcia. Dzi\u0119ki dzia\u0142alno\u015bci Centrum, us\u0142ugi spo\u0142eczne stan\u0105 si\u0119 szerzej dost\u0119pne dla wszystkich mieszka\u0144c\u00f3w naszej gminy, a my b\u0119dziemy w stanie trafniej i w spos\u00f3b bardziej kompleksowy odpowiada\u0107 na rosn\u0105ce i\u00a0 zmieniaj\u0105ce si\u0119 potrzeby os\u00f3b samotnych, rodzin i ca\u0142ych spo\u0142eczno\u015bci lokalnych.<\/p>\n<p>A zatem wsp\u00f3lnie stw\u00f3rzmy miejsce przyjazne dla wszystkich mieszka\u0144c\u00f3w naszej gminy, chocia\u017cby poprzez wsp\u00f3\u0142prac\u0119 i dzielenie si\u0119 z nami uwagami odno\u015bnie Waszych potrzeb. Otwieramy si\u0119 na nowo dla Pa\u0144stwa, maj\u0105c nadziej\u0119 \u017ce Centrum Us\u0142ug Spo\u0142ecznych w\u00a0 Stawiskach wykorzysta potencja\u0142 \u015brodowiska lokalnego oraz b\u0119dzie miejscem jego integracji.<\/p>\n<p style=\"text-align: right;\"><em>Izabela Wasilewska<\/em><br \/>\nDyrektor Centrum Us\u0142ug Spo\u0142ecznych<br \/>\nw Stawiskach<\/p>\n","protected":false},"excerpt":{"rendered":"<p>O INSTYTUCJI Zgodnie z\u00a0uchwa\u0142\u0105 Nr XXXIII\/185\/21 Rady Miejskiej w Stawiskach z dnia 31 maja 2021 r., z\u00a0dniem 1 lipca\u00a0 2021 r. O\u015brodek Pomocy Spo\u0142ecznej w&hellip;<\/p>\n","protected":false},"author":1,"featured_media":521,"parent":0,"menu_order":0,"comment_status":"closed","ping_status":"closed","template":"","meta":{"ngg_post_thumbnail":0,"footnotes":""},"class_list":["post-177","page","type-page","status-publish","has-post-thumbnail","hentry"],"_links":{"self":[{"href":"https:\/\/cusstawiski.pl\/index.php?rest_route=\/wp\/v2\/pages\/177","targetHints":{"allow":["GET"]}}],"collection":[{"href":"https:\/\/cusstawiski.pl\/index.php?rest_route=\/wp\/v2\/pages"}],"about":[{"href":"https:\/\/cusstawiski.pl\/index.php?rest_route=\/wp\/v2\/types\/page"}],"author":[{"embeddable":true,"href":"https:\/\/cusstawiski.pl\/index.php?rest_route=\/wp\/v2\/users\/1"}],"replies":[{"embeddable":true,"href":"https:\/\/cusstawiski.pl\/index.php?rest_route=%2Fwp%2Fv2%2Fcomments&post=177"}],"version-history":[{"count":15,"href":"https:\/\/cusstawiski.pl\/index.php?rest_route=\/wp\/v2\/pages\/177\/revisions"}],"predecessor-version":[{"id":1717,"href":"https:\/\/cusstawiski.pl\/index.php?rest_route=\/wp\/v2\/pages\/177\/revisions\/1717"}],"wp:featuredmedia":[{"embeddable":true,"href":"https:\/\/cusstawiski.pl\/index.php?rest_route=\/wp\/v2\/media\/521"}],"wp:attachment":[{"href":"https:\/\/cusstawiski.pl\/index.php?rest_route=%2Fwp%2Fv2%2Fmedia&parent=177"}],"curies":[{"name":"wp","href":"https:\/\/api.w.org\/{rel}","templated":true}]}}