{"id":179,"date":"2021-09-16T09:36:22","date_gmt":"2021-09-16T07:36:22","guid":{"rendered":"https:\/\/cusstawiski.pl\/?page_id=179"},"modified":"2025-11-27T15:08:56","modified_gmt":"2025-11-27T14:08:56","slug":"kadra","status":"publish","type":"page","link":"https:\/\/cusstawiski.pl\/?page_id=179","title":{"rendered":"Struktura CUS"},"content":{"rendered":"\n<h1 class=\"has-text-align-center wp-block-heading\" style=\"text-align: center;\"><strong>STRUKTURA CUS<\/strong><\/h1>\n\n\n\n<hr>\n\n\n\n<div class=\"wp-block-columns is-layout-flex wp-container-core-columns-is-layout-9d6595d7 wp-block-columns-is-layout-flex\">\n<div class=\"wp-block-column is-layout-flow wp-block-column-is-layout-flow\">\n<center><span style=\"color: #002c5b;\"><b>Dyrektor CUS<br><\/b><strong>Organizator Us\u0142ug Spo\u0142ecznych<\/strong><\/span><br><em>Izabela Wasilewska<\/em> <br>tel.: 86 273 81 71 <br>i.wasilewska@stawiski.pl <br>pok. nr 5<\/center>\n<\/div>\n\n\n\n<div class=\"wp-block-column is-layout-flow wp-block-column-is-layout-flow\">\n<center><span style=\"color: #002c5b;\"><b>Organizator Pomocy Spo\u0142ecznej<\/b><\/span> <br><em>Izabela \u0141oszewska<\/em> <br>tel.: 86 273 81 81 <br>i.loszewska@stawiski.pl <br>pok. nr 2<\/center>\n<\/div>\n\n\n\n<div class=\"wp-block-column is-layout-flow wp-block-column-is-layout-flow\">\n<center><span style=\"color: #002c5b;\"><b>Sekretariat\/Kadry<\/b><\/span><br>cus@stawiski.pl\n<br><em>El\u017cbieta Wysocka<\/em><br>tel.: 86 273 81 70 \n<br>e.wysocka@stawiski.pl\n<br>pok. nr 4<\/center>\n<\/div>\n<\/div>\n\n\n\n<div class=\"wp-block-columns is-layout-flex wp-container-core-columns-is-layout-9d6595d7 wp-block-columns-is-layout-flex\">\n<div class=\"wp-block-column is-layout-flow wp-block-column-is-layout-flow\">\n<center><span style=\"color: #002c5b;\"><strong>Organizator Spo\u0142eczno\u015bci Lokalnej<\/strong><\/span><br><em>Ma\u0142gorzata Mroczkowska<\/em> <br>tel.: 86 273 81 73 <br>m.mroczkowska@stawiski.pl <br>pok. nr 6<\/center>\n<\/div>\n\n\n\n<div class=\"wp-block-column is-layout-flow wp-block-column-is-layout-flow\">\n<center><span style=\"color: #002c5b;\"><b>Starszy Inspektor<\/b><\/span> <br><em>Aneta D\u0119by<\/em> <br>tel.: 86 273 81 74 <br>a.deby@stawiski.pl <br>pok. nr 6<\/center>\n<\/div>\n\n\n\n<div class=\"wp-block-column is-layout-flow wp-block-column-is-layout-flow\"><\/div>\n<\/div>\n\n\n\n<div class=\"wp-block-columns is-layout-flex wp-container-core-columns-is-layout-9d6595d7 wp-block-columns-is-layout-flex\">\n<div class=\"wp-block-column is-layout-flow wp-block-column-is-layout-flow\">\n<center><span style=\"color: #002c5b;\"><b>Koordynator Indywidualnych Plan\u00f3w <br>Us\u0142ug Spo\u0142ecznych<\/b><\/span> <br><em>Ewa Szadziul<\/em> <br>tel.: 86 273 81 75 <br>e.szadziul@stawiski.pl <br>pok. nr 7<\/center>\n<\/div>\n\n\n\n<div class=\"wp-block-column is-layout-flow wp-block-column-is-layout-flow\">\n<center><span style=\"color: #002c5b;\"><b>Koordynator Indywidualnych Plan\u00f3w <br>Us\u0142ug Spo\u0142ecznych<\/b><\/span> <br><em>Emilia Kowalska<\/em> <br>tel.: 86&nbsp;273 81 76 <br>e.kowalska@stawiski.pl <br>pok. nr 7<\/center>\n<\/div>\n\n\n\n<div class=\"wp-block-column is-layout-flow wp-block-column-is-layout-flow\">\n<center><span style=\"color: #002c5b;\"><b>Pracownik Socjalny<\/b><\/span> <br><em>Edyta Gardocka<\/em> <br>tel.: 86 273 81 82 <br>e.gardocka@stawiski.pl <br>pok. nr 9<\/center>\n<\/div>\n<\/div>\n\n\n\n<div class=\"wp-block-columns is-layout-flex wp-container-core-columns-is-layout-9d6595d7 wp-block-columns-is-layout-flex\">\n<div class=\"wp-block-column is-layout-flow wp-block-column-is-layout-flow\">\n<center><span style=\"color: #002c5b;\"><b>Specjalista Pracy Socjalnej<\/b><\/span> <br><em>Teresa Zar\u0119ba<\/em> <br>tel.: 86 273 81 78 <br>t.zareba@stawiski.pl <br>pok. nr 10<\/center>\n<\/div>\n\n\n\n<div class=\"wp-block-column is-layout-flow wp-block-column-is-layout-flow\">\n<center><span style=\"color: #002c5b;\"><b>Pracownik Socjalny<\/b><\/span> <br><em>Iwona Staniurska<\/em> <br>tel.: 86 273 81 77 <br>i.staniurska@stawiski.pl <br>pok. nr 10<\/center>\n<\/div>\n\n\n\n<div class=\"wp-block-column is-layout-flow wp-block-column-is-layout-flow\">\n<center><span style=\"color: #002c5b;\"><b>Pracownik Socjalny<\/b><\/span> <br><em>Joanna Rogi\u0144ska<\/em>\n<br>tel.: 86 273 81 72 <br>j.roginska@stawiski.pl <br>pok. nr 9<\/center>\n<\/div>\n<\/div>\n","protected":false},"excerpt":{"rendered":"<p>STRUKTURA CUS Dyrektor CUSOrganizator Us\u0142ug Spo\u0142ecznychIzabela Wasilewska tel.: 86 273 81 71 i.wasilewska@stawiski.pl pok. nr 5 Organizator Pomocy Spo\u0142ecznej Izabela \u0141oszewska tel.: 86 273 81&hellip;<\/p>\n","protected":false},"author":1,"featured_media":0,"parent":0,"menu_order":0,"comment_status":"closed","ping_status":"closed","template":"","meta":{"ngg_post_thumbnail":0,"footnotes":""},"class_list":["post-179","page","type-page","status-publish","hentry"],"_links":{"self":[{"href":"https:\/\/cusstawiski.pl\/index.php?rest_route=\/wp\/v2\/pages\/179","targetHints":{"allow":["GET"]}}],"collection":[{"href":"https:\/\/cusstawiski.pl\/index.php?rest_route=\/wp\/v2\/pages"}],"about":[{"href":"https:\/\/cusstawiski.pl\/index.php?rest_route=\/wp\/v2\/types\/page"}],"author":[{"embeddable":true,"href":"https:\/\/cusstawiski.pl\/index.php?rest_route=\/wp\/v2\/users\/1"}],"replies":[{"embeddable":true,"href":"https:\/\/cusstawiski.pl\/index.php?rest_route=%2Fwp%2Fv2%2Fcomments&post=179"}],"version-history":[{"count":103,"href":"https:\/\/cusstawiski.pl\/index.php?rest_route=\/wp\/v2\/pages\/179\/revisions"}],"predecessor-version":[{"id":3755,"href":"https:\/\/cusstawiski.pl\/index.php?rest_route=\/wp\/v2\/pages\/179\/revisions\/3755"}],"wp:attachment":[{"href":"https:\/\/cusstawiski.pl\/index.php?rest_route=%2Fwp%2Fv2%2Fmedia&parent=179"}],"curies":[{"name":"wp","href":"https:\/\/api.w.org\/{rel}","templated":true}]}}