{"id":1819,"date":"2022-02-04T13:50:08","date_gmt":"2022-02-04T12:50:08","guid":{"rendered":"https:\/\/cusstawiski.pl\/?page_id=1819"},"modified":"2022-02-04T13:51:52","modified_gmt":"2022-02-04T12:51:52","slug":"program-asystent-osobisty-osoby-niepelnosprawnej-edycja-2022","status":"publish","type":"page","link":"https:\/\/cusstawiski.pl\/?page_id=1819","title":{"rendered":"Program Asystent Osobisty Osoby Niepe\u0142nosprawnej \u2013 edycja 2022"},"content":{"rendered":"<h1 style=\"text-align: center;\"><strong>ASYSTENT OSOBISTY OSOBY NIEPE\u0141NOSPRAWNEJ (edycja 2022)<\/strong><\/h1>\n<p><span style=\"color: #002c5b;\"><strong>Gmina Stawiski przyst\u0105pi\u0142a do programu &#8222;Asystent Osobisty Osoby Niepe\u0142nosprawnej&#8221; &#8211; edycja 2022, kt\u00f3ry finansowany jest ze \u015brodk\u00f3w Ministerstwa Rodziny, Pracy i Polityki Spo\u0142ecznej w ramach Solidarno\u015bciowego Funduszu Wsparcia Os\u00f3b Niepe\u0142nosprawnych. <\/strong><strong>Warto\u015b\u0107 otrzymanej kwoty na realizacje zadania wynosi: 262\u00a0905 z\u0142.<\/strong><\/span><\/p>\n<p><a href=\"https:\/\/cusstawiski.pl\/?attachment_id=1816\" rel=\"attachment wp-att-1816\"><img loading=\"lazy\" decoding=\"async\" class=\"alignright wp-image-1816\" src=\"https:\/\/cusstawiski.pl\/wp-content\/uploads\/2022\/02\/Program-AOON-2022.webp\" alt=\"Program AOON 2022\" width=\"400\" height=\"566\" srcset=\"https:\/\/cusstawiski.pl\/wp-content\/uploads\/2022\/02\/Program-AOON-2022.webp 900w, https:\/\/cusstawiski.pl\/wp-content\/uploads\/2022\/02\/Program-AOON-2022-212x300.webp 212w, https:\/\/cusstawiski.pl\/wp-content\/uploads\/2022\/02\/Program-AOON-2022-848x1200.webp 848w, https:\/\/cusstawiski.pl\/wp-content\/uploads\/2022\/02\/Program-AOON-2022-106x150.webp 106w, https:\/\/cusstawiski.pl\/wp-content\/uploads\/2022\/02\/Program-AOON-2022-768x1086.webp 768w\" sizes=\"auto, (max-width: 400px) 100vw, 400px\" \/><\/a>Celem Programu jest poprawa jako\u015bci \u017cycia os\u00f3b niepe\u0142nosprawnych z terenu Gminy Stawiski, w\u00a0szczeg\u00f3lno\u015bci poprzez umo\u017cliwienie im jak najbardziej niezale\u017cnego \u017cycia, wsparcie os\u00f3b niepe\u0142nosprawnych oraz zapewnienie pomocy adekwatnej do potrzeb, pomocy w zakresie uczestnictwa os\u00f3b niepe\u0142nosprawnych w wydarzeniach \u017cycia spo\u0142ecznego, kulturalnego, rozrywkowego lub sportowego.<\/p>\n<p>Adresatami programu s\u0105:<\/p>\n<ul>\n<li>dzieci do 16 r.\u017c. z orzeczeniem o niepe\u0142nosprawno\u015bci \u0142\u0105cznie ze wskazaniami konieczno\u015bci sta\u0142ej lub d\u0142ugotrwa\u0142ej opieki lub pomocy innej osobie w zwi\u0105zku ze znaczne ograniczon\u0105 mo\u017cliwo\u015bci\u0105 samodzielnej egzystencji oraz konieczno\u015bci sta\u0142ego wsp\u00f3\u0142udzia\u0142u na co dzie\u0144 opiekuna dziecka w procesie jego leczenia, rehabilitacji, edukacji.<\/li>\n<li>osoby niepe\u0142nosprawne posiadaj\u0105ce orzeczenie o niepe\u0142nosprawno\u015bci w stopniu znacznym, umiarkowanym lub traktowane na r\u00f3wni.<\/li>\n<\/ul>\n<p>Us\u0142ugi asystenta b\u0119d\u0105 realizowane na terenie gminy Stawiski przez asystenta osoby niepe\u0142nosprawnej, od stycznia 2022 r. do grudnia 2022r, przez 7 dni w tygodniu, zakres godzin jest do ustalenia (mog\u0105 by\u0107 realizowane 24 godziny na dob\u0119).<\/p>\n<p>Us\u0142ugi asystenta mog\u0105 w szczeg\u00f3lno\u015bci polega\u0107 na:<\/p>\n<ul>\n<li>wykonywaniu czynno\u015bci dnia codziennego dla uczestnika Programu,<\/li>\n<li>wyj\u015bciu, powrocie, dojazdach z uczestnikiem Programu w wybrane przez uczestnika miejsca,<\/li>\n<li>za\u0142atwieniu spraw urz\u0119dowych,<\/li>\n<li>korzystaniu z d\u00f3br kultury (np.: muzeum, teatr, kino, galerie sztuki, wystawy),<\/li>\n<li>zaprowadzaniu dzieci z orzeczeniem o niepe\u0142nosprawno\u015bci do plac\u00f3wki o\u015bwiatowej lub przyprowadzaniu ich z niej.<\/li>\n<\/ul>\n<p><span style=\"color: #002c5b;\"><strong><em>Uczestnik (bez wzgl\u0119du na sytuacj\u0119 materialn\u0105) nie ponosi odp\u0142atno\u015bci za us\u0142ugi asystenta !<\/em><\/strong><\/span><\/p>\n","protected":false},"excerpt":{"rendered":"<p>ASYSTENT OSOBISTY OSOBY NIEPE\u0141NOSPRAWNEJ (edycja 2022) Gmina Stawiski przyst\u0105pi\u0142a do programu &#8222;Asystent Osobisty Osoby Niepe\u0142nosprawnej&#8221; &#8211; edycja 2022, kt\u00f3ry finansowany jest ze \u015brodk\u00f3w Ministerstwa Rodziny,&hellip;<\/p>\n","protected":false},"author":1,"featured_media":0,"parent":0,"menu_order":0,"comment_status":"closed","ping_status":"closed","template":"","meta":{"ngg_post_thumbnail":0,"footnotes":""},"class_list":["post-1819","page","type-page","status-publish","hentry"],"_links":{"self":[{"href":"https:\/\/cusstawiski.pl\/index.php?rest_route=\/wp\/v2\/pages\/1819","targetHints":{"allow":["GET"]}}],"collection":[{"href":"https:\/\/cusstawiski.pl\/index.php?rest_route=\/wp\/v2\/pages"}],"about":[{"href":"https:\/\/cusstawiski.pl\/index.php?rest_route=\/wp\/v2\/types\/page"}],"author":[{"embeddable":true,"href":"https:\/\/cusstawiski.pl\/index.php?rest_route=\/wp\/v2\/users\/1"}],"replies":[{"embeddable":true,"href":"https:\/\/cusstawiski.pl\/index.php?rest_route=%2Fwp%2Fv2%2Fcomments&post=1819"}],"version-history":[{"count":2,"href":"https:\/\/cusstawiski.pl\/index.php?rest_route=\/wp\/v2\/pages\/1819\/revisions"}],"predecessor-version":[{"id":1822,"href":"https:\/\/cusstawiski.pl\/index.php?rest_route=\/wp\/v2\/pages\/1819\/revisions\/1822"}],"wp:attachment":[{"href":"https:\/\/cusstawiski.pl\/index.php?rest_route=%2Fwp%2Fv2%2Fmedia&parent=1819"}],"curies":[{"name":"wp","href":"https:\/\/api.w.org\/{rel}","templated":true}]}}