{"id":2495,"date":"2023-02-10T12:00:55","date_gmt":"2023-02-10T11:00:55","guid":{"rendered":"https:\/\/cusstawiski.pl\/?page_id=2495"},"modified":"2024-02-28T09:03:34","modified_gmt":"2024-02-28T08:03:34","slug":"asystent-osobisty-osoby-niepelnosprawnej-edycja-2023","status":"publish","type":"page","link":"https:\/\/cusstawiski.pl\/?page_id=2495","title":{"rendered":"ASYSTENT OSOBISTY OSOBY NIEPE\u0141NOSPRAWNEJ (edycja 2023)"},"content":{"rendered":"<h1 style=\"text-align: center;\"><span style=\"color: #002c5b;\"><strong>ASYSTENT OSOBISTY OSOBY NIEPE\u0141NOSPRAWNEJ (edycja 2023)<\/strong><\/span><\/h1>\n<p style=\"text-align: left;\"><span style=\"color: #002c5b;\"><strong>Gmina Stawiski przyst\u0105pi\u0142a do programu &#8222;Asystent Osobisty Osoby Niepe\u0142nosprawnej&#8221; \u2013 edycja 2023, kt\u00f3ry finansowany jest ze \u015brodk\u00f3w Ministerstwa Rodziny, Pracy i Polityki Spo\u0142ecznej w ramach Solidarno\u015bciowego Funduszu Wsparcia Os\u00f3b Niepe\u0142nosprawnych. Na realizacje Projektu Gmina Stawiski otrzyma\u0142a \u015brodki w wysoko\u015bci 286 926,00 z\u0142. <\/strong><\/span><\/p>\n<p><a href=\"https:\/\/cusstawiski.pl\/wp-content\/uploads\/2023\/11\/plakat_fundusz_celowy_aoon23.webp\"><img loading=\"lazy\" decoding=\"async\" class=\"alignright wp-image-3025\" src=\"https:\/\/cusstawiski.pl\/wp-content\/uploads\/2023\/11\/plakat_fundusz_celowy_aoon23.webp\" alt=\"AOON\" width=\"400\" height=\"566\" srcset=\"https:\/\/cusstawiski.pl\/wp-content\/uploads\/2023\/11\/plakat_fundusz_celowy_aoon23.webp 900w, https:\/\/cusstawiski.pl\/wp-content\/uploads\/2023\/11\/plakat_fundusz_celowy_aoon23-212x300.webp 212w, https:\/\/cusstawiski.pl\/wp-content\/uploads\/2023\/11\/plakat_fundusz_celowy_aoon23-848x1200.webp 848w, https:\/\/cusstawiski.pl\/wp-content\/uploads\/2023\/11\/plakat_fundusz_celowy_aoon23-106x150.webp 106w, https:\/\/cusstawiski.pl\/wp-content\/uploads\/2023\/11\/plakat_fundusz_celowy_aoon23-768x1086.webp 768w\" sizes=\"auto, (max-width: 400px) 100vw, 400px\" \/><\/a>Celem Programu jest poprawa jako\u015bci \u017cycia os\u00f3b z niepe\u0142nosprawno\u015bciami z terenu Gminy Stawiski, w szczeg\u00f3lno\u015bci umo\u017cliwienie im jak najbardziej niezale\u017cnego \u017cycia, poprzez wsparcie oraz zapewnienie pomocy adekwatnej do potrzeb.<\/p>\n<p>Adresatami programu s\u0105:<\/p>\n<ul>\n<li>dzieci do 16 r.\u017c. z orzeczeniem o niepe\u0142nosprawno\u015bci \u0142\u0105cznie ze wskazaniami konieczno\u015bci sta\u0142ej lub d\u0142ugotrwa\u0142ej opieki lub pomocy innej osobie w zwi\u0105zku ze znaczne ograniczon\u0105 mo\u017cliwo\u015bci\u0105 samodzielnej egzystencji oraz konieczno\u015bci sta\u0142ego wsp\u00f3\u0142udzia\u0142u na co dzie\u0144 opiekuna dziecka w procesie jego leczenia, rehabilitacji, edukacji.<\/li>\n<li>osoby niepe\u0142nosprawne posiadaj\u0105ce orzeczenie o niepe\u0142nosprawno\u015bci w stopniu znacznym, umiarkowanym lub traktowane na r\u00f3wni.<\/li>\n<\/ul>\n<p>Us\u0142ugi asystenta b\u0119d\u0105 realizowane na terenie gminy Stawiski przez asystenta osoby niepe\u0142nosprawnej, &nbsp;od stycznia 2023 r. do grudnia 2023 r., przez 7 dni w tygodniu, zakres godzin jest do ustalenia (mog\u0105 by\u0107 realizowane 24 godziny na dob\u0119).<\/p>\n<p>Us\u0142ugi asystenta mog\u0105 w szczeg\u00f3lno\u015bci polega\u0107 na:<\/p>\n<ul>\n<li>wykonywaniu czynno\u015bci dnia codziennego dla uczestnika Programu,<\/li>\n<li>wyj\u015bciu, powrocie, dojazdach z uczestnikiem Programu w wybrane przez uczestnika miejsca,<\/li>\n<li>za\u0142atwieniu spraw urz\u0119dowych,<\/li>\n<li>korzystaniu z d\u00f3br kultury (np.: muzeum, teatr, kino, galerie sztuki, wystawy),<\/li>\n<li>zaprowadzaniu dzieci z orzeczeniem o niepe\u0142nosprawno\u015bci do plac\u00f3wki o\u015bwiatowej lub przyprowadzaniu ich z niej.<\/li>\n<\/ul>\n<p><span style=\"color: #002c5b;\"><strong><em>Uczestnik (bez wzgl\u0119du na sytuacj\u0119 materialn\u0105) nie ponosi odp\u0142atno\u015bci za us\u0142ugi asystenta !<\/em><\/strong><\/span><\/p>\n","protected":false},"excerpt":{"rendered":"<p>ASYSTENT OSOBISTY OSOBY NIEPE\u0141NOSPRAWNEJ (edycja 2023) Gmina Stawiski przyst\u0105pi\u0142a do programu &#8222;Asystent Osobisty Osoby Niepe\u0142nosprawnej&#8221; \u2013 edycja 2023, kt\u00f3ry finansowany jest ze \u015brodk\u00f3w Ministerstwa Rodziny,&hellip;<\/p>\n","protected":false},"author":1,"featured_media":0,"parent":0,"menu_order":0,"comment_status":"closed","ping_status":"closed","template":"","meta":{"ngg_post_thumbnail":0,"footnotes":""},"class_list":["post-2495","page","type-page","status-publish","hentry"],"_links":{"self":[{"href":"https:\/\/cusstawiski.pl\/index.php?rest_route=\/wp\/v2\/pages\/2495","targetHints":{"allow":["GET"]}}],"collection":[{"href":"https:\/\/cusstawiski.pl\/index.php?rest_route=\/wp\/v2\/pages"}],"about":[{"href":"https:\/\/cusstawiski.pl\/index.php?rest_route=\/wp\/v2\/types\/page"}],"author":[{"embeddable":true,"href":"https:\/\/cusstawiski.pl\/index.php?rest_route=\/wp\/v2\/users\/1"}],"replies":[{"embeddable":true,"href":"https:\/\/cusstawiski.pl\/index.php?rest_route=%2Fwp%2Fv2%2Fcomments&post=2495"}],"version-history":[{"count":18,"href":"https:\/\/cusstawiski.pl\/index.php?rest_route=\/wp\/v2\/pages\/2495\/revisions"}],"predecessor-version":[{"id":3255,"href":"https:\/\/cusstawiski.pl\/index.php?rest_route=\/wp\/v2\/pages\/2495\/revisions\/3255"}],"wp:attachment":[{"href":"https:\/\/cusstawiski.pl\/index.php?rest_route=%2Fwp%2Fv2%2Fmedia&parent=2495"}],"curies":[{"name":"wp","href":"https:\/\/api.w.org\/{rel}","templated":true}]}}