{"id":327,"date":"2021-09-16T22:48:32","date_gmt":"2021-09-16T20:48:32","guid":{"rendered":"https:\/\/cusstawiski.pl\/?page_id=327"},"modified":"2022-05-31T08:47:54","modified_gmt":"2022-05-31T06:47:54","slug":"pomoc-spoleczna","status":"publish","type":"page","link":"https:\/\/cusstawiski.pl\/?page_id=327","title":{"rendered":"Pomoc spo\u0142eczna"},"content":{"rendered":"<h1 style=\"text-align: center;\"><strong>POMOC SPO\u0141ECZNA<\/strong><\/h1>\n<p>Zasady udzielania \u015bwiadcze\u0144 z pomocy spo\u0142ecznej<\/p>\n<h3><span style=\"color: #002c5b;\"><strong>Prawo do \u015bwiadcze\u0144 pomocy spo\u0142ecznej przys\u0142uguje<\/strong><\/span><\/h3>\n<ul>\n<li>osobom posiadaj\u0105cym obywatelstwo polskie, zamieszkuj\u0105cym i przebywaj\u0105cym na terytorium Rzeczypospolitej Polskiej<\/li>\n<li>cudzoziemcom, zamieszkuj\u0105cym i przebywaj\u0105cym na tym terytorium, posiadaj\u0105cym zezwolenie na pobyt sta\u0142y lub status uchod\u017acy, nadany w Rzeczypospolitej Polskiej oraz<\/li>\n<li>obywatelom pa\u0144stw cz\u0142onkowskich Unii Europejskiej lub Europejskiego Obszaru Gospodarczego, przebywaj\u0105cym na terytorium Rzeczypospolitej Polskiej, kt\u00f3rzy uzyskali zezwolenie na pobyt.<\/li>\n<\/ul>\n<h3><span style=\"color: #002c5b;\"><strong>Pomocy spo\u0142ecznej udziela si\u0119 osobom i rodzinom, na zasadach okre\u015blonych w ustawie, w szczeg\u00f3lno\u015bci z powodu:<\/strong><\/span><\/h3>\n<ul>\n<li>ub\u00f3stwa;<\/li>\n<li>sieroctwa;<\/li>\n<li>bezdomno\u015bci;<\/li>\n<li>bezrobocia;<\/li>\n<li>niepe\u0142nosprawno\u015bci;<\/li>\n<li>d\u0142ugotrwa\u0142ej lub ci\u0119\u017ckiej choroby;<\/li>\n<li>przemocy w rodzinie;<\/li>\n<li>potrzeby ochrony macierzy\u0144stwa lub wielodzietno\u015bci;<\/li>\n<li>bezradno\u015bci w sprawach opieku\u0144czo-wychowawczych i prowadzenia gospodarstwa domowego, zw\u0142aszcza w rodzinach niepe\u0142nych lub wielodzietnych;<\/li>\n<li>braku umiej\u0119tno\u015bci w przystosowaniu do \u017cycia m\u0142odzie\u017cy opuszczaj\u0105cej plac\u00f3wki opieku\u0144czo-wychowawcze;<\/li>\n<li>trudno\u015bci w integracji os\u00f3b, kt\u00f3re otrzyma\u0142y status uchod\u017acy;<\/li>\n<li>trudno\u015bci w przystosowaniu do \u017cycia po zwolnieniu z zak\u0142adu karnego;<\/li>\n<li>alkoholizmu lub narkomanii;<\/li>\n<li>zdarzenia losowego i sytuacji kryzysowej;<\/li>\n<li>kl\u0119ski \u017cywio\u0142owej lub ekologicznej.<\/li>\n<\/ul>\n<p>Prawo do \u015bwiadcze\u0144 pieni\u0119\u017cnych z pomocy spo\u0142ecznej przys\u0142uguje osobom i rodzinom w przypadku wyst\u0119powania jednej z powy\u017cszych okoliczno\u015bci, a kt\u00f3rych doch\u00f3d na osob\u0119 w rodzinie nie przekracza kryterium dochodowego, okre\u015blonego w art. 8 ust. 1 ustawy o pomocy spo\u0142ecznej.<\/p>\n<p>W przypadku wyst\u0105pienia ra\u017c\u0105cych dysproporcji mi\u0119dzy wysoko\u015bci\u0105 dochodu a rzeczywist\u0105 sytuacj\u0105 maj\u0105tkow\u0105 stwierdzon\u0105 przez pracownika socjalnego, kierownik o\u015brodka pomocy spo\u0142ecznej mo\u017ce odm\u00f3wi\u0107 przyznania \u015bwiadcze\u0144 z pomocy spo\u0142ecznej.<\/p>\n<p><span style=\"color: #002c5b;\"><strong>Nale\u017cy zaznaczy\u0107, \u017ce samo ub\u00f3stwo nie jest podstaw\u0105 do przyznania \u015bwiadcze\u0144.<\/strong><\/span><\/p>\n<p>Kryteria dochodowe podlegaj\u0105 weryfikacji co 3 lata, z uwzgl\u0119dnieniem wyniku bada\u0144 progu interwencji socjalnej. Badania progu interwencji socjalnej dokonuje Instytut Pracy i Spraw Socjalnych.<\/p>\n<p>W \u015bwietle ustawodawstwa dotycz\u0105cego pomocy spo\u0142ecznej przez <span style=\"color: #002c5b;\"><strong>rodzin\u0119<\/strong><\/span> rozumie si\u0119 osoby spokrewnione lub niespokrewnione, pozostaj\u0105ce w faktycznym zwi\u0105zku, wsp\u00f3lnie zamieszkuj\u0105ce i gospodaruj\u0105ce. Natomiast za <span style=\"color: #002c5b;\"><strong>doch\u00f3d rodziny<\/strong><\/span> uwa\u017ca si\u0119 sum\u0119 miesi\u0119cznych dochod\u00f3w os\u00f3b w rodzinie z miesi\u0105ca poprzedzaj\u0105cego z\u0142o\u017cenie wniosku lub w przypadku utraty dochodu z miesi\u0105ca, w kt\u00f3rym wniosek zosta\u0142 z\u0142o\u017cony, bez wzgl\u0119du na tytu\u0142 i \u017ar\u00f3d\u0142o ich uzyskania, pomniejszon\u0105 o miesi\u0119czne obci\u0105\u017cenie podatkiem dochodowym od os\u00f3b fizycznych, sk\u0142adki z tytu\u0142u ubezpiecze\u0144: zdrowotnego, emerytalnego, rentowych i chorobowego oraz o kwot\u0119 wysoko\u015bci aliment\u00f3w \u015bwiadczonych na rzecz innych os\u00f3b, jednorazowe pieni\u0119\u017cne \u015bwiadczenia socjalne oraz warto\u015bci \u015bwiadcze\u0144 w naturze.<\/p>\n<p>Rodzaj, forma i rozmiar \u015bwiadczenia dostosowywane s\u0105 nie tylko do okoliczno\u015bci uzasadniaj\u0105cych przyznanie pomocy, ale tak\u017ce do cel\u00f3w i mo\u017cliwo\u015bci pomocy spo\u0142ecznej.<\/p>\n<h3><span style=\"color: #002c5b;\"><strong>Obowi\u0105zki os\u00f3b i rodzin ubiegaj\u0105cych si\u0119 o pomoc spo\u0142eczn\u0105<\/strong><\/span><\/h3>\n<p>Osoby lub rodziny, korzystaj\u0105ce z pomocy spo\u0142ecznej, zobowi\u0105zane s\u0105 do wsp\u00f3\u0142pracy z pracownikiem socjalnym w rozwi\u0105zywaniu swojej trudnej sytuacji \u017cyciowej. Nieuzasadniona odmowa podj\u0119cia pracy przez osob\u0119 bezrobotn\u0105, marnotrawstwo przyznanych \u015bwiadcze\u0144, ich celowe niszczenie, b\u0105d\u017a te\u017c marnotrawstwo w\u0142asnych zasob\u00f3w materialnych, a tak\u017ce ich nieracjonalne wykorzystywanie mog\u0105 stanowi\u0107 podstaw\u0119 do odmowy przyznania \u015bwiadcze\u0144 z pomocy spo\u0142ecznej. R\u00f3wnie\u017c nie wywi\u0105zywanie si\u0119 z uzgodnie\u0144 zawartych w kontrakcie mo\u017ce spowodowa\u0107 ograniczenie lub odmow\u0119 przyznania \u015bwiadczenia.<\/p>\n<p>Osoby i rodziny, korzystaj\u0105ce ze \u015bwiadcze\u0144 pomocy spo\u0142ecznej, s\u0105 zobowi\u0105zane poinformowa\u0107 o ka\u017cdej zmianie w ich sytuacji osobistej i maj\u0105tkowej, kt\u00f3ra wi\u0105\u017ce si\u0119 z podstaw\u0105 do przyznania \u015bwiadcze\u0144. \u015awiadome wprowadzenie w b\u0142\u0105d pracownika socjalnego mo\u017ce spowodowa\u0107 zmian\u0119 decyzji na niekorzy\u015b\u0107 strony oraz naliczenie nienale\u017cnie pobranych \u015bwiadcze\u0144. \u015awiadczenia nienale\u017cnie pobrane podlegaj\u0105 zwrotowi, niezale\u017cnie od dochodu rodziny.<\/p>\n<p><span style=\"color: #002c5b;\"><strong>Tryb przyznania \u015bwiadczenia z pomocy spo\u0142ecznej sk\u0142ada si\u0119 z nast\u0119puj\u0105cych etap\u00f3w:<\/strong><\/span><\/p>\n<ol>\n<li><span style=\"color: #002c5b;\"><strong>Zg\u0142oszenie wniosku o udzielenie pomocy:<\/strong><\/span><br \/>\nosobiste, pisemne lub telefoniczne zg\u0142oszenie osoby ubiegaj\u0105cej si\u0119 o pomoc do pracownika socjalnego (zg\u0142oszenie mo\u017ce nast\u0105pi\u0107 z urz\u0119du lub mo\u017ce go dokona\u0107 przedstawiciel ustawowy lub inna osoba za zgod\u0105 ubiegaj\u0105cego si\u0119 o pomoc).<\/li>\n<li><span style=\"color: #002c5b;\"><strong>Sporz\u0105dzenie wywiadu \u015brodowiskowego i planu pomocy:<\/strong><\/span><br \/>\nrozeznanie przez pracownika socjalnego sytuacji osobistej i rodzinnej osoby ubiegaj\u0105cej si\u0119 o pomoc spo\u0142eczn\u0105, tj. przeprowadzenie wywiadu \u015brodowiskowego w miejscu zamieszkania klienta wsp\u00f3lne (pracownik socjalny z osob\u0105 lub rodzin\u0105) opracowanie planu pomocy.<\/li>\n<li><span style=\"color: #002c5b;\"><strong>Sporz\u0105dzenie decyzji i wydanie jej osobie ubiegaj\u0105cej si\u0119 o pomoc spo\u0142eczn\u0105.<\/strong><\/span><\/li>\n<li><span style=\"color: #002c5b;\"><strong>Realizacja przyznanych \u015bwiadcze\u0144.<\/strong><\/span><\/li>\n<\/ol>\n<h3><span style=\"color: #002c5b;\"><strong>Z\u0142o\u017cenie wniosku<\/strong><\/span><\/h3>\n<p>Post\u0119powanie w sprawie \u015bwiadcze\u0144 pomocy spo\u0142ecznej wszczynane jest na wniosek osoby zainteresowanej, b\u0105d\u017a innej osoby, za zgod\u0105 osoby zainteresowanej lub jej przedstawiciela ustawowego. CUS przyjmuje tak\u017ce wszelkie zg\u0142oszenia od os\u00f3b, instytucji i organizacji spo\u0142ecznych, dotycz\u0105ce konieczno\u015bci udzielania pomocy ka\u017cdej osobie lub rodzinie na terenie gminy Stawiski, znajduj\u0105cej si\u0119 w trudnej sytuacji \u017cyciowej i niezdolnej do samodzielnego zaspokajania np. potrzeb bytowych. Pomoc spo\u0142eczna mo\u017ce by\u0107 udzielana r\u00f3wnie\u017c z urz\u0119du, za zgod\u0105 osoby zainteresowanej lub jej pe\u0142nomocnika.<\/p>\n<h3><span style=\"color: #002c5b;\"><strong>Wywiad \u015brodowiskowy<\/strong><\/span><\/h3>\n<p>Podstaw\u0105 udzielenia pomocy jest wywiad \u015brodowiskowy sporz\u0105dzony w miejscu zamieszkania osoby ubiegaj\u0105cej si\u0119 o pomoc, a w sprawach nie cierpi\u0105cych zw\u0142oki, w miejscu pobytu osoby ubiegaj\u0105cej si\u0119. Brak zgody na przeprowadzenie wywiadu jest r\u00f3wnoznaczny z rezygnacj\u0105 z pomocy spo\u0142ecznej.<\/p>\n<p>Celem wywiadu \u015brodowiskowego jest rozeznanie sytuacji bytowej, rodzinnej, zdrowotnej i mieszkaniowej osoby (rodziny) ubiegaj\u0105cej si\u0119 o pomoc. Osoby i rodziny korzystaj\u0105ce z pomocy spo\u0142ecznej s\u0105 zobowi\u0105zane do wsp\u00f3\u0142udzia\u0142u w rozwi\u0105zaniu ich trudnej sytuacji \u017cyciowej.<\/p>\n<p>Pracownik socjalny przeprowadza wywiad \u015brodowiskowy w ci\u0105gu 14 dni od daty wszcz\u0119cia post\u0119powania, a w sprawach pilnych w terminie 2 dni. Strona wyst\u0119puj\u0105ca o pomoc powinna zgromadzi\u0107 dokumenty stanowi\u0105ce podstaw\u0119 ustalenia jej danych personalnych, stanu zdrowia, sytuacji rodzinnej i materialnej. W trakcie przeprowadzania wywiadu \u015brodowiskowego, w porozumieniu z klientem ustalany jest plan pomocy. Ustalenia zostaj\u0105 zawarte w kontrakcie socjalnym. Potrzeby os\u00f3b i rodzin korzystaj\u0105cych z pomocy mog\u0105 zosta\u0107 uwzgl\u0119dnione, je\u017celi odpowiadaj\u0105 celom i mo\u017cliwo\u015bciom pomocy spo\u0142ecznej.<\/p>\n<h3><span style=\"color: #002c5b;\"><strong>Wydanie decyzji<\/strong><\/span><\/h3>\n<p>\u015awiadczenia z pomocy spo\u0142ecznej przyznawane s\u0105 w formie decyzji. Wszystkie decyzje o przyznaniu pomocy, a zw\u0142aszcza decyzje o odmowie przyznania pomocy, wydawane s\u0105 w formie pisemnej. Wyj\u0105tek stanowi\u0105 \u015bwiadczenia w postaci pracy socjalnej, poradnictwa, itp. \u2013 tu pomoc udzielana jest bez konieczno\u015bci wydawania decyzji. Stronom przys\u0142uguje odwo\u0142anie od decyzji Centrum Us\u0142ug Spo\u0142ecznych w Stawiskach.<\/p>\n<h3><span style=\"color: #002c5b;\"><strong>Realizacja \u015bwiadcze\u0144<\/strong><\/span><\/h3>\n<p>Realizacja \u015bwiadcze\u0144 pieni\u0119\u017cnych odbywa si\u0119 w formie wyp\u0142at w kasie Banku Hexa w Stawiskach, w terminach okre\u015blonych w decyzji lub w formie przekaz\u00f3w pocztowych b\u0105d\u017a przelew\u00f3w na konto osobiste.<\/p>\n<h3><span style=\"color: #002c5b;\"><strong>Wymagane dokumenty<\/strong><\/span><\/h3>\n<p>Osoby i rodziny ubiegaj\u0105ce si\u0119 o pomoc z Centrum Us\u0142ug Spo\u0142ecznych w Stawiskach s\u0105 zobowi\u0105zane do udokumentowania swojej trudnej sytuacji spo\u0142eczno-bytowej. Wi\u0105\u017ce si\u0119 to z konieczno\u015bci\u0105 dostarczenia przez osoby ubiegaj\u0105ce si\u0119 o pomoc szeregu r\u00f3\u017cnorodnych za\u015bwiadcze\u0144, o\u015bwiadcze\u0144 itp. Szczeg\u00f3\u0142owych informacji w ka\u017cdym indywidualnym przypadku udziela w\u0142a\u015bciwy pracownik socjalny w trakcie zg\u0142aszania si\u0119 o pomoc lub w trakcie przeprowadzania wywiadu \u015brodowiskowego. W przypadku niemo\u017cno\u015bci dostarczenia danego dokumentu przez klienta, pracownik socjalny ma prawo i obowi\u0105zek do\u0142o\u017cy\u0107 stara\u0144 do jego zdobycia. Wywiad \u015brodowiskowy, dokumenty wymagane przy przyznaniu pomocy spo\u0142ecznej i decyzje administracyjne, na podstawie kt\u00f3rych nast\u0119puje realizacja zaplanowanych \u015bwiadcze\u0144, a tak\u017ce inne pisma przychodz\u0105ce i wychodz\u0105ce z o\u015brodka, dotycz\u0105ce danej osoby (rodziny), przechowuje o\u015brodek i stanowi\u0105 one dokumentacj\u0119 klienta od pocz\u0105tku jego korzystania z pomocy spo\u0142ecznej.<\/p>\n<h3><span style=\"color: #002c5b;\"><strong>Odwo\u0142ania od decyzji CUS<\/strong><\/span><\/h3>\n<p>Stronom przys\u0142uguje prawo odwo\u0142ania od decyzji Centrum Us\u0142ug Spo\u0142ecznych w Stawiskach w ci\u0105gu 14 dni od daty jej otrzymania. Odwo\u0142anie wnosi si\u0119 na pi\u015bmie za po\u015brednictwem Dyrektora CUS. Odwo\u0142ania nale\u017cy kierowa\u0107 do Samorz\u0105dowego Kolegium Odwo\u0142awczego w \u0141om\u017cy<\/p>\n<h3><span style=\"color: #002c5b;\"><strong>Podstawa prawna:<\/strong><\/span><\/h3>\n<ul>\n<li>Ustawa z dnia 12 marca 2004 r. o pomocy spo\u0142ecznej (Dz. U. 2021, poz.803).<b><\/b><\/li>\n<\/ul>\n","protected":false},"excerpt":{"rendered":"<p>POMOC SPO\u0141ECZNA Zasady udzielania \u015bwiadcze\u0144 z pomocy spo\u0142ecznej Prawo do \u015bwiadcze\u0144 pomocy spo\u0142ecznej przys\u0142uguje osobom posiadaj\u0105cym obywatelstwo polskie, zamieszkuj\u0105cym i przebywaj\u0105cym na terytorium Rzeczypospolitej Polskiej&hellip;<\/p>\n","protected":false},"author":1,"featured_media":0,"parent":0,"menu_order":0,"comment_status":"closed","ping_status":"closed","template":"","meta":{"ngg_post_thumbnail":0,"footnotes":""},"class_list":["post-327","page","type-page","status-publish","hentry"],"_links":{"self":[{"href":"https:\/\/cusstawiski.pl\/index.php?rest_route=\/wp\/v2\/pages\/327","targetHints":{"allow":["GET"]}}],"collection":[{"href":"https:\/\/cusstawiski.pl\/index.php?rest_route=\/wp\/v2\/pages"}],"about":[{"href":"https:\/\/cusstawiski.pl\/index.php?rest_route=\/wp\/v2\/types\/page"}],"author":[{"embeddable":true,"href":"https:\/\/cusstawiski.pl\/index.php?rest_route=\/wp\/v2\/users\/1"}],"replies":[{"embeddable":true,"href":"https:\/\/cusstawiski.pl\/index.php?rest_route=%2Fwp%2Fv2%2Fcomments&post=327"}],"version-history":[{"count":12,"href":"https:\/\/cusstawiski.pl\/index.php?rest_route=\/wp\/v2\/pages\/327\/revisions"}],"predecessor-version":[{"id":2090,"href":"https:\/\/cusstawiski.pl\/index.php?rest_route=\/wp\/v2\/pages\/327\/revisions\/2090"}],"wp:attachment":[{"href":"https:\/\/cusstawiski.pl\/index.php?rest_route=%2Fwp%2Fv2%2Fmedia&parent=327"}],"curies":[{"name":"wp","href":"https:\/\/api.w.org\/{rel}","templated":true}]}}