{"id":329,"date":"2021-09-16T22:48:57","date_gmt":"2021-09-16T20:48:57","guid":{"rendered":"https:\/\/cusstawiski.pl\/?page_id=329"},"modified":"2025-03-26T15:28:24","modified_gmt":"2025-03-26T14:28:24","slug":"swiadczenia-rodzinne","status":"publish","type":"page","link":"https:\/\/cusstawiski.pl\/?page_id=329","title":{"rendered":"\u015awiadczenia rodzinne"},"content":{"rendered":"<h1 style=\"text-align: center;\"><strong>\u015aWIADCZENIA RODZINNE<\/strong><\/h1>\n<p><span style=\"color: #002c5b;\"><strong>\u015awiadczeniami rodzinnymi s\u0105: <\/strong><\/span><\/p>\n<ol>\n<li>zasi\u0142ek rodzinny oraz dodatki do zasi\u0142ku rodzinnego;<\/li>\n<li>\u015bwiadczenia opieku\u0144cze: zasi\u0142ek piel\u0119gnacyjny oraz \u015bwiadczenie piel\u0119gnacyjne;<\/li>\n<li>zapomoga wyp\u0142acana przez gminy, na podstawie art. 22a;<br \/>\n3a. \u015bwiadczenia wyp\u0142acane przez gminy na podstawie art. 22b;<\/li>\n<li>jednorazowa zapomoga z tytu\u0142u urodzenia si\u0119 dziecka;<\/li>\n<li>\u015bwiadczenie rodzicielskie.<\/li>\n<\/ol>\n<h2><span style=\"color: #002c5b;\"><strong>Podstawa prawna<\/strong><\/span><\/h2>\n<p>Link do strony ministerstwa: <a href=\"https:\/\/www.gov.pl\/web\/rodzina\/prawo-swiadczenia-rodzinne\">https:\/\/www.gov.pl\/web\/rodzina\/prawo-swiadczenia-rodzinne<\/a><\/p>\n","protected":false},"excerpt":{"rendered":"<p>\u015aWIADCZENIA RODZINNE \u015awiadczeniami rodzinnymi s\u0105: zasi\u0142ek rodzinny oraz dodatki do zasi\u0142ku rodzinnego; \u015bwiadczenia opieku\u0144cze: zasi\u0142ek piel\u0119gnacyjny oraz \u015bwiadczenie piel\u0119gnacyjne; zapomoga wyp\u0142acana przez gminy, na podstawie&hellip;<\/p>\n","protected":false},"author":1,"featured_media":0,"parent":0,"menu_order":0,"comment_status":"closed","ping_status":"closed","template":"","meta":{"ngg_post_thumbnail":0,"footnotes":""},"class_list":["post-329","page","type-page","status-publish","hentry"],"_links":{"self":[{"href":"https:\/\/cusstawiski.pl\/index.php?rest_route=\/wp\/v2\/pages\/329","targetHints":{"allow":["GET"]}}],"collection":[{"href":"https:\/\/cusstawiski.pl\/index.php?rest_route=\/wp\/v2\/pages"}],"about":[{"href":"https:\/\/cusstawiski.pl\/index.php?rest_route=\/wp\/v2\/types\/page"}],"author":[{"embeddable":true,"href":"https:\/\/cusstawiski.pl\/index.php?rest_route=\/wp\/v2\/users\/1"}],"replies":[{"embeddable":true,"href":"https:\/\/cusstawiski.pl\/index.php?rest_route=%2Fwp%2Fv2%2Fcomments&post=329"}],"version-history":[{"count":19,"href":"https:\/\/cusstawiski.pl\/index.php?rest_route=\/wp\/v2\/pages\/329\/revisions"}],"predecessor-version":[{"id":3957,"href":"https:\/\/cusstawiski.pl\/index.php?rest_route=\/wp\/v2\/pages\/329\/revisions\/3957"}],"wp:attachment":[{"href":"https:\/\/cusstawiski.pl\/index.php?rest_route=%2Fwp%2Fv2%2Fmedia&parent=329"}],"curies":[{"name":"wp","href":"https:\/\/api.w.org\/{rel}","templated":true}]}}