{"id":3337,"date":"2024-05-10T12:31:46","date_gmt":"2024-05-10T10:31:46","guid":{"rendered":"https:\/\/cusstawiski.pl\/?page_id=3337"},"modified":"2024-05-10T12:46:31","modified_gmt":"2024-05-10T10:46:31","slug":"program-teleopieki-domowej-program-wsparcia-polityki-senioralnej-oraz-osob-z-niepelnosprawnosciami","status":"publish","type":"page","link":"https:\/\/cusstawiski.pl\/?page_id=3337","title":{"rendered":"Program teleopieki domowej \u2013 program wsparcia polityki senioralnej oraz os\u00f3b z niepe\u0142nosprawno\u015bciami"},"content":{"rendered":"<h1 style=\"text-align: center;\"><strong>TELEOPIEKA DOMOWA<\/strong><\/h1>\n<p><span style=\"color: #002c5b;\"><strong>Gmina Stawiski realizuje Projekt pn. \u201eProgram teleopieki domowej \u2013 program wsparcia polityki senioralnej oraz os\u00f3b z niepe\u0142nosprawno\u015bciami\u201d wsp\u00f3\u0142finansowanego z Europejskiego Funduszu Spo\u0142ecznego+ w ramach Programu Fundusze Europejskie dla Podlaskiego na lata 2021-2027 Priorytet VIII: Fundusze na rzecz edukacji i w\u0142\u0105czenia spo\u0142ecznego, Dzia\u0142anie 8.4 Wzrost dost\u0119pno\u015bci us\u0142ug spo\u0142ecznych.<\/strong><\/span><\/p>\n<p>Liderem projektu jest <span style=\"color: #002c5b;\"><strong>Wojew\u00f3dztwo Podlaskie<\/strong>,<\/span> Partnerami 35 Gmin, w tym <span style=\"color: #002c5b;\"><strong>Gmina Stawiski<\/strong><\/span>, a Realizatorami: 33 lokalne o\u015brodki pomocy spo\u0142ecznej oraz 2 centra us\u0142ug spo\u0142ecznych, w tym <span style=\"color: #002c5b;\"><strong>Centrum Us\u0142ug Spo\u0142ecznych w Stawiskach<\/strong>.<\/span><\/p>\n<p>Gmina Stawiski ostatecznie, w wyniku negocjacji, otrzyma\u0142a dofinansowanie na kwot\u0119 <strong><span style=\"color: #002c5b;\">3.669.757,85 z\u0142<\/span>.<\/strong> Ca\u0142kowita warto\u015b\u0107 projektu wynosi: <span style=\"color: #002c5b;\"><strong>3.862.903,00 z\u0142.<\/strong><\/span><\/p>\n<p>Projekt b\u0119dzie trwa\u0142 do 31 grudnia 2027 r.<\/p>\n<p>Celem projektu jest upowszechnienie i realizacja \u015bwiadczenia us\u0142ug spo\u0142ecznych w&nbsp;spo\u0142eczno\u015bci lokalnej z wykorzystaniem nowoczesnych technologii informacyjno-komunikacyjnych.<\/p>\n<p><span style=\"color: #002c5b;\"><strong><a href=\"https:\/\/cusstawiski.pl\/wp-content\/uploads\/2024\/05\/TELEOPIEKA-DOMOWA.webp\"><img loading=\"lazy\" decoding=\"async\" class=\"alignright wp-image-3340\" src=\"https:\/\/cusstawiski.pl\/wp-content\/uploads\/2024\/05\/TELEOPIEKA-DOMOWA.webp\" alt=\"teleopieka domowa tablica\" width=\"500\" height=\"354\" srcset=\"https:\/\/cusstawiski.pl\/wp-content\/uploads\/2024\/05\/TELEOPIEKA-DOMOWA.webp 1200w, https:\/\/cusstawiski.pl\/wp-content\/uploads\/2024\/05\/TELEOPIEKA-DOMOWA-300x212.webp 300w, https:\/\/cusstawiski.pl\/wp-content\/uploads\/2024\/05\/TELEOPIEKA-DOMOWA-150x106.webp 150w, https:\/\/cusstawiski.pl\/wp-content\/uploads\/2024\/05\/TELEOPIEKA-DOMOWA-768x543.webp 768w\" sizes=\"auto, (max-width: 500px) 100vw, 500px\" \/><\/a>Udzia\u0142 w projekcie dla os\u00f3b b\u0119d\u0105cych uczestnikami projektu jest bezp\u0142atny.<\/strong><\/span><\/p>\n<p><span style=\"color: #002c5b;\"><strong>Do kogo kierowane s\u0105 us\u0142ugi?:<\/strong><\/span><\/p>\n<p>Ze wsparcia b\u0119d\u0105 mogli korzysta\u0107 mieszka\u0144cy i mieszkanki miasta i gminy Stawiski, potrzebuj\u0105cy wsparcia w codziennym funkcjonowaniu i spe\u0142niaj\u0105cy, co najmniej jedno z&nbsp;poni\u017cszych kryteri\u00f3w:<\/p>\n<ul>\n<li>osoby w wieku powy\u017cej 60 lat dla kobiet i 65 lat dla m\u0119\u017cczyzn,<\/li>\n<li>osoby o znacznym lub umiarkowanym stopniu niepe\u0142nosprawno\u015bci od 18 lat,<\/li>\n<li>osoby z niepe\u0142nosprawno\u015bci\u0105 intelektualn\u0105 w wieku od 18 lat;<\/li>\n<li>osoby z zaburzeniami psychicznymi w wieku od 18 lat;<\/li>\n<\/ul>\n<p>Wsparciem planuje si\u0119 obj\u0105\u0107 \u0142\u0105cznie&nbsp;<span style=\"color: #002c5b;\"><strong>88 os\u00f3b.<\/strong><\/span><\/p>\n<p><span style=\"color: #002c5b;\"><strong>Gmina Stawiski<\/strong><\/span> oraz <span style=\"color: #002c5b;\"><strong>Centrum Us\u0142ug Spo\u0142ecznych w Stawiskach<\/strong><\/span> w ramach Programu teleopieki domowej b\u0119d\u0105 \u015bwiadczy\u0107 nast\u0119puj\u0105ce us\u0142ugi:<\/p>\n<ul>\n<li>s\u0105siedzkie;<\/li>\n<li>opieku\u0144cze;<\/li>\n<li>opieku\u0144cze specjalistyczne;<\/li>\n<li>teleopieku\u0144cze<\/li>\n<\/ul>\n","protected":false},"excerpt":{"rendered":"<p>TELEOPIEKA DOMOWA Gmina Stawiski realizuje Projekt pn. \u201eProgram teleopieki domowej \u2013 program wsparcia polityki senioralnej oraz os\u00f3b z niepe\u0142nosprawno\u015bciami\u201d wsp\u00f3\u0142finansowanego z Europejskiego Funduszu Spo\u0142ecznego+ w&hellip;<\/p>\n","protected":false},"author":1,"featured_media":0,"parent":0,"menu_order":0,"comment_status":"closed","ping_status":"closed","template":"","meta":{"ngg_post_thumbnail":0,"footnotes":""},"class_list":["post-3337","page","type-page","status-publish","hentry"],"_links":{"self":[{"href":"https:\/\/cusstawiski.pl\/index.php?rest_route=\/wp\/v2\/pages\/3337","targetHints":{"allow":["GET"]}}],"collection":[{"href":"https:\/\/cusstawiski.pl\/index.php?rest_route=\/wp\/v2\/pages"}],"about":[{"href":"https:\/\/cusstawiski.pl\/index.php?rest_route=\/wp\/v2\/types\/page"}],"author":[{"embeddable":true,"href":"https:\/\/cusstawiski.pl\/index.php?rest_route=\/wp\/v2\/users\/1"}],"replies":[{"embeddable":true,"href":"https:\/\/cusstawiski.pl\/index.php?rest_route=%2Fwp%2Fv2%2Fcomments&post=3337"}],"version-history":[{"count":13,"href":"https:\/\/cusstawiski.pl\/index.php?rest_route=\/wp\/v2\/pages\/3337\/revisions"}],"predecessor-version":[{"id":3352,"href":"https:\/\/cusstawiski.pl\/index.php?rest_route=\/wp\/v2\/pages\/3337\/revisions\/3352"}],"wp:attachment":[{"href":"https:\/\/cusstawiski.pl\/index.php?rest_route=%2Fwp%2Fv2%2Fmedia&parent=3337"}],"curies":[{"name":"wp","href":"https:\/\/api.w.org\/{rel}","templated":true}]}}