{"id":335,"date":"2021-09-16T22:55:50","date_gmt":"2021-09-16T20:55:50","guid":{"rendered":"https:\/\/cusstawiski.pl\/?page_id=335"},"modified":"2025-03-10T15:09:28","modified_gmt":"2025-03-10T14:09:28","slug":"fundusz-alimentacyjny","status":"publish","type":"page","link":"https:\/\/cusstawiski.pl\/?page_id=335","title":{"rendered":"Fundusz alimentacyjny"},"content":{"rendered":"<h1 style=\"text-align: center;\"><strong>FUNDUSZ ALIMENTACYJNY<\/strong><\/h1>\n<h3><strong>\u015awiadczenia z funduszu alimentacyjnego przys\u0142uguj\u0105:<\/strong><\/h3>\n<p>\u015awiadczenia z funduszu alimentacyjnego przys\u0142uguj\u0105 osobie uprawnionej do aliment\u00f3w od rodzica na podstawie tytu\u0142u wykonawczego pochodz\u0105cego lub zatwierdzonego przez s\u0105d, je\u017celi egzekucja okaza\u0142a si\u0119 bezskuteczna (art. 2 pkt 11 ustawy z dnia 7 wrze\u015bnia 2007 r. o pomocy osobom uprawnionym do aliment\u00f3w (Dz.U. z 2023 r. poz. 1993 z p\u00f3\u017an. zm.), zwanej dalej \u201eustaw\u0105\u201d).<\/p>\n<p>Za bezskuteczn\u0105 uwa\u017ca si\u0119 egzekucj\u0119 (art. 2 pkt 2 ustawy) w wyniku kt\u00f3rej w okresie ostatnich dw\u00f3ch miesi\u0119cy nie wyegzekwowano pe\u0142nej nale\u017cno\u015bci z tytu\u0142u zaleg\u0142ych i bie\u017c\u0105cych zobowi\u0105za\u0144 alimentacyjnych, albo post\u0119powanie upad\u0142o\u015bciowe, w toku kt\u00f3rego w okresie ostatnich dw\u00f3ch miesi\u0119cy nie otrzymano pe\u0142nej nale\u017cno\u015bci z tytu\u0142u zaleg\u0142ych i bie\u017c\u0105cych zobowi\u0105za\u0144 alimentacyjnych. Za bezskuteczn\u0105 egzekucj\u0119 uwa\u017ca si\u0119 r\u00f3wnie\u017c niemo\u017cno\u015b\u0107 wszcz\u0119cia lub prowadzenia egzekucji aliment\u00f3w przeciwko d\u0142u\u017cnikowi alimentacyjnemu przebywaj\u0105cemu poza granicami Rzeczypospolitej Polskiej, w szczeg\u00f3lno\u015bci z powodu:<\/p>\n<ul>\n<li>braku podstawy prawnej do podj\u0119cia czynno\u015bci zmierzaj\u0105cych do wykonania tytu\u0142u wykonawczego w miejscu zamieszkania d\u0142u\u017cnika,<\/li>\n<li>braku mo\u017cliwo\u015bci wskazania przez osob\u0119 uprawnion\u0105 miejsca zamieszkania d\u0142u\u017cnika alimentacyjnego za granic\u0105.<\/li>\n<\/ul>\n<p>\u015awiadczenia z funduszu alimentacyjnego przys\u0142uguj\u0105 osobie uprawnionej do uko\u0144czenia przez ni\u0105 18 roku \u017cycia albo w przypadku gdy uczy si\u0119 w szkole lub szkole wy\u017cszej do uko\u0144czenia przez ni\u0105 25 roku \u017cycia, albo w przypadku posiadania orzeczenia o znacznym stopniu niepe\u0142nosprawno\u015bci \u2013 bezterminowo (art. 9 ust. 1 ustawy).<\/p>\n<p>\u015awiadczenia z funduszu alimentacyjnego przys\u0142uguj\u0105 (art. 1a ustawy);<br \/>\n1) obywatelom polskim:<br \/>\n2) cudzoziemcom:<\/p>\n<ul>\n<li>je\u017celi wynika to z wi\u0105\u017c\u0105cych Rzeczpospolit\u0105 Polsk\u0105 um\u00f3w dwustronnych o zabezpieczeniu spo\u0142ecznym,<\/li>\n<li>przebywaj\u0105cym na terytorium Rzeczypospolitej Polskiej na podstawie zezwolenia na pobyt sta\u0142y, zezwolenia na pobyt rezydenta d\u0142ugoterminowego Unii Europejskiej oraz zezwolenia na pobyt czasowy udzielonego w zwi\u0105zku z okoliczno\u015bci\u0105, o kt\u00f3rej mowa w art. 186 ust. 1 pkt 3 ustawy z dnia 12 grudnia 2013 r. o cudzoziemcach (Dz.U. z 2023r. poz. 519, 185 i 547).<\/li>\n<li>przebywaj\u0105cym na terytorium Rzeczypospolitej Polskiej w zwi\u0105zku z uzyskaniem statusu uchod\u017acy lub ochrony uzupe\u0142niaj\u0105cej.<\/li>\n<\/ul>\n<p>\u015awiadczenia z funduszu alimentacyjnego przys\u0142uguj\u0105 osobom, o kt\u00f3rych mowa w powy\u017cej, je\u017celi zamieszkuj\u0105 na terytorium Rzeczypospolitej Polskiej przez okres \u015bwiadczeniowy, w kt\u00f3rym otrzymuj\u0105 \u015bwiadczenia z funduszu alimentacyjnego, chyba \u017ce dwustronne umowy mi\u0119dzynarodowe o zabezpieczeniu spo\u0142ecznym stanowi\u0105 inaczej.<\/p>\n<p>\u015awiadczenia z funduszu alimentacyjnego przys\u0142uguj\u0105, je\u017celi doch\u00f3d rodziny w przeliczeniu na osob\u0119 w rodzinie nie przekracza kwoty <span style=\"color: #002c5b;\"><strong>1.209 z\u0142<\/strong><\/span>, zwaloryzowanej zgodnie z ust. 2c\u20132f (art. 9 ust.2 ustawy). Podstaw\u0105 ustalenia dochodu w zakresie uprawnie\u0144 do \u015bwiadczenia z funduszu alimentacyjnego jest doch\u00f3d rodziny uzyskany przez cz\u0142onk\u00f3w rodziny w roku kalendarzowym poprzedzaj\u0105cym okres \u015bwiadczeniowy. Wp\u0142yw na prawo do \u015bwiadczenia ma r\u00f3wnie\u017c <span style=\"color: #002c5b;\"><strong>uzyskanie i utrata dochodu<\/strong><\/span> po roku na podstawie kt\u00f3rego ustala si\u0119 prawo do \u015bwiadczenia z funduszu alimentacyjnego.<\/p>\n<p>W przypadku gdy doch\u00f3d rodziny w przeliczeniu na osob\u0119 w rodzinie przekracza kwot\u0119, o kt\u00f3rej mowa w art. 9 ust. 2, o kwot\u0119 nie wy\u017csz\u0105 ni\u017c kwota \u015bwiadczenia z funduszu alimentacyjnego przys\u0142uguj\u0105cego danej osobie uprawnionej w okresie \u015bwiadczeniowym, na kt\u00f3ry jest ustalane prawo do tego \u015bwiadczenia, \u015bwiadczenie z funduszu alimentacyjnego przys\u0142uguje w wysoko\u015bci r\u00f3\u017cnicy mi\u0119dzy kwot\u0105 \u015bwiadczenia z funduszu alimentacyjnego przys\u0142uguj\u0105cego danej osobie uprawnionej a kwot\u0105, o kt\u00f3r\u0105 zosta\u0142 przekroczony doch\u00f3d rodziny w przeliczeniu na osob\u0119 w rodzinie (art. 9 ust.2a ustawy).<\/p>\n<p>W przypadku gdy wysoko\u015b\u0107 \u015bwiadczenia z funduszu alimentacyjnego przys\u0142uguj\u0105cego danej osobie uprawnionej, ustalona zgodnie z powy\u017cszym mechanizmem jest ni\u017csza ni\u017c 100 z\u0142, \u015bwiadczenie to nie przys\u0142uguje (art. 9 ust.2b ustawy).<\/p>\n<p>Ustalenie prawa do \u015bwiadczenia z funduszu alimentacyjnego oraz ich wyp\u0142ata nast\u0119puj\u0105 odpowiednio na wniosek osoby uprawnionej lub jej przedstawiciela ustawowego (rodzica) (art. 15 ust.1 ustawy).<\/p>\n<p>\u015awiadczenia z funduszu alimentacyjnego nie przys\u0142uguj\u0105 (art. 10 ust. 2 ustawy) je\u017celi osoba uprawniona:<\/p>\n<ul>\n<li>zosta\u0142a umieszczona w instytucji zapewniaj\u0105cej ca\u0142odobowe utrzymanie lub w pieczy zast\u0119pczej;<\/li>\n<li>zawar\u0142a zwi\u0105zek ma\u0142\u017ce\u0144ski.<\/li>\n<\/ul>\n<p>\u015awiadczenia z funduszu alimentacyjnego przys\u0142uguj\u0105 w wysoko\u015bci bie\u017c\u0105co ustalonych aliment\u00f3w, jednak\u017ce <span style=\"color: #002c5b;\"><strong>nie wy\u017cszej ni\u017c 1 000 z\u0142<\/strong><\/span> (art. 10 ust. 1 ustawy).<\/p>\n<p>W przypadku gdy osoba ubiegaj\u0105ca si\u0119 o \u015bwiadczenia na nowy okres \u015bwiadczeniowy z\u0142o\u017cy wniosek wraz z wymaganymi dokumentami w okresie od dnia 1 pa\u017adziernika do dnia 31 pa\u017adziernika danego roku, ustalenie prawa do \u015bwiadcze\u0144 z funduszu alimentacyjnego oraz wyp\u0142ata przys\u0142uguj\u0105cych \u015bwiadcze\u0144 z funduszu alimentacyjnego nast\u0119puje do dnia 31 grudnia tego roku (art. 20 ust. 6 ustawy).<\/p>\n<p>W przypadku gdy osoba ubiegaj\u0105ca si\u0119 o \u015bwiadczenia na nowy okres \u015bwiadczeniowy z\u0142o\u017cy wniosek wraz z wymaganymi dokumentami w okresie od dnia 1 listopada do dnia 30 listopada danego roku, ustalenie prawa do \u015bwiadcze\u0144 z funduszu alimentacyjnego oraz wyp\u0142ata przys\u0142uguj\u0105cych \u015bwiadcze\u0144 z funduszu alimentacyjnego nast\u0119puje do dnia 31 stycznia nast\u0119pnego roku (art. 20 ust. 7 ustawy).<\/p>\n<p>W przypadku gdy osoba ubiegaj\u0105ca si\u0119 o \u015bwiadczenia na nowy okres \u015bwiadczeniowy z\u0142o\u017cy wniosek wraz z wymaganymi dokumentami w okresie od dnia 1 grudnia danego roku do dnia 31 stycznia nast\u0119pnego roku, ustalenie prawa do \u015bwiadcze\u0144 z funduszu alimentacyjnego oraz wyp\u0142ata przys\u0142uguj\u0105cych \u015bwiadcze\u0144 z funduszu alimentacyjnego nast\u0119puje do ostatniego dnia lutego nast\u0119pnego roku (art. 20 ust. 8 ustawy).<\/p>\n<h3><strong>Czy mo\u017cna ubiega\u0107 si\u0119 o \u015bwiadczenia z funduszu alimentacyjnego, gdy d\u0142u\u017cnik alimentacyjny zamieszkuje za granic\u0105 RP?<\/strong><\/h3>\n<p>W przypadku dochodzenia \u015bwiadcze\u0144 alimentacyjnych od d\u0142u\u017cnika zamieszka\u0142ego za granicami Rzeczypospolitej Polskiej, osoba uprawniona sk\u0142ada w S\u0105dzie Okr\u0119gowym \u2013 jako organie prowadz\u0105cym post\u0119powanie egzekucyjne (zamiast komornika s\u0105dowego) wniosek o wykonanie wyroku zas\u0105dzaj\u0105cego alimenty. Nast\u0119pnie do organu w\u0142a\u015bciwego wierzyciela sk\u0142ada wniosek o ustalenie prawa do \u015bwiadczenia z funduszu alimentacyjnego wraz z <span style=\"color: #002c5b;\"><strong>informacj\u0105 w\u0142a\u015bciwego s\u0105du lub w\u0142a\u015bciwej instytucji o podj\u0119ciu przez osob\u0119 uprawnion\u0105 czynno\u015bci zwi\u0105zanych z wykonywaniem tytu\u0142u wykonawczego za granic\u0105 albo o niepodj\u0119ciu tych czynno\u015bci w szczeg\u00f3lno\u015bci w zwi\u0105zku z brakiem podstawy prawnej do ich podj\u0119cia lub brakiem mo\u017cliwo\u015bci wskazania przez osob\u0119 uprawnion\u0105 miejsca zamieszkania d\u0142u\u017cnika alimentacyjnego za granic\u0105.<\/strong><\/span><\/p>\n<h4><strong>Dokumenty jakie nale\u017cy za\u0142\u0105czy\u0107 do wniosku o \u015bwiadczenia z funduszu alimentacyjnego (art. 15 ust. 4 ustawy):<\/strong><\/h4>\n<ul>\n<li>za\u015bwiadczenia lub o\u015bwiadczenia dokumentuj\u0105ce wysoko\u015b\u0107 innych dochod\u00f3w ni\u017c dochody podlegaj\u0105ce opodatkowaniu podatkiem dochodowym od os\u00f3b fizycznych na zasadach okre\u015blonych w art. 27, art. 30b, art. 30c, art. 30e i art. 30f ustawy z dnia 26 lipca 1991 r. o podatku dochodowym od os\u00f3b fizycznych (Dz.U. z 2022 r. poz. 2647 z p\u00f3\u017an. zm.), dotycz\u0105ce ka\u017cdego cz\u0142onka rodziny;<\/li>\n<li>za\u015bwiadczenia lub o\u015bwiadczenia oraz dowody niezb\u0119dne do ustalenia prawa do \u015bwiadczenia:<\/li>\n<\/ul>\n<p style=\"padding-left: 80px;\">a. za\u015bwiadczenie organu prowadz\u0105cego post\u0119powanie egzekucyjne albo o\u015bwiadczenie stwierdzaj\u0105ce bezskuteczno\u015b\u0107 egzekucji,<\/p>\n<p style=\"padding-left: 80px;\">b. odpis podlegaj\u0105cego wykonaniu orzeczenia s\u0105du zas\u0105dzaj\u0105cego alimenty, odpis postanowienia s\u0105du o zabezpieczeniu pow\u00f3dztwa o alimenty, odpis protoko\u0142u zawieraj\u0105cego tre\u015b\u0107 ugody s\u0105dowej lub ugody zawartej przed mediatorem,<\/p>\n<p style=\"padding-left: 80px;\">c. orzeczenie s\u0105du rodzinnego o ustaleniu opiekuna prawnego dla osoby uprawnionej,<\/p>\n<p style=\"padding-left: 80px;\">d. o\u015bwiadczenie o ucz\u0119szczaniu osoby uprawnionej do szko\u0142y lub szko\u0142y wy\u017cszej,<\/p>\n<p style=\"padding-left: 80px;\">e. informacje w\u0142a\u015bciwego s\u0105du lub w\u0142a\u015bciwej instytucji o podj\u0119ciu przez osob\u0119 uprawnion\u0105 czynno\u015bci zwi\u0105zanych z wykonaniem tytu\u0142u wykonawczego za granic\u0105 albo o niepodj\u0119ciu tych czynno\u015bci, w szczeg\u00f3lno\u015bci w zwi\u0105zku z: \u2013 brakiem podstawy prawnej do ich podj\u0119cia lub \u2013 brakiem mo\u017cliwo\u015bci wskazania przez osob\u0119 uprawnion\u0105 miejsca zamieszkania d\u0142u\u017cnika alimentacyjnego za granic\u0105,<\/p>\n<p style=\"padding-left: 80px;\">f. inne dokumenty potwierdzaj\u0105ce spe\u0142nianie warunk\u00f3w do przyznania lub ustalenia wysoko\u015bci \u015bwiadczenia z funduszu alimentacyjnego b\u0119d\u0105cego przedmiotem wniosku.<\/p>\n<ul>\n<li>W przypadku utraty dochodu lub uzyskania dochodu do wniosku o \u015bwiadczenie z funduszu alimentacyjnego nale\u017cy do\u0142\u0105czy\u0107 dokumenty potwierdzaj\u0105ce ich utrat\u0119 lub uzyskanie oraz ich wysoko\u015b\u0107 (art. 15 ust. 4a ustawy).<\/li>\n<li>Osoba sk\u0142adaj\u0105ca wniosek o przyznanie \u015bwiadcze\u0144 z funduszu alimentacyjnego sk\u0142ada o\u015bwiadczenia, o kt\u00f3rych mowa w art. 15 ust. 3 pkt 2 i 3 oraz ust. 4 pkt 1 i 3 lit. a oraz d, pod rygorem odpowiedzialno\u015bci karnej za sk\u0142adanie fa\u0142szywych zezna\u0144. Sk\u0142adaj\u0105cy o\u015bwiadczenie jest obowi\u0105zany do zawarcia w nim klauzuli nast\u0119puj\u0105cej tre\u015bci: \u201eJestem \u015bwiadomy odpowiedzialno\u015bci karnej za z\u0142o\u017cenie fa\u0142szywego o\u015bwiadczenia.\u201d. Klauzula ta zast\u0119puje pouczenie organu o odpowiedzialno\u015bci karnej za sk\u0142adanie fa\u0142szywych zezna\u0144. (art. 15 ust. 7 ustawy). Zgodnie z art. 233 \u00a7 1 ustawy z dnia 6 czerwca 1997 r. Kodeks Karny: Kto sk\u0142adaj\u0105c zeznanie maj\u0105ce s\u0142u\u017cy\u0107 za dow\u00f3d w post\u0119powaniu s\u0105dowym lub innym post\u0119powaniu prowadzonym na podstawie ustawy, zeznaje nieprawd\u0119 lub zataja prawd\u0119 podlega karze pozbawienia wolno\u015bci od 6 miesi\u0119cy do lat 8.<\/li>\n<\/ul>\n<p>Wniosek powinien zawiera\u0107 o\u015bwiadczenie wnioskodawcy o (art. 15 ust. 3 pkt 2 i 3 ustawy):<\/p>\n<ul>\n<li>przekazaniu organowi prowadz\u0105cemu post\u0119powanie egzekucyjne wszelkich znanych mu informacji niezb\u0119dnych do prowadzenia post\u0119powania egzekucyjnego przeciwko d\u0142u\u017cnikowi alimentacyjnemu;<\/li>\n<li>miejscu zamieszkania, wieku, zatrudnieniu i sytuacji ekonomicznej os\u00f3b zobowi\u0105zanych wzgl\u0119dem osoby uprawnionej do alimentacji.<\/li>\n<\/ul>\n<h3><strong>Dzia\u0142ania podejmowane wobec d\u0142u\u017cnik\u00f3w alimentacyjnych<\/strong><\/h3>\n<p>Dzia\u0142ania wobec d\u0142u\u017cnik\u00f3w alimentacyjnych okre\u015blone w ustawie z dnia 7 wrze\u015bnia 2007 r. <em>o pomocy osobom uprawnionym do aliment\u00f3w <\/em>podejmuje organ w\u0142a\u015bciwy d\u0142u\u017cnika (tj. w\u00f3jt, burmistrz lub prezydent miasta w\u0142a\u015bciwy ze wzgl\u0119du na miejsce zamieszkania d\u0142u\u017cnika alimentacyjnego) na wniosek organu w\u0142a\u015bciwego wierzyciela (tj. w\u00f3jta, burmistrza lub prezydenta miasta w\u0142a\u015bciwego ze wzgl\u0119du na miejsce zamieszkania osoby uprawnionej).<\/p>\n<p>W przypadku przyznania osobie uprawnionej \u015bwiadczenia z funduszu alimentacyjnego, umieszczenia osoby uprawnionej w pieczy zast\u0119pczej lub z\u0142o\u017cenia przez wierzyciela wniosku o podj\u0119cie dzia\u0142a\u0144 wobec d\u0142u\u017cnika alimentacyjnego organ w\u0142a\u015bciwy wierzyciela z urz\u0119du wyst\u0119puje z wnioskiem do organu w\u0142a\u015bciwego d\u0142u\u017cnika o podj\u0119cie dzia\u0142a\u0144 wobec d\u0142u\u017cnika alimentacyjnego.<\/p>\n<p>Po otrzymaniu wspomnianego wniosku organ w\u0142a\u015bciwy d\u0142u\u017cnika przeprowadza wywiad alimentacyjny w celu ustalenia sytuacji rodzinnej, dochodowej i zawodowej d\u0142u\u017cnika alimentacyjnego, a tak\u017ce jego stanu zdrowia oraz przyczyn nie\u0142o\u017cenia na utrzymanie osoby uprawnionej, odbiera od niego o\u015bwiadczenie maj\u0105tkowe oraz informuje d\u0142u\u017cnika o przekazaniu do biura informacji gospodarczej informacji gospodarczej o zobowi\u0105zaniu lub zobowi\u0105zaniach d\u0142u\u017cnika alimentacyjnego wynikaj\u0105cych z tytu\u0142u wyp\u0142aconego \u015bwiadczenia z funduszu alimentacyjnego oraz z tytu\u0142u wyp\u0142aconej zaliczki alimentacyjnej w razie powstania zaleg\u0142o\u015bci <span style=\"color: #002c5b;\"><strong>za okres d\u0142u\u017cszy ni\u017c 6 miesi\u0119cy.<\/strong><\/span><\/p>\n<p>Zebrane informacje, maj\u0105ce wp\u0142yw na skuteczno\u015b\u0107 prowadzonej egzekucji, w szczeg\u00f3lno\u015bci zawarte w wywiadzie alimentacyjnym i o\u015bwiadczeniu maj\u0105tkowym, organ w\u0142a\u015bciwy d\u0142u\u017cnika przekazuje komornikowi s\u0105dowemu prowadz\u0105cemu post\u0119powanie wobec danego d\u0142u\u017cnika.<\/p>\n<p>W przypadku gdy d\u0142u\u017cnik alimentacyjny nie mo\u017ce wywi\u0105za\u0107 si\u0119 ze swoich zobowi\u0105za\u0144 z powodu braku zatrudnienia, organ w\u0142a\u015bciwy d\u0142u\u017cnika:<\/p>\n<ul>\n<li>zobowi\u0105zuje d\u0142u\u017cnika alimentacyjnego do zarejestrowania si\u0119 jako bezrobotny albo jako poszukuj\u0105cy pracy w przypadku braku mo\u017cliwo\u015bci zarejestrowania si\u0119 jako bezrobotny wraz ze wskazaniem nie d\u0142u\u017cszego ni\u017c 30-dniowy terminu na wykonanie tego zobowi\u0105zania.<\/li>\n<li>informuje w\u0142a\u015bciwy powiatowy urz\u0105d pracy o potrzebie aktywizacji zawodowej d\u0142u\u017cnika alimentacyjnego.<\/li>\n<\/ul>\n<p>W przypadku gdy d\u0142u\u017cnik alimentacyjny uniemo\u017cliwia przeprowadzenie wywiadu alimentacyjnego lub odm\u00f3wi\u0142:<\/p>\n<ul>\n<li>z\u0142o\u017cenia o\u015bwiadczenia maj\u0105tkowego,<\/li>\n<li>zarejestrowania si\u0119 w powiatowym urz\u0119dzie pracy jako bezrobotny albo poszukuj\u0105cy pracy w terminie wyznaczonym przez organ w\u0142a\u015bciwy d\u0142u\u017cnika,<\/li>\n<li>bez uzasadnionej przyczyny, w rozumieniu przepis\u00f3w o promocji zatrudnienia i instytucjach rynku pracy, przyj\u0119cia propozycji odpowiedniego zatrudnienia lub innej pracy zarobkowej, wykonywania prac spo\u0142ecznie u\u017cytecznych, prac interwencyjnych, rob\u00f3t publicznych, prac na zasadach rob\u00f3t publicznych albo udzia\u0142u w szkoleniu, sta\u017cu lub przygotowaniu zawodowym doros\u0142ych,<\/li>\n<\/ul>\n<p>organ w\u0142a\u015bciwy d\u0142u\u017cnika wszczyna post\u0119powanie dotycz\u0105ce uznania d\u0142u\u017cnika alimentacyjnego za uchylaj\u0105cego si\u0119 od zobowi\u0105za\u0144 alimentacyjnych.<\/p>\n<p>Decyzji o uznaniu d\u0142u\u017cnika alimentacyjnego za uchylaj\u0105cego si\u0119 od zobowi\u0105za\u0144 alimentacyjnych nie wydaje si\u0119 wobec d\u0142u\u017cnika alimentacyjnego, kt\u00f3ry przez okres ostatnich 6 miesi\u0119cy wywi\u0105zywa\u0142 si\u0119 w ka\u017cdym miesi\u0105cu ze zobowi\u0105za\u0144 alimentacyjnych w kwocie nie ni\u017cszej ni\u017c 50% kwoty bie\u017c\u0105co ustalonych aliment\u00f3w.<\/p>\n<p>Je\u017celi decyzja o uznaniu d\u0142u\u017cnika alimentacyjnego za uchylaj\u0105cego si\u0119 od zobowi\u0105za\u0144 alimentacyjnych stanie si\u0119 ostateczna, organ w\u0142a\u015bciwy d\u0142u\u017cnika:<\/p>\n<ul>\n<li>sk\u0142ada wniosek o \u015bciganie za przest\u0119pstwo okre\u015blone w art. 209 \u00a7 1 ustawy z dnia 6 czerwca 1997 r. \u2014 Kodeks karny (Dz.U. z 2022r. poz. 1138 z p\u00f3\u017an. zm.) oraz<\/li>\n<li>po uzyskaniu z centralnej ewidencji kierowc\u00f3w informacji, \u017ce d\u0142u\u017cnik alimentacyjny posiada uprawnienie do kierowania pojazdami, kieruje wniosek do starosty o zatrzymanie prawa jazdy d\u0142u\u017cnika alimentacyjnego wraz z odpisem tej decyzji.<\/li>\n<\/ul>\n<p>Organ w\u0142a\u015bciwy d\u0142u\u017cnika alimentacyjnego przekazuje powiatowemu urz\u0119dowi pracy informacje o utracie statusu d\u0142u\u017cnika alimentacyjnego lub ustaniu potrzeby aktywizacji zawodowej d\u0142u\u017cnika alimentacyjnego.<\/p>\n<p>Na podstawie wniosku, o kt\u00f3rym mowa w ust.&nbsp;3b, starosta wydaje decyzj\u0119 o zatrzymaniu prawa jazdy.<\/p>\n<p>Uchylenie decyzji o zatrzymaniu prawa jazdy nast\u0119puje na wniosek organu w\u0142a\u015bciwego d\u0142u\u017cnika skierowanego do starosty, gdy:<\/p>\n<ul>\n<li>ustanie przyczyna zatrzymania prawa jazdy, o kt\u00f3rej mowa w ust. 3, oraz d\u0142u\u017cnik alimentacyjny przez okres ostatnich 6 miesi\u0119cy wywi\u0105za\u0142 si\u0119 w ka\u017cdym miesi\u0105cu ze zobowi\u0105za\u0144 alimentacyjnych w kwocie nie ni\u017cszej ni\u017c 50% kwoty bie\u017c\u0105co ustalonych aliment\u00f3w lub<\/li>\n<li>nast\u0105pi utrata statusu d\u0142u\u017cnika alimentacyjnego.<\/li>\n<\/ul>\n<p>Po otrzymaniu kolejnego wniosku o podj\u0119cie dzia\u0142a\u0144 wobec d\u0142u\u017cnika alimentacyjnego dotycz\u0105cego tego samego d\u0142u\u017cnika alimentacyjnego organ w\u0142a\u015bciwy d\u0142u\u017cnika przeprowadza z d\u0142u\u017cnikiem alimentacyjnym wywiad alimentacyjny oraz odbiera od niego o\u015bwiadczenie maj\u0105tkowe.<\/p>\n<p>W przypadku gdy organ w\u0142a\u015bciwy d\u0142u\u017cnika ustali na podstawie wywiadu alimentacyjnego lub o\u015bwiadczenia maj\u0105tkowego, \u017ce sytuacja d\u0142u\u017cnika alimentacyjnego nie uleg\u0142a zmianie, lub w przypadku gdy d\u0142u\u017cnik alimentacyjny uniemo\u017cliwi przeprowadzenie tego wywiadu lub odm\u00f3wi z\u0142o\u017cenia o\u015bwiadczenia maj\u0105tkowego, organ w\u0142a\u015bciwy d\u0142u\u017cnika nie informuje w\u0142a\u015bciwego powiatowego urz\u0119du pracy o potrzebie aktywizacji zawodowej d\u0142u\u017cnika alimentacyjnego ani nie wszczyna post\u0119powania dotycz\u0105cego uznania d\u0142u\u017cnika alimentacyjnego za uchylaj\u0105cego si\u0119 od zobowi\u0105za\u0144 alimentacyjnych, je\u017celi poprzednio wydana decyzja o uznaniu d\u0142u\u017cnika alimentacyjnego za uchylaj\u0105cego si\u0119 od zobowi\u0105za\u0144 alimentacyjnych pozostaje w mocy.<\/p>\n","protected":false},"excerpt":{"rendered":"<p>FUNDUSZ ALIMENTACYJNY \u015awiadczenia z funduszu alimentacyjnego przys\u0142uguj\u0105: \u015awiadczenia z funduszu alimentacyjnego przys\u0142uguj\u0105 osobie uprawnionej do aliment\u00f3w od rodzica na podstawie tytu\u0142u wykonawczego pochodz\u0105cego lub zatwierdzonego&hellip;<\/p>\n","protected":false},"author":1,"featured_media":0,"parent":0,"menu_order":0,"comment_status":"closed","ping_status":"closed","template":"","meta":{"ngg_post_thumbnail":0,"footnotes":""},"class_list":["post-335","page","type-page","status-publish","hentry"],"_links":{"self":[{"href":"https:\/\/cusstawiski.pl\/index.php?rest_route=\/wp\/v2\/pages\/335","targetHints":{"allow":["GET"]}}],"collection":[{"href":"https:\/\/cusstawiski.pl\/index.php?rest_route=\/wp\/v2\/pages"}],"about":[{"href":"https:\/\/cusstawiski.pl\/index.php?rest_route=\/wp\/v2\/types\/page"}],"author":[{"embeddable":true,"href":"https:\/\/cusstawiski.pl\/index.php?rest_route=\/wp\/v2\/users\/1"}],"replies":[{"embeddable":true,"href":"https:\/\/cusstawiski.pl\/index.php?rest_route=%2Fwp%2Fv2%2Fcomments&post=335"}],"version-history":[{"count":13,"href":"https:\/\/cusstawiski.pl\/index.php?rest_route=\/wp\/v2\/pages\/335\/revisions"}],"predecessor-version":[{"id":3899,"href":"https:\/\/cusstawiski.pl\/index.php?rest_route=\/wp\/v2\/pages\/335\/revisions\/3899"}],"wp:attachment":[{"href":"https:\/\/cusstawiski.pl\/index.php?rest_route=%2Fwp%2Fv2%2Fmedia&parent=335"}],"curies":[{"name":"wp","href":"https:\/\/api.w.org\/{rel}","templated":true}]}}