{"id":3723,"date":"2025-01-23T14:29:46","date_gmt":"2025-01-23T13:29:46","guid":{"rendered":"https:\/\/cusstawiski.pl\/?page_id=3723"},"modified":"2026-02-13T11:12:40","modified_gmt":"2026-02-13T10:12:40","slug":"program-senior-edycja-2024","status":"publish","type":"page","link":"https:\/\/cusstawiski.pl\/?page_id=3723","title":{"rendered":"Program &#8222;Senior+&#8221; &#8211; edycja 2024"},"content":{"rendered":"<h1 style=\"text-align: center;\"><strong>&#8222;SENIOR+&#8221; &#8211; edycja 2024<\/strong><\/h1>\n<p><span style=\"color: #002c5b;\"><strong>Gmina Stawiski przyst\u0105pi\u0142a do programu \u201eSenior + na lata 2021-2025\u201d, kt\u00f3ry finansowany jest ze \u015brodk\u00f3w Bud\u017cetu Pa\u0144stwa. Wysoko\u015b\u0107 otrzymanej kwoty na realizacj\u0119 zadania \u2013 51 600,00 z\u0142, ca\u0142kowita warto\u015b\u0107 zadania: 103 200,00 z\u0142.<\/strong><\/span><\/p>\n<p><a href=\"https:\/\/cusstawiski.pl\/wp-content\/uploads\/2026\/02\/senio2024.webp\"><img loading=\"lazy\" decoding=\"async\" class=\"alignright wp-image-4426\" src=\"https:\/\/cusstawiski.pl\/wp-content\/uploads\/2026\/02\/senio2024.webp\" alt=\"\" width=\"400\" height=\"566\" srcset=\"https:\/\/cusstawiski.pl\/wp-content\/uploads\/2026\/02\/senio2024.webp 1200w, https:\/\/cusstawiski.pl\/wp-content\/uploads\/2026\/02\/senio2024-212x300.webp 212w, https:\/\/cusstawiski.pl\/wp-content\/uploads\/2026\/02\/senio2024-849x1200.webp 849w, https:\/\/cusstawiski.pl\/wp-content\/uploads\/2026\/02\/senio2024-106x150.webp 106w, https:\/\/cusstawiski.pl\/wp-content\/uploads\/2026\/02\/senio2024-768x1086.webp 768w, https:\/\/cusstawiski.pl\/wp-content\/uploads\/2026\/02\/senio2024-1086x1536.webp 1086w\" sizes=\"auto, (max-width: 400px) 100vw, 400px\" \/><\/a>Celem strategicznym Programu jest zwi\u0119kszenie aktywnego uczestnictwa senior\u00f3w w \u017cyciu spo\u0142ecznym, poprzez dofinansowanie rozbudowy infrastruktury o\u015brodk\u00f3w wsparcia w \u015brodowisku lokalnym oraz zwi\u0119kszenie miejsc w o\u015brodkach wsparcia &#8222;Senior+&#8221;, tj. wsparcie dzia\u0142a\u0144 jednostek samorz\u0105du w rozwoju na ich terenie sieci Dziennych Dom\u00f3w &#8222;Senior+&#8221; i Klub\u00f3w &#8222;Senior+&#8221;.<\/p>\n<p>Celem operacyjnym Programu jest zapewnienie wsparcia seniorom \u2013 osobom nieaktywnym zawodowo w wieku 60 lat i wi\u0119cej \u2013 poprzez umo\u017cliwienie im korzystania z oferty na rzecz spo\u0142ecznej aktywno\u015bci, a tak\u017ce obejmuj\u0105cej us\u0142ugi w zakresie aktywno\u015bci ruchowej lub kinezyterapii, oferty edukacyjnej, kulturalnej, rekreacyjnej i opieku\u0144czej \u2013 w&nbsp;zale\u017cno\u015bci od potrzeb stwierdzonych w \u015brodowisku lokalnym. W ramach Programu udost\u0119pniana jest seniorom infrastruktura pozwalaj\u0105ca na aktywne sp\u0119dzanie wolnego czasu, a&nbsp;tak\u017ce zaktywizowanie i&nbsp;zaanga\u017cowanie senior\u00f3w w dzia\u0142ania samopomocowe i na rzecz \u015brodowiska lokalnego.<\/p>\n<p>Obecnie w Klubie Senior + w Stawiskach realizowane s\u0105 r\u00f3\u017cnorodne zaj\u0119cia. Skierowane nie tylko dla poszczeg\u00f3lnych grup ale i indywidualnych os\u00f3b. Dodatkowo dla senior\u00f3w organizowane s\u0105 spotkania integracyjne, ogniska, wycieczki, czy&nbsp; wsp\u00f3lne wyjazdy do kina. Ponadto Uczestnicy bardzo ch\u0119tnie spotykaj\u0105 si\u0119 w klubie chocia\u017cby po to, aby wsp\u00f3lnie bra\u0107 udzia\u0142 w rob\u00f3tkach r\u0119cznych lub w warsztatach.<\/p>\n<p>Seniorzy zainteresowani udzia\u0142em w zaj\u0119ciach prosimy o kontakt z pracownikami Centrum Us\u0142ug Spo\u0142ecznych w Stawiskach, ul. Polowa 26, 18-520 Stawiski, nr tel. (86) 273 81 70, email: cus@stawiski.pl, od poniedzia\u0142ku do pi\u0105tku w godz. 08.00-16.00.<\/p>\n","protected":false},"excerpt":{"rendered":"<p>&#8222;SENIOR+&#8221; &#8211; edycja 2024 Gmina Stawiski przyst\u0105pi\u0142a do programu \u201eSenior + na lata 2021-2025\u201d, kt\u00f3ry finansowany jest ze \u015brodk\u00f3w Bud\u017cetu Pa\u0144stwa. Wysoko\u015b\u0107 otrzymanej kwoty na&hellip;<\/p>\n","protected":false},"author":1,"featured_media":0,"parent":0,"menu_order":0,"comment_status":"closed","ping_status":"closed","template":"","meta":{"ngg_post_thumbnail":0,"footnotes":""},"class_list":["post-3723","page","type-page","status-publish","hentry"],"_links":{"self":[{"href":"https:\/\/cusstawiski.pl\/index.php?rest_route=\/wp\/v2\/pages\/3723","targetHints":{"allow":["GET"]}}],"collection":[{"href":"https:\/\/cusstawiski.pl\/index.php?rest_route=\/wp\/v2\/pages"}],"about":[{"href":"https:\/\/cusstawiski.pl\/index.php?rest_route=\/wp\/v2\/types\/page"}],"author":[{"embeddable":true,"href":"https:\/\/cusstawiski.pl\/index.php?rest_route=\/wp\/v2\/users\/1"}],"replies":[{"embeddable":true,"href":"https:\/\/cusstawiski.pl\/index.php?rest_route=%2Fwp%2Fv2%2Fcomments&post=3723"}],"version-history":[{"count":19,"href":"https:\/\/cusstawiski.pl\/index.php?rest_route=\/wp\/v2\/pages\/3723\/revisions"}],"predecessor-version":[{"id":4441,"href":"https:\/\/cusstawiski.pl\/index.php?rest_route=\/wp\/v2\/pages\/3723\/revisions\/4441"}],"wp:attachment":[{"href":"https:\/\/cusstawiski.pl\/index.php?rest_route=%2Fwp%2Fv2%2Fmedia&parent=3723"}],"curies":[{"name":"wp","href":"https:\/\/api.w.org\/{rel}","templated":true}]}}