{"id":3771,"date":"2025-02-21T14:29:15","date_gmt":"2025-02-21T13:29:15","guid":{"rendered":"https:\/\/cusstawiski.pl\/?page_id=3771"},"modified":"2026-02-24T16:59:21","modified_gmt":"2026-02-24T15:59:21","slug":"opieka-wytchnieniowa-edycja-2025","status":"publish","type":"page","link":"https:\/\/cusstawiski.pl\/?page_id=3771","title":{"rendered":"OPIEKA WYTCHNIENIOWA (edycja 2025)"},"content":{"rendered":"<h1 style=\"text-align: center;\"><span style=\"color: #002c5b;\"><strong>OPIEKA WYTCHNIENIOWA<br \/>\nDLA JEDNOSTEK SAMORZ\u0104DU TERYTORIALNEGO<\/strong><strong> \u2013 edycja 2025<\/strong><\/span><\/h1>\n<p><span style=\"color: #002c5b;\"><strong>Gmina Stawiski przyst\u0105pi\u0142a do programu &#8222;Opieka wytchnieniowa&#8221; dla Jednostek Samorz\u0105du Terytorialnego \u2013 edycja 2025 w ramach resortowego programu Ministra Rodziny, Pracy i Polityki Spo\u0142ecznej. Na realizacj\u0119 Projektu Gmina Stawiski otrzyma\u0142a \u015brodki z Funduszu Solidarno\u015bciowego w wysoko\u015bci <\/strong><strong>289 353,60 z\u0142<\/strong><\/span><\/p>\n<p><a href=\"https:\/\/cusstawiski.pl\/wp-content\/uploads\/2025\/02\/plakat__fundusz__celowy__420x297-OW_2025.webp\"><img loading=\"lazy\" decoding=\"async\" class=\"alignright wp-image-3774\" src=\"https:\/\/cusstawiski.pl\/wp-content\/uploads\/2025\/02\/plakat__fundusz__celowy__420x297-OW_2025.webp\" alt=\"\" width=\"400\" height=\"566\" srcset=\"https:\/\/cusstawiski.pl\/wp-content\/uploads\/2025\/02\/plakat__fundusz__celowy__420x297-OW_2025.webp 1200w, https:\/\/cusstawiski.pl\/wp-content\/uploads\/2025\/02\/plakat__fundusz__celowy__420x297-OW_2025-212x300.webp 212w, https:\/\/cusstawiski.pl\/wp-content\/uploads\/2025\/02\/plakat__fundusz__celowy__420x297-OW_2025-849x1200.webp 849w, https:\/\/cusstawiski.pl\/wp-content\/uploads\/2025\/02\/plakat__fundusz__celowy__420x297-OW_2025-106x150.webp 106w, https:\/\/cusstawiski.pl\/wp-content\/uploads\/2025\/02\/plakat__fundusz__celowy__420x297-OW_2025-768x1086.webp 768w, https:\/\/cusstawiski.pl\/wp-content\/uploads\/2025\/02\/plakat__fundusz__celowy__420x297-OW_2025-1086x1536.webp 1086w\" sizes=\"auto, (max-width: 400px) 100vw, 400px\" \/><\/a>G\u0142\u00f3wnym celem Programu jest wsparcie cz\u0142onk\u00f3w rodzin lub opiekun\u00f3w sprawuj\u0105cych bezpo\u015bredni\u0105 opiek\u0119 nad:<\/p>\n<ul>\n<li>dzie\u0107mi do uko\u0144czenia 16 roku \u017cycia posiadaj\u0105cymi orzeczenie o&nbsp; niepe\u0142nosprawno\u015bci,<\/li>\n<li>osobami posiadaj\u0105cymi orzeczenie o znacznym stopniu niepe\u0142nosprawno\u015bci (zgodnie z &nbsp;ustaw\u0105 z dnia 27 sierpnia 1997 r. o &nbsp;rehabilitacji zawodowej i spo\u0142ecznej oraz zatrudnianiu os\u00f3b niepe\u0142nosprawnych (Dz.U. z 2023 r. poz. 100, z p\u00f3\u017an.zm))<\/li>\n<\/ul>\n<p>poprzez mo\u017cliwo\u015b\u0107 uzyskania dora\u017anej, czasowej pomocy w formie us\u0142ugi opieki wytchnieniowej.<\/p>\n<p>Us\u0142ugi opieki wytchnieniowej mog\u0105 s\u0142u\u017cy\u0107 r\u00f3wnie\u017c okresowemu zabezpieczeniu potrzeb osoby z niepe\u0142nosprawno\u015bci\u0105 w sytuacji, gdy cz\u0142onkowie rodzin lub opiekunowie z r\u00f3\u017cnych powod\u00f3w nie b\u0119d\u0105 mogli wykonywa\u0107 swoich obowi\u0105zk\u00f3w. Wsparcie ma za zadanie odci\u0105\u017cenie od codziennych obowi\u0105zk\u00f3w \u0142\u0105cz\u0105cych si\u0119 ze sprawowaniem opieki nad osoba z &nbsp;niepe\u0142nosprawno\u015bci\u0105 poprzez zapewnienie czasowego zast\u0119pstwa w tym zakresie.<\/p>\n<p>Program adresowany jest do mieszka\u0144c\u00f3w Gminy Stawiski, cz\u0142onk\u00f3w rodzin lub opiekun\u00f3w sprawuj\u0105cych opiek\u0119 nad dzie\u0107mi z orzeczeniem o &nbsp;niepe\u0142nosprawno\u015bci oraz osobami posiadaj\u0105cymi orzeczenie o znacznym stopniu niepe\u0142nosprawno\u015bci albo orzeczenie traktowane na r\u00f3wni z&nbsp; orzeczeniem o znacznym stopniu niepe\u0142nosprawno\u015bci, kt\u00f3rzy wymagaj\u0105 us\u0142ug opieki wytchnieniowej.<\/p>\n<p>Us\u0142ugi opieki wytchnieniowej przys\u0142uguj\u0105 w przypadku zamieszkiwania cz\u0142onka rodziny lub opiekuna we wsp\u00f3lnym gospodarstwie domowym z&nbsp; osob\u0105 z niepe\u0142nosprawno\u015bci\u0105 i&nbsp; sprawowania ca\u0142odobowej opieki nad t\u0105 osoba niepe\u0142nosprawn\u0105. Aktywno\u015b\u0107 zawodowa nie wyklucza cz\u0142onka rodziny lub opiekuna z mo\u017cliwo\u015bci skorzystania ze wsparcia. Rodzaj i zakres godzinowy us\u0142ugi opieki wytchnieniowej jest uzale\u017cniony od osobistej sytuacji uczestnika Programu, z uwzgl\u0119dnieniem stopnia i rodzaju niepe\u0142nosprawno\u015bci.<\/p>\n<p>O wszelkich zmianach maj\u0105cych wp\u0142yw na prawo i warunki korzystania z&nbsp; us\u0142ugi opieki wytchnieniowej w ramach Programu (np. utrata statusu osoby z niepe\u0142nosprawno\u015bci\u0105, zmiana stopnia niepe\u0142nosprawno\u015bci, korzystanie z&nbsp; innych form opieki, zmiana miejsca zamieszkania) uczestnik Programu jest obowi\u0105zany niezw\u0142ocznie poinformowa\u0107.<\/p>\n<p>Us\u0142ugi opieki wytchnieniowej realizowane b\u0119d\u0105 przez opiekuna wytchnieniowego, w okresie od 01 marca do 31 grudnia 2025, przez 7 dni w&nbsp; tygodniu, w godzinach od 06:00-22:00.<\/p>\n<p>W Gminie Stawiski Program \u201eOpieka wytchnieniowa\u201d b\u0119dzie realizowany poprzez \u015bwiadczenie us\u0142ugi w ramach pobytu dziennego:<\/p>\n<ul>\n<li>w miejscu zamieszkania osoby niepe\u0142nosprawnej,<\/li>\n<li>innym miejscu wskazanym przez uczestnika Programu,<\/li>\n<\/ul>\n<p><span style=\"color: #002c5b;\"><strong><em>Uczestnik Programu, kt\u00f3remu przyznano pomoc w postaci us\u0142ugi opieki wytchnieniowej niezale\u017cnie od dochodu nie ponosi odp\u0142atno\u015bci za us\u0142ugi!!!<\/em><\/strong><\/span><\/p>\n<p><span style=\"color: #002c5b;\"><em><strong>Us\u0142ugi opieki wytchnieniowej przyznawane s\u0105 na podstawie Karty zg\u0142oszenia do Programu. Osoby zainteresowane wzi\u0119ciem udzia\u0142u w Programie powinny zg\u0142osi\u0107 ch\u0119\u0107 udzia\u0142u w Programie osobi\u015bcie w siedzibie CUS ul. Polowa 26, 18-520 Stawiski od poniedzia\u0142ku do pi\u0105tku w godzinach od 8:00-16:00 lub pod numerem telefonu 86 273 81 70.<\/strong><\/em><\/span><\/p>\n","protected":false},"excerpt":{"rendered":"<p>OPIEKA WYTCHNIENIOWA DLA JEDNOSTEK SAMORZ\u0104DU TERYTORIALNEGO \u2013 edycja 2025 Gmina Stawiski przyst\u0105pi\u0142a do programu &#8222;Opieka wytchnieniowa&#8221; dla Jednostek Samorz\u0105du Terytorialnego \u2013 edycja 2025 w ramach&hellip;<\/p>\n","protected":false},"author":1,"featured_media":0,"parent":0,"menu_order":0,"comment_status":"closed","ping_status":"closed","template":"","meta":{"ngg_post_thumbnail":0,"footnotes":""},"class_list":["post-3771","page","type-page","status-publish","hentry"],"_links":{"self":[{"href":"https:\/\/cusstawiski.pl\/index.php?rest_route=\/wp\/v2\/pages\/3771","targetHints":{"allow":["GET"]}}],"collection":[{"href":"https:\/\/cusstawiski.pl\/index.php?rest_route=\/wp\/v2\/pages"}],"about":[{"href":"https:\/\/cusstawiski.pl\/index.php?rest_route=\/wp\/v2\/types\/page"}],"author":[{"embeddable":true,"href":"https:\/\/cusstawiski.pl\/index.php?rest_route=\/wp\/v2\/users\/1"}],"replies":[{"embeddable":true,"href":"https:\/\/cusstawiski.pl\/index.php?rest_route=%2Fwp%2Fv2%2Fcomments&post=3771"}],"version-history":[{"count":7,"href":"https:\/\/cusstawiski.pl\/index.php?rest_route=\/wp\/v2\/pages\/3771\/revisions"}],"predecessor-version":[{"id":4499,"href":"https:\/\/cusstawiski.pl\/index.php?rest_route=\/wp\/v2\/pages\/3771\/revisions\/4499"}],"wp:attachment":[{"href":"https:\/\/cusstawiski.pl\/index.php?rest_route=%2Fwp%2Fv2%2Fmedia&parent=3771"}],"curies":[{"name":"wp","href":"https:\/\/api.w.org\/{rel}","templated":true}]}}