{"id":3868,"date":"2025-03-10T14:11:16","date_gmt":"2025-03-10T13:11:16","guid":{"rendered":"https:\/\/cusstawiski.pl\/?page_id=3868"},"modified":"2025-03-10T14:11:16","modified_gmt":"2025-03-10T13:11:16","slug":"cykle-przemocy","status":"publish","type":"page","link":"https:\/\/cusstawiski.pl\/?page_id=3868","title":{"rendered":"Cykle przemocy"},"content":{"rendered":"<h1 style=\"text-align: center;\"><strong>CYKLE PRZEMOCY<\/strong><\/h1>\n<p>Badania wykaza\u0142y, \u017ce zwi\u0105zki, w&nbsp;kt\u00f3rych kobiety doznaj\u0105 przemocy fizycznej ze strony swoich partner\u00f3w, przechodz\u0105 przez&nbsp;<span style=\"color: #002c5b;\"><strong>trzy fazy powtarzaj\u0105cego si\u0119 cyklu<\/strong>.<\/span><\/p>\n<p><span style=\"color: #002c5b;\"><strong>1. FAZA NARASTANIA NAPI\u0118CIA<\/strong><\/span><\/p>\n<p style=\"padding-left: 40px;\">W tej fazie partner jest napi\u0119ty i stale poirytowany. Ka\u017cdy drobiazg wywo\u0142uje jego z\u0142o\u015b\u0107, cz\u0119sto robi awantur\u0119, zaczyna wi\u0119cej pi\u0107, przyjmowa\u0107 narkotyki lub inne substancje zmieniaj\u0105ce \u015bwiadomo\u015b\u0107. Mo\u017ce poni\u017ca\u0107 partnerk\u0119, poprawiaj\u0105c swoje samopoczucie. Prowokuje k\u0142\u00f3tnie i staje si\u0119 coraz bardziej niebezpieczny. Sprawia wra\u017cenie, \u017ce nie panuje nad swoim gniewem. Druga strona stara si\u0119 jako\u015b opanowa\u0107 sytuacj\u0119 &#8211; uspokaja go, spe\u0142nia wszystkie zachcianki, wywi\u0105zuje si\u0119 ze wszystkich obowi\u0105zk\u00f3w. Cz\u0119sto przeprasza. Ci\u0105gle zastanawia si\u0119 nad tym, co mo\u017ce zrobi\u0107, aby poprawi\u0107 mu humor, uczyni\u0107 go szcz\u0119\u015bliwym i powstrzyma\u0107 przed wyrz\u0105dzeniem krzywdy. Niekt\u00f3re osoby w tej fazie maj\u0105 r\u00f3\u017cne dolegliwo\u015bci fizyczne, jak b\u00f3le \u017co\u0142\u0105dka, b\u00f3le g\u0142owy, bezsenno\u015b\u0107, utrat\u0119 apetytu. Inne wpadaj\u0105 w apati\u0119, trac\u0105 energi\u0119 do \u017cycia, lub staj\u0105 si\u0119 niespokojne i pobudliwe nerwowo. Jest to wynik narastania napi\u0119cia, kt\u00f3re po pewnym czasie staje si\u0119 nie do zniesienia. Zdarza si\u0119, \u017ce osoba w oczekiwaniu na najgorsze wywo\u0142uje w ko\u0144cu awantur\u0119, \u017ceby &#8222;mie\u0107 to ju\u017c za sob\u0105&#8221;.&nbsp;<\/p>\n<p><span style=\"color: #002c5b;\"><strong>2. FAZA OSTREJ\/GWA\u0141TOWNEJ PRZEMOCY<\/strong><\/span><\/p>\n<p style=\"padding-left: 40px;\">W tej fazie partner staje si\u0119 gwa\u0142towny. Wpada w&nbsp;sza\u0142 i&nbsp;wy\u0142adowuje si\u0119. Eksplozj\u0119 wywo\u0142uje zazwyczaj jaki\u015b drobiazg. Skutki u\u017cytej przemocy mog\u0105 by\u0107 r\u00f3\u017cne &#8211;&nbsp;podbite oko, po\u0142amane ko\u015bci, obra\u017cenia wewn\u0119trzne, poronienie, \u015bmier\u0107. Osoba do\u015bwiadczaj\u0105ca przemocy stara si\u0119 zrobi\u0107 wszystko, \u017ceby go uspokoi\u0107 i&nbsp;ochroni\u0107 siebie. Zazwyczaj, niezale\u017cnie od tego jak bardzo si\u0119 stara, w\u015bciek\u0142o\u015b\u0107 partnera narasta coraz bardziej. Czuje si\u0119 bezradna, bo ani przekonywanie sprawcy, ani bycie mi\u0142\u0105, ani unikanie ,&nbsp;ani bierne poddawanie si\u0119 mu nie pomaga i&nbsp;nie \u0142agodzi jego gniewu. Po zako\u0144czeniu wybuchu przemocy osoba, kt\u00f3ra jej do\u015bwiadczy\u0142a jest w&nbsp;stanie szoku. Nie mo\u017ce uwierzy\u0107, \u017ce to si\u0119 na prawd\u0119 sta\u0142o. Odczuwa wstyd i&nbsp;przera\u017cenie. Jest oszo\u0142omiona. Staje si\u0119 apatyczna, traci ochot\u0119 do \u017cycia, odczuwa z\u0142o\u015b\u0107 i&nbsp;bezradno\u015b\u0107.&nbsp;<\/p>\n<p><span style=\"color: #002c5b;\"><strong>3. FAZA MIODOWEGO MIESI\u0104CA<\/strong><\/span><\/p>\n<p style=\"padding-left: 40px;\">Gdy stosuj\u0105cy przemoc wy\u0142adowa\u0142 ju\u017c swoj\u0105 z\u0142o\u015b\u0107 i&nbsp;wie \u017ce posun\u0105\u0142 si\u0119 za daleko nagle staje si\u0119 inn\u0105 osob\u0105. Szczerze \u017ca\u0142uje za to, co zrobi\u0142, okazuje skruch\u0119 i&nbsp;obiecuje, \u017ce to si\u0119 nigdy nie powt\u00f3rzy. Stara si\u0119 znale\u017a\u0107 jakie\u015b wyt\u0142umaczenie dla tego, co zrobi\u0142 i&nbsp;przekonuje drug\u0105 stron\u0119, \u017ce to by\u0142 jednorazowy, wyj\u0105tkowy incydent, kt\u00f3ry ju\u017c si\u0119 nigdy nie zdarzy. Okazuje ciep\u0142o i&nbsp;mi\u0142o\u015b\u0107. Staje si\u0119 znowu podobny do tego, jaki by\u0142 na pocz\u0105tku znajomo\u015bci. Przynosi kwiaty, prezenty, zachowuje si\u0119 jakby przemoc nigdy nie mia\u0142a miejsca. Rozmawia z&nbsp;osob\u0105, kt\u00f3r\u0105 skrzywdzi\u0142, dzieli si\u0119 swoimi prze\u017cyciami, obiecuje, \u017ce nigdy ju\u017c nie powt\u00f3rz\u0105 si\u0119 podobne zachowania. Dba o&nbsp;drug\u0105 stron\u0119 sp\u0119dza z&nbsp;ni\u0105 czas i&nbsp;utrzymuje bardzo satysfakcjonuj\u0105ce kontakty seksualne. Obie osoby zachowuj\u0105 si\u0119 jak \u015bwie\u017co zakochana para. Osoba po do\u015bwiadczeniu przemocy zaczyna wierzy\u0107 w&nbsp;to, \u017ce partner si\u0119 zmieni\u0142 i&nbsp;\u017ce przemoc by\u0142a jedynie incydentem. Czuje si\u0119 kochana, my\u015bli, \u017ce jest dla niego wa\u017cna. Spe\u0142niaj\u0105 si\u0119 jej marzenia o&nbsp;cudownej mi\u0142o\u015bci, odczuwa blisko\u015b\u0107 i&nbsp;zespolenie z&nbsp;partnerem. \u017bycie we dwoje wydaje si\u0119 pi\u0119kne i&nbsp;pe\u0142ne nadziei. Ale faza miodowego miesi\u0105ca przemijaj\u0105 i&nbsp;znowu rozpoczyna si\u0119 faza narastania napi\u0119cia. Zatrzymuje ona osob\u0119 w&nbsp;cyklu przemocy, bo \u0142atwo pod jej wp\u0142ywem zapomnie\u0107 o&nbsp;koszmarze pozosta\u0142ych dw\u00f3ch faz.<\/p>\n<p>Wa\u017cne s\u0105 zmiany w ka\u017cdym z cykli. Dotycz\u0105:<\/p>\n<ul>\n<li>nat\u0119\u017cenia przemocy &#8211; w ka\u017cdym kolejnym cyklu przemoc staje si\u0119 gwa\u0142towniejsza;<\/li>\n<li>nat\u0119\u017cenia przeprosin i zachowa\u0144 maj\u0105cych zado\u015b\u0107uczyni\u0107 &#8211; w ka\u017cdym kolejnym cyklu jest ich coraz mniej;<\/li>\n<li>czasu trwania cyklu &#8211; ka\u017cdy cykl trwa coraz kr\u00f3cej.<\/li>\n<\/ul>\n","protected":false},"excerpt":{"rendered":"<p>CYKLE PRZEMOCY Badania wykaza\u0142y, \u017ce zwi\u0105zki, w&nbsp;kt\u00f3rych kobiety doznaj\u0105 przemocy fizycznej ze strony swoich partner\u00f3w, przechodz\u0105 przez&nbsp;trzy fazy powtarzaj\u0105cego si\u0119 cyklu. 1. FAZA NARASTANIA NAPI\u0118CIA&hellip;<\/p>\n","protected":false},"author":1,"featured_media":0,"parent":0,"menu_order":0,"comment_status":"closed","ping_status":"closed","template":"","meta":{"ngg_post_thumbnail":0,"footnotes":""},"class_list":["post-3868","page","type-page","status-publish","hentry"],"_links":{"self":[{"href":"https:\/\/cusstawiski.pl\/index.php?rest_route=\/wp\/v2\/pages\/3868","targetHints":{"allow":["GET"]}}],"collection":[{"href":"https:\/\/cusstawiski.pl\/index.php?rest_route=\/wp\/v2\/pages"}],"about":[{"href":"https:\/\/cusstawiski.pl\/index.php?rest_route=\/wp\/v2\/types\/page"}],"author":[{"embeddable":true,"href":"https:\/\/cusstawiski.pl\/index.php?rest_route=\/wp\/v2\/users\/1"}],"replies":[{"embeddable":true,"href":"https:\/\/cusstawiski.pl\/index.php?rest_route=%2Fwp%2Fv2%2Fcomments&post=3868"}],"version-history":[{"count":4,"href":"https:\/\/cusstawiski.pl\/index.php?rest_route=\/wp\/v2\/pages\/3868\/revisions"}],"predecessor-version":[{"id":3872,"href":"https:\/\/cusstawiski.pl\/index.php?rest_route=\/wp\/v2\/pages\/3868\/revisions\/3872"}],"wp:attachment":[{"href":"https:\/\/cusstawiski.pl\/index.php?rest_route=%2Fwp%2Fv2%2Fmedia&parent=3868"}],"curies":[{"name":"wp","href":"https:\/\/api.w.org\/{rel}","templated":true}]}}