{"id":3875,"date":"2025-03-10T14:22:50","date_gmt":"2025-03-10T13:22:50","guid":{"rendered":"https:\/\/cusstawiski.pl\/?page_id=3875"},"modified":"2025-03-10T14:27:06","modified_gmt":"2025-03-10T13:27:06","slug":"zjawiska-charakterystyczne-dla-przemocy-domowej","status":"publish","type":"page","link":"https:\/\/cusstawiski.pl\/?page_id=3875","title":{"rendered":"ZJAWISKA CHARAKTERYSTYCZNE DLA PRZEMOCY DOMOWEJ"},"content":{"rendered":"<h1 style=\"text-align: center;\"><strong>ZJAWISKA CHARAKTERYSTYCZNE<br \/>\nDLA PRZEMOCY DOMOWEJ<\/strong><\/h1>\n<p><span style=\"color: #002c5b;\"><strong>Pranie m\u00f3zgu<\/strong><\/span><\/p>\n<p>Pranie m\u00f3zgu jest istot\u0105 przemocy psychicznej. Polega na systematycznym wp\u0142ywaniu na pogl\u0105dy, postawy i&nbsp;przekonania drugiej osoby. Odbywa si\u0119 poprzez poni\u017canie, degradacj\u0119, nieustanne gro\u017aby oraz pokazywanie swojej przewagi a&nbsp;tak\u017ce przez izolowanie od innych ludzi i&nbsp;ogniskowanie uwagi na sobie przez tworzenie atmosfery zagro\u017cenia. Jednocze\u015bnie sporadycznie okazywana jest przychylno\u015b\u0107 oraz pob\u0142a\u017cliwo\u015b\u0107 czy zadowolenie z&nbsp;reakcji osoby poddanej takim oddzia\u0142ywaniom. Powoduje to cz\u0119sto ch\u0119\u0107 (tak\u017ce nie\u015bwiadom\u0105) zas\u0142u\u017cenia na pochwa\u0142\u0119. Zabiegi te stosowane s\u0105 w&nbsp;celu zmiany przekona\u0144 i&nbsp;postaw drugiej osoby. Z&nbsp;biegiem czasu i&nbsp;pod ich wp\u0142ywem zmieniaj\u0105 si\u0119 uczucia i&nbsp;potrzeby zgodnie z&nbsp;intencj\u0105 osoby manipuluj\u0105cej.<\/p>\n<p>Efektem takich oddzia\u0142ywa\u0144 jest zmiana tak\u017ce obrazu siebie \u2013 osoba w&nbsp;ten spos\u00f3b traktowana zaczyna my\u015ble\u0107 o&nbsp;sobie zdaniami zas\u0142yszanymi od agresora. Przez stopniowe odcinanie jej od \u015bwiata poza ta relacj\u0105 nie mo\u017ce zestawi\u0107 tych pogl\u0105d\u00f3w ze zdaniem innych ludzi. Postrzegaj\u0105 siebie jako g\u0142upie wi\u0119c w&nbsp;rezultacie nie podejmuj\u0105 si\u0119 trudniejszych zada\u0144, co prowadzi do coraz gorszego zdania o&nbsp;sobie i&nbsp;przez to potwierdzania zas\u0142yszanych na sw\u00f3j temat epitet\u00f3w.<\/p>\n<p><span style=\"color: #002c5b;\"><strong>Wyuczona bezradno\u015b\u0107<\/strong><\/span><\/p>\n<p>Jest efektem szeregu do\u015bwiadcze\u0144, kt\u00f3re nie prowadzi\u0142y do osi\u0105gni\u0119cia celu. Tak dzieje si\u0119 w&nbsp;sytuacji przemocy \u2013 osoba, kt\u00f3ra jej do\u015bwiadcza pr\u00f3buje zmieni\u0107 sytuacj\u0119. Jednak podejmuj\u0105c wysi\u0142ki, kt\u00f3re by\u0142y albo niewystarczaj\u0105ce albo skierowane na niemo\u017cliw\u0105 zmian\u0119 lub niekonsekwentne, os\u0142abia si\u0119 i&nbsp;nabiera przekonania o&nbsp;w\u0142asnej bezsilno\u015bci. W&nbsp;takim stanie emocjonalnym podejmowanie kolejnych dzia\u0142a\u0144 jest coraz trudniejsze i&nbsp;je\u017celi nie przynosi efekt\u00f3w, odbiera wiar\u0119 we w\u0142asna sprawczo\u015b\u0107. W&nbsp;skrajnym przypadku mo\u017cna mie\u0107 do dyspozycji konkretne \u015brodki lecz przez niewiar\u0119 w&nbsp;ich skuteczno\u015b\u0107, nie si\u0119gn\u0105\u0107 po nie. Dlatego tak wa\u017cna jest metoda ma\u0142ych, realnych i&nbsp;wykonalnych krok\u00f3w. Stopniowo podejmuj\u0105c dzia\u0142ania przynosz\u0105ce efekt mo\u017cna zyska\u0107 tak\u017ce zmian\u0119 w&nbsp;my\u015bleniu o&nbsp;w\u0142asnej skuteczno\u015bci.<\/p>\n<p><span style=\"color: #002c5b;\"><strong>Poczucie winy<\/strong><\/span><\/p>\n<p>Charakterystycznym dla obrazu przemocy jest wyst\u0119powanie poczucia winy u&nbsp;osoby do\u015bwiadczaj\u0105cej przemocy oraz jego brak u&nbsp;osoby stosuj\u0105cej przemoc.<\/p>\n<p>Wynika to z&nbsp;mechanizm\u00f3w obronnych u\u017cywanych przez te dwie strony \u2013 osoba stosuj\u0105c przemoc obwinia o&nbsp;ni\u0105 drug\u0105 stron\u0119 \u2013 jest to swoista strategia, kt\u00f3ra oddala od niej nieprzyjemne odczucie winy i&nbsp;dyskomfort z&nbsp;ni\u0105 zwi\u0105zany. Przybiera to cz\u0119sto posta\u0107 wyrzut\u00f3w czy fa\u0142szywych uzasadnie\u0144 typu: gdyby\u015b mnie nie prowokowa\u0142\/a, co z&nbsp;ciebie za matka\/ojciec, jakby\u015b si\u0119 bardziej stara\u0142\/a, to bym tego nie zrobi\u0142\/\u0142a, to przez ciebie.<\/p>\n<p>Osoba do\u015bwiadczaj\u0105c przemocy i&nbsp;przyjmuj\u0105c za to win\u0119 na siebie jednocze\u015bnie w&nbsp;paradoksalny spos\u00f3b uzasadnia sobie ten niewyobra\u017calny fakt, \u017ce kto\u015b bliski j\u0105 krzywdzi. Skoro wina le\u017cy po jej stronie, to jest to \u0142atwiej zaakceptowa\u0107 ni\u017c fakt zdrady zaufania. \u015awiat nadal jest bliski i&nbsp;bezpieczny skoro to wie, kto za to odpowiada. Jest to jednak fa\u0142szywe poczucie winy, gdy\u017c powstaje na skutek mechanizmu prania m\u00f3zgu, jest wszczepione przez szereg dzia\u0142a\u0144 drugiej strony. Cz\u0119sto prowadzi tak\u017ce do pr\u00f3b naprawienia szk\u00f3d i&nbsp;ch\u0119ci zmiany zachowania w&nbsp;kierunku po\u017c\u0105danym przez agresora. S\u0105 one nieskuteczne, gdy\u017c nie maj\u0105 podstaw w&nbsp;faktach. Za przemoc odpowiedzialna jest jedynie osoba j\u0105 stosuj\u0105ca.<\/p>\n<p><span style=\"color: #002c5b;\"><strong>Wiktymizacja pierwotna i&nbsp;wt\u00f3rna<\/strong><\/span><\/p>\n<p>Wiktymizacja pierwotna czyli proces stawania si\u0119 ofiar\u0105 czyli osob\u0105, kt\u00f3ra na skutek do\u015bwiadczonej przemocy:<\/p>\n<ul>\n<li>ma niskie poczucie w\u0142asnej warto\u015bci<\/li>\n<li>ma niskie poczucie kontroli swego \u017cycia<\/li>\n<li>dominuj\u0105cymi uczuciami, kt\u00f3re prze\u017cywa to l\u0119k, wstyd i&nbsp;poczucie winy<\/li>\n<li>ma niezaspokojone potrzeby bezpiecze\u0144stwa, mi\u0142o\u015bci i&nbsp;akceptacji<\/li>\n<li>ma ma\u0142o sprawczo\u015bci i&nbsp;przekonania o&nbsp;w\u0142asnej skuteczno\u015bci, w&nbsp;zwi\u0105zku z&nbsp;tym nie podejmuje wyzwa\u0144<\/li>\n<li>maj\u0105 trudno\u015bci w&nbsp;komunikowaniu si\u0119<\/li>\n<li>maj\u0105 s\u0142aby kontakt z&nbsp;w\u0142asnymi uczuciami, potrzebami oraz cia\u0142em<\/li>\n<\/ul>\n<p>Poj\u0119cie wt\u00f3rnej wiktymizacji wi\u0105\u017ce si\u0119 w\u0142a\u015bnie z&nbsp;dzia\u0142alno\u015bci\u0105 os\u00f3b, kt\u00f3re powo\u0142ane s\u0105, by w&nbsp;spotkaniu z&nbsp;ofiar\u0105 przest\u0119pstwa udzieli\u0107 jej pomocy, tymczasem swoj\u0105 postaw\u0105 przysparzaj\u0105 jej wielu cierpie\u0144. Powoduj\u0105 w\u00f3wczas, \u017ce przyj\u0119ta rola ofiary utrwala si\u0119.<\/p>\n<p><span style=\"color: #002c5b;\"><strong>Czynniki wyzwalaj\u0105ce<\/strong><\/span><\/p>\n<p>Czynniki wyzwalaj\u0105ce to wszystko to, co wyzwala z&nbsp;pozycji osoby do\u015bwiadczaj\u0105cej przemocy. Mog\u0105 one przynale\u017ce\u0107 do cech lub zasob\u00f3w danej osoby (np. otwarto\u015b\u0107 na ludzi, wykszta\u0142cenie) \u2013 czyli czynniki wewn\u0119trzne albo zale\u017ce\u0107 od \u015brodowiska, w&nbsp;kt\u00f3rym osoba si\u0119 porusza, czyli czynniki zewn\u0119trzne (np. szerokie grono przyjaci\u00f3\u0142).<\/p>\n<p><span style=\"color: #002c5b;\"><strong>Czynniki zniewalaj\u0105ce<\/strong><\/span><\/p>\n<p>S\u0105 to te wszystkie elementy otoczenia osoby jak i jej cech osobistych czy spo\u0142eczno-ekonomicznych, kt\u00f3re b\u0119d\u0105 utrzymywa\u0107 osob\u0119 do\u015bwiadczaj\u0105c\u0105 przemocy w jej roli. Tutaj tak\u017ce wyr\u00f3\u017cniamy czynniki zewn\u0119trzne jak i wewn\u0119trzne. Przyk\u0142adem mo\u017ce by\u0107 przekonanie wyniesione z domu rodzinnego, \u017ce kobieta powinna by\u0107 cicha i pos\u0142uszna oraz, \u017ce nie poradzi sobie w \u017cyciu bez m\u0119\u017cczyzny. Je\u015bli takie mity powtarza otoczenie (czynnik zewn\u0119trzny) i jest ono przyj\u0119te bez zastrze\u017ce\u0144 przez osob\u0119 (czynnik wewn\u0119trzny) to wychodzenie z sytuacji przemocy jest utrudnione.<\/p>\n<p>Inne przyk\u0142ady czynnik\u00f3w zniewalaj\u0105cych zewn\u0119trznych to np. brak pracy, lub niskop\u0142atna praca, brak wykszta\u0142cenia, choroba lub niepe\u0142nosprawno\u015b\u0107, ma\u0142e wsparcie spo\u0142eczne. Czynnikami wewn\u0119trznymi, kt\u00f3re zniewalaj\u0105 to np. ma\u0142e poczucie w\u0142asnej warto\u015bci, nieumiej\u0119tno\u015b\u0107 wyra\u017cania w\u0142asnych potrzeb, niska asertywno\u015b\u0107,&nbsp; przekonania podtrzymuj\u0105ce dominacj\u0119 osoby stosuj\u0105cej przemoc typu &#8222;jak si\u0119 wy\u017cyje, to potem b\u0119dzie spok\u00f3j&#8221;, &#8222;nie poradz\u0119 sobie w pojedynk\u0119&#8221;.<\/p>\n<p><a href=\"https:\/\/cusstawiski.pl\/wp-content\/uploads\/2025\/03\/zjawiska.png\"><img loading=\"lazy\" decoding=\"async\" class=\"size-full wp-image-3878 aligncenter\" src=\"https:\/\/cusstawiski.pl\/wp-content\/uploads\/2025\/03\/zjawiska.png\" alt=\"\" width=\"1200\" height=\"300\" srcset=\"https:\/\/cusstawiski.pl\/wp-content\/uploads\/2025\/03\/zjawiska.png 1200w, https:\/\/cusstawiski.pl\/wp-content\/uploads\/2025\/03\/zjawiska-300x75.png 300w, https:\/\/cusstawiski.pl\/wp-content\/uploads\/2025\/03\/zjawiska-150x38.png 150w, https:\/\/cusstawiski.pl\/wp-content\/uploads\/2025\/03\/zjawiska-768x192.png 768w\" sizes=\"auto, (max-width: 1200px) 100vw, 1200px\" \/><\/a><\/p>\n","protected":false},"excerpt":{"rendered":"<p>ZJAWISKA CHARAKTERYSTYCZNE DLA PRZEMOCY DOMOWEJ Pranie m\u00f3zgu Pranie m\u00f3zgu jest istot\u0105 przemocy psychicznej. Polega na systematycznym wp\u0142ywaniu na pogl\u0105dy, postawy i&nbsp;przekonania drugiej osoby. Odbywa si\u0119&hellip;<\/p>\n","protected":false},"author":1,"featured_media":0,"parent":0,"menu_order":0,"comment_status":"closed","ping_status":"closed","template":"","meta":{"ngg_post_thumbnail":0,"footnotes":""},"class_list":["post-3875","page","type-page","status-publish","hentry"],"_links":{"self":[{"href":"https:\/\/cusstawiski.pl\/index.php?rest_route=\/wp\/v2\/pages\/3875","targetHints":{"allow":["GET"]}}],"collection":[{"href":"https:\/\/cusstawiski.pl\/index.php?rest_route=\/wp\/v2\/pages"}],"about":[{"href":"https:\/\/cusstawiski.pl\/index.php?rest_route=\/wp\/v2\/types\/page"}],"author":[{"embeddable":true,"href":"https:\/\/cusstawiski.pl\/index.php?rest_route=\/wp\/v2\/users\/1"}],"replies":[{"embeddable":true,"href":"https:\/\/cusstawiski.pl\/index.php?rest_route=%2Fwp%2Fv2%2Fcomments&post=3875"}],"version-history":[{"count":5,"href":"https:\/\/cusstawiski.pl\/index.php?rest_route=\/wp\/v2\/pages\/3875\/revisions"}],"predecessor-version":[{"id":3882,"href":"https:\/\/cusstawiski.pl\/index.php?rest_route=\/wp\/v2\/pages\/3875\/revisions\/3882"}],"wp:attachment":[{"href":"https:\/\/cusstawiski.pl\/index.php?rest_route=%2Fwp%2Fv2%2Fmedia&parent=3875"}],"curies":[{"name":"wp","href":"https:\/\/api.w.org\/{rel}","templated":true}]}}