{"id":3883,"date":"2025-03-10T14:28:49","date_gmt":"2025-03-10T13:28:49","guid":{"rendered":"https:\/\/cusstawiski.pl\/?page_id=3883"},"modified":"2025-03-10T14:28:49","modified_gmt":"2025-03-10T13:28:49","slug":"o-przemocy","status":"publish","type":"page","link":"https:\/\/cusstawiski.pl\/?page_id=3883","title":{"rendered":"O PRZEMOCY"},"content":{"rendered":"<h1 style=\"text-align: center;\"><strong>O PRZEMOCY<\/strong><\/h1>\n<p><span style=\"color: #002c5b;\"><strong>Sprawc\u0105 przemocy<\/strong><\/span>, czyli&nbsp;<span style=\"color: #002c5b;\"><strong>osob\u0105 stosuj\u0105c\u0105 przemoc<\/strong><\/span>, jest cz\u0119\u015bciej m\u0119\u017cczyzna (92%-95%), ni\u017c kobieta (8%-5%). Z&nbsp;bada\u0144 psycholog\u00f3w wynika, \u017ce zaledwie 10% tych os\u00f3b zachowuje si\u0119 tak na skutek choroby psychicznej (np. schizofrenii czy manii) lub jest przejawem zaburzonej osobowo\u015bci (np. dyssocjalnej).<\/p>\n<p>Osoby stosuj\u0105ce przemoc za podstaw\u0119 relacji mi\u0119dzyludzkich uznaj\u0105 uk\u0142ad dominacji \u2013 jedna osoba ma w\u0142adz\u0119, a&nbsp;druga ma si\u0119 jej podporz\u0105dkowa\u0107. Sprzyja temu tradycyjna m\u0119ska rola macho, kt\u00f3r\u0105 te osoby cz\u0119sto przyjmuj\u0105. Na zewn\u0105trz prezentuj\u0105 si\u0119 jako silne, sprawcze, czasem dominuj\u0105ce i&nbsp;bezkompromisowe osoby lub jako dusze towarzystwa, kt\u00f3re manipuluj\u0105c otoczeniem potrafi\u0105 zjedna\u0107 sobie ludzi. Wewn\u0105trz za du\u017cym poziomem agresji, kryje si\u0119 r\u00f3wnie du\u017cy poziom l\u0119ku. W&nbsp;sytuacjach niepewnych trac\u0105c poczucie bezpiecze\u0144stwa, maj\u0105 tendencj\u0119 do impulsywnego odreagowywania. Z\u0142o\u015b\u0107, gniew, czasem furia dominuj\u0105 w&nbsp;krajobrazie emocjonalnym. Maj\u0105 bardzo ma\u0142o empatii i&nbsp;ciep\u0142a emocjonalnego oraz nik\u0142\u0105 \u015bwiadomo\u015b\u0107 w\u0142asnych uczu\u0107 oraz potrzeb. Reaguj\u0105 wybuchami agresji, cz\u0119sto impulsywnie. Czasem twierdz\u0105, \u017ce jest to przymusowe. Rozbudowany jest u&nbsp;tych os\u00f3b system uzasadnienia stosowanej przemocy. Opiera si\u0119 na wielu mechanizmach obronnych \u2013 np. na racjonalizacji, wypieraniu, zaprzeczaniu i&nbsp;projekcji. Po\u017cywk\u0105 dla tych mechanizm\u00f3w s\u0105 obecne w&nbsp;przestrzeni spo\u0142ecznej mity, na temat przemocy i&nbsp;powielane uzasadnienia dla jej u\u017cywania.<\/p>\n<p>Osoby stosuj\u0105ce przemoc nie umiej\u0105 nawi\u0105zywa\u0107 i&nbsp;utrzymywa\u0107 bliskich relacji. Dobrze czuja si\u0119 maj\u0105c przewag\u0119 w&nbsp;relacji i&nbsp;utrzymuj\u0105 j\u0105 przez nieustann\u0105 kontrol\u0119. Rozwini\u0119te poczucie w\u0142asno\u015bci dotyczy tak\u017ce bliskich os\u00f3b, kt\u00f3re traktuj\u0105 przedmiotowo. Odmawiaj\u0105 im prawa do innych plan\u00f3w i&nbsp;potrzeb. Autonomi\u0119 innych cz\u0142onk\u00f3w rodziny traktuj\u0105 jako zagro\u017cenie. Kieruj\u0105 si\u0119 w\u00f3wczas podejrzliwo\u015bci\u0105 i&nbsp;zazdro\u015bci\u0105. Niskie poczucie w\u0142asnej warto\u015bci i&nbsp;potrzeba kontroli w&nbsp;sytuacji zagro\u017cenia, np. gdy zwi\u0105zek si\u0119 rozpada, a&nbsp;partner\/ka chce odej\u015b\u0107, czyni\u0105 ich najbardziej niebezpiecznymi. Reaguj\u0105 wtedy w&nbsp;jedyny znany sobie spos\u00f3b lub te\u017c najbardziej dost\u0119pny tj. agresj\u0105. Skupiaj\u0105 si\u0119 na sobie, potrzebuj\u0105 natychmiast odreagowa\u0107 pojawiaj\u0105cy si\u0119 gniew i&nbsp;wrogo\u015b\u0107.<\/p>\n<p>Nie licz\u0105 si\u0119 z&nbsp;uczuciami i&nbsp;potrzebami innych ludzi, maj\u0105 ma\u0142\u0105 zdolno\u015b\u0107 do kompromisu. S\u0105 niezadowoleni ze swego \u017cycia i&nbsp;zwi\u0105zku, tym bardziej, \u017ce relacje opieraj\u0105 na przymusie i&nbsp;potrzebie dominacji. Jest im trudno nawi\u0105zywa\u0107 i&nbsp;utrzymywa\u0107 zwi\u0105zki intymne, gdy\u017c maj\u0105 problem z&nbsp;blisko\u015bci\u0105 w&nbsp;relacjach. Nie pojmuj\u0105 uczu\u0107 innych ludzi, a&nbsp;tym bardziej swoich, w&nbsp;zwi\u0105zku z&nbsp;tym nie potrafi\u0105 ich komunikowa\u0107. Niesta\u0142o\u015b\u0107 nastroju wi\u0105\u017ce si\u0119 z&nbsp;niesta\u0142o\u015bci\u0105 zachowa\u0144, za kt\u00f3re nie bior\u0105 odpowiedzialno\u015bci. Przyczyn w\u0142asnych frustracji upatruj\u0105 w&nbsp;innych, co dowodzi emocjonalnej niedojrza\u0142o\u015bci. Dobrze czuj\u0105 si\u0119 jedynie w&nbsp;ramach tradycyjnych r\u00f3l spo\u0142ecznych. Takie osoby cechuje sztywno\u015b\u0107 zachowa\u0144, postaw i&nbsp;przekona\u0144.<\/p>\n<p><span style=\"color: #002c5b;\"><strong>Czynniki ryzyka stosowania przemocy<\/strong>:<\/span><\/p>\n<ol>\n<li>Spo\u0142eczne przyzwolenie na stosowanie przemocy widoczne zar\u00f3wno w zachowaniach panuj\u0105cych w danej grupie, patriarchalnej strukturze, jak i w j\u0119zyku;<\/li>\n<li>Wzorzec zachowania wyniesiony z rodziny pochodzenia \u2013 wi\u0119kszo\u015b\u0107 os\u00f3b stosuj\u0105cych przemoc bezpo\u015brednio jej do\u015bwiadcza\u0142a jako dzieci lub by\u0142a jej \u015bwiadkami;<\/li>\n<li>Uzale\u017cnienie i nadu\u017cywanie alkoholu os\u0142abiaj\u0105 kontrol\u0119 impuls\u00f3w, ale nie odpowiadaj\u0105 za przemoc, raczej z ni\u0105 wsp\u00f3\u0142wyst\u0119puj\u0105.<\/li>\n<\/ol>\n","protected":false},"excerpt":{"rendered":"<p>O PRZEMOCY Sprawc\u0105 przemocy, czyli&nbsp;osob\u0105 stosuj\u0105c\u0105 przemoc, jest cz\u0119\u015bciej m\u0119\u017cczyzna (92%-95%), ni\u017c kobieta (8%-5%). Z&nbsp;bada\u0144 psycholog\u00f3w wynika, \u017ce zaledwie 10% tych os\u00f3b zachowuje si\u0119 tak&hellip;<\/p>\n","protected":false},"author":1,"featured_media":0,"parent":0,"menu_order":0,"comment_status":"closed","ping_status":"closed","template":"","meta":{"ngg_post_thumbnail":0,"footnotes":""},"class_list":["post-3883","page","type-page","status-publish","hentry"],"_links":{"self":[{"href":"https:\/\/cusstawiski.pl\/index.php?rest_route=\/wp\/v2\/pages\/3883","targetHints":{"allow":["GET"]}}],"collection":[{"href":"https:\/\/cusstawiski.pl\/index.php?rest_route=\/wp\/v2\/pages"}],"about":[{"href":"https:\/\/cusstawiski.pl\/index.php?rest_route=\/wp\/v2\/types\/page"}],"author":[{"embeddable":true,"href":"https:\/\/cusstawiski.pl\/index.php?rest_route=\/wp\/v2\/users\/1"}],"replies":[{"embeddable":true,"href":"https:\/\/cusstawiski.pl\/index.php?rest_route=%2Fwp%2Fv2%2Fcomments&post=3883"}],"version-history":[{"count":1,"href":"https:\/\/cusstawiski.pl\/index.php?rest_route=\/wp\/v2\/pages\/3883\/revisions"}],"predecessor-version":[{"id":3884,"href":"https:\/\/cusstawiski.pl\/index.php?rest_route=\/wp\/v2\/pages\/3883\/revisions\/3884"}],"wp:attachment":[{"href":"https:\/\/cusstawiski.pl\/index.php?rest_route=%2Fwp%2Fv2%2Fmedia&parent=3883"}],"curies":[{"name":"wp","href":"https:\/\/api.w.org\/{rel}","templated":true}]}}