{"id":3948,"date":"2025-03-26T15:19:36","date_gmt":"2025-03-26T14:19:36","guid":{"rendered":"https:\/\/cusstawiski.pl\/?page_id=3948"},"modified":"2025-03-26T15:32:15","modified_gmt":"2025-03-26T14:32:15","slug":"jednorazowe-swiadczenie-za-zyciem","status":"publish","type":"page","link":"https:\/\/cusstawiski.pl\/?page_id=3948","title":{"rendered":"Jednorazowe \u015bwiadczenie &#8222;Za \u017cyciem&#8221;"},"content":{"rendered":"<h1 style=\"text-align: center;\"><strong>JEDNORAZOWE \u015aWIADCZENIE &#8222;ZA \u017bYCIEM&#8221;<br \/>\n<\/strong><strong>(w wysoko\u015bci 4000,00 z\u0142)<\/strong><strong>&nbsp;<\/strong><\/h1>\n<p>Jednorazowe \u015bwiadczenie przys\u0142uguje z tytu\u0142u urodzenia si\u0119 \u017cywego dziecka z ci\u0119\u017ckim i&nbsp;nieodwracalnym upo\u015bledzeniem albo nieuleczaln\u0105 chorob\u0105 zagra\u017caj\u0105c\u0105 \u017cyciu.<\/p>\n<p>O jednorazowe \u015bwiadczenie w wysoko\u015bci 4000,00 z\u0142 mo\u017ce ubiega\u0107 si\u0119 matka lub ojciec dziecka, opiekun prawny dziecka albo opiekun faktyczny dziecka, na podstawie ustawy z dnia 4 listopada 2016 r. o wsparciu kobiet w ci\u0105\u017cy i rodzin &#8222;Za \u017cyciem&#8221;.<\/p>\n<p>Podstawowym warunkiem przyznania tego \u015bwiadczenia jest posiadanie przez dziecko za\u015bwiadczenia lekarskiego, potwierdzaj\u0105cego ci\u0119\u017ckie i nieodwracalne upo\u015bledzenie albo nieuleczaln\u0105 chorob\u0119 zagra\u017caj\u0105c\u0105 \u017cyciu, kt\u00f3re powsta\u0142y w prenatalnym okresie rozwoju dziecka lub w czasie porodu. Za\u015bwiadczenie takie mo\u017ce by\u0107 wystawione wy\u0142\u0105cznie przez lekarza ubezpieczenia zdrowotnego, w rozumieniu ustawy o \u015bwiadczeniach opieki zdrowotnej finansowanych ze \u015brodk\u00f3w publicznych, posiadaj\u0105cego specjalizacj\u0119 II stopnia lub tytu\u0142 specjalisty w dziedzinie: po\u0142o\u017cnictwa i ginekologii, perinatologii, neonatologii, neurologii dzieci\u0119cej, kardiologii dzieci\u0119cej lub chirurgii dzieci\u0119cej.<\/p>\n<p>Ponadto aby jednorazowe \u015bwiadczenie w wysoko\u015bci 4000,00 z\u0142 mogli otrzyma\u0107 biologiczni rodzice, matka dziecka powinna pozostawa\u0107 pod opiek\u0105 medyczn\u0105 nie p\u00f3\u017aniej ni\u017c od 10 tygodnia ci\u0105\u017cy do dnia porodu, co nale\u017cy potwierdzi\u0107 za\u015bwiadczeniem lekarskim lub wystawionym przez po\u0142o\u017cn\u0105.<\/p>\n<p>Jednorazowe \u015bwiadczenie przys\u0142uguje bez wzgl\u0119du na osi\u0105gane dochody.<\/p>\n","protected":false},"excerpt":{"rendered":"<p>JEDNORAZOWE \u015aWIADCZENIE &#8222;ZA \u017bYCIEM&#8221; (w wysoko\u015bci 4000,00 z\u0142)&nbsp; Jednorazowe \u015bwiadczenie przys\u0142uguje z tytu\u0142u urodzenia si\u0119 \u017cywego dziecka z ci\u0119\u017ckim i&nbsp;nieodwracalnym upo\u015bledzeniem albo nieuleczaln\u0105 chorob\u0105 zagra\u017caj\u0105c\u0105&hellip;<\/p>\n","protected":false},"author":1,"featured_media":0,"parent":0,"menu_order":0,"comment_status":"closed","ping_status":"closed","template":"","meta":{"ngg_post_thumbnail":0,"footnotes":""},"class_list":["post-3948","page","type-page","status-publish","hentry"],"_links":{"self":[{"href":"https:\/\/cusstawiski.pl\/index.php?rest_route=\/wp\/v2\/pages\/3948","targetHints":{"allow":["GET"]}}],"collection":[{"href":"https:\/\/cusstawiski.pl\/index.php?rest_route=\/wp\/v2\/pages"}],"about":[{"href":"https:\/\/cusstawiski.pl\/index.php?rest_route=\/wp\/v2\/types\/page"}],"author":[{"embeddable":true,"href":"https:\/\/cusstawiski.pl\/index.php?rest_route=\/wp\/v2\/users\/1"}],"replies":[{"embeddable":true,"href":"https:\/\/cusstawiski.pl\/index.php?rest_route=%2Fwp%2Fv2%2Fcomments&post=3948"}],"version-history":[{"count":4,"href":"https:\/\/cusstawiski.pl\/index.php?rest_route=\/wp\/v2\/pages\/3948\/revisions"}],"predecessor-version":[{"id":3958,"href":"https:\/\/cusstawiski.pl\/index.php?rest_route=\/wp\/v2\/pages\/3948\/revisions\/3958"}],"wp:attachment":[{"href":"https:\/\/cusstawiski.pl\/index.php?rest_route=%2Fwp%2Fv2%2Fmedia&parent=3948"}],"curies":[{"name":"wp","href":"https:\/\/api.w.org\/{rel}","templated":true}]}}