{"id":4132,"date":"2025-07-01T17:07:19","date_gmt":"2025-07-01T15:07:19","guid":{"rendered":"https:\/\/cusstawiski.pl\/?page_id=4132"},"modified":"2025-07-29T17:10:01","modified_gmt":"2025-07-29T15:10:01","slug":"korpus-wsparcia-seniorow-na-rok-2025","status":"publish","type":"page","link":"https:\/\/cusstawiski.pl\/?page_id=4132","title":{"rendered":"Korpus Wsparcia Senior\u00f3w na rok 2025"},"content":{"rendered":"<h1 style=\"text-align: center;\"><span style=\"color: #002c5b;\"><strong>KORPUS WSPARCIA SENIOR\u00d3W (na rok 2025)<\/strong><\/span><\/h1>\n<p><span style=\"color: #002c5b;\"><strong>Gmina Stawiski Uchwa\u0142\u0105 Rady Miejskiej nr XIII\/56\/25 z dnia 20 czerwca 2025 r. przyst\u0105pi\u0142a do Programu Korpus Wsparcia Senior\u00f3w na rok 2025, realizowanego przez Ministerstwo Rodziny i Polityki Spo\u0142ecznej.<\/strong><\/span><\/p>\n<p><span style=\"color: #002c5b;\"><strong><a href=\"https:\/\/cusstawiski.pl\/wp-content\/uploads\/2025\/07\/plakat__budzet__panstwa__420x297_kws25.webp\"><img loading=\"lazy\" decoding=\"async\" class=\"alignright wp-image-4135\" src=\"https:\/\/cusstawiski.pl\/wp-content\/uploads\/2025\/07\/plakat__budzet__panstwa__420x297_kws25.webp\" alt=\"\" width=\"400\" height=\"566\" srcset=\"https:\/\/cusstawiski.pl\/wp-content\/uploads\/2025\/07\/plakat__budzet__panstwa__420x297_kws25.webp 900w, https:\/\/cusstawiski.pl\/wp-content\/uploads\/2025\/07\/plakat__budzet__panstwa__420x297_kws25-212x300.webp 212w, https:\/\/cusstawiski.pl\/wp-content\/uploads\/2025\/07\/plakat__budzet__panstwa__420x297_kws25-848x1200.webp 848w, https:\/\/cusstawiski.pl\/wp-content\/uploads\/2025\/07\/plakat__budzet__panstwa__420x297_kws25-106x150.webp 106w, https:\/\/cusstawiski.pl\/wp-content\/uploads\/2025\/07\/plakat__budzet__panstwa__420x297_kws25-768x1086.webp 768w\" sizes=\"auto, (max-width: 400px) 100vw, 400px\" \/><\/a>Na realizacj\u0119 Programu Korpus Wsparcia Senior\u00f3w Gmina Stawiski otrzyma\u0142a \u015brodki w&nbsp;wysoko\u015bci 12 000,00 z\u0142. Ca\u0142o\u015b\u0107 projektu wynosi 15&nbsp;000,00 z\u0142.<\/strong><\/span><\/p>\n<p>Celem programu jest realizacja us\u0142ug opieku\u0144czych poprzez dost\u0119p do tzw. &#8222;opieki na odleg\u0142o\u015b\u0107&#8221; maj\u0105cej na celu popraw\u0119 bezpiecze\u0144stwa oraz mo\u017cliwo\u015bci samodzielnego funkcjonowania w miejscu zamieszkania os\u00f3b starszych, a tak\u017ce wsparcie gmin w realizacji \u015bwiadczenia us\u0142ug opieku\u0144czych.<\/p>\n<p>Wsparcie polega na zastosowaniu tzw. <span style=\"color: #002c5b;\"><strong>&#8222;opasek bezpiecze\u0144stwa&#8221;<\/strong><\/span>&nbsp;kt\u00f3re na bie\u017c\u0105co monitoruj\u0105 stan zdrowia seniora i pozwalaj\u0105 na natychmiastow\u0105 reakcj\u0119 w sytuacji zagro\u017cenia zdrowia lub \u017cycia seniora. Opaska bezpiecze\u0144stwa jest po\u0142\u0105czona z ca\u0142odobowym Centrum teleopieki.<\/p>\n<p>Z Programu korzystaj\u0105 mieszka\u0144cy miasta i gminy Stawiski w wieku 60 lat i wi\u0119cej, kt\u00f3rzy maj\u0105 problemy z samodzielnym funkcjonowaniem ze wzgl\u0119du na stan zdrowia, prowadz\u0105cy samodzielne gospodarstwa domowe lub mieszkaj\u0105cy z osobami bliskimi, kt\u00f3re nie s\u0105 w stanie zapewni\u0107 im wystarczaj\u0105cego wsparcia.<\/p>\n<p>Program jest realizowany w terminie od 1 lipca 2025 r. do 31 grudnia 2025 r.<\/p>\n<p><span style=\"color: #002c5b;\"><strong>Uczestnicy Programu nie ponosz\u0105 odp\u0142atno\u015bci za t\u0105 us\u0142ug\u0119.<\/strong><\/span><\/p>\n","protected":false},"excerpt":{"rendered":"<p>KORPUS WSPARCIA SENIOR\u00d3W (na rok 2025) Gmina Stawiski Uchwa\u0142\u0105 Rady Miejskiej nr XIII\/56\/25 z dnia 20 czerwca 2025 r. przyst\u0105pi\u0142a do Programu Korpus Wsparcia Senior\u00f3w&hellip;<\/p>\n","protected":false},"author":1,"featured_media":0,"parent":0,"menu_order":0,"comment_status":"closed","ping_status":"closed","template":"","meta":{"ngg_post_thumbnail":0,"footnotes":""},"class_list":["post-4132","page","type-page","status-publish","hentry"],"_links":{"self":[{"href":"https:\/\/cusstawiski.pl\/index.php?rest_route=\/wp\/v2\/pages\/4132","targetHints":{"allow":["GET"]}}],"collection":[{"href":"https:\/\/cusstawiski.pl\/index.php?rest_route=\/wp\/v2\/pages"}],"about":[{"href":"https:\/\/cusstawiski.pl\/index.php?rest_route=\/wp\/v2\/types\/page"}],"author":[{"embeddable":true,"href":"https:\/\/cusstawiski.pl\/index.php?rest_route=\/wp\/v2\/users\/1"}],"replies":[{"embeddable":true,"href":"https:\/\/cusstawiski.pl\/index.php?rest_route=%2Fwp%2Fv2%2Fcomments&post=4132"}],"version-history":[{"count":6,"href":"https:\/\/cusstawiski.pl\/index.php?rest_route=\/wp\/v2\/pages\/4132\/revisions"}],"predecessor-version":[{"id":4139,"href":"https:\/\/cusstawiski.pl\/index.php?rest_route=\/wp\/v2\/pages\/4132\/revisions\/4139"}],"wp:attachment":[{"href":"https:\/\/cusstawiski.pl\/index.php?rest_route=%2Fwp%2Fv2%2Fmedia&parent=4132"}],"curies":[{"name":"wp","href":"https:\/\/api.w.org\/{rel}","templated":true}]}}