{"id":4365,"date":"2026-01-13T17:44:19","date_gmt":"2026-01-13T16:44:19","guid":{"rendered":"https:\/\/cusstawiski.pl\/?page_id=4365"},"modified":"2026-01-14T08:20:45","modified_gmt":"2026-01-14T07:20:45","slug":"aoon-edycja-2026","status":"publish","type":"page","link":"https:\/\/cusstawiski.pl\/?page_id=4365","title":{"rendered":"AOON \u2013 EDYCJA 2026"},"content":{"rendered":"<h1 style=\"text-align: center;\"><span style=\"color: #002c5b;\"><strong>ASYSTENT OSOBISTY OSOBY Z NIEPE\u0141NOSPRAWNO\u015aCI\u0104<\/strong><\/span><br \/>\n<span style=\"color: #002c5b;\"><strong>DLA JEDNOSTEK SAMORZ\u0104DU TERYTORIALNEGO<\/strong><\/span><br \/>\n<span style=\"color: #002c5b;\"><strong>\u2013 EDYCJA 2026<\/strong><\/span><\/h1>\n<p><span style=\"color: #002c5b;\"><strong>Gmina Stawiski przyst\u0105pi\u0142a do programu &#8222;Asystent Osobisty Osoby z Niepe\u0142nosprawno\u015bci\u0105&#8221; dla Jednostek Samorz\u0105du Terytorialnego \u2013 edycja 2026 w ramach resortowego programu Ministra Rodziny, Pracy i Polityki Spo\u0142ecznej. Na realizacj\u0119 Projektu Gmina Stawiski otrzyma\u0142a \u015brodki z Funduszu Solidarno\u015bciowego w wysoko\u015bci: 865 725 z\u0142.<\/strong><\/span><\/p>\n<p><a href=\"https:\/\/cusstawiski.pl\/wp-content\/uploads\/2026\/01\/plakat__fundusz__celowy__AOON_2026_poprawiony.webp\"><img loading=\"lazy\" decoding=\"async\" class=\"alignright wp-image-4383\" src=\"https:\/\/cusstawiski.pl\/wp-content\/uploads\/2026\/01\/plakat__fundusz__celowy__AOON_2026_poprawiony.webp\" alt=\"\" width=\"400\" height=\"566\" srcset=\"https:\/\/cusstawiski.pl\/wp-content\/uploads\/2026\/01\/plakat__fundusz__celowy__AOON_2026_poprawiony.webp 1200w, https:\/\/cusstawiski.pl\/wp-content\/uploads\/2026\/01\/plakat__fundusz__celowy__AOON_2026_poprawiony-212x300.webp 212w, https:\/\/cusstawiski.pl\/wp-content\/uploads\/2026\/01\/plakat__fundusz__celowy__AOON_2026_poprawiony-849x1200.webp 849w, https:\/\/cusstawiski.pl\/wp-content\/uploads\/2026\/01\/plakat__fundusz__celowy__AOON_2026_poprawiony-106x150.webp 106w, https:\/\/cusstawiski.pl\/wp-content\/uploads\/2026\/01\/plakat__fundusz__celowy__AOON_2026_poprawiony-768x1086.webp 768w, https:\/\/cusstawiski.pl\/wp-content\/uploads\/2026\/01\/plakat__fundusz__celowy__AOON_2026_poprawiony-1086x1536.webp 1086w\" sizes=\"auto, (max-width: 400px) 100vw, 400px\" \/><\/a>Celem Programu jest poprawa jako\u015bci \u017cycia os\u00f3b z niepe\u0142nosprawno\u015bciami z terenu Gminy Stawiski, w szczeg\u00f3lno\u015bci umo\u017cliwienie im jak najbardziej niezale\u017cnego i aktywnego \u017cycia, poprzez wsparcie oraz zapewnienie pomocy adekwatnej do potrzeb.<\/p>\n<p>Adresatami programu s\u0105:<\/p>\n<ul>\n<li>dzieci do 16 r.\u017c. z orzeczeniem o niepe\u0142nosprawno\u015bci \u0142\u0105cznie ze wskazaniami konieczno\u015bci sta\u0142ej lub d\u0142ugotrwa\u0142ej opieki lub pomocy innej osobie w zwi\u0105zku ze znaczne ograniczon\u0105 mo\u017cliwo\u015bci\u0105 samodzielnej egzystencji oraz konieczno\u015bci sta\u0142ego wsp\u00f3\u0142udzia\u0142u na co dzie\u0144 opiekuna dziecka w procesie jego leczenia, rehabilitacji, edukacji.<\/li>\n<li>osoby niepe\u0142nosprawne posiadaj\u0105ce orzeczenie o niepe\u0142nosprawno\u015bci w stopniu znacznym, umiarkowanym lub traktowane na r\u00f3wni.<\/li>\n<\/ul>\n<p>Us\u0142ugi asystenta b\u0119d\u0105 realizowane na terenie gminy Stawiski przez asystenta osoby z niepe\u0142nosprawno\u015bci\u0105 od stycznia 2026 r. do grudnia 2026 r., przez 7 dni w tygodniu, zakres godzin jest do ustalenia (mog\u0105 by\u0107 realizowane 24 godziny na dob\u0119).<\/p>\n<p>Us\u0142ugi asystencji osobistej polegaj\u0105 na wspieraniu przez asystenta osoby z niepe\u0142nosprawno\u015bci\u0105 w r\u00f3\u017cnych sferach \u017cycia , w tym:<\/p>\n<ul>\n<li>wsparcia uczestnika w czynno\u015bciach samoobs\u0142ugowych, w tym w utrzymaniu higieny osobistej;<\/li>\n<li>wsparciu uczestnika w prowadzeniu gospodarstwa domowego i wype\u0142nianiu r\u00f3l w rodzinie;<\/li>\n<li>wsparciu uczestnika w przemieszczaniu si\u0119 poza miejscem zamieszkania;<\/li>\n<li>wsparcie uczestnika w podejmowaniu aktywno\u015bci \u017cyciowej i komunikowaniu si\u0119 z otoczeniem ,<\/li>\n<li>asystent nie podejmuje decyzji za osob\u0119 z niepe\u0142nosprawno\u015bci\u0105, lecz udziela jej pomocy i wsparcia w realizacji cel\u00f3w;<\/li>\n<li>zaprowadzaniu dzieci z orzeczeniem o niepe\u0142nosprawno\u015bci do plac\u00f3wki o\u015bwiatowej lub przyprowadzaniu ich z niej, je\u015bli szko\u0142a tego nie zapewnia.<\/li>\n<\/ul>\n<p><span style=\"color: #002c5b;\"><strong><em>Uczestnik (bez wzgl\u0119du na sytuacj\u0119 materialn\u0105) nie ponosi odp\u0142atno\u015bci za us\u0142ugi asystenta. Ilo\u015b\u0107 miejsc jest ograniczona.<\/em><\/strong><\/span><\/p>\n<p><span style=\"color: #002c5b;\"><strong><em>Us\u0142ugi asystencji osobistej przyznawane s\u0105 na podstawie Karty zg\u0142oszenia do Programu. Osoby zainteresowane wzi\u0119ciem udzia\u0142u w Programie powinny zg\u0142osi\u0107 ch\u0119\u0107 udzia\u0142u w Programie osobi\u015bcie w siedzibie CUS ul Polowa 26, 18-520 Stawiski od poniedzia\u0142ku do pi\u0105tku lub pod numerem telefonu 86&nbsp;273 81 70.<\/em><\/strong><\/span><\/p>\n<p>Zach\u0119camy do zapoznania si\u0119 ze szczeg\u00f3\u0142owymi informacjami dotycz\u0105cymi Programu na stronie internetowej: <a href=\"https:\/\/www.gov.pl\/web\/rodzina\/nabor-wnioskow-w-ramach-resortowego-programu-ministra-rodziny-pracy-i-polityki-spolecznej-asystent-osobisty-osoby-z-niepelnosprawnoscia-dla-jednostek-samorzadu-terytorialnego--edycja-2026\">www.gov.pl<\/a><\/p>\n","protected":false},"excerpt":{"rendered":"<p>ASYSTENT OSOBISTY OSOBY Z NIEPE\u0141NOSPRAWNO\u015aCI\u0104 DLA JEDNOSTEK SAMORZ\u0104DU TERYTORIALNEGO \u2013 EDYCJA 2026 Gmina Stawiski przyst\u0105pi\u0142a do programu &#8222;Asystent Osobisty Osoby z Niepe\u0142nosprawno\u015bci\u0105&#8221; dla Jednostek Samorz\u0105du&hellip;<\/p>\n","protected":false},"author":1,"featured_media":0,"parent":0,"menu_order":0,"comment_status":"closed","ping_status":"closed","template":"","meta":{"ngg_post_thumbnail":0,"footnotes":""},"class_list":["post-4365","page","type-page","status-publish","hentry"],"_links":{"self":[{"href":"https:\/\/cusstawiski.pl\/index.php?rest_route=\/wp\/v2\/pages\/4365","targetHints":{"allow":["GET"]}}],"collection":[{"href":"https:\/\/cusstawiski.pl\/index.php?rest_route=\/wp\/v2\/pages"}],"about":[{"href":"https:\/\/cusstawiski.pl\/index.php?rest_route=\/wp\/v2\/types\/page"}],"author":[{"embeddable":true,"href":"https:\/\/cusstawiski.pl\/index.php?rest_route=\/wp\/v2\/users\/1"}],"replies":[{"embeddable":true,"href":"https:\/\/cusstawiski.pl\/index.php?rest_route=%2Fwp%2Fv2%2Fcomments&post=4365"}],"version-history":[{"count":8,"href":"https:\/\/cusstawiski.pl\/index.php?rest_route=\/wp\/v2\/pages\/4365\/revisions"}],"predecessor-version":[{"id":4384,"href":"https:\/\/cusstawiski.pl\/index.php?rest_route=\/wp\/v2\/pages\/4365\/revisions\/4384"}],"wp:attachment":[{"href":"https:\/\/cusstawiski.pl\/index.php?rest_route=%2Fwp%2Fv2%2Fmedia&parent=4365"}],"curies":[{"name":"wp","href":"https:\/\/api.w.org\/{rel}","templated":true}]}}