{"id":802,"date":"2021-10-19T00:25:06","date_gmt":"2021-10-18T22:25:06","guid":{"rendered":"https:\/\/cusstawiski.pl\/?page_id=802"},"modified":"2025-03-10T15:07:51","modified_gmt":"2025-03-10T14:07:51","slug":"kdr","status":"publish","type":"page","link":"https:\/\/cusstawiski.pl\/?page_id=802","title":{"rendered":"Karta Du\u017cej Rodziny"},"content":{"rendered":"<h1 style=\"text-align: center;\"><strong>KARTA DU\u017bEJ RODZINY<\/strong><\/h1>\n<h3><strong>Komu przys\u0142uguje Karta Du\u017cej Rodziny?<\/strong><\/h3>\n<p>Prawo do posiadania Karty Du\u017cej Rodziny przys\u0142uguje wszystkim rodzicom oraz ma\u0142\u017conkom rodzic\u00f3w, kt\u00f3rzy maj\u0105 lub mieli na utrzymaniu \u0142\u0105cznie co najmniej troje dzieci bez wzgl\u0119du na ich wiek.<\/p>\n<p>Przez rodzica rozumie si\u0119 tak\u017ce rodzica zast\u0119pczego lub osob\u0119 prowadz\u0105c\u0105 rodzinny dom dziecka.<\/p>\n<p>Prawo do Karty Du\u017cej Rodziny przys\u0142uguje tak\u017ce dzieciom:<\/p>\n<ul>\n<li>w wieku do 18. roku \u017cycia,<\/li>\n<li>w wieku do 25. roku \u017cycia \u2013 w przypadku dzieci ucz\u0105cych si\u0119 w szkole lub szkole wy\u017cszej,<\/li>\n<li>bez ogranicze\u0144 wiekowych w przypadku dzieci legitymuj\u0105cych si\u0119 orzeczeniem o umiarkowanym lub znacznym stopniu niepe\u0142nosprawno\u015bci,<\/li>\n<\/ul>\n<p>ale tylko w przypadku, gdy w chwili sk\u0142adania wniosku w rodzinie jest co najmniej troje dzieci spe\u0142niaj\u0105cych powy\u017csze warunki.<\/p>\n<p>Nale\u017cy pami\u0119ta\u0107, \u017ce prawo do posiadania Karty Du\u017cej Rodziny nie przys\u0142uguje rodzicowi, kt\u00f3rego s\u0105d pozbawi\u0142 w\u0142adzy rodzicielskiej lub kt\u00f3remu s\u0105d ograniczy\u0142 w\u0142adz\u0119 rodzicielsk\u0105 przez umieszczenie dziecka w pieczy zast\u0119pczej, chyba \u017ce s\u0105d nie pozbawi\u0142 go w\u0142adzy rodzicielskiej lub jej nie ograniczy\u0142 przez umieszczenie dziecka w pieczy zast\u0119pczej w stosunku do co najmniej trojga dzieci, prawo to nie przys\u0142uguje r\u00f3wnie\u017c rodzicowi zast\u0119pczemu lub prowadz\u0105cemu rodzinny dom dziecka, w przypadku gdy s\u0105d orzek\u0142<br \/>\no odebraniu im dzieci z uwagi na niew\u0142a\u015bciwe sprawowanie pieczy zast\u0119pczej.<\/p>\n<p>Karta jest przyznawana niezale\u017cnie od dochodu w rodzinie.<\/p>\n<p>Prawo do posiadania Karty przys\u0142uguje cz\u0142onkowi rodziny wielodzietnej, kt\u00f3ry jest:<\/p>\n<ol>\n<li>osob\u0105 posiadaj\u0105c\u0105 obywatelstwo polskie, maj\u0105c\u0105 miejsce zamieszkania na terytorium Rzeczypospolitej Polskiej;<\/li>\n<li>cudzoziemcem maj\u0105cym miejsce zamieszkania na terytorium Rzeczypospolitej Polskiej na podstawie zezwolenia na pobyt sta\u0142y, zezwolenia na pobyt rezydenta d\u0142ugoterminowego Unii Europejskiej, zezwolenia na pobyt czasowy udzielony w zwi\u0105zku z okoliczno\u015bci\u0105, o kt\u00f3rej mowa w art. 159 ust. 1 oraz art. 186 ust. 1 pkt. 3 ustawy z dnia 12 grudnia 2013 r. o cudzoziemcach (Dz.U. z 2023 r. poz. 519, 185 i 547), lub w zwi\u0105zku z uzyskaniem w Rzeczypospolitej Polskiej statusu uchod\u017acy lub ochrony uzupe\u0142niaj\u0105cej, je\u017celi zamieszkuje z cz\u0142onkami rodziny na terytorium Rzeczypospolitej Polskiej;<\/li>\n<li>maj\u0105cym miejsce zamieszkania na terytorium Rzeczypospolitej Polskiej obywatelem pa\u0144stwa cz\u0142onkowskiego Unii Europejskiej, pa\u0144stwa cz\u0142onkowskiego Europejskiego Porozumienia o Wolnym Handlu (EFTA) \u2013 strony umowy o Europejskim Obszarze Gospodarczym lub Konfederacji Szwajcarskiej oraz cz\u0142onkom jego rodziny w rozumieniu art. 2 pkt. 4 ustawy z dnia 14 lipca 2006 r. o wje\u017adzie na terytorium Rzeczypospolitej Polskiej, pobycie oraz wyje\u017adzie z tego terytorium obywateli pa\u0144stw cz\u0142onkowskich Unii Europejskiej i cz\u0142onk\u00f3w ich rodzin (Dz.U. z 2021 r. poz. 1697 oraz z 2023 r. poz. 547), posiadaj\u0105cym prawo pobytu lub prawo sta\u0142ego pobytu na terytorium Rzeczypospolitej Polskiej.<\/li>\n<\/ol>\n<h3><strong>Gdzie z\u0142o\u017cy\u0107 wniosek?<\/strong><\/h3>\n<p>Aby otrzyma\u0107 Kart\u0119 Du\u017cej Rodziny nale\u017cy z\u0142o\u017cy\u0107 wniosek w Centrum Us\u0142ug Spo\u0142ecznych w Stawiskach, ul. Polowa 26, 18-520 Stawiski.<\/p>\n<p>Wniosek mo\u017cna r\u00f3wnie\u017c z\u0142o\u017cy\u0107 elektronicznie, za po\u015brednictwem Platformy Informacyjno-Us\u0142ugowej Emp@tia (empatia.mpips.gov.pl).<\/p>\n<p>Karta elektroniczna w aplikacji mObywatel jest dost\u0119pna dla wszystkich posiadaczy aktywnej Karty, niezale\u017cnie czy Karta jest w postaci tradycyjnej, elektronicznej, czy obu. Je\u017celi nie masz jeszcze Karty i sk\u0142adasz wniosek o jej przyznanie, to Karta w mObywatelu b\u0119dzie dost\u0119pna po pozytywnym rozpatrzeniu wniosku.<\/p>\n<h3><strong>Ile kosztuje wydanie KDR?<\/strong><\/h3>\n<p><span style=\"color: #002c5b;\"><strong>Wydanie Karty Du\u017cej Rodziny jest bezp\u0142atne.<\/strong><\/span><\/p>\n<p>Op\u0142at\u0119 ponosi si\u0119 jedynie w 2 przypadkach:<\/p>\n<ul>\n<li>za dom\u00f3wienie drugiej &nbsp;formy Karty &#8211; op\u0142ata wynosi <strong><span style=\"color: #002c5b;\">10 z\u0142<\/span>;<\/strong><\/li>\n<li>za duplikat Karty \u2013 &nbsp;wysoko\u015b\u0107 op\u0142aty wynosi od 1 marca 2025 r. &#8211; <strong><span style=\"color: #002c5b;\">16 z\u0142<\/span>.<\/strong><\/li>\n<\/ul>\n<p>Op\u0142aty wnosi si\u0119 do gminy w\u0142a\u015bciwej ze wzgl\u0119du na miejsce zamieszkania cz\u0142onka rodziny wielodzietnej.<\/p>\n<h3><strong>Na jaki czas mo\u017cna uzyska\u0107 KDR?<\/strong><\/h3>\n<ul>\n<li>rodzice &#8211; na ca\u0142e \u017cycie,<\/li>\n<li>dzieci &#8211; do uko\u0144czenia 18 roku \u017cycia,<\/li>\n<li>dzieci &#8211; do uko\u0144czenia 25 roku \u017cycia, kt\u00f3re dalej ucz\u0105 si\u0119 w szkole lub studiuj\u0105:\n<ul>\n<li>do dnia 30 wrze\u015bnia nast\u0119puj\u0105cego po ko\u0144cu roku szkolnego, w kt\u00f3rym planowane jest uko\u0144czenie nauki zgodnie z o\u015bwiadczeniem o planowanym terminie uko\u0144czenia nauki w danej plac\u00f3wce &#8211; gdy dziecko uczy si\u0119 w szkole,<\/li>\n<li>do dnia 30 wrze\u015bnia roku, w kt\u00f3rym jest planowane uko\u0144czenie nauki zgodnie z o\u015bwiadczeniem o planowanym terminie uko\u0144czenia nauki w danej plac\u00f3wce &#8211; gdy dziecko uczy si\u0119 w szkole wy\u017cszej.<\/li>\n<\/ul>\n<\/li>\n<li>dzieci niepe\u0142nosprawne &#8211; na czas obowi\u0105zywania orzeczenia o niepe\u0142nosprawno\u015bci.<\/li>\n<li>Karta przyznawana jest dzieciom umieszczonym w rodzinnej pieczy zast\u0119pczej na czas umieszczenia w danej rodzinie zast\u0119pczej lub rodzinnym domu dziecka, nie d\u0142u\u017cej ni\u017c do uko\u0144czenia 18 r.\u017c.<\/li>\n<li>Cudzoziemcom, o kt\u00f3rych mowa w art. 5 ust. 2 ustawy o Karcie Du\u017cej Rodziny Karta jest przyznawana odpowiednio na okres wynikaj\u0105cy z dokumentu potwierdzaj\u0105cego prawo do zamieszkania na terytorium Rzeczypospolitej Polskiej. Cudzoziemcowi posiadaj\u0105cemu zezwolenie na pobyt sta\u0142y przyznaje si\u0119 Kart\u0119 na taki okres, jaki przys\u0142ugiwa\u0142by obywatelowi Rzeczypospolitej Polskiej (w szczeg\u00f3lno\u015bci dotyczy do rodzic\u00f3w, kt\u00f3rzy dostaj\u0105 Kart\u0119 bezterminowo).<\/li>\n<\/ul>\n<h3><strong>Dokumenty potrzebne do z\u0142o\u017cenia wniosku<\/strong><\/h3>\n<p>Pobierz&nbsp;wniosek o przyznanie Karty Du\u017cej Rodziny, wype\u0142nij go, a nast\u0119pnie zanie\u015b do odpowiedniej instytucji lub z\u0142\u00f3\u017c elektronicznie. Sprawd\u017a w urz\u0119dzie gminy lub miasta, kt\u00f3ra instytucja zajmuje si\u0119 przyznawaniem Karty Du\u017cej Rodziny.<\/p>\n<p>Aby m\u00f3c sk\u0142ada\u0107 wnioski elektronicznie konieczne jest posiadanie podpisu elektronicznego lub bezp\u0142atnego profilu zaufanego.<\/p>\n<p>Bezp\u0142atny profil zaufany mo\u017cna za\u0142o\u017cy\u0107 on-line za po\u015brednictwem system\u00f3w bankowo\u015bci elektronicznej banku PKO BP, Inteligo, ING Banku \u015al\u0105skiego, Millennium, Pekao S.A., Envelo, mBANK. Nale\u017cy wej\u015b\u0107 na stron\u0119: www.empatia.mrpips.gov.pl i&nbsp; wybra\u0107 modu\u0142 eWnioski. Tam znajduje si\u0119 instrukcja jak z\u0142o\u017cy\u0107 wniosek np. wniosku o \u015bwiadczenie wychowawcze, przy czym procedura zak\u0142adania konta na platformie emp@tia jest taka sama dla wniosku o przyznanie Karty Du\u017cej Rodziny.<\/p>\n<h3><strong>Jak za\u0142o\u017cy\u0107 zaufany profil on-line?<\/strong><\/h3>\n<p>Profil zaufany to bezp\u0142atne narz\u0119dzie, dzi\u0119ki kt\u00f3remu mo\u017cesz potwierdza\u0107 swoj\u0105 to\u017csamo\u015b\u0107 w Internecie (s\u0142u\u017cy jako tw\u00f3j elektroniczny podpis). Za jego pomoc\u0105 mo\u017cesz \u0142atwo, szybko i bezpiecznie wysy\u0142a\u0107 oraz sprawdza\u0107 dokumenty w r\u00f3\u017cnych serwisach urz\u0119dowych.<\/p>\n<p>Profil zaufany mo\u017cesz za\u0142o\u017cy\u0107 bez wychodzenia z domu. S\u0105 2 sposoby&nbsp;\u2014 za pomoc\u0105 internetowego konta bankowego lub certyfikatu kwalifikowanego (je\u017celi go masz).<\/p>\n<h3><strong>Za\u0142o\u017cenie profilu poprzez bankowo\u015b\u0107 elektroniczn\u0105:<\/strong><\/h3>\n<p>Konto bankowe wykorzystuje si\u0119 do szybkiego i bezpiecznego zak\u0142adania i potwierdzania profilu zaufanego. Chodzi o to, \u017ce twoje dane w banku s\u0105 wiarygodne (zosta\u0142y uwierzytelnione podczas zak\u0142adania konta). Dlatego nie musisz ju\u017c potwierdza\u0107 ich osobi\u015bcie w urz\u0119dzie.<\/p>\n<p>Profil zaufany potrzebuje do identyfikacji tylko podstawowych informacji, takich jak imi\u0119, nazwisko czy numer PESEL. Za pomoc\u0105 konta bankowego z\u0142o\u017cysz profil zaufany od r\u0119ki, bez wychodzenia z domu.<\/p>\n<h3><strong>Jak za\u0142o\u017cy\u0107 profil zaufany<\/strong><\/h3>\n<ol>\n<li>Sprawd\u017a, czy tw\u00f3j bank ma mo\u017cliwo\u015b\u0107 za\u0142o\u017cenia profilu zaufanego, na przyk\u0142ad wejd\u017a na stron\u0119 banku lub zadzwo\u0144 na infolini\u0119.<\/li>\n<li>Zaloguj si\u0119 na swoje konto bankowe.<\/li>\n<li>Wyszukaj formularz o za\u0142o\u017cenie profilu zaufanego.<\/li>\n<li>Wype\u0142nij go.<\/li>\n<li>Wy\u015blij formularz. W ten spos\u00f3b za\u0142o\u017cysz profil zaufany.<\/li>\n<li>Za ka\u017cdym razem, gdy chcesz zalogowa\u0107 si\u0119 na swoje konto profilu zaufanego, wybieraj opcj\u0119 logowania&nbsp;<span style=\"color: #002c5b;\"><strong>Przez bankowo\u015b\u0107 elektroniczn\u0105<\/strong><\/span>. Zaloguj si\u0119 na sw\u00f3j profil zaufany.<\/li>\n<\/ol>\n<p><span style=\"color: #002c5b;\"><strong>Je\u017celi nie mo\u017cesz lub nie chcesz zak\u0142ada\u0107 profilu zaufanego za pomoc\u0105 konta w banku &#8211; mo\u017cesz za\u0142o\u017cy\u0107 go w punkcie potwierdzaj\u0105cym. Szczeg\u00f3\u0142y znajdziesz w opcji za\u0142atwienia sprawy w punkcie potwierdzaj\u0105cym.<\/strong><\/span><\/p>\n<h3><strong>Za\u0142o\u017cenie profilu za pomoc\u0105 certyfikatu kwalifikowalnego:<\/strong><\/h3>\n<p>Je\u017celi masz certyfikat kwalifikowany, mo\u017cesz u\u017cy\u0107 go do za\u0142o\u017cenia profilu zaufanego. Twoje dane z&nbsp;certyfikatu kwalifikowanego s\u0105 wiarygodne (zosta\u0142y uwierzytelnione), dlatego nie musisz ju\u017c potwierdza\u0107 ich w urz\u0119dzie. Dzi\u0119ki temu profil zaufany za\u0142o\u017cysz od r\u0119ki, bez wychodzenia z domu.<\/p>\n<p><span style=\"color: #002c5b;\"><strong>Je\u017celi nie masz certyfikatu kwalifikowanego, za\u0142\u00f3\u017c profil zaufany w inny spos\u00f3b &#8211; przez Internet za pomoc\u0105 konta bankowego lub w punkcie potwierdzaj\u0105cym.<\/strong><\/span><\/p>\n<h3><strong>Jak za\u0142o\u017cy\u0107 profil zaufany<\/strong><\/h3>\n<ol>\n<li>Wejd\u017a na stron\u0119 profilu zaufanego.<\/li>\n<li>Kliknij&nbsp;<span style=\"color: #002c5b;\"><strong>Zarejestruj si\u0119<\/strong><\/span>.<\/li>\n<li>Kliknij w odno\u015bnik&nbsp;<span style=\"color: #002c5b;\"><strong>Chc\u0119 logowa\u0107 si\u0119 certyfikatem kwalifikowanym<\/strong>.<\/span><\/li>\n<li>Wype\u0142nij formularz.<\/li>\n<li>Kliknij&nbsp;<span style=\"color: #002c5b;\"><strong>Zarejestruj si\u0119<\/strong><\/span>.<\/li>\n<li>Wy\u015bwietli si\u0119 komunikat z pro\u015bb\u0105 o wpisanie kodu autoryzacyjnego. Wpisz kod.<\/li>\n<li>Wy\u015bwietli si\u0119 kolejny komunikat z pro\u015bb\u0105 o wykonanie trzech krok\u00f3w. Je\u015bli je wykonasz &#8211; kliknij <span style=\"color: #002c5b;\"><strong>Potwierd\u017a wykonanie krok\u00f3w<\/strong><\/span>.&nbsp;W ten spos\u00f3b za\u0142o\u017cysz profil zaufany.<\/li>\n<\/ol>\n<p>Za ka\u017cdym razem, gdy chcesz zalogowa\u0107 si\u0119 na swoje konto profilu zaufanego, wybieraj opcj\u0119 logowania&nbsp;<span style=\"color: #002c5b;\"><strong>Za pomoc\u0105 certyfikatu kwalifikowanego<\/strong><\/span>. Zaloguj si\u0119 na sw\u00f3j profil zaufany.<\/p>\n<h3><strong>Jak d\u0142ugo jest wa\u017cny profil zaufany<\/strong><\/h3>\n<p>3 lata. Potem mo\u017cesz przed\u0142u\u017ca\u0107 jego wa\u017cno\u015b\u0107 o kolejne 3 lata.<\/p>\n<h3><strong>Ile zap\u0142acisz<\/strong><\/h3>\n<p>Us\u0142uga jest bezp\u0142atna.<\/p>\n<h3><strong>Ile b\u0119dziesz czeka\u0107<\/strong><\/h3>\n<p>Profil zaufany za\u0142o\u017cysz &#8222;od r\u0119ki&#8221;.<\/p>\n<h3><strong>W przypadku os\u00f3b posiadaj\u0105cych PESEL, sk\u0142adaj\u0105c wniosek o KDR, dodatkowo nale\u017cy przed\u0142o\u017cy\u0107:<\/strong><\/h3>\n<ul>\n<li>ojciec i matka &#8211; o\u015bwiadczenie, \u017ce rodzic nie jest lub nie by\u0142 pozbawiony w\u0142adzy rodzicielskiej ani ograniczony we w\u0142adzy rodzicielskiej przez umieszczenie dziecka w pieczy zast\u0119pczej w stosunku do co najmniej trojga dzieci;<\/li>\n<li>dzieci powy\u017cej 18 lat, kt\u00f3re ucz\u0105 si\u0119 w szkole lub w szkole wy\u017cszej &#8211; o\u015bwiadczenie o planowanym terminie uko\u0144czenia nauki w danej plac\u00f3wce;<\/li>\n<li>w przypadku dzieci umieszczonych w rodzinie zast\u0119pczej lub rodzinnym domu dziecka &#8211; orygina\u0142 lub odpis postanowienia o umieszczeniu w rodzinie zast\u0119pczej lub rodzinnym domu dziecka;<\/li>\n<li>dzieci powy\u017cej 18 r.\u017c. kt\u00f3re przebywaj\u0105 w dotychczasowej rodzinie zast\u0119pczej albo w rodzinnym domu dziecka &#8211; o\u015bwiadczenie o pozostawaniu w dotychczasowej rodzinie zast\u0119pczej albo rodzinnym domu dziecka.<\/li>\n<\/ul>\n<p>O\u015bwiadczenia sk\u0142ada si\u0119 pod rygorem odpowiedzialno\u015bci karnej za sk\u0142adanie fa\u0142szywych zezna\u0107 poprzez umieszczenie w nich klauzuli nast\u0119puj\u0105cej tre\u015bci \u201eJestem \u015bwiadomy odpowiedzialno\u015bci karnej za z\u0142o\u017cenie fa\u0142szywego o\u015bwiadczenia\u201d.<\/p>\n<h3><strong>W przypadku os\u00f3b nieposiadaj\u0105cych numeru PESEL, sk\u0142adaj\u0105c wniosek o przyznanie KDR, przedstawia si\u0119 tak\u017ce orygina\u0142y lub odpisy nast\u0119puj\u0105cych dokument\u00f3w:<\/strong><\/h3>\n<ol>\n<li>w przypadku rodzica &#8211; dokument potwierdzaj\u0105cy to\u017csamo\u015b\u0107;<\/li>\n<li>w przypadku ma\u0142\u017conka rodzica &#8211; dokument potwierdzaj\u0105cy to\u017csamo\u015b\u0107 oraz akt ma\u0142\u017ce\u0144stwa;<\/li>\n<li>w przypadku dzieci w wieku do uko\u0144czenia 18. roku \u017cycia &#8211; akt urodzenia lub dokument potwierdzaj\u0105cy to\u017csamo\u015b\u0107;<\/li>\n<li>w przypadku dzieci w wieku powy\u017cej 18. roku \u017cycia \u2013 dokument potwierdzaj\u0105cy to\u017csamo\u015b\u0107;<\/li>\n<li>w przypadku dzieci legitymuj\u0105cych si\u0119 orzeczeniem o umiarkowanym lub znacznym stopniu niepe\u0142nosprawno\u015bci w wieku powy\u017cej 18. roku \u017cycia &#8211; dokument potwierdzaj\u0105cy to\u017csamo\u015b\u0107.<\/li>\n<\/ol>\n<p>Cudzoziemcy, poza dokumentami wymaganymi od obywateli polskich przy sk\u0142adaniu wniosku o przyznanie KDR, s\u0105 zobowi\u0105zani okaza\u0107 dokument potwierdzaj\u0105cy prawo do zamieszkania na terytorium RP, chyba \u017ce w\u00f3jt \/ burmistrz \/ prezydent miasta mo\u017ce bez op\u0142at samodzielnie potwierdzi\u0107 to prawo.<\/p>\n<p>Osoby niepe\u0142nosprawne mog\u0105 zosta\u0107 poproszone o przedstawienie orzeczenia o znacznym lub umiarkowanym stopniu niepe\u0142nosprawno\u015bci.<\/p>\n","protected":false},"excerpt":{"rendered":"<p>KARTA DU\u017bEJ RODZINY Komu przys\u0142uguje Karta Du\u017cej Rodziny? Prawo do posiadania Karty Du\u017cej Rodziny przys\u0142uguje wszystkim rodzicom oraz ma\u0142\u017conkom rodzic\u00f3w, kt\u00f3rzy maj\u0105 lub mieli na&hellip;<\/p>\n","protected":false},"author":1,"featured_media":0,"parent":0,"menu_order":0,"comment_status":"closed","ping_status":"closed","template":"","meta":{"ngg_post_thumbnail":0,"footnotes":""},"class_list":["post-802","page","type-page","status-publish","hentry"],"_links":{"self":[{"href":"https:\/\/cusstawiski.pl\/index.php?rest_route=\/wp\/v2\/pages\/802","targetHints":{"allow":["GET"]}}],"collection":[{"href":"https:\/\/cusstawiski.pl\/index.php?rest_route=\/wp\/v2\/pages"}],"about":[{"href":"https:\/\/cusstawiski.pl\/index.php?rest_route=\/wp\/v2\/types\/page"}],"author":[{"embeddable":true,"href":"https:\/\/cusstawiski.pl\/index.php?rest_route=\/wp\/v2\/users\/1"}],"replies":[{"embeddable":true,"href":"https:\/\/cusstawiski.pl\/index.php?rest_route=%2Fwp%2Fv2%2Fcomments&post=802"}],"version-history":[{"count":15,"href":"https:\/\/cusstawiski.pl\/index.php?rest_route=\/wp\/v2\/pages\/802\/revisions"}],"predecessor-version":[{"id":3898,"href":"https:\/\/cusstawiski.pl\/index.php?rest_route=\/wp\/v2\/pages\/802\/revisions\/3898"}],"wp:attachment":[{"href":"https:\/\/cusstawiski.pl\/index.php?rest_route=%2Fwp%2Fv2%2Fmedia&parent=802"}],"curies":[{"name":"wp","href":"https:\/\/api.w.org\/{rel}","templated":true}]}}