{"id":877,"date":"2021-10-19T20:58:40","date_gmt":"2021-10-19T18:58:40","guid":{"rendered":"https:\/\/cusstawiski.pl\/?page_id=877"},"modified":"2022-02-04T13:12:00","modified_gmt":"2022-02-04T12:12:00","slug":"asystent-osobisty-osoby-niepelnosprawnej","status":"publish","type":"page","link":"https:\/\/cusstawiski.pl\/?page_id=877","title":{"rendered":"Program Asystent Osobisty Osoby Niepe\u0142nosprawnej &#8211; edycja 2021"},"content":{"rendered":"<h1 style=\"text-align: center;\"><strong>ASYSTENT OSOBISTY OSOBY NIEPE\u0141NOSPRAWNEJ (edycja 2021)<\/strong><\/h1>\n<p><span style=\"color: #002c5b;\"><strong>Gmina Stawiski przyst\u0105pi\u0142a do programu &#8222;Asystent Osobisty Osoby Niepe\u0142nosprawnej&#8221; \u2013 edycja 2021, kt\u00f3ry finansowany jest ze \u015brodk\u00f3w Ministerstwa Rodziny, Pracy i Polityki Spo\u0142ecznej w ramach Solidarno\u015bciowego Funduszu Wsparcia Os\u00f3b Niepe\u0142nosprawnych w 100%. Wysoko\u015b\u0107 otrzymanej kwoty na realizacj\u0119 zadania &#8211; 117 904,65 z\u0142.<\/strong><\/span><\/p>\n<p><a href=\"https:\/\/cusstawiski.pl\/wp-content\/uploads\/2021\/11\/plakat_asystent_900px_v2.jpg\"><img loading=\"lazy\" decoding=\"async\" class=\"alignright wp-image-861\" src=\"https:\/\/cusstawiski.pl\/wp-content\/uploads\/2021\/11\/plakat_asystent_900px_v2.jpg\" alt=\"Asystent Osobisty Osoby Niepe\u0142nosprawnej - Plakat\" width=\"400\" height=\"566\" \/><\/a>Celem Programu jest pomoc niepe\u0142nosprawnym mieszka\u0144com gminy Stawiski w wykonywaniu codziennych czynno\u015bci oraz funkcjonowaniu w \u017cyciu spo\u0142ecznym.<\/p>\n<p>Us\u0142ugi asystenta s\u0105 realizowane na terenie gminy Stawiski przez 2 asystent\u00f3w osoby niepe\u0142nosprawnej, kt\u00f3re \u015bwiadcz\u0105 us\u0142ugi u 10 os\u00f3b niepe\u0142nosprawnych. Program trwa od maja 2021r do listopada 2021r, przez 7 dni w tygodniu, w godzinach od 7:00\u201422:00.<\/p>\n<p>Us\u0142ugi asystenta polegaj\u0105 na:<\/p>\n<ul>\n<li>zakupach z zastrze\u017ceniem aktywnego udzia\u0142u uczestnika Programu przy ich realizacji,<\/li>\n<li>za\u0142atwianiu spraw urz\u0119dowych,<\/li>\n<li>nawi\u0105zywaniu kontaktu, wsp\u00f3\u0142pracy z r\u00f3\u017cnego rodzaju organizacjami,<\/li>\n<li>korzystaniu z d\u00f3br kultury np. muzeum, kina,<\/li>\n<li>wykonywaniu czynno\u015bci dnia codziennego &#8211; w tym dzieci z orzeczeniem &#8211; tak\u017ce w zaprowadzaniu i przyprowadzaniu ich do lub z plac\u00f3wki o\u015bwiatowej.<\/li>\n<\/ul>\n<p><span style=\"color: #002c5b;\"><em><strong>Uczestnik (bez wzgl\u0119du na sytuacj\u0119 materialn\u0105) nie ponosi odp\u0142atno\u015bci za us\u0142ugi asystenta!<\/strong><\/em><\/span><\/p>\n<p>Osoby zainteresowane skorzystaniem w przysz\u0142o\u015bci z pomocy asystenta osobistego osoby niepe\u0142nosprawnej prosimy o kontakt z pracownikami Centrum Us\u0142ug Spo\u0142ecznych w Stawiskach.<\/p>\n<p>B\u0119dzie to dla nas wa\u017cna informacja do realizacji Programu w kolejnych latach.<\/p>\n","protected":false},"excerpt":{"rendered":"<p>ASYSTENT OSOBISTY OSOBY NIEPE\u0141NOSPRAWNEJ (edycja 2021) Gmina Stawiski przyst\u0105pi\u0142a do programu &#8222;Asystent Osobisty Osoby Niepe\u0142nosprawnej&#8221; \u2013 edycja 2021, kt\u00f3ry finansowany jest ze \u015brodk\u00f3w Ministerstwa Rodziny,&hellip;<\/p>\n","protected":false},"author":1,"featured_media":0,"parent":0,"menu_order":0,"comment_status":"closed","ping_status":"closed","template":"","meta":{"ngg_post_thumbnail":0,"footnotes":""},"class_list":["post-877","page","type-page","status-publish","hentry"],"_links":{"self":[{"href":"https:\/\/cusstawiski.pl\/index.php?rest_route=\/wp\/v2\/pages\/877","targetHints":{"allow":["GET"]}}],"collection":[{"href":"https:\/\/cusstawiski.pl\/index.php?rest_route=\/wp\/v2\/pages"}],"about":[{"href":"https:\/\/cusstawiski.pl\/index.php?rest_route=\/wp\/v2\/types\/page"}],"author":[{"embeddable":true,"href":"https:\/\/cusstawiski.pl\/index.php?rest_route=\/wp\/v2\/users\/1"}],"replies":[{"embeddable":true,"href":"https:\/\/cusstawiski.pl\/index.php?rest_route=%2Fwp%2Fv2%2Fcomments&post=877"}],"version-history":[{"count":10,"href":"https:\/\/cusstawiski.pl\/index.php?rest_route=\/wp\/v2\/pages\/877\/revisions"}],"predecessor-version":[{"id":1810,"href":"https:\/\/cusstawiski.pl\/index.php?rest_route=\/wp\/v2\/pages\/877\/revisions\/1810"}],"wp:attachment":[{"href":"https:\/\/cusstawiski.pl\/index.php?rest_route=%2Fwp%2Fv2%2Fmedia&parent=877"}],"curies":[{"name":"wp","href":"https:\/\/api.w.org\/{rel}","templated":true}]}}