{"id":940,"date":"2021-10-19T23:18:03","date_gmt":"2021-10-19T21:18:03","guid":{"rendered":"https:\/\/cusstawiski.pl\/?page_id=940"},"modified":"2025-03-26T15:17:16","modified_gmt":"2025-03-26T14:17:16","slug":"jednorazowa-zapomoga-z-tytulu-urodzenia-sie-dziecka","status":"publish","type":"page","link":"https:\/\/cusstawiski.pl\/?page_id=940","title":{"rendered":"Jednorazowa zapomoga z tytu\u0142u urodzenia si\u0119 dziecka"},"content":{"rendered":"<h1 style=\"text-align: center;\"><strong>JEDNORAZOWA ZAPOMOGA<br \/>\nZ TYTU\u0141U URODZENIA SI\u0118 DZIECKA<\/strong><\/h1>\n<p><span style=\"color: #002c5b;\"><strong>Przys\u0142uguje:<\/strong><\/span><\/p>\n<ol>\n<li>matce lub ojcu dziecka;<\/li>\n<li>opiekunowi prawnemu;<\/li>\n<li>opiekunowi faktycznemu dziecka (je\u017celi osoba wyst\u0105pi\u0142a z wnioskiem do s\u0105du rodzinnego o przysposobienie dziecka).<\/li>\n<\/ol>\n<p>Zapomoga przys\u0142uguje je\u017celi doch\u00f3d rodziny w przeliczeniu na osob\u0119 nie przekracza kwoty <span style=\"color: #002c5b;\"><strong>1922,00 z\u0142.<\/strong><\/span><\/p>\n<p>Jednorazowa zapomoga z tytu\u0142u urodzenia dziecka przys\u0142uguje w wysoko\u015bci <strong><span style=\"color: #002c5b;\">1000,00 z\u0142<\/span> <\/strong>na jedno dziecko.<\/p>\n<p>Wniosek o wyp\u0142at\u0119 jednorazowej zapomogi sk\u0142ada si\u0119 w terminie 12 miesi\u0119cy od dnia narodzin dziecka, a w przypadku gdy wniosek dotyczy dziecka obj\u0119tego opiek\u0105 prawn\u0105, opiek\u0105 faktyczn\u0105 albo dziecka przysposobionego \u2013 w terminie 12 miesi\u0119cy od dnia obj\u0119cia dziecka opiek\u0105 albo przysposobienia nie p\u00f3\u017aniej ni\u017c do uko\u0144czenia przez dziecko 18. roku \u017cycia.<\/p>\n<p>Wniosek z\u0142o\u017cony po terminie organ w\u0142a\u015bciwy pozostawia bez rozpoznania.<\/p>\n<p>Jednorazowa zapomoga nie przys\u0142uguje, je\u017celi:<\/p>\n<ol>\n<li>cz\u0142onkowi rodziny przys\u0142uguje za granic\u0105 \u015bwiadczenie z tytu\u0142u urodzenia dziecka, chyba \u017ce przepisy o koordynacji system\u00f3w zabezpieczenia spo\u0142ecznego lub dwustronne umowy o zabezpieczeniu spo\u0142ecznym stanowi\u0105 inaczej,<\/li>\n<li>osobie samotnie wychowuj\u0105cej dziecko nie zosta\u0142o ustalone, na rzecz danego dziecka od jego rodzica, \u015bwiadczenie alimentacyjne na podstawie tytu\u0142u wykonawczego pochodz\u0105cego lub zatwierdzonego przez s\u0105d, chyba \u017ce:<\/li>\n<\/ol>\n<ol>\n<li style=\"list-style-type: none;\">\n<ol style=\"list-style-type: lower-alpha;\">\n<li>rodzice lub jedno z rodzic\u00f3w dziecka nie \u017cyje;<\/li>\n<li>ojciec dziecka jest nieznany,<\/li>\n<li>pow\u00f3dztwo o ustalenie \u015bwiadczenia alimentacyjnego od drugiego z rodzic\u00f3w zosta\u0142o oddalone,<\/li>\n<li>s\u0105d zobowi\u0105za\u0142 jedno z rodzic\u00f3w do ponoszenia ca\u0142kowitych koszt\u00f3w utrzymania dziecka i nie zobowi\u0105za\u0142 drugiego z rodzic\u00f3w do \u015bwiadczenia alimentacyjnego na rzecz tego dziecka,<\/li>\n<li>dziecko, zgodnie z orzeczeniem s\u0105du, jest pod opiek\u0105 naprzemienn\u0105 obojga rodzic\u00f3w sprawowan\u0105 w por\u00f3wnywalnych i powtarzaj\u0105cych si\u0119 okresach.<\/li>\n<\/ol>\n<\/li>\n<\/ol>\n<p><span style=\"color: #002c5b;\"><strong>Zapomoga przys\u0142uguje, je\u017celi kobieta pozostawa\u0142a pod opiek\u0105 medyczn\u0105 nie p\u00f3\u017aniej ni\u017c od 10 tygodnia ci\u0105\u017cy do porodu. Pozostawanie pod opiek\u0105 medyczn\u0105 potwierdza si\u0119 za\u015bwiadczeniem lekarskim lub za\u015bwiadczeniem wystawionym przez po\u0142o\u017cn\u0105 <\/strong><\/span>(nie stosuje si\u0119 do os\u00f3b b\u0119d\u0105cych prawnymi lub faktycznymi opiekunami dziecka, a tak\u017ce do os\u00f3b, kt\u00f3re przysposobi\u0142y dziecko).<\/p>\n<p><span style=\"color: #002c5b;\"><strong>Do wniosku nale\u017cy do\u0142\u0105czy\u0107 dokumenty:<\/strong><\/span><\/p>\n<ol>\n<li>za\u015bwiadczenie lekarskie \/ wystawione przez po\u0142o\u017cn\u0105, potwierdzaj\u0105ce pozostawanie kobiety pod opiek\u0105 medyczn\u0105 nie p\u00f3\u017aniej ni\u017c od 10 tygodnia ci\u0105\u017cy do porodu;<\/li>\n<li>o\u015bwiadczenie o dochodach osoby ubiegaj\u0105cej si\u0119 o \u015bwiadczenia rodzinne oraz cz\u0142onk\u00f3w rodziny tej osoby innych ni\u017c dochody podlegaj\u0105ce opodatkowaniu podatkiem dochodowym od os\u00f3b fizycznych na zasadach okre\u015blonych w art. 27, art. 30b, art. 30c, art. 30e i art. 30f ustawy z dnia 26 lipca 1991 r. o podatku dochodowym od os\u00f3b fizycznych;<\/li>\n<li>dokumenty stwierdzaj\u0105ce wysoko\u015b\u0107 dochodu rodziny, w tym odpowiednio:\n<ul>\n<li>za\u015bwiadczenie w\u0142a\u015bciwego organu gminy, nakaz p\u0142atniczy albo o\u015bwiadczenie o wielko\u015bci gospodarstwa rolnego wyra\u017conej w hektarach przeliczeniowych og\u00f3lnej powierzchni w roku kalendarzowym poprzedzaj\u0105cym okres zasi\u0142kowy \u2013 w przypadku dochodu z gospodarstwa rolnego,<\/li>\n<li>umow\u0119 dzier\u017cawy \u2013 w przypadku oddania cz\u0119\u015bci lub ca\u0142o\u015bci znajduj\u0105cego si\u0119 w posiadaniu rodziny gospodarstwa rolnego w dzier\u017caw\u0119, na podstawie umowy zawartej stosownie do przepis\u00f3w o ubezpieczeniu spo\u0142ecznym rolnik\u00f3w, albo oddania gospodarstwa rolnego w dzier\u017caw\u0119 w zwi\u0105zku z pobieraniem renty okre\u015blonej w przepisach o wspieraniu rozwoju obszar\u00f3w wiejskich ze \u015brodk\u00f3w pochodz\u0105cych z Sekcji Gwarancji Europejskiego Funduszu Orientacji i Gwarancji Rolnej,<\/li>\n<li>umow\u0119 o wniesieniu wk\u0142ad\u00f3w gruntowych \u2013 w przypadku wniesienia gospodarstwa rolnego do u\u017cytkowania przez rolnicz\u0105 sp\u00f3\u0142dzielni\u0119 produkcyjn\u0105,<\/li>\n<li>w przypadku dochodu z aliment\u00f3w:\n<ul>\n<li>odpis podlegaj\u0105cego wykonaniu orzeczenia s\u0105du zas\u0105dzaj\u0105cego alimenty na rzecz os\u00f3b w rodzinie lub poza rodzin\u0105 lub odpis protoko\u0142u posiedzenia zawieraj\u0105cego tre\u015b\u0107 ugody s\u0105dowej, odpis zatwierdzonej przez s\u0105d ugody zawartej przed mediatorem lub innego tytu\u0142u wykonawczego pochodz\u0105cego lub zatwierdzonego przez s\u0105d, zobowi\u0105zuj\u0105cych do aliment\u00f3w na rzecz os\u00f3b w rodzinie lub poza rodzin\u0105,<\/li>\n<li>przekazy lub przelewy pieni\u0119\u017cne dokumentuj\u0105ce wysoko\u015b\u0107 zap\u0142aconych aliment\u00f3w, je\u017celi cz\u0142onkowie rodziny s\u0105 zobowi\u0105zani orzeczeniem s\u0105du, ugod\u0105 s\u0105dow\u0105 lub ugod\u0105 zawart\u0105 przed mediatorem lub innym tytu\u0142em wykonawczym pochodz\u0105cym lub zatwierdzonym przez s\u0105d do ich p\u0142acenia na rzecz osoby spoza rodziny,<\/li>\n<li>je\u017celi osoba uprawniona nie otrzyma\u0142a aliment\u00f3w albo otrzyma\u0142a je w wysoko\u015bci ni\u017cszej od ustalonej w orzeczeniu s\u0105du, ugodzie s\u0105dowej lub ugodzie zawartej przed mediatorem lub innym tytule wykonawczym pochodz\u0105cym lub zatwierdzonym przez s\u0105d:\n<ul>\n<li>za\u015bwiadczenie organu prowadz\u0105cego post\u0119powanie egzekucyjne o ca\u0142kowitej lub cz\u0119\u015bciowej bezskuteczno\u015bci egzekucji aliment\u00f3w, a tak\u017ce o wysoko\u015bci wyegzekwowanych aliment\u00f3w lub<\/li>\n<li>informacj\u0119 w\u0142a\u015bciwego s\u0105du lub w\u0142a\u015bciwej instytucji o podj\u0119ciu przez osob\u0119 uprawnion\u0105 czynno\u015bci zwi\u0105zanych z wykonaniem tytu\u0142u wykonawczego za granic\u0105 albo o niepodj\u0119ciu tych czynno\u015bci, w szczeg\u00f3lno\u015bci w zwi\u0105zku z brakiem podstawy prawnej do ich podj\u0119cia lub brakiem mo\u017cliwo\u015bci wskazania przez osob\u0119 uprawnion\u0105 miejsca zamieszkania d\u0142u\u017cnika alimentacyjnego za granic\u0105, je\u017celi d\u0142u\u017cnik zamieszkuje za granic\u0105,<\/li>\n<\/ul>\n<\/li>\n<li>o\u015bwiadczenie lub inny dokument okre\u015blaj\u0105cy dat\u0119 utraty dochodu oraz wysoko\u015b\u0107 i rodzaj utraconego dochodu,<\/li>\n<li>o\u015bwiadczenie lub inny dokument okre\u015blaj\u0105cy dat\u0119 uzyskania dochodu oraz wysoko\u015b\u0107 i rodzaj dochodu uzyskanego przez cz\u0142onka rodziny oraz liczb\u0119 miesi\u0119cy, w kt\u00f3rych doch\u00f3d by\u0142 uzyskiwany \u2013 w przypadku uzyskania dochodu w roku kalendarzowym poprzedzaj\u0105cym okres zasi\u0142kowy,<\/li>\n<li>o\u015bwiadczenie lub inny dokument okre\u015blaj\u0105cy dat\u0119 uzyskania dochodu oraz wysoko\u015b\u0107 i rodzaj dochodu uzyskanego przez cz\u0142onka rodziny za miesi\u0105c nast\u0119puj\u0105cy po miesi\u0105cu, w kt\u00f3rym nast\u0105pi\u0142o uzyskanie dochodu \u2013 w przypadku uzyskania dochodu po roku kalendarzowym poprzedzaj\u0105cym okres zasi\u0142kowy;<\/li>\n<\/ul>\n<\/li>\n<\/ul>\n<\/li>\n<li>odpis zupe\u0142ny lub skr\u00f3cony akt\u00f3w zgonu rodzic\u00f3w lub odpis podlegaj\u0105cego wykonaniu orzeczenia s\u0105du zas\u0105dzaj\u0105cego alimenty, lub odpis protoko\u0142u posiedzenia zawieraj\u0105cego tre\u015b\u0107 ugody s\u0105dowej, lub odpis zatwierdzonej przez s\u0105d ugody zawartej przed mediatorem lub innego tytu\u0142u wykonawczego pochodz\u0105cego lub zatwierdzonego przez s\u0105d, zobowi\u0105zuj\u0105cych do aliment\u00f3w \u2013 w przypadku osoby samotnie wychowuj\u0105cej dziecko lub osoby ucz\u0105cej si\u0119;<\/li>\n<li>odpis prawomocnego orzeczenia s\u0105du orzekaj\u0105cego rozw\u00f3d lub separacj\u0119 albo odpis zupe\u0142ny lub skr\u00f3cony aktu zgonu ma\u0142\u017conka lub rodzica dziecka \u2013 w przypadku osoby samotnie wychowuj\u0105cej dziecko;<\/li>\n<li>odpis zupe\u0142ny aktu urodzenia dziecka \u2013 w przypadku gdy ojciec jest nieznany;<\/li>\n<li>odpis prawomocnego orzeczenia s\u0105du oddalaj\u0105cego pow\u00f3dztwo o roszczenia alimentacyjne;<\/li>\n<li>odpis prawomocnego orzeczenia s\u0105du zobowi\u0105zuj\u0105cego jednego z rodzic\u00f3w do ponoszenia ca\u0142kowitych koszt\u00f3w utrzymania dziecka;<\/li>\n<li>odpis orzeczenia s\u0105du wskazuj\u0105cego na pozostawanie dziecka pod opiek\u0105 naprzemienn\u0105 obojga rodzic\u00f3w sprawowan\u0105 w por\u00f3wnywalnych i powtarzaj\u0105cych si\u0119 okresach;<\/li>\n<li>odpis prawomocnego postanowienia s\u0105du orzekaj\u0105cego przysposobienie \u2013 w przypadku gdy osoba ubiegaj\u0105ca si\u0119 o zasi\u0142ek rodzinny przysposobi\u0142a dziecko;<\/li>\n<li>za\u015bwiadczenie s\u0105du rodzinnego lub o\u015brodka adopcyjnego o prowadzonym post\u0119powaniu s\u0105dowym w sprawie o przysposobienie dziecka \u2013 w przypadku gdy osoba ubiegaj\u0105ca si\u0119 o zasi\u0142ek rodzinny jest opiekunem faktycznym dziecka;<\/li>\n<li>orzeczenie s\u0105du o ustaleniu opiekuna prawnego dziecka \u2013 w przypadku gdy osoba ubiegaj\u0105ca si\u0119 o zasi\u0142ek rodzinny jest opiekunem prawnym dziecka;<\/li>\n<li>o\u015bwiadczenia lub inne dokumenty niezb\u0119dne do jednorazowej zapomogi z tytu\u0142u urodzenia si\u0119 dziecka.<\/li>\n<\/ol>\n","protected":false},"excerpt":{"rendered":"<p>JEDNORAZOWA ZAPOMOGA Z TYTU\u0141U URODZENIA SI\u0118 DZIECKA Przys\u0142uguje: matce lub ojcu dziecka; opiekunowi prawnemu; opiekunowi faktycznemu dziecka (je\u017celi osoba wyst\u0105pi\u0142a z wnioskiem do s\u0105du rodzinnego&hellip;<\/p>\n","protected":false},"author":1,"featured_media":0,"parent":0,"menu_order":0,"comment_status":"closed","ping_status":"closed","template":"","meta":{"ngg_post_thumbnail":0,"footnotes":""},"class_list":["post-940","page","type-page","status-publish","hentry"],"_links":{"self":[{"href":"https:\/\/cusstawiski.pl\/index.php?rest_route=\/wp\/v2\/pages\/940","targetHints":{"allow":["GET"]}}],"collection":[{"href":"https:\/\/cusstawiski.pl\/index.php?rest_route=\/wp\/v2\/pages"}],"about":[{"href":"https:\/\/cusstawiski.pl\/index.php?rest_route=\/wp\/v2\/types\/page"}],"author":[{"embeddable":true,"href":"https:\/\/cusstawiski.pl\/index.php?rest_route=\/wp\/v2\/users\/1"}],"replies":[{"embeddable":true,"href":"https:\/\/cusstawiski.pl\/index.php?rest_route=%2Fwp%2Fv2%2Fcomments&post=940"}],"version-history":[{"count":11,"href":"https:\/\/cusstawiski.pl\/index.php?rest_route=\/wp\/v2\/pages\/940\/revisions"}],"predecessor-version":[{"id":3947,"href":"https:\/\/cusstawiski.pl\/index.php?rest_route=\/wp\/v2\/pages\/940\/revisions\/3947"}],"wp:attachment":[{"href":"https:\/\/cusstawiski.pl\/index.php?rest_route=%2Fwp%2Fv2%2Fmedia&parent=940"}],"curies":[{"name":"wp","href":"https:\/\/api.w.org\/{rel}","templated":true}]}}