{"id":949,"date":"2021-10-19T23:49:41","date_gmt":"2021-10-19T21:49:41","guid":{"rendered":"https:\/\/cusstawiski.pl\/?page_id=949"},"modified":"2025-03-28T11:27:19","modified_gmt":"2025-03-28T10:27:19","slug":"swiadczenie-rodzicielskie","status":"publish","type":"page","link":"https:\/\/cusstawiski.pl\/?page_id=949","title":{"rendered":"\u015awiadczenie rodzicielskie"},"content":{"rendered":"<h1 style=\"text-align: center;\"><strong>\u015aWIADCZENIE RODZICIELSKIE<\/strong><\/h1>\n<h3><span style=\"color: #002c5b;\"><strong>\u015awiadczenie rodzicielskie przys\u0142uguje:<\/strong><\/span><\/h3>\n<ol>\n<li>obywatelom polskim,<\/li>\n<li>cudzoziemcom:<\/li>\n<\/ol>\n<ol style=\"list-style-type: lower-alpha;\">\n<li>do kt\u00f3rych stosuje si\u0119 przepisy o koordynacji system\u00f3w zabezpieczenia spo\u0142ecznego,<\/li>\n<li>je\u017celi wynika to z wi\u0105\u017c\u0105cych Rzeczpospolit\u0105 Polsk\u0105 um\u00f3w dwustronnych o zabezpieczeniu spo\u0142ecznym,<\/li>\n<li>przebywaj\u0105cym na terytorium Rzeczypospolitej Polskiej na podstawie zezwolenia na pobyt sta\u0142y, zezwolenia na pobyt rezydenta d\u0142ugoterminowego Unii Europejskiej, zezwolenia na pobyt czasowy udzielonego w zwi\u0105zku z okoliczno\u015bciami, o kt\u00f3rych mowa w a rt. 127 lub art. 186 ust. 1 pkt 3 ustawy z d nia 12 grudnia 2013 r. o cudzoziemcach (Dz. U. poz. 1650, z p\u00f3\u017an. zm.), lub w zwi\u0105zku z uzyskaniem w Rzeczypospolitej Polskiej statusu uchod\u017acy lub ochrony uzupe\u0142niaj\u0105cej, je\u017celi zamieszkuj\u0105 z cz\u0142onkami rodzin na terytorium Rzeczypospolitej Polskiej,<\/li>\n<li>posiadaj\u0105cym kart\u0119 pobytu z adnotacj\u0105 \u201edost\u0119p do rynku pracy\u201d, z wy\u0142\u0105czeniem obywateli pa\u0144stw trzecich, kt\u00f3rzy uzyskali zezwolenie na prac\u0119 na terytorium pa\u0144stwa cz\u0142onkowskiego na okres nieprzekraczaj\u0105cy sze\u015bciu miesi\u0119cy, obywateli pa\u0144stw trzecich przyj\u0119tych w celu podj\u0119cia studi\u00f3w oraz obywateli pa\u0144stw trzecich, kt\u00f3rzy maj\u0105 prawo do wykonywania pracy na podstawie wizy \u2212 je\u017celi zamieszkuj\u0105 na terytorium Rzeczypospolitej Polskiej przez okres zasi\u0142kowy, w kt\u00f3rym otrzymuj\u0105 \u015bwiadczenia rodzinne, chyba \u017ce przepisy o koordynacji system\u00f3w zabezpieczenia spo\u0142ecznego lub dwustronne umowy mi\u0119dzynarodowe o zabezpieczeniu spo\u0142ecznym stanowi\u0105 inaczej (art. 1 ust. 2 i 3 ustawy z dnia 28 listopada 2003 r. o \u015bwiadczeniach rodzinnych (Dz. U. z 2015 r. poz. 114, z p\u00f3\u017an. zm.), zwanej dalej \u201eustaw\u0105\u201d).<\/li>\n<\/ol>\n<h3><span style=\"color: #002c5b;\"><strong>\u015awiadczenie rodzicielskie przys\u0142uguje zgodnie z art. 17c ust. 1 ustawy:<\/strong><\/span><\/h3>\n<ol>\n<li>matce albo ojcu dziecka, z uwzgl\u0119dnieniem art.17c ust. 2 ustawy;<\/li>\n<li>opiekunowi faktycznemu dziecka w przypadku obj\u0119cia opiek\u0105 dziecka w wieku do uko\u0144czenia 7. roku \u017cycia, a w przypadku dziecka, wobec kt\u00f3rego podj\u0119to decyzj\u0119 o odroczeniu obowi\u0105zku szkolnego \u2013 do uko\u0144czenia 10. roku \u017cycia;<\/li>\n<li>rodzinie zast\u0119pczej, z wyj\u0105tkiem rodziny zast\u0119pczej zawodowej, w przypadku obj\u0119cia opiek\u0105 dziecka w wieku do uko\u0144czenia 7. roku \u017cycia, a w przypadku dziecka, wobec kt\u00f3rego podj\u0119to decyzj\u0119 o odroczeniu obowi\u0105zku szkolnego \u2013 do uko\u0144czenia 10. roku \u017cycia;<\/li>\n<li>osobie, kt\u00f3ra przysposobi\u0142a dziecko, w przypadku obj\u0119cia opiek\u0105 dziecka w wieku do uko\u0144czenia 7. roku \u017cycia, a w przypadku dziecka, wobec kt\u00f3rego podj\u0119to decyzj\u0119 o odroczeniu obowi\u0105zku szkolnego \u2013 do uko\u0144czenia 10. roku \u017cycia.<\/li>\n<\/ol>\n<h3><span style=\"color: #002c5b;\"><strong>\u015awiadczenie rodzicielskie przys\u0142uguje ojcu dziecka zgodnie z art. 17c ust. 2 ustawy w przypadku:<\/strong><\/span><\/h3>\n<ol>\n<li>skr\u00f3cenia okresu pobierania \u015bwiadczenia rodzicielskiego na wniosek matki dziecka po wykorzystaniu przez ni\u0105 tego \u015bwiadczenia za okres co najmniej 14 tygodni od dnia urodzenia dziecka;<\/li>\n<li>\u015bmierci matki dziecka;<\/li>\n<li>porzucenia dziecka przez matk\u0119.<\/li>\n<\/ol>\n<h3><span style=\"color: #002c5b;\"><strong>\u015awiadczenie rodzicielskie przys\u0142uguje przez okres:<\/strong><\/span><\/h3>\n<ol>\n<li>52 tygodni \u2013 w przypadku urodzenia jednego dziecka przy jednym porodzie, przysposobienia jednego dziecka lub obj\u0119cia opiek\u0105 jednego dziecka,<\/li>\n<li>65 tygodni \u2013 w przypadku urodzenia dwojga dzieci przy jednym porodzie, przysposobienia dwojga dzieci lub obj\u0119cia opiek\u0105 dwojga dzieci,<\/li>\n<li>67 tygodni \u2013 w przypadku urodzenia trojga dzieci przy jednym porodzie, przysposobienia trojga dzieci lub obj\u0119cia opiek\u0105 trojga dzieci,<\/li>\n<li>69 tygodni \u2013 w przypadku urodzenia czworga dzieci przy jednym porodzie, przysposobienia czworga dzieci lub obj\u0119cia opiek\u0105 czworga dzieci,<\/li>\n<li>71 tygodni \u2013 w przypadku urodzenia pi\u0119ciorga i wi\u0119cej dzieci przy jednym porodzie, przysposobienia pi\u0119ciorga i wi\u0119cej dzieci lub obj\u0119cia opiek\u0105 pi\u0119ciorga i wi\u0119cej dzieci (art. 17c ust. 3 ustawy).<\/li>\n<\/ol>\n<h3><span style=\"color: #002c5b;\"><strong>\u015awiadczenie rodzicielskie przys\u0142uguje od dnia:<\/strong><\/span><\/h3>\n<ol>\n<li>porodu \u2013 w przypadku matki lub ojca dziecka,<\/li>\n<li>obj\u0119cia dziecka opiek\u0105, nie d\u0142u\u017cej ni\u017c do uko\u0144czenia przez dziecko 7. roku \u017cycia, a w przypadku dziecka, wobec kt\u00f3rego podj\u0119to decyzj\u0119 o odroczeniu obowi\u0105zku szkolnego, nie d\u0142u\u017cej ni\u017c do uko\u0144czenia przez nie 10. roku \u017cycia \u2013 w przypadku opiekuna faktycznego dziecka lub rodziny zast\u0119pczej,<\/li>\n<li>przysposobienia dziecka, nie d\u0142u\u017cej ni\u017c do uko\u0144czenia przez dziecko 7. roku \u017cycia, a w przypadku dziecka, wobec kt\u00f3rego podj\u0119to decyzj\u0119 o odroczeniu obowi\u0105zku szkolnego, nie d\u0142u\u017cej ni\u017c do uko\u0144czenia przez nie 10. roku \u017cycia \u2013 w przypadku osoby przysposabiaj\u0105cej dziecko (art. 17c ust. 4 ustawy).<\/li>\n<\/ol>\n<p>W razie urodzenia dziecka przez kobiet\u0119 pobieraj\u0105c\u0105 zasi\u0142ek dla bezrobotnych w okresie, o kt\u00f3rym mowa w art. 73 u st. 1 u stawy z dnia 20 kwietnia 2004 r. o promocji zatrudnienia i instytucjach rynku pracy (Dz. U. z 2015 r. poz. 149, z p\u00f3\u017an. zm.), lub w ci\u0105gu miesi\u0105ca po jego zako\u0144czeniu, lub w okresie przed\u0142u\u017cenia zasi\u0142ku dla bezrobotnych na podstawie art. 73 ust. 3 tej ustawy, \u015bwiadczenie rodzicielskie przys\u0142uguje jednemu z rodzic\u00f3w w wysoko\u015bci r\u00f3\u017cnicy mi\u0119dzy kwot\u0105 \u015bwiadczenia rodzicielskiego, a kwot\u0105 pobieranego przez kobiet\u0119 zasi\u0142ku dla bezrobotnych pomniejszonego o zaliczk\u0119 na podatek dochodowy od os\u00f3b fizycznych (art. 17c ust. 6 ustawy).<\/p>\n<h3><span style=\"color: #002c5b;\"><strong>Osobie uprawnionej do \u015bwiadczenia rodzicielskiego przys\u0142uguje:<\/strong><\/span><\/h3>\n<ol>\n<li>w tym samym czasie jedno \u015bwiadczenie rodzicielskie bez wzgl\u0119du na liczb\u0119 wychowywanych dzieci,<\/li>\n<li>jedno \u015bwiadczenie rodzicielskie w zwi\u0105zku z wychowywaniem tego samego dziecka (art. 17c ust. 8 ustawy).<\/li>\n<\/ol>\n<h3><span style=\"color: #002c5b;\"><strong>\u015awiadczenie rodzicielskie nie przys\u0142uguje, je\u017celi:<\/strong><\/span><\/h3>\n<ol>\n<li>co najmniej jeden z rodzic\u00f3w dziecka lub opiekun faktyczny dziecka lub rodzina zast\u0119pcza, otrzymuj\u0105 zasi\u0142ek macierzy\u0144ski lub uposa\u017cenie za okres ustalony przepisami Kodeksu pracy jako okres urlopu macierzy\u0144skiego, okres urlopu na warunkach urlopu macierzy\u0144skiego lub okres urlopu rodzicielskiego,<\/li>\n<li>dziecko zosta\u0142o umieszczone w pieczy zast\u0119pczej \u2013 w przypadku rodzic\u00f3w dziecka lub osoby, kt\u00f3ra przysposobi\u0142a dziecko,<\/li>\n<li>osoba ubiegaj\u0105ca si\u0119 o \u015bwiadczenie rodzicielskie lub osoba pobieraj\u0105ca \u015bwiadczenie rodzicielskie nie sprawuje lub zaprzesta\u0142a sprawowania osobistej opieki nad dzieckiem, w tym w zwi\u0105zku z zatrudnieniem lub wykonywaniem innej pracy zarobkowej, kt\u00f3re uniemo\u017cliwiaj\u0105 sprawowanie tej opieki,<\/li>\n<li>w zwi\u0105zku z wychowywaniem tego samego dziecka lub w zwi\u0105zku z opiek\u0105 nad tym samym dzieckiem jest ju\u017c ustalone prawo do \u015bwiadczenia rodzicielskiego, dodatku do zasi\u0142ku rodzinnego, o kt\u00f3rym mowa w art. 10, \u015bwiadczenia piel\u0119gnacyjnego, specjalnego zasi\u0142ku opieku\u0144czego lub zasi\u0142ku dla opiekuna, o kt\u00f3rym mowa w ustawie z dnia 4 kwietnia 2014 r. o ustaleniu i wyp\u0142acie zasi\u0142k\u00f3w dla opiekun\u00f3w,<\/li>\n<li>osobie ubiegaj\u0105cej si\u0119 o \u015bwiadczenie rodzicielskie przys\u0142uguje za granic\u0105 \u015bwiadczenie o podobnym charakterze do \u015bwiadczenia rodzicielskiego, chyba \u017ce przepisy o koordynacji system\u00f3w zabezpieczenia spo\u0142ecznego lub dwustronne umowy o zabezpieczeniu spo\u0142ecznym stanowi\u0105 inaczej (art. 17c ust. 9 ustawy).<\/li>\n<\/ol>\n","protected":false},"excerpt":{"rendered":"<p>\u015aWIADCZENIE RODZICIELSKIE \u015awiadczenie rodzicielskie przys\u0142uguje: obywatelom polskim, cudzoziemcom: do kt\u00f3rych stosuje si\u0119 przepisy o koordynacji system\u00f3w zabezpieczenia spo\u0142ecznego, je\u017celi wynika to z wi\u0105\u017c\u0105cych Rzeczpospolit\u0105 Polsk\u0105&hellip;<\/p>\n","protected":false},"author":1,"featured_media":0,"parent":0,"menu_order":0,"comment_status":"closed","ping_status":"closed","template":"","meta":{"ngg_post_thumbnail":0,"footnotes":""},"class_list":["post-949","page","type-page","status-publish","hentry"],"_links":{"self":[{"href":"https:\/\/cusstawiski.pl\/index.php?rest_route=\/wp\/v2\/pages\/949","targetHints":{"allow":["GET"]}}],"collection":[{"href":"https:\/\/cusstawiski.pl\/index.php?rest_route=\/wp\/v2\/pages"}],"about":[{"href":"https:\/\/cusstawiski.pl\/index.php?rest_route=\/wp\/v2\/types\/page"}],"author":[{"embeddable":true,"href":"https:\/\/cusstawiski.pl\/index.php?rest_route=\/wp\/v2\/users\/1"}],"replies":[{"embeddable":true,"href":"https:\/\/cusstawiski.pl\/index.php?rest_route=%2Fwp%2Fv2%2Fcomments&post=949"}],"version-history":[{"count":3,"href":"https:\/\/cusstawiski.pl\/index.php?rest_route=\/wp\/v2\/pages\/949\/revisions"}],"predecessor-version":[{"id":952,"href":"https:\/\/cusstawiski.pl\/index.php?rest_route=\/wp\/v2\/pages\/949\/revisions\/952"}],"wp:attachment":[{"href":"https:\/\/cusstawiski.pl\/index.php?rest_route=%2Fwp%2Fv2%2Fmedia&parent=949"}],"curies":[{"name":"wp","href":"https:\/\/api.w.org\/{rel}","templated":true}]}}