{"id":960,"date":"2021-10-20T10:18:36","date_gmt":"2021-10-20T08:18:36","guid":{"rendered":"https:\/\/cusstawiski.pl\/?page_id=960"},"modified":"2025-03-26T15:07:20","modified_gmt":"2025-03-26T14:07:20","slug":"zasilek-rodzinny","status":"publish","type":"page","link":"https:\/\/cusstawiski.pl\/?page_id=960","title":{"rendered":"Zasi\u0142ek rodzinny"},"content":{"rendered":"<h1 style=\"text-align: center;\"><strong>ZASI\u0141EK RODZINNY<\/strong><\/h1>\n<h3><span style=\"color: #002c5b;\"><strong>Zasi\u0142ek rodzinny przys\u0142uguje do uko\u0144czenia przez dziecko:<\/strong><\/span><\/h3>\n<ol>\n<li>18 roku \u017cycia lub<\/li>\n<li>nauki w szkole, jednak nie d\u0142u\u017cej ni\u017c do uko\u0144czenia 21 roku \u017cycia <em>(je\u017celi uczy si\u0119 w szkole, ale nie w szkole wy\u017cszej),<\/em> albo<\/li>\n<li>24 roku \u017cycia, je\u017celi kontynuuje nauk\u0119 w szkole lub w szkole wy\u017cszej i legitymuje si\u0119 orzeczeniem o umiarkowanym albo znacznym stopniu niepe\u0142nosprawno\u015bci. W przypadku uko\u0144czenia szko\u0142y wy\u017cszej w trakcie ostatniego roku studi\u00f3w prawo do zasi\u0142ku rodzinnego przys\u0142uguje do zako\u0144czenia tego roku studi\u00f3w, nie d\u0142u\u017cej jednak ni\u017c do uko\u0144czenia 24. roku \u017cycia.<\/li>\n<\/ol>\n<p>Zasi\u0142ek rodzinny przys\u0142uguje, je\u017celi doch\u00f3d rodziny, w przeliczeniu na osob\u0119, nie przekracza kwoty <span style=\"color: #002c5b;\"><strong>674 z\u0142<\/strong><\/span>, a w przypadku, gdy cz\u0142onkiem rodziny jest dziecko legitymuj\u0105ce si\u0119 orzeczeniem o niepe\u0142nosprawno\u015bci lub orzeczeniem o znacznym b\u0105d\u017a umiarkowanym stopniu niepe\u0142nosprawno\u015bci &#8211; nie przekracza kwoty&nbsp;<strong><span style=\"color: #002c5b;\">764&nbsp;z\u0142<\/span>.<\/strong><\/p>\n<p>Wysoko\u015b\u0107 zasi\u0142ku rodzinnego wynosi miesi\u0119cznie:<\/p>\n<ol>\n<li><span style=\"color: #002c5b;\"><strong>95,00 z\u0142 <\/strong><\/span>&nbsp;na dziecko w wieku do uko\u0144czenia 5. roku \u017cycia;<\/li>\n<li><span style=\"color: #002c5b;\"><strong>124,00 z\u0142<\/strong><\/span> &nbsp;na dziecko w wieku powy\u017cej 5. roku \u017cycia do uko\u0144czenia 18. roku \u017cycia;<\/li>\n<li><span style=\"color: #002c5b;\"><strong>135,00 z\u0142<\/strong><\/span> &nbsp;na dziecko w wieku powy\u017cej 18. roku \u017cycia do uko\u0144czenia 24. roku \u017cycia.<\/li>\n<\/ol>\n<h2><strong>Do wniosku o zasi\u0142ek rodzinny nale\u017cy do\u0142\u0105czy\u0107 dokumenty:<\/strong><\/h2>\n<ol>\n<li>o\u015bwiadczenie o ucz\u0119szczaniu dziecka do szko\u0142y &#8211; w przypadku gdy dziecko uko\u0144czy\u0142o 18 rok \u017cycia;<\/li>\n<li>o\u015bwiadczenie o ucz\u0119szczaniu do szko\u0142y wy\u017cszej &#8211; w przypadku osoby ucz\u0105cej si\u0119 lub osoby legitymuj\u0105cej si\u0119 orzeczeniem o umiarkowanym albo znacznym stopniu niepe\u0142nosprawno\u015bci, je\u017celi osoba uczy si\u0119 w szkole wy\u017cszej;<\/li>\n<li>o\u015bwiadczenie o dochodach osoby ubiegaj\u0105cej si\u0119 o \u015bwiadczenia rodzinne oraz cz\u0142onk\u00f3w rodziny tej osoby innych ni\u017c dochody podlegaj\u0105ce opodatkowaniu podatkiem dochodowym od os\u00f3b fizycznych na zasadach okre\u015blonych w art. 27, art. 30b, art. 30c, art. 30e i art. 30f ustawy z dnia 26 lipca 1991 r. o podatku dochodowym od os\u00f3b fizycznych;<\/li>\n<li>dokumenty stwierdzaj\u0105ce wysoko\u015b\u0107 dochodu rodziny, w tym odpowiednio:\n<ol style=\"list-style-type: lower-alpha;\">\n<li>za\u015bwiadczenie w\u0142a\u015bciwego organu gminy, nakaz p\u0142atniczy albo o\u015bwiadczenie o wielko\u015bci gospodarstwa rolnego wyra\u017conej w hektarach przeliczeniowych og\u00f3lnej powierzchni w roku kalendarzowym poprzedzaj\u0105cym okres zasi\u0142kowy \u2013 w przypadku dochodu z gospodarstwa rolnego,<\/li>\n<li>umow\u0119 dzier\u017cawy \u2013 w przypadku oddania cz\u0119\u015bci lub ca\u0142o\u015bci znajduj\u0105cego si\u0119 w posiadaniu rodziny gospodarstwa rolnego w dzier\u017caw\u0119, na podstawie umowy zawartej stosownie do przepis\u00f3w o ubezpieczeniu spo\u0142ecznym rolnik\u00f3w, albo oddania gospodarstwa rolnego w dzier\u017caw\u0119 w zwi\u0105zku z pobieraniem renty okre\u015blonej w przepisach o wspieraniu rozwoju obszar\u00f3w wiejskich ze \u015brodk\u00f3w pochodz\u0105cych z Sekcji Gwarancji Europejskiego Funduszu Orientacji i Gwarancji Rolnej,<\/li>\n<li>umow\u0119 o wniesieniu wk\u0142ad\u00f3w gruntowych \u2013 w przypadku wniesienia gospodarstwa rolnego do u\u017cytkowania przez rolnicz\u0105 sp\u00f3\u0142dzielni\u0119 produkcyjn\u0105,<\/li>\n<li>w przypadku dochodu z aliment\u00f3w:\n<ul>\n<li>odpis podlegaj\u0105cego wykonaniu orzeczenia s\u0105du zas\u0105dzaj\u0105cego alimenty na rzecz os\u00f3b w rodzinie lub poza rodzin\u0105 lub odpis protoko\u0142u posiedzenia zawieraj\u0105cego tre\u015b\u0107 ugody s\u0105dowej, odpis zatwierdzonej przez s\u0105d ugody zawartej przed mediatorem lub innego tytu\u0142u wykonawczego pochodz\u0105cego lub zatwierdzonego przez s\u0105d, zobowi\u0105zuj\u0105cych do aliment\u00f3w na rzecz os\u00f3b w rodzinie lub poza rodzin\u0105,<\/li>\n<li>przekazy lub przelewy pieni\u0119\u017cne dokumentuj\u0105ce wysoko\u015b\u0107 zap\u0142aconych aliment\u00f3w, je\u017celi cz\u0142onkowie rodziny s\u0105 zobowi\u0105zani orzeczeniem s\u0105du, ugod\u0105 s\u0105dow\u0105 lub ugod\u0105 zawart\u0105 przed mediatorem lub innym tytu\u0142em wykonawczym pochodz\u0105cym lub zatwierdzonym przez s\u0105d do ich p\u0142acenia na rzecz osoby spoza rodziny,<\/li>\n<li>je\u017celi osoba uprawniona nie otrzyma\u0142a aliment\u00f3w albo otrzyma\u0142a je w wysoko\u015bci ni\u017cszej od ustalonej w orzeczeniu s\u0105du, ugodzie s\u0105dowej lub ugodzie zawartej przed mediatorem lub innym tytule wykonawczym pochodz\u0105cym lub zatwierdzonym przez s\u0105d:\n<ul>\n<li>za\u015bwiadczenie organu prowadz\u0105cego post\u0119powanie egzekucyjne o ca\u0142kowitej lub cz\u0119\u015bciowej bezskuteczno\u015bci egzekucji aliment\u00f3w, a tak\u017ce o wysoko\u015bci wyegzekwowanych aliment\u00f3w lub<\/li>\n<li>informacj\u0119 w\u0142a\u015bciwego s\u0105du lub w\u0142a\u015bciwej instytucji o podj\u0119ciu przez osob\u0119 uprawnion\u0105 czynno\u015bci zwi\u0105zanych z wykonaniem tytu\u0142u wykonawczego za granic\u0105 albo o niepodj\u0119ciu tych czynno\u015bci, w szczeg\u00f3lno\u015bci w zwi\u0105zku z brakiem podstawy prawnej do ich podj\u0119cia lub brakiem mo\u017cliwo\u015bci wskazania przez osob\u0119 uprawnion\u0105 miejsca zamieszkania d\u0142u\u017cnika alimentacyjnego za granic\u0105, je\u017celi d\u0142u\u017cnik zamieszkuje za granic\u0105,<\/li>\n<\/ul>\n<\/li>\n<\/ul>\n<\/li>\n<li>o\u015bwiadczenie lub inny dokument okre\u015blaj\u0105cy dat\u0119 utraty dochodu oraz wysoko\u015b\u0107 i rodzaj utraconego dochodu,<\/li>\n<li>o\u015bwiadczenie lub inny dokument okre\u015blaj\u0105cy dat\u0119 uzyskania dochodu oraz wysoko\u015b\u0107 i rodzaj dochodu uzyskanego przez cz\u0142onka rodziny oraz liczb\u0119 miesi\u0119cy, w kt\u00f3rych doch\u00f3d by\u0142 uzyskiwany \u2013 w przypadku uzyskania dochodu w roku kalendarzowym poprzedzaj\u0105cym okres zasi\u0142kowy,<\/li>\n<li>o\u015bwiadczenie lub inny dokument okre\u015blaj\u0105cy dat\u0119 uzyskania dochodu oraz wysoko\u015b\u0107 i rodzaj dochodu uzyskanego przez cz\u0142onka rodziny za miesi\u0105c nast\u0119puj\u0105cy po miesi\u0105cu, w kt\u00f3rym nast\u0105pi\u0142o uzyskanie dochodu \u2013 w przypadku uzyskania dochodu po roku kalendarzowym poprzedzaj\u0105cym okres zasi\u0142kowy;<\/li>\n<\/ol>\n<\/li>\n<li>odpis zupe\u0142ny lub skr\u00f3cony akt\u00f3w zgonu rodzic\u00f3w lub odpis podlegaj\u0105cego wykonaniu orzeczenia s\u0105du zas\u0105dzaj\u0105cego alimenty, lub odpis protoko\u0142u posiedzenia zawieraj\u0105cego tre\u015b\u0107 ugody s\u0105dowej, lub odpis zatwierdzonej przez s\u0105d ugody zawartej przed mediatorem lub innego tytu\u0142u wykonawczego pochodz\u0105cego lub zatwierdzonego przez s\u0105d, zobowi\u0105zuj\u0105cych do aliment\u00f3w \u2013 w przypadku osoby samotnie wychowuj\u0105cej dziecko lub osoby ucz\u0105cej si\u0119;<\/li>\n<li>odpis prawomocnego orzeczenia s\u0105du orzekaj\u0105cego rozw\u00f3d lub separacj\u0119 albo odpis zupe\u0142ny lub skr\u00f3cony aktu zgonu ma\u0142\u017conka lub rodzica dziecka \u2013 w przypadku osoby samotnie wychowuj\u0105cej dziecko;<\/li>\n<li>odpis zupe\u0142ny aktu urodzenia dziecka \u2013 w przypadku gdy ojciec jest nieznany;<\/li>\n<li>odpis prawomocnego orzeczenia s\u0105du oddalaj\u0105cego pow\u00f3dztwo o roszczenia alimentacyjne;<\/li>\n<li>odpis prawomocnego orzeczenia s\u0105du zobowi\u0105zuj\u0105cego jednego z rodzic\u00f3w do ponoszenia ca\u0142kowitych koszt\u00f3w utrzymania dziecka;<\/li>\n<li>odpis orzeczenia s\u0105du wskazuj\u0105cego na pozostawanie dziecka pod opiek\u0105 naprzemienn\u0105 obojga rodzic\u00f3w sprawowan\u0105 w por\u00f3wnywalnych i powtarzaj\u0105cych si\u0119 okresach;<\/li>\n<li>odpis prawomocnego postanowienia s\u0105du orzekaj\u0105cego przysposobienie \u2013 w przypadku gdy osoba ubiegaj\u0105ca si\u0119 o zasi\u0142ek rodzinny przysposobi\u0142a dziecko;<\/li>\n<li>za\u015bwiadczenie s\u0105du rodzinnego lub o\u015brodka adopcyjnego o prowadzonym post\u0119powaniu s\u0105dowym w sprawie o przysposobienie dziecka \u2013 w przypadku gdy osoba ubiegaj\u0105ca si\u0119 o zasi\u0142ek rodzinny jest opiekunem faktycznym dziecka;<\/li>\n<li>orzeczenie s\u0105du o ustaleniu opiekuna prawnego dziecka \u2013 w przypadku gdy osoba ubiegaj\u0105ca si\u0119 o zasi\u0142ek rodzinny jest opiekunem prawnym dziecka;<\/li>\n<li>o\u015bwiadczenia lub inne dokumenty niezb\u0119dne do ustalenia prawa do zasi\u0142ku rodzinnego.<\/li>\n<\/ol>\n<p><span style=\"color: #002c5b;\"><strong>Zasi\u0142ek rodzinny nie przys\u0142uguje, je\u017celi:<\/strong><\/span><\/p>\n<ol>\n<li>dziecko lub osoba ucz\u0105ca si\u0119 pozostaj\u0105 w zwi\u0105zku ma\u0142\u017ce\u0144skim;<\/li>\n<li>dziecko zosta\u0142o umieszczone w instytucji zapewniaj\u0105cej ca\u0142odobowe utrzymanie albo w pieczy zast\u0119pczej;<\/li>\n<li>osoba ucz\u0105ca si\u0119 zosta\u0142a umieszczona w instytucji zapewniaj\u0105cej ca\u0142odobowe utrzymanie;<\/li>\n<li>pe\u0142noletnie dziecko lub osoba ucz\u0105ca si\u0119 jest uprawniona do zasi\u0142ku rodzinnego na w\u0142asne dziecko;<\/li>\n<li>osobie samotnie wychowuj\u0105cej dziecko nie zosta\u0142o ustalone, na rzecz dziecka od jego rodzica, \u015bwiadczenie alimentacyjne na podstawie tytu\u0142u wykonawczego pochodz\u0105cego lub zatwierdzonego przez s\u0105d, chyba \u017ce:\n<ol style=\"list-style-type: lower-alpha;\">\n<li>rodzice lub jedno z rodzic\u00f3w dziecka nie \u017cyje,<\/li>\n<li>ojciec dziecka jest nieznany,<\/li>\n<li>pow\u00f3dztwo o ustalenie \u015bwiadczenia alimentacyjnego od drugiego z rodzic\u00f3w zosta\u0142o oddalone,<\/li>\n<li>s\u0105d zobowi\u0105za\u0142 jednego z rodzic\u00f3w do ponoszenia ca\u0142kowitych koszt\u00f3w utrzymania dziecka i nie zobowi\u0105za\u0142 drugiego z rodzic\u00f3w do \u015bwiadczenia alimentacyjnego na rzecz tego dziecka;<\/li>\n<li>dziecko, zgodnie z orzeczeniem s\u0105du, jest pod opiek\u0105 naprzemienn\u0105 obojga rodzic\u00f3w sprawowan\u0105 w por\u00f3wnywalnych i powtarzaj\u0105cych si\u0119 okresach<\/li>\n<\/ol>\n<\/li>\n<li>cz\u0142onkowi rodziny przys\u0142uguje na dziecko zasi\u0142ek rodzinny za granic\u0105, chyba \u017ce przepisy o koordynacji system\u00f3w zabezpieczenia spo\u0142ecznego lub dwustronne umowy o zabezpieczeniu spo\u0142ecznym stanowi\u0105 inaczej.<\/li>\n<\/ol>\n<p><span style=\"color: #002c5b;\"><strong>Do zasi\u0142ku rodzinnego przys\u0142uguj\u0105 dodatki z tytu\u0142u:<\/strong><\/span><\/p>\n<p><span style=\"color: #002c5b;\"><strong><em>I<\/em><\/strong><em> <strong>urodzenia dziecka<\/strong> <\/em><\/span><\/p>\n<p><em>D<\/em>odatek przys\u0142uguje jednorazowo w wysoko\u015bci 1000,00 z\u0142 na ka\u017cde urodzone dziecko.<br \/>\nWniosek nale\u017cy z\u0142o\u017cy\u0107 do uko\u0144czenia przez dziecko pierwszego roku \u017cycia.<\/p>\n<p><span style=\"color: #002c5b;\"><strong>Do wniosku nale\u017cy za\u0142\u0105czy\u0107 za\u015bwiadczenie lekarskie\/wystawione przez po\u0142o\u017cn\u0105 o pozostawaniu kobiety pod opiek\u0105 medyczn\u0105 nie p\u00f3\u017aniej ni\u017c od 10 tygodnia ci\u0105\u017cy do porodu.<\/strong><\/span><\/p>\n<p><span style=\"color: #002c5b;\"><strong><em>II<\/em><\/strong><em> <strong>opieki nad dzieckiem w okresie korzystania z urlopu wychowawczego<\/strong><\/em><\/span><\/p>\n<p>Dodatek z tytu\u0142u opieki nad dzieckiem w okresie korzystania z urlopu wychowawczego przys\u0142uguje matce lub ojcu, opiekunowi faktycznemu dziecka albo opiekunowi prawnemu dziecka, je\u017celi dziecko pozostaje pod jego faktyczn\u0105 opiek\u0105, uprawnionemu do urlopu wychowawczego, nie d\u0142u\u017cej jednak ni\u017c przez okres:<\/p>\n<ol>\n<li>24 miesi\u0119cy kalendarzowych;<\/li>\n<li>36 miesi\u0119cy kalendarzowych, je\u017celi sprawuje opiek\u0119 nad wi\u0119cej ni\u017c jednym dzieckiem urodzonym podczas jednego porodu;<\/li>\n<li>72 miesi\u0119cy kalendarzowych, je\u017celi sprawuje opiek\u0119 nad dzieckiem legitymuj\u0105cym si\u0119 orzeczeniem o niepe\u0142nosprawno\u015bci albo o znacznym stopniu niepe\u0142nosprawno\u015bci.<\/li>\n<\/ol>\n<p>Dodatek przys\u0142uguje w wysoko\u015bci 400,00 z\u0142 miesi\u0119cznie niezale\u017cnie od liczby dzieci pozostaj\u0105cych pod opiek\u0105.<\/p>\n<p><span style=\"color: #002c5b;\"><strong>Nale\u017cy do\u0142\u0105czy\u0107 dokumenty:<\/strong><\/span><\/p>\n<ol>\n<li>za\u015bwiadczenie pracodawcy albo o\u015bwiadczenie o terminie i okresie, na jaki zosta\u0142 udzielony urlop wychowawczy, oraz o co najmniej sze\u015bciomiesi\u0119cznym okresie pozostawania w stosunku pracy bezpo\u015brednio przed uzyskaniem prawa do urlopu wychowawczego;<\/li>\n<li>o\u015bwiadczenie wnioskodawcy lub za\u015bwiadczenie plac\u00f3wki zapewniaj\u0105cej ca\u0142odobow\u0105 opiek\u0119, w przypadku umieszczenia w niej dziecka, o liczbie dni w tygodniu, w kt\u00f3rych korzysta w niej z ca\u0142odobowej opieki, albo o\u015bwiadczenie o niekorzystaniu przez wi\u0119cej ni\u017c 5 dni w tygodniu z ca\u0142odobowej opieki nad dzieckiem umieszczonym w plac\u00f3wce zapewniaj\u0105cej ca\u0142odobow\u0105 opiek\u0119, w tym w specjalnym o\u015brodku szkolno-wychowawczym;<\/li>\n<li>o\u015bwiadczenia lub inne dokumenty niezb\u0119dne do ustalenia prawa do dodatku do zasi\u0142ku rodzinnego z tytu\u0142u opieki nad dzieckiem w okresie korzystania z urlopu wychowawczego.<\/li>\n<\/ol>\n<p><span style=\"color: #002c5b;\"><strong><em>III<\/em><\/strong><em> <strong>samotnego wychowywania dziecka<\/strong> <\/em><\/span><\/p>\n<p>Dodatek z tytu\u0142u samotnego wychowywania dziecka przys\u0142uguje samotnie wychowuj\u0105cym dziecko matce lub ojcu, opiekunowi faktycznemu dziecka albo opiekunowi prawnemu dziecka, je\u017celi nie zosta\u0142o zas\u0105dzone \u015bwiadczenie alimentacyjne na rzecz dziecka od drugiego z rodzic\u00f3w dziecka, poniewa\u017c:<\/p>\n<ol>\n<li>drugi z rodzic\u00f3w dziecka nie \u017cyje;<\/li>\n<li>ojciec dziecka jest nieznany;<\/li>\n<li>pow\u00f3dztwo o ustalenie \u015bwiadczenia alimentacyjnego od drugiego z rodzic\u00f3w zosta\u0142o oddalone.<\/li>\n<\/ol>\n<p>Dodatek przys\u0142uguje w wysoko\u015bci 193,00 z\u0142 miesi\u0119cznie na dziecko, nie wi\u0119cej jednak ni\u017c 386,00 z\u0142 na wszystkie dzieci, a na dziecko niepe\u0142nosprawne kwot\u0119 dodatku zwi\u0119ksza si\u0119 o 80,00 z\u0142,&nbsp; nie wi\u0119cej ni\u017c o 160,00 z\u0142 na wszystkie dzieci.<\/p>\n<p><span style=\"color: #002c5b;\"><strong>Nale\u017cy do\u0142\u0105czy\u0107 dokumenty:<\/strong><\/span><\/p>\n<ul>\n<li>Kopi\u0119 skr\u00f3conego aktu zgonu rodzica\/rodzic\u00f3w,<\/li>\n<li>Odpis zupe\u0142ny aktu urodzenia dziecka, w przypadku gdy ojciec dziecka jest nieznany,<\/li>\n<li>Kopi\u0119 odpisu wyroku s\u0105du orzekaj\u0105cego o oddaleniu pow\u00f3dztwa o ustalenie \u015bwiadczenia alimentacyjnego.<strong><em>&nbsp;<\/em><\/strong><\/li>\n<\/ul>\n<p><span style=\"color: #002c5b;\"><strong><em>IV wychowywania dziecka w rodzinie wielodzietnej<\/em><\/strong><\/span><\/p>\n<p>Dodatek przys\u0142uguje w&nbsp; wysoko\u015bci 95 z\u0142 miesi\u0119cznie na trzecie i na nast\u0119pne dzieci uprawnione do zasi\u0142ku rodzinnego,<\/p>\n<p><span style=\"color: #002c5b;\"><strong><em>V kszta\u0142cenia i rehabilitacji dziecka niepe\u0142nosprawnego <\/em><\/strong><\/span><\/p>\n<p>Dodatek przys\u0142uguje na pokrycie wydatk\u00f3w zwi\u0105zanych z rehabilitacj\u0105 lub kszta\u0142ceniem dziecka w wieku:<\/p>\n<ol>\n<li>do uko\u0144czenia 16 roku \u017cycia, je\u017celi legitymuje si\u0119 orzeczeniem o niepe\u0142nosprawno\u015bci,<\/li>\n<li>powy\u017cej 16 roku \u017cycia do uko\u0144czenia 24 roku \u017cycia, je\u017celi legitymuje si\u0119 orzeczeniem o umiarkowanym albo o znacznym stopniu niepe\u0142nosprawno\u015bci.<\/li>\n<\/ol>\n<p>Dodatek przys\u0142uguje miesi\u0119cznie w kwocie: 90,00 z\u0142&nbsp; na dziecko w wieku do uko\u0144czenia 5 roku \u017cycia lub&nbsp;110,00 z\u0142 w wieku powy\u017cej 5 roku \u017cycia do 24 roku \u017cycia,<\/p>\n<p><span style=\"color: #002c5b;\"><strong><em>VI rozpocz\u0119cia roku szkolnego<\/em><\/strong><\/span><\/p>\n<p>Dodatek przys\u0142uguje jednorazowo, w wysoko\u015bci 100,00 z\u0142 na dziecko ucz\u0119szczaj\u0105ce do szko\u0142y lub realizuj\u0105ce program rocznego przygotowania przedszkolnego,<\/p>\n<p><span style=\"color: #002c5b;\"><strong>&nbsp;Wniosek o wyp\u0142at\u0119 dodatku sk\u0142ada si\u0119 do dnia zako\u0144czenia okresu zasi\u0142kowego, w kt\u00f3rym rozpocz\u0119to rok szkolny albo roczne przygotowanie przedszkolne.<\/strong><\/span><\/p>\n<p><span style=\"color: #002c5b;\"><strong>VII <em>podj\u0119cia przez dziecko nauki w szkole poza miejscem zamieszkania<\/em><\/strong><\/span><\/p>\n<p>Dodatek przys\u0142uguje:<\/p>\n<ol style=\"list-style-type: lower-alpha;\">\n<li>w zwi\u0105zku z zamieszkiwaniem w miejscowo\u015bci, w kt\u00f3rej znajduje si\u0119 siedziba szko\u0142y&nbsp; ponadgimnazjalnej lub szko\u0142y artystycznej, w kt\u00f3rej realizowany jest obowi\u0105zek szkolny i obowi\u0105zek nauki, a tak\u017ce szko\u0142y podstawowej lub gimnazjum w przypadku dziecka&nbsp; lub osoby legitymuj\u0105cej si\u0119 orzeczeniem o niepe\u0142nosprawno\u015bci lub o stopniu niepe\u0142nosprawno\u015bci &#8211; w wysoko\u015bci 113,00 z\u0142 miesi\u0119cznie&nbsp; na dziecko albo<\/li>\n<li>w zwi\u0105zku z dojazdem z miejsca zamieszkania do miejscowo\u015bci, w kt\u00f3rej znajduje si\u0119 siedziba szko\u0142y, w przypadku dojazdu do szko\u0142y ponadgimnazjalnej, a tak\u017ce szko\u0142y artystycznej, w kt\u00f3rej realizowany jest obowi\u0105zek szkolny i obowi\u0105zek nauki w zakresie odpowiadaj\u0105cym nauce w szkole ponadgimnazjalnej &#8211; w wysoko\u015bci 69,00 z\u0142 miesi\u0119cznie na dziecko.<\/li>\n<\/ol>\n<p>&nbsp;&nbsp;&nbsp;&nbsp; Dodatek przys\u0142uguje przez 10 miesi\u0119cy w roku w okresie pobierania nauki od wrze\u015bnia do czerwca.<\/p>\n<p><span style=\"color: #002c5b;\"><strong>Nale\u017cy do\u0142\u0105czy\u0107 dokumenty:<\/strong><\/span><\/p>\n<ol>\n<li>o\u015bwiadczenie o ucz\u0119szczaniu dziecka do szko\u0142y poza miejscem zamieszkania;<\/li>\n<li>za\u015bwiadczenie albo o\u015bwiadczenie potwierdzaj\u0105ce tymczasowe zameldowanie ucznia poza miejscem zamieszkania;<\/li>\n<li>o\u015bwiadczenia lub inne dokumenty niezb\u0119dne do ustalenia prawa do dodatku do zasi\u0142ku rodzinnego z tytu\u0142u podj\u0119cia przez dziecko nauki w szkole poza miejscem zamieszkania.<\/li>\n<\/ol>\n","protected":false},"excerpt":{"rendered":"<p>ZASI\u0141EK RODZINNY Zasi\u0142ek rodzinny przys\u0142uguje do uko\u0144czenia przez dziecko: 18 roku \u017cycia lub nauki w szkole, jednak nie d\u0142u\u017cej ni\u017c do uko\u0144czenia 21 roku \u017cycia&hellip;<\/p>\n","protected":false},"author":1,"featured_media":0,"parent":0,"menu_order":0,"comment_status":"closed","ping_status":"closed","template":"","meta":{"ngg_post_thumbnail":0,"footnotes":""},"class_list":["post-960","page","type-page","status-publish","hentry"],"_links":{"self":[{"href":"https:\/\/cusstawiski.pl\/index.php?rest_route=\/wp\/v2\/pages\/960","targetHints":{"allow":["GET"]}}],"collection":[{"href":"https:\/\/cusstawiski.pl\/index.php?rest_route=\/wp\/v2\/pages"}],"about":[{"href":"https:\/\/cusstawiski.pl\/index.php?rest_route=\/wp\/v2\/types\/page"}],"author":[{"embeddable":true,"href":"https:\/\/cusstawiski.pl\/index.php?rest_route=\/wp\/v2\/users\/1"}],"replies":[{"embeddable":true,"href":"https:\/\/cusstawiski.pl\/index.php?rest_route=%2Fwp%2Fv2%2Fcomments&post=960"}],"version-history":[{"count":10,"href":"https:\/\/cusstawiski.pl\/index.php?rest_route=\/wp\/v2\/pages\/960\/revisions"}],"predecessor-version":[{"id":3944,"href":"https:\/\/cusstawiski.pl\/index.php?rest_route=\/wp\/v2\/pages\/960\/revisions\/3944"}],"wp:attachment":[{"href":"https:\/\/cusstawiski.pl\/index.php?rest_route=%2Fwp%2Fv2%2Fmedia&parent=960"}],"curies":[{"name":"wp","href":"https:\/\/api.w.org\/{rel}","templated":true}]}}