{"id":982,"date":"2021-10-20T10:55:33","date_gmt":"2021-10-20T08:55:33","guid":{"rendered":"https:\/\/cusstawiski.pl\/?page_id=982"},"modified":"2025-03-26T14:44:30","modified_gmt":"2025-03-26T13:44:30","slug":"koordynacja-systemow","status":"publish","type":"page","link":"https:\/\/cusstawiski.pl\/?page_id=982","title":{"rendered":"Koordynacja system\u00f3w zabezpieczenia spo\u0142ecznego w zakresie \u015bwiadcze\u0144 rodzinnych"},"content":{"rendered":"<h1 style=\"text-align: center;\"><strong>KOORDYNACJA<br \/>\nSYSTEM\u00d3W ZABEZPIECZENIA SPO\u0141ECZNEGO<br \/>\nW ZAKRESIE \u015aWIADCZE\u0143 RODZINNYCH<\/strong><\/h1>\n<h3><strong><span style=\"color: #002c5b;\">Czym jest koordynacja system\u00f3w zabezpieczenia spo\u0142ecznego?<\/span><\/strong><\/h3>\n<p>Koordynacja system\u00f3w zabezpieczenia spo\u0142ecznego to regulacje prawne, kt\u00f3re uzupe\u0142niaj\u0105 prawo wewn\u0119trzne danego pa\u0144stwa, dzi\u0119ki kt\u00f3rym osoby przemieszczaj\u0105ce si\u0119 mog\u0105 skorzysta\u0107 ze \u015bwiadcze\u0144 obowi\u0105zuj\u0105cych w danym kraju.<\/p>\n<p>\u015awiadczenia pieni\u0119\u017cne podlegaj\u0105ce koordynacji:<\/p>\n<ol>\n<li>Zasi\u0142ek rodzinny wraz z dodatkami,<\/li>\n<li>Zasi\u0142ek piel\u0119gnacyjny,<\/li>\n<li>\u015awiadczenie piel\u0119gnacyjne,<\/li>\n<li>Jednorazowe \u015bwiadczenie &#8222;Za \u017cyciem&#8221;,<\/li>\n<li>\u015awiadczenie rodzicielskie.<\/li>\n<\/ol>\n<p>Je\u017celi cz\u0142onek twojej rodziny przebywa za granic\u0105, a nie jest to zwi\u0105zane z leczeniem, podj\u0119ciem nauki lub pobytem turystycznym, to musisz si\u0119 liczy\u0107 z d\u0142u\u017csz\u0105 procedur\u0105 przyznawania \u015bwiadczenia.<\/p>\n<p>W przypadku pobytu cz\u0142onka rodziny\/drugiego z rodzic\u00f3w dziecka w jednym z kilkunastu kraj\u00f3w b\u0119d\u0105cych cz\u0142onkami Unii Europejskiej albo Europejskiego Obszaru Gospodarczego, w zwi\u0105zku z zatrudnieniem lub pobieraniem renty\/emerytury\/ zasi\u0142ku dla bezrobotnych itp. konieczne jest ustalenie, kt\u00f3ry organ Burmistrz Stawisk czy Wojewoda Podlaski b\u0119dzie w\u0142a\u015bciwy do przyznania \u015bwiadczenia.<\/p>\n<p>W takiej sytuacji wniosek o przyznanie \u015bwiadczenia i ca\u0142a zebrana w sprawie dokumentacja przekazywana jest do Wydzia\u0142u Polityki Spo\u0142ecznej Podlaskiego Urz\u0119du Wojew\u00f3dzkiego, kt\u00f3ry podejmuje stosowne rozstrzygni\u0119cia. Organ ten rozstrzyga kwesti\u0119, kt\u00f3ry kraj ma pierwsze\u0144stwo do wyp\u0142aty \u015bwiadcze\u0144 \u2013 Polska czy pa\u0144stwo, w kt\u00f3rym aktualnie pracuje cz\u0142onek rodziny\/drugi z rodzic\u00f3w dziecka.<\/p>\n<p>Kluczowa podczas ustalania pierwsze\u0144stwa jest aktywno\u015b\u0107 zawodowa obojga rodzic\u00f3w.<\/p>\n<p>Aby ustali\u0107, czy w konkretnej sprawie maj\u0105 zastosowanie przepisy o koordynacji system\u00f3w zabezpieczenia spo\u0142ecznego wnioskodawca musi przekaza\u0107 informacje w formie za\u0142\u0105cznika do\u0142\u0105czonego do wniosku o \u015bwiadczenie dotycz\u0105ce:<\/p>\n<ul>\n<li>cz\u0142onka rodziny przebywaj\u0105cego za granic\u0105: wskazanie kraju przebywania wraz z adresem zamieszkania poza granicami RP, nr ubezpieczenia zagranicznego\/indentyfikacyjnego, nazw\u0119 i adres pracodawcy lub miejsce prowadzenia dzia\u0142alno\u015bci gospodarczej poza granicami RP, dok\u0142adne daty wyjazdu, rozpocz\u0119cia aktywno\u015bci zawodowej (zatrudnienie, dzia\u0142alno\u015b\u0107 gospodarcza, pobieranie zasi\u0142ku dla bezrobotnych, pobieranie \u015bwiadcze\u0144 emerytalno-rentowych);<\/li>\n<li>aktywno\u015bci zawodowej cz\u0142onka rodziny, kt\u00f3ry mieszka na terenie Polski w okresie pobytu cz\u0142onka rodziny\/drugiego z rodzic\u00f3w dziecka za granic\u0105.<\/li>\n<\/ul>\n<p>Przekazanie pe\u0142nej informacji w za\u0142\u0105czniku przyczyni si\u0119 do szybkiego przyznania i wyp\u0142aty \u015bwiadczenia.<\/p>\n","protected":false},"excerpt":{"rendered":"<p>KOORDYNACJA SYSTEM\u00d3W ZABEZPIECZENIA SPO\u0141ECZNEGO W ZAKRESIE \u015aWIADCZE\u0143 RODZINNYCH Czym jest koordynacja system\u00f3w zabezpieczenia spo\u0142ecznego? Koordynacja system\u00f3w zabezpieczenia spo\u0142ecznego to regulacje prawne, kt\u00f3re uzupe\u0142niaj\u0105 prawo wewn\u0119trzne&hellip;<\/p>\n","protected":false},"author":1,"featured_media":0,"parent":0,"menu_order":0,"comment_status":"closed","ping_status":"closed","template":"","meta":{"ngg_post_thumbnail":0,"footnotes":""},"class_list":["post-982","page","type-page","status-publish","hentry"],"_links":{"self":[{"href":"https:\/\/cusstawiski.pl\/index.php?rest_route=\/wp\/v2\/pages\/982","targetHints":{"allow":["GET"]}}],"collection":[{"href":"https:\/\/cusstawiski.pl\/index.php?rest_route=\/wp\/v2\/pages"}],"about":[{"href":"https:\/\/cusstawiski.pl\/index.php?rest_route=\/wp\/v2\/types\/page"}],"author":[{"embeddable":true,"href":"https:\/\/cusstawiski.pl\/index.php?rest_route=\/wp\/v2\/users\/1"}],"replies":[{"embeddable":true,"href":"https:\/\/cusstawiski.pl\/index.php?rest_route=%2Fwp%2Fv2%2Fcomments&post=982"}],"version-history":[{"count":13,"href":"https:\/\/cusstawiski.pl\/index.php?rest_route=\/wp\/v2\/pages\/982\/revisions"}],"predecessor-version":[{"id":3934,"href":"https:\/\/cusstawiski.pl\/index.php?rest_route=\/wp\/v2\/pages\/982\/revisions\/3934"}],"wp:attachment":[{"href":"https:\/\/cusstawiski.pl\/index.php?rest_route=%2Fwp%2Fv2%2Fmedia&parent=982"}],"curies":[{"name":"wp","href":"https:\/\/api.w.org\/{rel}","templated":true}]}}