{"id":986,"date":"2021-10-20T11:03:19","date_gmt":"2021-10-20T09:03:19","guid":{"rendered":"https:\/\/cusstawiski.pl\/?page_id=986"},"modified":"2025-03-26T15:32:52","modified_gmt":"2025-03-26T14:32:52","slug":"swiadczenia-opiekuncze","status":"publish","type":"page","link":"https:\/\/cusstawiski.pl\/?page_id=986","title":{"rendered":"\u015awiadczenia opieku\u0144cze"},"content":{"rendered":"<h1 style=\"text-align: center;\"><strong>\u015aWIADCZENIA OPIEKU\u0143CZE<\/strong><\/h1>\n<h3><strong><span style=\"color: #002c5b;\">\u015awiadczenia opieku\u0144cze w CUS mo\u017cna pobiera\u0107 w formie:<\/span><\/strong><\/h3>\n<ul>\n<li><span style=\"color: #002c5b;\"><a style=\"color: #002c5b;\" href=\"https:\/\/cusstawiski.pl\/?page_id=969\">zasi\u0142ku piel\u0119gnacyjnego;<\/a><\/span><\/li>\n<li><span style=\"color: #002c5b;\"><a style=\"color: #002c5b;\" href=\"https:\/\/cusstawiski.pl\/?page_id=978\">specjalnego zasi\u0142ku opieku\u0144czego<\/a><\/span> oraz<\/li>\n<li><span style=\"color: #002c5b;\"><a style=\"color: #002c5b;\" href=\"https:\/\/cusstawiski.pl\/?page_id=974\">\u015bwiadczenia piel\u0119gnacyjnego<\/a><\/span>.<\/li>\n<\/ul>\n<p>&nbsp;<\/p>\n<p>&nbsp;<\/p>\n<p>&nbsp;<\/p>\n","protected":false},"excerpt":{"rendered":"<p>\u015aWIADCZENIA OPIEKU\u0143CZE \u015awiadczenia opieku\u0144cze w CUS mo\u017cna pobiera\u0107 w formie: zasi\u0142ku piel\u0119gnacyjnego; specjalnego zasi\u0142ku opieku\u0144czego oraz \u015bwiadczenia piel\u0119gnacyjnego. &nbsp; &nbsp; &nbsp;<\/p>\n","protected":false},"author":1,"featured_media":0,"parent":0,"menu_order":0,"comment_status":"closed","ping_status":"closed","template":"","meta":{"ngg_post_thumbnail":0,"footnotes":""},"class_list":["post-986","page","type-page","status-publish","hentry"],"_links":{"self":[{"href":"https:\/\/cusstawiski.pl\/index.php?rest_route=\/wp\/v2\/pages\/986","targetHints":{"allow":["GET"]}}],"collection":[{"href":"https:\/\/cusstawiski.pl\/index.php?rest_route=\/wp\/v2\/pages"}],"about":[{"href":"https:\/\/cusstawiski.pl\/index.php?rest_route=\/wp\/v2\/types\/page"}],"author":[{"embeddable":true,"href":"https:\/\/cusstawiski.pl\/index.php?rest_route=\/wp\/v2\/users\/1"}],"replies":[{"embeddable":true,"href":"https:\/\/cusstawiski.pl\/index.php?rest_route=%2Fwp%2Fv2%2Fcomments&post=986"}],"version-history":[{"count":13,"href":"https:\/\/cusstawiski.pl\/index.php?rest_route=\/wp\/v2\/pages\/986\/revisions"}],"predecessor-version":[{"id":3959,"href":"https:\/\/cusstawiski.pl\/index.php?rest_route=\/wp\/v2\/pages\/986\/revisions\/3959"}],"wp:attachment":[{"href":"https:\/\/cusstawiski.pl\/index.php?rest_route=%2Fwp%2Fv2%2Fmedia&parent=986"}],"curies":[{"name":"wp","href":"https:\/\/api.w.org\/{rel}","templated":true}]}}